{"id":3245,"date":"2025-05-27T10:49:20","date_gmt":"2025-05-27T07:49:20","guid":{"rendered":"https:\/\/tammetorubbq.ee\/?post_type=product&#038;p=3245"},"modified":"2026-04-15T03:00:23","modified_gmt":"2026-04-15T00:00:23","slug":"inkbird-ibt-4xs-skaitmeninis-termometras","status":"publish","type":"product","link":"https:\/\/tammetorubbq.ee\/lt\/produktas\/inkbird-ibt-4xs-skaitmeninis-termometras\/","title":{"rendered":"Skaitmeninis termometras \"Inkbird IBT-4XS"},"content":{"rendered":"<p><strong data-start=\"0\" data-end=\"22\" data-is-only-node=\"\">Specifikacijos<\/strong><br data-start=\"22\" data-end=\"25\" \/>Vienetas: 1<br data-start=\"32\" data-end=\"35\" \/>Ry\u0161io tipas: \"Bluetooth<br data-start=\"59\" data-end=\"62\" \/>Ekranas \/ \u012fskaitomumas: LED ekranas ir programa<br data-start=\"98\" data-end=\"101\" \/>Matavimo vienetai: \u00b0C ir \u00b0F<br data-start=\"121\" data-end=\"124\" \/>Jutikli\u0173 skai\u010dius: 4<br data-start=\"139\" data-end=\"142\" \/>Darbo nuotolis: 50 m<\/p>","protected":false},"excerpt":{"rendered":"<p>INKBIRD IBT-4XS yra i\u0161manusis m\u0117sos termometras, kuris prie program\u0117l\u0117s jungiasi per \"Bluetooth\". Termometr\u0105 galite nustatyti norim\u0105 temperat\u016br\u0105 ir patogiai steb\u0117ti temperat\u016br\u0105 i\u0161maniajame telefone arba LED ekrane.<\/p>\n<p><strong>IBT-4XS standarti\u0161kai komplektuojamas su keturiais jutikliais.<\/strong><\/p>\n<p>Idealiai tinka kepsnin\u0117ms, pvz.\u00a0<a href=\"https:\/\/tammetorubbq.ee\/lt\/kategorija\/kepsnines\/keramines-groteles\/\">Kamado Joe<\/a>, <a href=\"https:\/\/tammetorubbq.ee\/lt\/?s=Napoleon&amp;post_type=product&amp;dgwt_wcas=1\">Napoleonas<\/a>, <a href=\"https:\/\/tammetorubbq.ee\/lt\/?s=Char-Griller&amp;post_type=product&amp;dgwt_wcas=1\">Char-Griller<\/a>, <a href=\"https:\/\/tammetorubbq.ee\/lt\/?s=Traeger+&amp;post_type=product&amp;dgwt_wcas=1\">Traeger<\/a> , <a href=\"https:\/\/tammetorubbq.ee\/lt\/?s=Ahja+Smoker&amp;post_type=product&amp;dgwt_wcas=1\">Ahja R\u016bkykl\u0117<\/a> ir t. t.<\/p>\n<p><img loading=\"lazy\" decoding=\"async\" class=\"alignnone wp-image-3250\" src=\"http:\/\/www.tammetorubbq.ee\/wp-content\/uploads\/2025\/05\/Inkbird-logo-PNG-300x85.png\" alt=\"\" width=\"173\" height=\"49\" srcset=\"https:\/\/tammetorubbq.ee\/wp-content\/uploads\/2025\/05\/Inkbird-logo-PNG-300x85.png 300w, https:\/\/tammetorubbq.ee\/wp-content\/uploads\/2025\/05\/Inkbird-logo-PNG-1024x290.png 1024w, https:\/\/tammetorubbq.ee\/wp-content\/uploads\/2025\/05\/Inkbird-logo-PNG-768x218.png 768w, https:\/\/tammetorubbq.ee\/wp-content\/uploads\/2025\/05\/Inkbird-logo-PNG-18x5.png 18w, https:\/\/tammetorubbq.ee\/wp-content\/uploads\/2025\/05\/Inkbird-logo-PNG-600x170.png 600w, https:\/\/tammetorubbq.ee\/wp-content\/uploads\/2025\/05\/Inkbird-logo-PNG-64x18.png 64w, https:\/\/tammetorubbq.ee\/wp-content\/uploads\/2025\/05\/Inkbird-logo-PNG.png 1192w\" sizes=\"auto, (max-width: 173px) 100vw, 173px\" \/><\/p>","protected":false},"featured_media":3246,"comment_status":"open","ping_status":"closed","template":"","meta":{"_uf_show_specific_survey":0,"_uf_disable_surveys":false},"pwb-brand":[67],"product_brand":[],"product_cat":[66,30],"product_tag":[134,116,115],"class_list":{"0":"post-3245","1":"product","2":"type-product","3":"status-publish","4":"has-post-thumbnail","6":"pwb-brand-inkbird","7":"product_cat-termomeetrid","8":"product_cat-grillimise-tarvikud","9":"product_tag-grillimise-tarvikud","10":"product_tag-inkbird","11":"product_tag-termomeeter","13":"first","14":"instock","15":"taxable","16":"shipping-taxable","17":"purchasable","18":"product-type-simple"},"brands":[{"id":67,"name":"Inkbird","slug":"inkbird"}],"_links":{"self":[{"href":"https:\/\/tammetorubbq.ee\/lt\/wp-json\/wp\/v2\/product\/3245","targetHints":{"allow":["GET"]}}],"collection":[{"href":"https:\/\/tammetorubbq.ee\/lt\/wp-json\/wp\/v2\/product"}],"about":[{"href":"https:\/\/tammetorubbq.ee\/lt\/wp-json\/wp\/v2\/types\/product"}],"replies":[{"embeddable":true,"href":"https:\/\/tammetorubbq.ee\/lt\/wp-json\/wp\/v2\/comments?post=3245"}],"wp:featuredmedia":[{"embeddable":true,"href":"https:\/\/tammetorubbq.ee\/lt\/wp-json\/wp\/v2\/media\/3246"}],"wp:attachment":[{"href":"https:\/\/tammetorubbq.ee\/lt\/wp-json\/wp\/v2\/media?parent=3245"}],"wp:term":[{"taxonomy":"pwb-brand","embeddable":true,"href":"https:\/\/tammetorubbq.ee\/lt\/wp-json\/wp\/v2\/pwb-brand?post=3245"},{"taxonomy":"product_brand","embeddable":true,"href":"https:\/\/tammetorubbq.ee\/lt\/wp-json\/wp\/v2\/product_brand?post=3245"},{"taxonomy":"product_cat","embeddable":true,"href":"https:\/\/tammetorubbq.ee\/lt\/wp-json\/wp\/v2\/product_cat?post=3245"},{"taxonomy":"product_tag","embeddable":true,"href":"https:\/\/tammetorubbq.ee\/lt\/wp-json\/wp\/v2\/product_tag?post=3245"}],"curies":[{"name":"wp","href":"https:\/\/api.w.org\/{rel}","templated":true}]}}