{"id":3253,"date":"2025-05-27T16:33:05","date_gmt":"2025-05-27T13:33:05","guid":{"rendered":"https:\/\/tammetorubbq.ee\/?post_type=product&#038;p=3253"},"modified":"2026-04-15T00:00:09","modified_gmt":"2026-04-14T21:00:09","slug":"jautienos-nugarine-65kg-creekstone-prime-usa","status":"publish","type":"product","link":"https:\/\/tammetorubbq.ee\/lt\/produktas\/jautienos-nugarine-65kg-creekstone-prime-usa\/","title":{"rendered":"Jautienos kr\u016btin\u0117l\u0117 BRISKET ~6,5kg CREEKSTONE PRIME (JAV)"},"content":{"rendered":"<p><strong>Svoris:<\/strong> ~6,5 kg<\/p>\n<p><strong>\u0160aldymo metodas:<\/strong> ~6,5 kg IVP<\/p>\n<p><strong>Tarnija:<\/strong> <a href=\"https:\/\/creekstonefarms.com\/\" target=\"_blank\" rel=\"noopener\">Creekstone \u016bkiai <\/a><\/p>\n<p><strong>Kokyb\u0117:<\/strong> \"Prime\" (USDA etiket\u0117 - auk\u0161\u010diausias marmuringumo lygis)<\/p>\n<p><strong>Kilm\u0117s \u0161alis:<\/strong> JAV<\/p>\n<p>&nbsp;<\/p>\n<h3 data-start=\"1204\" data-end=\"1236\"><strong data-start=\"1210\" data-end=\"1236\">Kod\u0117l \"Creekstone Farms\"?<\/strong><\/h3>\n<ul data-start=\"1238\" data-end=\"1415\">\n<li data-start=\"1238\" data-end=\"1306\">\n<p data-start=\"1240\" data-end=\"1306\"><strong data-start=\"1240\" data-end=\"1254\">USDA Prime<\/strong>: Auk\u0161\u010diausia kokyb\u0117, labai geras marmuringumas.<\/p>\n<\/li>\n<li data-start=\"1307\" data-end=\"1343\">\n<p data-start=\"1309\" data-end=\"1343\">Eti\u0161ka gamyba be hormon\u0173.<\/p>\n<\/li>\n<li data-start=\"1344\" data-end=\"1415\">\n<p data-start=\"1346\" data-end=\"1415\">\"Creekstone\" gars\u0117ja savo juod\u0173j\u0173 angus\u0173 veisl\u0117s galvij\u0173 kokybe.<\/p>\n<\/li>\n<\/ul>\n<p>&nbsp;<\/p>\n<h3 data-start=\"1466\" data-end=\"1515\">\u2705 V<strong data-start=\"1472\" data-end=\"1515\">palyginti su Aberdeen Black (AUS):<\/strong><\/h3>\n<div class=\"_tableContainer_16hzy_1\">\n<div class=\"_tableWrapper_16hzy_14 group flex w-fit flex-col-reverse\" tabindex=\"-1\">\n<table class=\"w-fit min-w-(--thread-content-width)\" data-start=\"1516\" data-end=\"1907\">\n<thead data-start=\"1516\" data-end=\"1575\">\n<tr data-start=\"1516\" data-end=\"1575\">\n<th data-start=\"1516\" data-end=\"1526\" data-col-size=\"sm\">Palyginimas<\/th>\n<th data-start=\"1526\" data-end=\"1549\" data-col-size=\"sm\">Aberdeen Black (JAV)<\/th>\n<th data-start=\"1549\" data-end=\"1575\" data-col-size=\"sm\">\"Creekstone Prime\" (JAV)<\/th>\n<\/tr>\n<\/thead>\n<tbody data-start=\"1639\" data-end=\"1907\">\n<tr data-start=\"1639\" data-end=\"1698\">\n<td data-start=\"1639\" data-end=\"1657\" data-col-size=\"sm\">Marmuravimas<\/td>\n<td data-start=\"1657\" data-end=\"1673\" data-col-size=\"sm\">Geras (MB3+-5+)<\/td>\n<td data-start=\"1673\" data-end=\"1698\" data-col-size=\"sm\">Labai geras (USDA Prime)<\/td>\n<\/tr>\n<tr data-start=\"1699\" data-end=\"1726\">\n<td data-start=\"1699\" data-end=\"1706\" data-col-size=\"sm\">Kaina<\/td>\n<td data-start=\"1706\" data-end=\"1716\" data-col-size=\"sm\">Pigiau<\/td>\n<td data-start=\"1716\" data-end=\"1726\" data-col-size=\"sm\">Brangiau<\/td>\n<\/tr>\n<tr data-start=\"1727\" data-end=\"1785\">\n<td data-start=\"1727\" data-end=\"1736\" data-col-size=\"sm\">Skonis<\/td>\n<td data-start=\"1736\" data-end=\"1766\" data-col-size=\"sm\">\u0160iek tiek ma\u017eiau riebal\u0173, \u0161varesnis<\/td>\n<td data-start=\"1766\" data-end=\"1785\" data-col-size=\"sm\">Gilesnis, labiau sviestinis<\/td>\n<\/tr>\n<tr data-start=\"1786\" data-end=\"1843\">\n<td data-start=\"1786\" data-end=\"1802\" data-col-size=\"sm\">Galima rasti adresu<\/td>\n<td data-start=\"1802\" data-end=\"1824\" data-col-size=\"sm\">Labiau tik\u0117tina, kad yra sand\u0117lyje<\/td>\n<td data-start=\"1824\" data-end=\"1843\" data-col-size=\"sm\">Reikia u\u017esakyti<\/td>\n<\/tr>\n<tr data-start=\"1844\" data-end=\"1907\">\n<td data-start=\"1844\" data-end=\"1860\" data-col-size=\"sm\">Kam tinka<\/td>\n<td data-start=\"1860\" data-end=\"1881\" data-col-size=\"sm\">Hobikokk, maitinimas<\/td>\n<td data-start=\"1881\" data-end=\"1907\" data-col-size=\"sm\">Konkurentai, restoranai<\/td>\n<\/tr>\n<\/tbody>\n<\/table>\n<\/div>\n<\/div>\n<p>&nbsp;<\/p>","protected":false},"excerpt":{"rendered":"<p class=\"\" data-start=\"92\" data-end=\"277\"><strong data-start=\"0\" data-end=\"54\">Jautienos kr\u016btinin\u0117 BRISKET CREEKSTONE PRIME (JAV)<\/strong> yra auk\u0161\u010diausios kokyb\u0117s \u017ealiava, kuri\u0105 naudoja \u012fvair\u016bs profesionalai ir entuziastai Estijoje ir kitose \u0161alyse. Brisket Creekstone Prime yra <strong data-start=\"784\" data-end=\"818\">Tarptautin\u0117s BBQ var\u017eybos<\/strong> standartas.<\/p>\n<p class=\"\" data-start=\"279\" data-end=\"571\">Creekstone \u016bkiai <strong data-start=\"298\" data-end=\"320\">Auk\u0161\u010diausia kokyb\u0117<\/strong> jautiena yra kilusi i\u0161 JAV ir gars\u0117ja savo jautiena. <strong data-start=\"365\" data-end=\"379\">rutuliukai<\/strong>, sultingumas ir mink\u0161ta tekst\u016bra. \u0160i kr\u016btin\u0117l\u0117 yra ~<strong data-start=\"434\" data-end=\"461\">6,5 kg viso gabalo<\/strong>, idealiai tinka didesn\u0117ms kepsnin\u0117ms arba restoranams, norintiems pasi\u016blyti tikr\u0105 BBQ patirt\u012f.<\/p>\n<p class=\"\" data-start=\"573\" data-end=\"823\">\ud83d\udca1 <strong data-start=\"765\" data-end=\"791\">Profesional\u0173 patarimas:<\/strong><br data-start=\"791\" data-end=\"794\" \/>- R\u016bkykite kr\u016btin\u0117l\u0119 iki 74 \u00b0C, tada suvyniokite j\u0105 \u012f m\u0117sininko popieri\u0173 ir (arba) stipr\u0173 popieri\u0173. <a href=\"https:\/\/tammetorubbq.ee\/lt\/produktas\/bbq-barbekiu-folija-30-m\/\">folijoje<\/a>.<br data-start=\"865\" data-end=\"868\" \/>- I\u0161imkite i\u0161 kepsnin\u0117s, kai vidin\u0117 temperat\u016bra pasiekia <strong data-start=\"915\" data-end=\"926\">92-95\u00b0C<\/strong> o \"zondo bandymo\" poj\u016btis tur\u0117t\u0173 b\u016bti pana\u0161us \u012f \"\u012f\u0117jim\u0105 arba i\u0161\u0117jim\u0105\".<\/p>\n<p data-start=\"1004\" data-end=\"1205\">\ud83d\udca4 <strong data-start=\"1007\" data-end=\"1035\">L\u00f5puks \u00c4RA UNUSTA lasta lihal &#8220;puhata!<\/strong><br data-start=\"1035\" data-end=\"1038\" \/>- Leiskite kr\u016btininei pails\u0117ti folijoje arba popieriuje <strong data-start=\"1084\" data-end=\"1144\">ne \u0161aldytuve, \u0161iltoje d\u0117\u017eut\u0117je arba suvynioti \u012f rank\u0161luos\u010dius.<\/strong> ma\u017eiausiai 1-2 valandas. D\u0117l to tekst\u016bra taps glotni ir sultinga.<\/p>\n<p>Produktas parduodamas pagal svor\u012f. Tiksli kaina bus apskai\u010diuota pasv\u0117rus gamin\u012f.<\/p>\n<p><strong>Produkt\u0105 galima u\u017esisakyti i\u0161 anksto.\u00a0<\/strong><\/p>\n<p>Kadangi tai yra sveriamas produktas, n\u0117ra galimyb\u0117s pateikti u\u017esakymo internetin\u0117je parduotuv\u0117je.<\/p>\n<p>Nor\u0117dami u\u017esisakyti, ra\u0161ykite adresu\u00a0<a href=\"https:\/\/tammetorubbq.ee\/lt\/produktas\/jautienos-krutinine-65kg-aus\/info%40tammetorubbq.ee\/\">info@tammetorubbq.ee<\/a>\u00a0arba skambinkite\u00a0<a href=\"http:\/\/+372%2056%20888%20638\/\">+372 56 888 638<\/a><\/p>\n<p><img loading=\"lazy\" decoding=\"async\" class=\"wp-image-3254\" src=\"http:\/\/tammetorubbq.ee\/wp-content\/uploads\/2025\/05\/Creekstone-Farms-300x194.webp\" alt=\"Creekstone \u016bkiai\" width=\"173\" height=\"112\" srcset=\"https:\/\/tammetorubbq.ee\/wp-content\/uploads\/2025\/05\/Creekstone-Farms-300x194.webp 300w, https:\/\/tammetorubbq.ee\/wp-content\/uploads\/2025\/05\/Creekstone-Farms-1024x660.webp 1024w, https:\/\/tammetorubbq.ee\/wp-content\/uploads\/2025\/05\/Creekstone-Farms-768x495.webp 768w, https:\/\/tammetorubbq.ee\/wp-content\/uploads\/2025\/05\/Creekstone-Farms-18x12.webp 18w, https:\/\/tammetorubbq.ee\/wp-content\/uploads\/2025\/05\/Creekstone-Farms-600x387.webp 600w, https:\/\/tammetorubbq.ee\/wp-content\/uploads\/2025\/05\/Creekstone-Farms-64x41.webp 64w, https:\/\/tammetorubbq.ee\/wp-content\/uploads\/2025\/05\/Creekstone-Farms.webp 1200w\" sizes=\"auto, (max-width: 173px) 100vw, 173px\" \/><\/p>","protected":false},"featured_media":3262,"comment_status":"open","ping_status":"closed","template":"","meta":{"_uf_show_specific_survey":0,"_uf_disable_surveys":false},"pwb-brand":[177],"product_brand":[],"product_cat":[71],"product_tag":[176],"class_list":{"0":"post-3253","1":"product","2":"type-product","3":"status-publish","4":"has-post-thumbnail","6":"pwb-brand-creekstone-farms","7":"product_cat-liha","8":"product_tag-brisket","10":"first","11":"outofstock","12":"taxable","13":"shipping-taxable","14":"purchasable","15":"product-type-simple"},"brands":[{"id":177,"name":"Creekstone \u016bkiai","slug":"creekstone-farms"}],"_links":{"self":[{"href":"https:\/\/tammetorubbq.ee\/lt\/wp-json\/wp\/v2\/product\/3253","targetHints":{"allow":["GET"]}}],"collection":[{"href":"https:\/\/tammetorubbq.ee\/lt\/wp-json\/wp\/v2\/product"}],"about":[{"href":"https:\/\/tammetorubbq.ee\/lt\/wp-json\/wp\/v2\/types\/product"}],"replies":[{"embeddable":true,"href":"https:\/\/tammetorubbq.ee\/lt\/wp-json\/wp\/v2\/comments?post=3253"}],"wp:featuredmedia":[{"embeddable":true,"href":"https:\/\/tammetorubbq.ee\/lt\/wp-json\/wp\/v2\/media\/3262"}],"wp:attachment":[{"href":"https:\/\/tammetorubbq.ee\/lt\/wp-json\/wp\/v2\/media?parent=3253"}],"wp:term":[{"taxonomy":"pwb-brand","embeddable":true,"href":"https:\/\/tammetorubbq.ee\/lt\/wp-json\/wp\/v2\/pwb-brand?post=3253"},{"taxonomy":"product_brand","embeddable":true,"href":"https:\/\/tammetorubbq.ee\/lt\/wp-json\/wp\/v2\/product_brand?post=3253"},{"taxonomy":"product_cat","embeddable":true,"href":"https:\/\/tammetorubbq.ee\/lt\/wp-json\/wp\/v2\/product_cat?post=3253"},{"taxonomy":"product_tag","embeddable":true,"href":"https:\/\/tammetorubbq.ee\/lt\/wp-json\/wp\/v2\/product_tag?post=3253"}],"curies":[{"name":"wp","href":"https:\/\/api.w.org\/{rel}","templated":true}]}}