{"id":3272,"date":"2025-06-02T21:32:28","date_gmt":"2025-06-02T18:32:28","guid":{"rendered":"https:\/\/tammetorubbq.ee\/?post_type=product&#038;p=3272"},"modified":"2026-05-16T01:00:15","modified_gmt":"2026-05-15T22:00:15","slug":"meat-church-dia-de-la-fajita-rub-340g","status":"publish","type":"product","link":"https:\/\/tammetorubbq.ee\/lt\/toode\/meat-church-dia-de-la-fajita-rub-340g\/","title":{"rendered":"Meat Church Dia De La Fajita Rub 340g"},"content":{"rendered":"<p><strong>Sudedamosios dalys: <\/strong>Druska, prieskoniai, d\u017eiovinti \u010desnakai ir svog\u016bnai, citrin\u0173 sul\u010di\u0173 milteliai, augaliniai ekstraktai, papainas, bromelainas.<\/p>\n<p>Be glitimo.<\/p>\n<p>Sud\u0117tyje n\u0117ra natrio glutamato.<\/p>","protected":false},"excerpt":{"rendered":"<p><strong>Kokia \u0161iandien diena? D\u00eda de la Fajita (Fajitos diena)!!!!<\/strong><\/p>\n<p>Pakelkite savo \"Tex-Mex\" patiekal\u0173 gaminimo lyg\u012f su \"Meat Church\" prieskoniais \"D\u00eda De La Fajita\"!<\/p>\n<p>\u0160is autenti\u0161kas pietvakari\u0173 fajita stiliaus prieskonis sukurtas bendradarbiaujant su geriausiais Teksaso virtuv\u0117s \u0161efais ir grilio meistrais, kad b\u016bt\u0173 pasiekta tobula skoni\u0173 pusiausvyra. Mi\u0161inyje yra citrusini\u0173 vaisi\u0173, kurie suteikia gaivumo ir gilumo tiek m\u0117sos, tiek dar\u017eovi\u0173 patiekalams. Idealiai tinka fajitoms, ant groteli\u0173 keptai m\u0117sai ir dar\u017eov\u0117ms, nedidelis kiekis suteikia stipr\u0173 ir \u012fsimintin\u0105 skon\u012f.<\/p>\n<p>Tinka jautienai, vi\u0161tienai ir kiaulienai, taip pat dar\u017eov\u0117ms.<\/p>\n<p><strong data-start=\"0\" data-end=\"12\" data-is-only-node=\"\">\ud83d\udca1 Patarimas: <\/strong>M\u0117s\u0105 pagardinkite \"D\u00eda De La Fajita\" mi\u0161iniu likus bent 30 minu\u010di\u0173 iki kepimo arba palikite j\u0105 marinuotis per nakt\u012f - taip skoniai \u012fsigers giliau ir m\u0117sa bus ypa\u010d sultinga ir aromatinga!<\/p>\n<p><img loading=\"lazy\" decoding=\"async\" class=\"wp-image-1702\" src=\"http:\/\/tammetorubbq.ee\/wp-content\/uploads\/2024\/02\/Meat-Church-logo-scaled-300x300.webp\" alt=\"M\u0117sos ba\u017eny\u010dios logotipas\" width=\"142\" height=\"142\" srcset=\"https:\/\/tammetorubbq.ee\/wp-content\/uploads\/2024\/02\/Meat-Church-logo-scaled-300x300.webp 300w, https:\/\/tammetorubbq.ee\/wp-content\/uploads\/2024\/02\/Meat-Church-logo-scaled-1024x1024.webp 1024w, https:\/\/tammetorubbq.ee\/wp-content\/uploads\/2024\/02\/Meat-Church-logo-scaled-150x150.webp 150w, https:\/\/tammetorubbq.ee\/wp-content\/uploads\/2024\/02\/Meat-Church-logo-scaled-768x768.webp 768w, https:\/\/tammetorubbq.ee\/wp-content\/uploads\/2024\/02\/Meat-Church-logo-scaled-1536x1536.webp 1536w, https:\/\/tammetorubbq.ee\/wp-content\/uploads\/2024\/02\/Meat-Church-logo-scaled-2048x2048.webp 2048w, https:\/\/tammetorubbq.ee\/wp-content\/uploads\/2024\/02\/Meat-Church-logo-scaled-12x12.webp 12w, https:\/\/tammetorubbq.ee\/wp-content\/uploads\/2024\/02\/Meat-Church-logo-scaled-600x600.webp 600w, https:\/\/tammetorubbq.ee\/wp-content\/uploads\/2024\/02\/Meat-Church-logo-scaled-64x64.webp 64w\" sizes=\"auto, (max-width: 142px) 100vw, 142px\" \/><\/p>","protected":false},"featured_media":3273,"comment_status":"open","ping_status":"closed","template":"","meta":{"_uf_show_specific_survey":0,"_uf_disable_surveys":false},"pwb-brand":[96],"product_brand":[],"product_cat":[21],"product_tag":[118,159,114,122,123,119,165],"class_list":{"0":"post-3272","1":"product","2":"type-product","3":"status-publish","4":"has-post-thumbnail","6":"pwb-brand-meat-church","7":"product_cat-maitseainesegud","8":"product_tag-kanaliha","9":"product_tag-kanatiivad","10":"product_tag-sealiha","11":"product_tag-searibi","12":"product_tag-steik","13":"product_tag-veiseliha","14":"product_tag-veiseribi","16":"first","17":"instock","18":"taxable","19":"shipping-taxable","20":"purchasable","21":"product-type-simple"},"brands":[{"id":96,"name":"M\u0117sos ba\u017eny\u010dia","slug":"meat-church"}],"_links":{"self":[{"href":"https:\/\/tammetorubbq.ee\/lt\/wp-json\/wp\/v2\/product\/3272","targetHints":{"allow":["GET"]}}],"collection":[{"href":"https:\/\/tammetorubbq.ee\/lt\/wp-json\/wp\/v2\/product"}],"about":[{"href":"https:\/\/tammetorubbq.ee\/lt\/wp-json\/wp\/v2\/types\/product"}],"replies":[{"embeddable":true,"href":"https:\/\/tammetorubbq.ee\/lt\/wp-json\/wp\/v2\/comments?post=3272"}],"wp:featuredmedia":[{"embeddable":true,"href":"https:\/\/tammetorubbq.ee\/lt\/wp-json\/wp\/v2\/media\/3273"}],"wp:attachment":[{"href":"https:\/\/tammetorubbq.ee\/lt\/wp-json\/wp\/v2\/media?parent=3272"}],"wp:term":[{"taxonomy":"pwb-brand","embeddable":true,"href":"https:\/\/tammetorubbq.ee\/lt\/wp-json\/wp\/v2\/pwb-brand?post=3272"},{"taxonomy":"product_brand","embeddable":true,"href":"https:\/\/tammetorubbq.ee\/lt\/wp-json\/wp\/v2\/product_brand?post=3272"},{"taxonomy":"product_cat","embeddable":true,"href":"https:\/\/tammetorubbq.ee\/lt\/wp-json\/wp\/v2\/product_cat?post=3272"},{"taxonomy":"product_tag","embeddable":true,"href":"https:\/\/tammetorubbq.ee\/lt\/wp-json\/wp\/v2\/product_tag?post=3272"}],"curies":[{"name":"wp","href":"https:\/\/api.w.org\/{rel}","templated":true}]}}