{"id":3276,"date":"2025-06-02T21:46:22","date_gmt":"2025-06-02T18:46:22","guid":{"rendered":"https:\/\/tammetorubbq.ee\/?post_type=product&#038;p=3276"},"modified":"2026-04-19T20:00:38","modified_gmt":"2026-04-19T17:00:38","slug":"tuffy-stone-kasdien-malamos-kavos-trintuve-264g","status":"publish","type":"product","link":"https:\/\/tammetorubbq.ee\/lt\/produktas\/tuffy-stone-kasdien-malamos-kavos-trintuve-264g\/","title":{"rendered":"\"Tuffy Stone Daily Grind Coffee Rub 264g"},"content":{"rendered":"<p><strong>Sudedamosios dalys:<\/strong> Druska, prieskoniai (\u012fskaitant juoduosius pipirus, chipotle, kmynus), kava, rudasis cukrus, kakavos milteliai, rafinuoti.\u00a0<strong>soja<\/strong>aliejaus ir ma\u017eiau nei 2% trikalcio fosfato, kad neu\u017esikim\u0161t\u0173.<\/p>","protected":false},"excerpt":{"rendered":"<p><span class=\"relative -mx-px my-[-0.2rem] rounded px-px py-[0.2rem] transition-colors duration-100 ease-in-out\">Tuffy Stone\u2019i Daily Grind Coffee Rub&#8217;iga \u2013 see on kuuekorra maailmameistri ja BBQ Hall of Fame liikme Tuffy Stone\u2019i loodud v\u00fcrtsikas kohvimaitseline maitseainesegu.<\/span><\/p>\n<p><span class=\"relative -mx-px my-[-0.2rem] rounded px-px py-[0.2rem] transition-colors duration-100 ease-in-out\">See rub \u00fchendab endas soola, musta pipra, chipotle\u2019i, pruuni suhkru, k\u00f6\u00f6mne ja kohvi, luues s\u00fcgava ja suitsuse maitseprofiili, mis sobib ideaalselt veise- ja sealihale, aga ka kanale, ulukilihale, ubadele ning suitsutatud, grillitud v\u00f5i pannil praetud roogadele.<\/span><\/p>\n<p data-start=\"274\" data-end=\"324\"><strong data-start=\"274\" data-end=\"284\">Sobib:<\/strong> <span class=\"relative -mx-px my-[-0.2rem] rounded px-px py-[0.2rem] transition-colors duration-100 ease-in-out\">veiseliha, sealiha, kana, ulukiliha, oad ning suitsutatud, grillitud v\u00f5i pannil praetud road.<\/span><\/p>\n<p data-start=\"327\" data-end=\"385\"><strong data-start=\"327\" data-end=\"345\">Maitseprofiil:<\/strong> <span class=\"relative -mx-px my-[-0.2rem] rounded px-px py-[0.2rem] transition-colors duration-100 ease-in-out\">suitsune, rikkalik ja kergelt magus, ilma liigse v\u00fcrtsikuseta.<\/span><\/p>\n<p data-start=\"327\" data-end=\"385\"><strong data-start=\"0\" data-end=\"12\" data-is-only-node=\"\">\ud83d\udca1\u00a0Pro-nipp:<\/strong> <span class=\"relative -mx-px my-[-0.2rem] rounded px-px py-[0.2rem] transition-colors duration-100 ease-in-out\">Proovi seda rub\u2019i ulukiliha maitsestamiseks \u2013 tulemuseks on t\u00f5eline maitsepomm, mis viib su BBQ-kogemuse uuele tasemele!<\/span><\/p>\n<p><img loading=\"lazy\" decoding=\"async\" class=\" wp-image-2029\" src=\"http:\/\/tammetorubbq.ee\/wp-content\/uploads\/2024\/11\/Tuffy-Stone-Logo-300x300.webp\" alt=\"Tuffy Stone logo\" width=\"142\" height=\"142\" srcset=\"https:\/\/tammetorubbq.ee\/wp-content\/uploads\/2024\/11\/Tuffy-Stone-Logo-300x300.webp 300w, https:\/\/tammetorubbq.ee\/wp-content\/uploads\/2024\/11\/Tuffy-Stone-Logo-150x150.webp 150w, https:\/\/tammetorubbq.ee\/wp-content\/uploads\/2024\/11\/Tuffy-Stone-Logo-768x768.webp 768w, https:\/\/tammetorubbq.ee\/wp-content\/uploads\/2024\/11\/Tuffy-Stone-Logo-12x12.webp 12w, https:\/\/tammetorubbq.ee\/wp-content\/uploads\/2024\/11\/Tuffy-Stone-Logo-600x600.webp 600w, https:\/\/tammetorubbq.ee\/wp-content\/uploads\/2024\/11\/Tuffy-Stone-Logo-64x64.webp 64w, https:\/\/tammetorubbq.ee\/wp-content\/uploads\/2024\/11\/Tuffy-Stone-Logo.webp 1000w\" sizes=\"auto, (max-width: 142px) 100vw, 142px\" \/><\/p>\n","protected":false},"featured_media":3278,"comment_status":"open","ping_status":"closed","template":"","meta":{"_uf_show_specific_survey":0,"_uf_disable_surveys":false},"pwb-brand":[171],"product_brand":[],"product_cat":[21,20],"product_tag":[118,166,114,122,139,119,165],"class_list":{"0":"post-3276","1":"product","2":"type-product","3":"status-publish","4":"has-post-thumbnail","6":"pwb-brand-tuffy-stone","7":"product_cat-maitseainesegud","8":"product_cat-kampaania","9":"product_tag-kanaliha","10":"product_tag-rebitudliha","11":"product_tag-sealiha","12":"product_tag-searibi","13":"product_tag-ulukiliha","14":"product_tag-veiseliha","15":"product_tag-veiseribi","17":"first","18":"instock","19":"sale","20":"taxable","21":"shipping-taxable","22":"purchasable","23":"product-type-simple"},"brands":[{"id":171,"name":"Tuffy Stone","slug":"tuffy-stone"}],"_links":{"self":[{"href":"https:\/\/tammetorubbq.ee\/lt\/wp-json\/wp\/v2\/product\/3276","targetHints":{"allow":["GET"]}}],"collection":[{"href":"https:\/\/tammetorubbq.ee\/lt\/wp-json\/wp\/v2\/product"}],"about":[{"href":"https:\/\/tammetorubbq.ee\/lt\/wp-json\/wp\/v2\/types\/product"}],"replies":[{"embeddable":true,"href":"https:\/\/tammetorubbq.ee\/lt\/wp-json\/wp\/v2\/comments?post=3276"}],"wp:featuredmedia":[{"embeddable":true,"href":"https:\/\/tammetorubbq.ee\/lt\/wp-json\/wp\/v2\/media\/3278"}],"wp:attachment":[{"href":"https:\/\/tammetorubbq.ee\/lt\/wp-json\/wp\/v2\/media?parent=3276"}],"wp:term":[{"taxonomy":"pwb-brand","embeddable":true,"href":"https:\/\/tammetorubbq.ee\/lt\/wp-json\/wp\/v2\/pwb-brand?post=3276"},{"taxonomy":"product_brand","embeddable":true,"href":"https:\/\/tammetorubbq.ee\/lt\/wp-json\/wp\/v2\/product_brand?post=3276"},{"taxonomy":"product_cat","embeddable":true,"href":"https:\/\/tammetorubbq.ee\/lt\/wp-json\/wp\/v2\/product_cat?post=3276"},{"taxonomy":"product_tag","embeddable":true,"href":"https:\/\/tammetorubbq.ee\/lt\/wp-json\/wp\/v2\/product_tag?post=3276"}],"curies":[{"name":"wp","href":"https:\/\/api.w.org\/{rel}","templated":true}]}}