{"id":3293,"date":"2025-06-03T22:44:26","date_gmt":"2025-06-03T19:44:26","guid":{"rendered":"https:\/\/tammetorubbq.ee\/?post_type=product&#038;p=3293"},"modified":"2026-04-28T06:00:01","modified_gmt":"2026-04-28T03:00:01","slug":"grillep-premium-grilio-granules-8kg-fsc100","status":"publish","type":"product","link":"https:\/\/tammetorubbq.ee\/lt\/toode\/grillep-premium-grillpellet-oun-8kg-fsc100\/","title":{"rendered":"GRILLEP premium grilio granul\u0117s obuolys 8kg (FSC100%)"},"content":{"rendered":"<h3 data-start=\"1521\" data-end=\"1541\">\ud83d\udce6 <strong data-start=\"1528\" data-end=\"1541\">Informacija apie gamin\u012f<\/strong><\/h3>\n<ul data-start=\"1543\" data-end=\"1736\">\n<li data-start=\"1543\" data-end=\"1565\">\n<p data-start=\"1545\" data-end=\"1565\"><strong data-start=\"1545\" data-end=\"1554\">Prek\u0117s \u017eenklas<\/strong>: GRILLEP<\/p>\n<\/li>\n<li data-start=\"1566\" data-end=\"1598\">\n<p data-start=\"1568\" data-end=\"1598\"><strong data-start=\"1568\" data-end=\"1581\">Produkto tipas<\/strong>: Grilio granul\u0117s<\/p>\n<\/li>\n<li data-start=\"1599\" data-end=\"1620\">\n<p data-start=\"1601\" data-end=\"1620\"><strong data-start=\"1601\" data-end=\"1609\">Puit<\/strong>: Obelys<\/p>\n<\/li>\n<li data-start=\"1621\" data-end=\"1639\">\n<p data-start=\"1623\" data-end=\"1639\"><strong data-start=\"1623\" data-end=\"1631\">Svoris<\/strong>: 8 kg<\/p>\n<\/li>\n<li data-start=\"1640\" data-end=\"1670\">\n<p data-start=\"1642\" data-end=\"1670\"><strong data-start=\"1642\" data-end=\"1657\">Sertifikatas<\/strong>: FSC\u00ae 100%<\/p>\n<\/li>\n<li data-start=\"1671\" data-end=\"1736\">\n<p data-start=\"1673\" data-end=\"1736\"><strong data-start=\"1673\" data-end=\"1684\">Galima rasti adresu<\/strong>: Granuli\u0173 kepsnin\u0117s, r\u016bkyklos, kamado tipo kepsnin\u0117s<\/p>\n<\/li>\n<\/ul>\n<h3 data-start=\"1231\" data-end=\"1284\">\ud83c\udf3f <strong data-start=\"1238\" data-end=\"1284\">Kod\u0117l verta rinktis GRILLEP obuoli\u0173 medienos granules?<\/strong><\/h3>\n<p data-start=\"1286\" data-end=\"1514\">\"Applewood\" d\u016bmai yra vienas i\u0161 klasikini\u0173 grilio pasaulio pasirinkim\u0173 - j\u0173 \u0161velnus ir vaisinis skonis puikiai tinka \u012fvairiems patiekalams. GRILLEP grilio granul\u0117s u\u017etikrina stabili\u0105 \u0161ilum\u0105 ir patikim\u0105 d\u016bm\u0105 kiekvien\u0105 kart\u0105 naudojant.<\/p>","protected":false},"excerpt":{"rendered":"<p data-start=\"108\" data-end=\"197\"><strong data-start=\"108\" data-end=\"197\">\u0160velnaus ir vaisi\u0173 skonio d\u016bm\u0173 paslaptis - puikios granul\u0117s visiems r\u016bkaliams!<\/strong><\/p>\n<p data-start=\"199\" data-end=\"481\">\"GRILLEP Premium\" kepsnin\u0117s granul\u0117s gaminamos i\u0161 100% nat\u016bralios obuoli\u0173 medienos, be pried\u0173 ir klij\u0173. \u0160ios FSC sertifikuotos granul\u0117s suteikia m\u0117sai, \u017euviai ir dar\u017eov\u0117ms subtil\u0173, \u0161iek tiek sald\u0173 d\u016bmo skon\u012f, kuris ypa\u010d tinka kepant kiaulien\u0105, pauk\u0161tien\u0105 ir \u017euv\u012f.<\/p>\n<p><strong>\"GRILLEP Premium\" grilio granul\u0117s - naujas slaptas j\u016bs\u0173 kepsnin\u0117s ginklas!<\/strong><\/p>\n<p><strong>Tinka naudoti granuli\u0173 kepsnin\u0117se, r\u016bkyklose ir pic\u0173 krosnyse.<\/strong><\/p>\n<h3 data-start=\"907\" data-end=\"924\"><strong data-start=\"913\" data-end=\"924\">Privalumai<\/strong><\/h3>\n<p data-start=\"928\" data-end=\"1003\">\u2714\ufe0f Nat\u016brali ir gryna sud\u0117tis - saugi naudoti visose kepsnin\u0117se<\/p>\n<p data-start=\"1006\" data-end=\"1040\">\u2714\ufe0f Tolygus ir stabilus degimas<\/p>\n<p data-start=\"1043\" data-end=\"1117\">\u2714\ufe0f Puikiai tinka m\u0117sai, pauk\u0161tienai, \u017euviai ir dar\u017eov\u0117ms r\u016bkyti.<\/p>\n<p data-start=\"1120\" data-end=\"1170\">\u2714\ufe0f Subtilus d\u016bm\u0173 aromatas neu\u017ego\u017eia \u017ealiavos skonio.<\/p>\n<p data-start=\"1173\" data-end=\"1224\">\u2714\ufe0f Ekologi\u0161kas pasirinkimas - FSC sertifikatas<\/p>\n<h3 data-start=\"488\" data-end=\"513\"><strong data-start=\"495\" data-end=\"513\">Produkto savyb\u0117s<\/strong><\/h3>\n<ul data-start=\"515\" data-end=\"900\">\n<li data-start=\"515\" data-end=\"597\">\n<p data-start=\"517\" data-end=\"597\"><strong data-start=\"517\" data-end=\"525\">Puit<\/strong>: 100% nat\u016bralus obuolys - n\u0117ra klij\u0173, chemini\u0173 med\u017eiag\u0173 ar u\u017epild\u0173.<\/p>\n<\/li>\n<li data-start=\"598\" data-end=\"667\">\n<p data-start=\"600\" data-end=\"667\"><strong data-start=\"600\" data-end=\"608\">Svoris<\/strong>: 8 kg - patogus krep\u0161ys nam\u0173 ir profesionaliam naudojimui<\/p>\n<\/li>\n<li data-start=\"668\" data-end=\"737\">\n<p data-start=\"670\" data-end=\"737\"><strong data-start=\"670\" data-end=\"687\">Skonio profilis<\/strong>: \u0160velnaus, \u0161iek tiek saldaus ir vaisinio d\u016bmo skonio.<\/p>\n<\/li>\n<li data-start=\"738\" data-end=\"826\">\n<p data-start=\"740\" data-end=\"826\"><strong data-start=\"740\" data-end=\"748\">Tipas<\/strong>: Auk\u0161\u010diausios kokyb\u0117s granul\u0117s, tinkan\u010dios granulin\u0117ms kepsnin\u0117ms ir r\u016bkykloms<\/p>\n<\/li>\n<li data-start=\"827\" data-end=\"900\">\n<p data-start=\"829\" data-end=\"900\"><strong data-start=\"829\" data-end=\"844\">Sertifikatas<\/strong>: <strong data-start=\"846\" data-end=\"859\">FSC\u00ae 100%<\/strong> - tvariai valdomi mi\u0161kai<\/p>\n<\/li>\n<\/ul>\n<p data-start=\"1173\" data-end=\"1224\"><img loading=\"lazy\" decoding=\"async\" class=\"alignnone wp-image-3290\" src=\"http:\/\/tammetorubbq.ee\/wp-content\/uploads\/2023\/12\/Grillep_Logo-300x200.png\" alt=\"FSC 100%\" width=\"150\" height=\"100\" srcset=\"https:\/\/tammetorubbq.ee\/wp-content\/uploads\/2023\/12\/Grillep_Logo-300x200.png 300w, https:\/\/tammetorubbq.ee\/wp-content\/uploads\/2023\/12\/Grillep_Logo-1024x681.png 1024w, https:\/\/tammetorubbq.ee\/wp-content\/uploads\/2023\/12\/Grillep_Logo-768x511.png 768w, https:\/\/tammetorubbq.ee\/wp-content\/uploads\/2023\/12\/Grillep_Logo-18x12.png 18w, https:\/\/tammetorubbq.ee\/wp-content\/uploads\/2023\/12\/Grillep_Logo-600x399.png 600w, https:\/\/tammetorubbq.ee\/wp-content\/uploads\/2023\/12\/Grillep_Logo-64x43.png 64w, https:\/\/tammetorubbq.ee\/wp-content\/uploads\/2023\/12\/Grillep_Logo.png 1203w\" sizes=\"auto, (max-width: 150px) 100vw, 150px\" \/><img loading=\"lazy\" decoding=\"async\" class=\"alignnone wp-image-3289\" src=\"http:\/\/tammetorubbq.ee\/wp-content\/uploads\/2023\/12\/FSC-100.svg\" alt=\"\" width=\"67\" height=\"97\" \/><\/p>","protected":false},"featured_media":3294,"comment_status":"open","ping_status":"closed","template":"","meta":{"_uf_show_specific_survey":0,"_uf_disable_surveys":false},"pwb-brand":[151],"product_brand":[],"product_cat":[54],"product_tag":[],"class_list":{"0":"post-3293","1":"product","2":"type-product","3":"status-publish","4":"has-post-thumbnail","6":"pwb-brand-grillep","7":"product_cat-puidupellet","9":"first","10":"outofstock","11":"taxable","12":"shipping-taxable","13":"purchasable","14":"product-type-simple"},"brands":[{"id":151,"name":"Kriketas","slug":"kepsnine-2"}],"_links":{"self":[{"href":"https:\/\/tammetorubbq.ee\/lt\/wp-json\/wp\/v2\/product\/3293","targetHints":{"allow":["GET"]}}],"collection":[{"href":"https:\/\/tammetorubbq.ee\/lt\/wp-json\/wp\/v2\/product"}],"about":[{"href":"https:\/\/tammetorubbq.ee\/lt\/wp-json\/wp\/v2\/types\/product"}],"replies":[{"embeddable":true,"href":"https:\/\/tammetorubbq.ee\/lt\/wp-json\/wp\/v2\/comments?post=3293"}],"wp:featuredmedia":[{"embeddable":true,"href":"https:\/\/tammetorubbq.ee\/lt\/wp-json\/wp\/v2\/media\/3294"}],"wp:attachment":[{"href":"https:\/\/tammetorubbq.ee\/lt\/wp-json\/wp\/v2\/media?parent=3293"}],"wp:term":[{"taxonomy":"pwb-brand","embeddable":true,"href":"https:\/\/tammetorubbq.ee\/lt\/wp-json\/wp\/v2\/pwb-brand?post=3293"},{"taxonomy":"product_brand","embeddable":true,"href":"https:\/\/tammetorubbq.ee\/lt\/wp-json\/wp\/v2\/product_brand?post=3293"},{"taxonomy":"product_cat","embeddable":true,"href":"https:\/\/tammetorubbq.ee\/lt\/wp-json\/wp\/v2\/product_cat?post=3293"},{"taxonomy":"product_tag","embeddable":true,"href":"https:\/\/tammetorubbq.ee\/lt\/wp-json\/wp\/v2\/product_tag?post=3293"}],"curies":[{"name":"wp","href":"https:\/\/api.w.org\/{rel}","templated":true}]}}