{"id":3295,"date":"2025-06-03T22:52:23","date_gmt":"2025-06-03T19:52:23","guid":{"rendered":"https:\/\/tammetorubbq.ee\/?post_type=product&#038;p=3295"},"modified":"2026-04-28T05:00:17","modified_gmt":"2026-04-28T02:00:17","slug":"grillep-premium-grilio-granules-alksnis-8kg-fsc100","status":"publish","type":"product","link":"https:\/\/tammetorubbq.ee\/lt\/toode\/grillep-premium-grillpellet-lepp-8kg-fsc100\/","title":{"rendered":"GRILLEP premium grilio granul\u0117s LEPP 8kg (FSC100%)"},"content":{"rendered":"<h3 data-start=\"1451\" data-end=\"1471\">\ud83d\udce6 <strong data-start=\"1458\" data-end=\"1471\">Informacija apie gamin\u012f<\/strong><\/h3>\n<ul data-start=\"1473\" data-end=\"1665\">\n<li data-start=\"1473\" data-end=\"1495\">\n<p data-start=\"1475\" data-end=\"1495\"><strong data-start=\"1475\" data-end=\"1484\">Prek\u0117s \u017eenklas<\/strong>: GRILLEP<\/p>\n<\/li>\n<li data-start=\"1496\" data-end=\"1528\">\n<p data-start=\"1498\" data-end=\"1528\"><strong data-start=\"1498\" data-end=\"1511\">Produkto tipas<\/strong>: Grilio granul\u0117s<\/p>\n<\/li>\n<li data-start=\"1529\" data-end=\"1547\">\n<p data-start=\"1531\" data-end=\"1547\"><strong data-start=\"1531\" data-end=\"1539\">Puit<\/strong>: Lepp<\/p>\n<\/li>\n<li data-start=\"1548\" data-end=\"1566\">\n<p data-start=\"1550\" data-end=\"1566\"><strong data-start=\"1550\" data-end=\"1558\">Svoris<\/strong>: 8 kg<\/p>\n<\/li>\n<li data-start=\"1567\" data-end=\"1597\">\n<p data-start=\"1569\" data-end=\"1597\"><strong data-start=\"1569\" data-end=\"1584\">Sertifikatas<\/strong>: FSC\u00ae 100%<\/p>\n<\/li>\n<li data-start=\"1598\" data-end=\"1665\">\n<p data-start=\"1600\" data-end=\"1665\"><strong data-start=\"1600\" data-end=\"1611\">Galima rasti adresu<\/strong>: D\u016bm\u0173 krosnel\u0117s, D\u016bm\u0173 detektoriai, Granuli\u0173 kepsnin\u0117s<\/p>\n<\/li>\n<\/ul>\n<h3 data-start=\"1231\" data-end=\"1274\">\ud83c\udf31 <strong data-start=\"1238\" data-end=\"1274\">Nat\u016braliai geresn\u0117 kepsni\u0173 kepimo patirtis<\/strong><\/h3>\n<p data-start=\"1276\" data-end=\"1444\">Kietmedis yra viena i\u0161 da\u017eniausiai naudojam\u0173 r\u016bkyt\u0173 med\u017ei\u0173 \u0160iaur\u0117s \u0161alyse - ne veltui. Jos d\u016bmai yra \u0161veln\u016bs ir subalansuoti, tod\u0117l ji yra universalus pasirinkimas bet kuriam grilio meistrui.<\/p>","protected":false},"excerpt":{"rendered":"<p data-start=\"109\" data-end=\"190\"><strong data-start=\"109\" data-end=\"190\">Klasikinis nat\u016bralios kietmed\u017eio medienos d\u016bm\u0173 skonis - \u0161varus, stabilus ir veiksmingas!<\/strong><\/p>\n<p data-start=\"192\" data-end=\"523\">\"GRILLEP Premium\" kartono kepsnin\u0117s granul\u0117s yra puikus pasirinkimas tiems, kurie nori suteikti maistui autenti\u0161ko ir \u0161velnaus d\u016bmo skonio. Pagamintos i\u0161 100% nat\u016bralios kietmed\u017eio medienos be chemini\u0173 pried\u0173 ir klij\u0173. Puikiai tinka m\u0117sai, \u017euviai ir dar\u017eov\u0117ms r\u016bkyti ant granuli\u0173 kepsnini\u0173 arba d\u016bmus jau\u010dian\u010di\u0173 kepsnini\u0173.<\/p>\n<p><strong>\"GRILLEP Premium\" grilio granul\u0117s - naujas slaptas j\u016bs\u0173 kepsnin\u0117s ginklas!<\/strong><\/p>\n<p><strong>Tinka naudoti granuli\u0173 kepsnin\u0117se, r\u016bkyklose ir pic\u0173 krosnyse.<\/strong><\/p>\n<h3 data-start=\"905\" data-end=\"922\"><strong data-start=\"911\" data-end=\"922\">Privalumai<\/strong><\/h3>\n<p data-start=\"926\" data-end=\"957\">\u2714\ufe0f Greitas ir tolygus u\u017edegimas<\/p>\n<p>\u2714\ufe0f Ma\u017eas pelen\u0173 kiekis - lengva valyti<\/p>\n<p>\u2714\ufe0f Puikiai tinka r\u016bkyti kiaulien\u0105, \u017euv\u012f, pauk\u0161tien\u0105 ir dar\u017eoves.<\/p>\n<p data-start=\"1084\" data-end=\"1163\">\u2714\ufe0f Mink\u0161tas skonio profilis - nedominuoja, bet papildo nat\u016bral\u0173 maisto skon\u012f.<\/p>\n<p data-start=\"1084\" data-end=\"1163\">\u2714\ufe0f FSC sertifikavimas - tvarus ir aplinkai draugi\u0161kas pasirinkimas<\/p>\n<h3 data-start=\"530\" data-end=\"555\"><strong data-start=\"537\" data-end=\"555\">Produkto savyb\u0117s<\/strong><\/h3>\n<ul data-start=\"557\" data-end=\"898\">\n<li data-start=\"557\" data-end=\"642\">\n<p data-start=\"559\" data-end=\"642\"><strong data-start=\"559\" data-end=\"567\">Puit<\/strong>: 100% nat\u016bralus alksnis - sud\u0117tyje n\u0117ra ri\u0161ikli\u0173, chemini\u0173 med\u017eiag\u0173 ar u\u017epild\u0173.<\/p>\n<\/li>\n<li data-start=\"643\" data-end=\"697\">\n<p data-start=\"645\" data-end=\"697\"><strong data-start=\"645\" data-end=\"653\">Svoris<\/strong>: 8 kg - u\u017etenka keletui kepsnini\u0173<\/p>\n<\/li>\n<li data-start=\"698\" data-end=\"761\">\n<p data-start=\"700\" data-end=\"761\"><strong data-start=\"700\" data-end=\"717\">Skonio profilis<\/strong>: Klasikinis, lengvas ir \u0161velnus d\u016bm\u0173 aromatas<\/p>\n<\/li>\n<li data-start=\"762\" data-end=\"825\">\n<p data-start=\"764\" data-end=\"825\"><strong data-start=\"764\" data-end=\"772\">Tipas<\/strong>: Auk\u0161\u010diausios kokyb\u0117s granul\u0117s - vienodo dyd\u017eio ir \u0161varus degimas<\/p>\n<\/li>\n<li data-start=\"826\" data-end=\"898\">\n<p data-start=\"828\" data-end=\"898\"><strong data-start=\"828\" data-end=\"843\">Sertifikatas<\/strong>: <strong data-start=\"845\" data-end=\"858\">FSC\u00ae 100%<\/strong> - atsakingas mi\u0161k\u0173 valdymas<\/p>\n<\/li>\n<\/ul>\n<p><img loading=\"lazy\" decoding=\"async\" class=\"alignnone wp-image-3290\" src=\"http:\/\/tammetorubbq.ee\/wp-content\/uploads\/2023\/12\/Grillep_Logo-300x200.png\" alt=\"FSC 100%\" width=\"150\" height=\"100\" srcset=\"https:\/\/tammetorubbq.ee\/wp-content\/uploads\/2023\/12\/Grillep_Logo-300x200.png 300w, https:\/\/tammetorubbq.ee\/wp-content\/uploads\/2023\/12\/Grillep_Logo-1024x681.png 1024w, https:\/\/tammetorubbq.ee\/wp-content\/uploads\/2023\/12\/Grillep_Logo-768x511.png 768w, https:\/\/tammetorubbq.ee\/wp-content\/uploads\/2023\/12\/Grillep_Logo-18x12.png 18w, https:\/\/tammetorubbq.ee\/wp-content\/uploads\/2023\/12\/Grillep_Logo-600x399.png 600w, https:\/\/tammetorubbq.ee\/wp-content\/uploads\/2023\/12\/Grillep_Logo-64x43.png 64w, https:\/\/tammetorubbq.ee\/wp-content\/uploads\/2023\/12\/Grillep_Logo.png 1203w\" sizes=\"auto, (max-width: 150px) 100vw, 150px\" \/><img loading=\"lazy\" decoding=\"async\" class=\"alignnone wp-image-3289\" src=\"http:\/\/tammetorubbq.ee\/wp-content\/uploads\/2023\/12\/FSC-100.svg\" alt=\"\" width=\"67\" height=\"97\" \/><\/p>","protected":false},"featured_media":3296,"comment_status":"open","ping_status":"closed","template":"","meta":{"_uf_show_specific_survey":0,"_uf_disable_surveys":false},"pwb-brand":[151],"product_brand":[],"product_cat":[54],"product_tag":[],"class_list":{"0":"post-3295","1":"product","2":"type-product","3":"status-publish","4":"has-post-thumbnail","6":"pwb-brand-grillep","7":"product_cat-puidupellet","9":"first","10":"instock","11":"taxable","12":"shipping-taxable","13":"purchasable","14":"product-type-simple"},"brands":[{"id":151,"name":"Kriketas","slug":"kepsnine-2"}],"_links":{"self":[{"href":"https:\/\/tammetorubbq.ee\/lt\/wp-json\/wp\/v2\/product\/3295","targetHints":{"allow":["GET"]}}],"collection":[{"href":"https:\/\/tammetorubbq.ee\/lt\/wp-json\/wp\/v2\/product"}],"about":[{"href":"https:\/\/tammetorubbq.ee\/lt\/wp-json\/wp\/v2\/types\/product"}],"replies":[{"embeddable":true,"href":"https:\/\/tammetorubbq.ee\/lt\/wp-json\/wp\/v2\/comments?post=3295"}],"wp:featuredmedia":[{"embeddable":true,"href":"https:\/\/tammetorubbq.ee\/lt\/wp-json\/wp\/v2\/media\/3296"}],"wp:attachment":[{"href":"https:\/\/tammetorubbq.ee\/lt\/wp-json\/wp\/v2\/media?parent=3295"}],"wp:term":[{"taxonomy":"pwb-brand","embeddable":true,"href":"https:\/\/tammetorubbq.ee\/lt\/wp-json\/wp\/v2\/pwb-brand?post=3295"},{"taxonomy":"product_brand","embeddable":true,"href":"https:\/\/tammetorubbq.ee\/lt\/wp-json\/wp\/v2\/product_brand?post=3295"},{"taxonomy":"product_cat","embeddable":true,"href":"https:\/\/tammetorubbq.ee\/lt\/wp-json\/wp\/v2\/product_cat?post=3295"},{"taxonomy":"product_tag","embeddable":true,"href":"https:\/\/tammetorubbq.ee\/lt\/wp-json\/wp\/v2\/product_tag?post=3295"}],"curies":[{"name":"wp","href":"https:\/\/api.w.org\/{rel}","templated":true}]}}