{"id":3315,"date":"2025-06-06T17:28:17","date_gmt":"2025-06-06T14:28:17","guid":{"rendered":"https:\/\/tammetorubbq.ee\/?post_type=product&#038;p=3315"},"modified":"2026-04-30T23:00:23","modified_gmt":"2026-04-30T20:00:23","slug":"kosmos-q-buivolo-sparnu-dulkes-130g","status":"publish","type":"product","link":"https:\/\/tammetorubbq.ee\/lt\/toode\/kosmos-q-buffalo-wing-dust-rub-130g\/","title":{"rendered":"Kosmo`s Q Buffalo Wing Dust Rub 130g"},"content":{"rendered":"<p data-start=\"114\" data-end=\"130\"><strong>Koostisosad<\/strong>: s<span class=\"relative -mx-px my-[-0.2rem] rounded px-px py-[0.2rem] transition-colors duration-100 ease-in-out\">ool, maltodekstriin, naatriumdiatsetaat, v\u00fcrtsid (sh cayenne&#8217;i pipar), dekstroos, sinihallitusjuustu pulber (past\u00f6riseeritud piim, sool, juustukultuur, ens\u00fc\u00fcmid), naatriumatsetaat, maisit\u00e4rklis, looduslikud maitseained (sh suitsumaitse), r\u00e4nidioksiid, askorbiinhape, kunstlikud v\u00e4rvained FD&amp;C #5 ja #6, dinaatriuminosinaat ja dinaatriumguan\u00fclaat, guarkummi, modifitseeritud t\u00e4rklis, k\u00fc\u00fcslaugupulber, sidrunhape, valge destilleeritud \u00e4\u00e4dikas.<\/span><\/p>\n<p data-start=\"250\" data-end=\"266\">\ud83e\udd5b Sisaldab piima<br data-start=\"933\" data-end=\"936\" \/>\ud83d\udeab Gluteenivaba<\/p>\n","protected":false},"excerpt":{"rendered":"<p><strong>Ikoni\u0161kas Buffalo sparneli\u0173 skonis - dabar sausas, patogus \u012ftrintas!<\/strong><\/p>\n<p>\"Kosmo's Q Buffalo Wing Dust Rub\" suteikia legendinio amerikieti\u0161kojo Buffalo pada\u017eo skon\u012f - ir visa tai be netvarkos. \u0160is a\u0161trus ir \u0161iek tiek kreminis \u012ftrinimas specialiai sukurtas vi\u0161tienos sparneliams, bet juo taip pat puikiai tinka popkornai, keptos bulvyt\u0117s, keptos dar\u017eov\u0117s ar net sumu\u0161tiniai.<\/p>\n<p><strong data-start=\"527\" data-end=\"545\">Skonio profilis:<\/strong> a\u0161tr\u016bs Kajeno pipirai, m\u0117lynasis s\u016bris, \u010desnakas ir actas - visai kaip tikras \"Buffalo\" pada\u017eas!<\/p>\n<p><strong>\ud83d\udca1 Patarimas:\u00a0<\/strong>Sparnelius kepkite arba kepkite ant groteli\u0173, kol taps tra\u0161k\u016bs, ir i\u0161kart po kepimo pabarstykite \"Buffalo Wing Dust\" (tikrai nedraud\u017eiama tai daryti prie\u0161 kepim\u0105), kol jie dar kar\u0161ti - taip aromatas puikiai susilies su m\u0117sa. Norite papildomo sluoksnio? Sumai\u0161ykite trint\u012f su trupu\u010diu lydyto sviesto ir teptuku patepkite - tai tikra skonio bomba!<\/p>\n<p>&nbsp;<\/p>\n<p><img loading=\"lazy\" decoding=\"async\" class=\"wp-image-1698\" src=\"http:\/\/tammetorubbq.ee\/wp-content\/uploads\/2024\/05\/Kosmos-Q-logo.avif\" alt=\"Kosmo Q\" width=\"146\" height=\"110\" srcset=\"https:\/\/tammetorubbq.ee\/wp-content\/uploads\/2024\/05\/Kosmos-Q-logo.avif 258w, https:\/\/tammetorubbq.ee\/wp-content\/uploads\/2024\/05\/Kosmos-Q-logo-16x12.avif 16w, https:\/\/tammetorubbq.ee\/wp-content\/uploads\/2024\/05\/Kosmos-Q-logo-64x48.avif 64w\" sizes=\"auto, (max-width: 146px) 100vw, 146px\" \/><\/p>","protected":false},"featured_media":4175,"comment_status":"open","ping_status":"closed","template":"","meta":{"_uf_show_specific_survey":0,"_uf_disable_surveys":false},"pwb-brand":[81],"product_brand":[],"product_cat":[21],"product_tag":[179,159,121,178],"class_list":{"0":"post-3315","1":"product","2":"type-product","3":"status-publish","4":"has-post-thumbnail","6":"pwb-brand-kosmos-q","7":"product_cat-maitseainesegud","8":"product_tag-friikartul","9":"product_tag-kanatiivad","10":"product_tag-koogiviljad","11":"product_tag-popkorn","13":"first","14":"instock","15":"taxable","16":"shipping-taxable","17":"purchasable","18":"product-type-simple"},"brands":[{"id":81,"name":"Kosmo's Q","slug":"kosmos-q"}],"_links":{"self":[{"href":"https:\/\/tammetorubbq.ee\/lt\/wp-json\/wp\/v2\/product\/3315","targetHints":{"allow":["GET"]}}],"collection":[{"href":"https:\/\/tammetorubbq.ee\/lt\/wp-json\/wp\/v2\/product"}],"about":[{"href":"https:\/\/tammetorubbq.ee\/lt\/wp-json\/wp\/v2\/types\/product"}],"replies":[{"embeddable":true,"href":"https:\/\/tammetorubbq.ee\/lt\/wp-json\/wp\/v2\/comments?post=3315"}],"wp:featuredmedia":[{"embeddable":true,"href":"https:\/\/tammetorubbq.ee\/lt\/wp-json\/wp\/v2\/media\/4175"}],"wp:attachment":[{"href":"https:\/\/tammetorubbq.ee\/lt\/wp-json\/wp\/v2\/media?parent=3315"}],"wp:term":[{"taxonomy":"pwb-brand","embeddable":true,"href":"https:\/\/tammetorubbq.ee\/lt\/wp-json\/wp\/v2\/pwb-brand?post=3315"},{"taxonomy":"product_brand","embeddable":true,"href":"https:\/\/tammetorubbq.ee\/lt\/wp-json\/wp\/v2\/product_brand?post=3315"},{"taxonomy":"product_cat","embeddable":true,"href":"https:\/\/tammetorubbq.ee\/lt\/wp-json\/wp\/v2\/product_cat?post=3315"},{"taxonomy":"product_tag","embeddable":true,"href":"https:\/\/tammetorubbq.ee\/lt\/wp-json\/wp\/v2\/product_tag?post=3315"}],"curies":[{"name":"wp","href":"https:\/\/api.w.org\/{rel}","templated":true}]}}