{"id":3370,"date":"2025-06-17T11:15:15","date_gmt":"2025-06-17T08:15:15","guid":{"rendered":"https:\/\/tammetorubbq.ee\/?post_type=product&#038;p=3370"},"modified":"2026-04-15T03:00:02","modified_gmt":"2026-04-15T00:00:02","slug":"suncity-bbq-prancuzisku-bulvyciu-kepimo-ant-groteliu-itrinti-280g","status":"publish","type":"product","link":"https:\/\/tammetorubbq.ee\/lt\/produktas\/suncity-bbq-prancuzisku-bulvyciu-kepimo-ant-groteliu-itrinti-280g\/","title":{"rendered":"SunCity BBQ French Fry grilio \u012ftrinti 280g"},"content":{"rendered":"<p><strong data-start=\"305\" data-end=\"321\">Sudedamosios dalys:<\/strong> valgomoji druska, malta paprika, rudasis cukrus, \u010desnako granul\u0117s, rozmarinas, malti juodieji pipirai.<\/p>\n<p>&nbsp;<\/p>\n<p><strong data-start=\"56\" data-end=\"100\">Vidutin\u0117 maistin\u0117 vert\u0117 100 g produkto:<\/strong><\/p>\n<p>Energija: 473 kJ \/ 113 kcal<br data-start=\"128\" data-end=\"131\" \/>Riebalai: 2,4 g, \u012fskaitant so\u010di\u0105sias riebal\u0173 r\u016bg\u0161tis: 0,6 g.<br data-start=\"203\" data-end=\"206\" \/>Angliavandeniai: 14,0 g, \u012fskaitant. cukr\u0173: 11,5 g<br data-start=\"270\" data-end=\"273\" \/>Baltymai: 4,2 g<br data-start=\"286\" data-end=\"289\" \/>Druska: 60,0 g<\/p>\n<p>&nbsp;<\/p>","protected":false},"excerpt":{"rendered":"<p data-start=\"114\" data-end=\"329\">Padarykite savo bulvytes tikru skan\u0117stu! <strong data-start=\"164\" data-end=\"200\">SunCity BBQ French Fry Grill Rub<\/strong> specialiai sukurta tam, kad \u012fprastos bulv\u0117s tapt\u0173 dar auk\u0161tesnio lygio - nesvarbu, ar jos ruo\u0161iamos orkait\u0117je, keptuv\u0117je, ar ant groteli\u0173.<\/p>\n<p data-start=\"331\" data-end=\"580\">\u0160is skanus mi\u0161inys sujungia <strong data-start=\"362\" data-end=\"400\">\u010desnakai, juodieji pipirai ir \u010diobreliai<\/strong>taip sukuriama tobula a\u0161trumo ir \u017eemi\u0161kumo pusiausvyra. Puikiai tinka ne tik bulvyt\u0117ms, bet ir <strong data-start=\"505\" data-end=\"561\">garuose virtos bulv\u0117s, vi\u0161tiena, pikanti\u0161ki pyragai ir pyrag\u0117liai.<\/strong> prieskoniams.<\/p>\n<p data-start=\"331\" data-end=\"580\">\ud83d\udca1 <strong data-start=\"595\" data-end=\"607\">Profesional\u0173 patarimas: <\/strong>Sumai\u0161ykite su trupu\u010diu aliejaus ir pasigaminkite paprast\u0105 ir skan\u0173 marinat\u0105 m\u0117sai ar dar\u017eov\u0117ms.<\/p>\n<p><img loading=\"lazy\" decoding=\"async\" class=\"wp-image-2024\" src=\"http:\/\/tammetorubbq.ee\/wp-content\/uploads\/2024\/11\/SunCity-BBQ-logo-1-300x251.png\" alt=\"SunCity BBQ logotipas\" width=\"118\" height=\"99\" srcset=\"https:\/\/tammetorubbq.ee\/wp-content\/uploads\/2024\/11\/SunCity-BBQ-logo-1-300x251.png 300w, https:\/\/tammetorubbq.ee\/wp-content\/uploads\/2024\/11\/SunCity-BBQ-logo-1-768x644.png 768w, https:\/\/tammetorubbq.ee\/wp-content\/uploads\/2024\/11\/SunCity-BBQ-logo-1-14x12.png 14w, https:\/\/tammetorubbq.ee\/wp-content\/uploads\/2024\/11\/SunCity-BBQ-logo-1-600x503.png 600w, https:\/\/tammetorubbq.ee\/wp-content\/uploads\/2024\/11\/SunCity-BBQ-logo-1-64x54.png 64w, https:\/\/tammetorubbq.ee\/wp-content\/uploads\/2024\/11\/SunCity-BBQ-logo-1.png 940w\" sizes=\"auto, (max-width: 118px) 100vw, 118px\" \/><\/p>","protected":false},"featured_media":3372,"comment_status":"open","ping_status":"closed","template":"","meta":{"_uf_show_specific_survey":0,"_uf_disable_surveys":false},"pwb-brand":[180],"product_brand":[],"product_cat":[21],"product_tag":[179,118,121],"class_list":{"0":"post-3370","1":"product","2":"type-product","3":"status-publish","4":"has-post-thumbnail","6":"pwb-brand-suncity-bbq","7":"product_cat-maitseainesegud","8":"product_tag-friikartul","9":"product_tag-kanaliha","10":"product_tag-koogiviljad","12":"first","13":"instock","14":"taxable","15":"shipping-taxable","16":"purchasable","17":"product-type-simple"},"brands":[{"id":180,"name":"SunCity BBQ","slug":"suncity-bbq"}],"_links":{"self":[{"href":"https:\/\/tammetorubbq.ee\/lt\/wp-json\/wp\/v2\/product\/3370","targetHints":{"allow":["GET"]}}],"collection":[{"href":"https:\/\/tammetorubbq.ee\/lt\/wp-json\/wp\/v2\/product"}],"about":[{"href":"https:\/\/tammetorubbq.ee\/lt\/wp-json\/wp\/v2\/types\/product"}],"replies":[{"embeddable":true,"href":"https:\/\/tammetorubbq.ee\/lt\/wp-json\/wp\/v2\/comments?post=3370"}],"wp:featuredmedia":[{"embeddable":true,"href":"https:\/\/tammetorubbq.ee\/lt\/wp-json\/wp\/v2\/media\/3372"}],"wp:attachment":[{"href":"https:\/\/tammetorubbq.ee\/lt\/wp-json\/wp\/v2\/media?parent=3370"}],"wp:term":[{"taxonomy":"pwb-brand","embeddable":true,"href":"https:\/\/tammetorubbq.ee\/lt\/wp-json\/wp\/v2\/pwb-brand?post=3370"},{"taxonomy":"product_brand","embeddable":true,"href":"https:\/\/tammetorubbq.ee\/lt\/wp-json\/wp\/v2\/product_brand?post=3370"},{"taxonomy":"product_cat","embeddable":true,"href":"https:\/\/tammetorubbq.ee\/lt\/wp-json\/wp\/v2\/product_cat?post=3370"},{"taxonomy":"product_tag","embeddable":true,"href":"https:\/\/tammetorubbq.ee\/lt\/wp-json\/wp\/v2\/product_tag?post=3370"}],"curies":[{"name":"wp","href":"https:\/\/api.w.org\/{rel}","templated":true}]}}