{"id":3399,"date":"2025-06-26T15:45:33","date_gmt":"2025-06-26T12:45:33","guid":{"rendered":"https:\/\/tammetorubbq.ee\/?post_type=product&#038;p=3399"},"modified":"2026-04-15T05:00:13","modified_gmt":"2026-04-15T02:00:13","slug":"angus-oink-rancoje-trinti-170g","status":"publish","type":"product","link":"https:\/\/tammetorubbq.ee\/lt\/produktas\/angus-oink-rancoje-trinti-170g\/","title":{"rendered":"Angus &amp; Oink Ranch Rub 170g"},"content":{"rendered":"<p><strong>Sudedamosios dalys:<\/strong> v<span class=\"Y2IQFc\" lang=\"et\">aliejaus milteliai, cukrus, salier\u0173 druska, svog\u016bnai, juodieji pipirai, krapai, \u010desnakai, petra\u017eol\u0117s, lai\u0161kiniai \u010desnakai, lai\u0161kiniai \u010desnakai, citrinos, citrinos r\u016bg\u0161tis, natrio glutamatas, dinatrio inozinatas.<\/span><\/p>","protected":false},"excerpt":{"rendered":"<p><strong>Kreminis ir aromatingas BBQ prieskonis.<\/strong><\/p>\n<p data-start=\"143\" data-end=\"397\"><strong data-start=\"143\" data-end=\"169\">Angus &amp; Oink Ranch Rub<\/strong> \u012fkv\u0117ptas klasikinio amerikieti\u0161kojo \"ran\u010do\" skonio - kreminio, \u017eoleli\u0173 ir \u0161iek tiek a\u0161traus. \u0160is unikalus sausas prieskonis puikiai tinka vi\u0161tienai, kiaulienai, bulv\u0117ms, dar\u017eov\u0117ms ir net popkornams gardinti.<\/p>\n<p data-start=\"399\" data-end=\"657\">BBQ specialist\u0173 sukurtame \u012ftrintame produkte derinamos \u017eolel\u0117s, \u010desnakai, svog\u016bnai ir subtili prieskoni\u0173 s\u0105veika, kad i\u0161ry\u0161k\u0117t\u0173 nat\u016bralus maisto skonis ir jis \u012fgaut\u0173 sodr\u0173, sodr\u0173 charakter\u012f. Taip pat puikiai tinka \u012fmai\u0161yti \u012f pada\u017eus ir pada\u017eus!<\/p>\n<p data-start=\"399\" data-end=\"657\">\ud83d\udca1\u00a0<strong data-start=\"595\" data-end=\"607\">Profesional\u0173 patarimas: <\/strong>Prie\u0161 kepant gausiai apipilkite m\u0117s\u0105 ar dar\u017eoves. Jei norite, sumai\u0161ykite su grietine ar majonezu, kad pasigamintum\u0117te gard\u0173 pada\u017e\u0105 - puikiai tinka prie tra\u0161ku\u010di\u0173 ar ant groteli\u0173 kept\u0173 patiekal\u0173.<\/p>\n<p data-start=\"399\" data-end=\"657\"><img loading=\"lazy\" decoding=\"async\" class=\"alignnone wp-image-279\" src=\"http:\/\/tammetorubbq.ee\/wp-content\/uploads\/2023\/11\/Angus-Oink.png\" alt=\"\" width=\"138\" height=\"138\" srcset=\"https:\/\/tammetorubbq.ee\/wp-content\/uploads\/2023\/11\/Angus-Oink.png 225w, https:\/\/tammetorubbq.ee\/wp-content\/uploads\/2023\/11\/Angus-Oink-150x150.png 150w, https:\/\/tammetorubbq.ee\/wp-content\/uploads\/2023\/11\/Angus-Oink-12x12.png 12w, https:\/\/tammetorubbq.ee\/wp-content\/uploads\/2023\/11\/Angus-Oink-64x64.png 64w\" sizes=\"auto, (max-width: 138px) 100vw, 138px\" \/><\/p>","protected":false},"featured_media":3400,"comment_status":"open","ping_status":"closed","template":"","meta":{"_uf_show_specific_survey":0,"_uf_disable_surveys":false},"pwb-brand":[105],"product_brand":[],"product_cat":[21],"product_tag":[118,159,121],"class_list":{"0":"post-3399","1":"product","2":"type-product","3":"status-publish","4":"has-post-thumbnail","6":"pwb-brand-angus-oink","7":"product_cat-maitseainesegud","8":"product_tag-kanaliha","9":"product_tag-kanatiivad","10":"product_tag-koogiviljad","12":"first","13":"instock","14":"taxable","15":"shipping-taxable","16":"purchasable","17":"product-type-simple"},"brands":[{"id":105,"name":"Angus &amp; Oink","slug":"angus-oink"}],"_links":{"self":[{"href":"https:\/\/tammetorubbq.ee\/lt\/wp-json\/wp\/v2\/product\/3399","targetHints":{"allow":["GET"]}}],"collection":[{"href":"https:\/\/tammetorubbq.ee\/lt\/wp-json\/wp\/v2\/product"}],"about":[{"href":"https:\/\/tammetorubbq.ee\/lt\/wp-json\/wp\/v2\/types\/product"}],"replies":[{"embeddable":true,"href":"https:\/\/tammetorubbq.ee\/lt\/wp-json\/wp\/v2\/comments?post=3399"}],"wp:featuredmedia":[{"embeddable":true,"href":"https:\/\/tammetorubbq.ee\/lt\/wp-json\/wp\/v2\/media\/3400"}],"wp:attachment":[{"href":"https:\/\/tammetorubbq.ee\/lt\/wp-json\/wp\/v2\/media?parent=3399"}],"wp:term":[{"taxonomy":"pwb-brand","embeddable":true,"href":"https:\/\/tammetorubbq.ee\/lt\/wp-json\/wp\/v2\/pwb-brand?post=3399"},{"taxonomy":"product_brand","embeddable":true,"href":"https:\/\/tammetorubbq.ee\/lt\/wp-json\/wp\/v2\/product_brand?post=3399"},{"taxonomy":"product_cat","embeddable":true,"href":"https:\/\/tammetorubbq.ee\/lt\/wp-json\/wp\/v2\/product_cat?post=3399"},{"taxonomy":"product_tag","embeddable":true,"href":"https:\/\/tammetorubbq.ee\/lt\/wp-json\/wp\/v2\/product_tag?post=3399"}],"curies":[{"name":"wp","href":"https:\/\/api.w.org\/{rel}","templated":true}]}}