{"id":3401,"date":"2025-06-26T15:55:37","date_gmt":"2025-06-26T12:55:37","guid":{"rendered":"https:\/\/tammetorubbq.ee\/?post_type=product&#038;p=3401"},"modified":"2026-04-14T22:00:21","modified_gmt":"2026-04-14T19:00:21","slug":"angus-oink-cure-me-old-italian-style-bacon-cure-300g","status":"publish","type":"product","link":"https:\/\/tammetorubbq.ee\/lt\/produktas\/angus-oink-cure-me-old-italian-style-bacon-cure-300g\/","title":{"rendered":"\"Angus &amp; Oink\" (Cure Me) \"Old Italian Style Bacon Cure\" 300g"},"content":{"rendered":"<p data-start=\"1010\" data-end=\"1169\"><strong data-start=\"1010\" data-end=\"1026\">Sudedamosios dalys: <\/strong>j\u016bros druska, rudasis cukrus, \u010desnakai, juodieji pipirai, lauro lapai, rozmarinai, raudonieji pipirai, \u0161alavijai, \u010diobreliai, natrio nitritas (E250) - konservavimui.<\/p>\n<p data-start=\"1171\" data-end=\"1223\"><strong data-start=\"1171\" data-end=\"1187\">Alergenai:<\/strong> Sud\u0117tyje n\u0117ra \u017einom\u0173 alergen\u0173.<\/p>","protected":false},"excerpt":{"rendered":"<p data-start=\"165\" data-end=\"464\"><strong>Itali\u0161kas laidotuvi\u0173 mi\u0161inys r\u016bkytai m\u0117sai.\u00a0<\/strong><\/p>\n<p data-start=\"165\" data-end=\"464\">Paruo\u0161kite namuose tikr\u0105 <strong data-start=\"186\" data-end=\"212\">Itali\u0161ka \u0161onin\u0117 \/ r\u016bkyta m\u0117sa<\/strong> Angus &amp; Oink'i <strong data-start=\"228\" data-end=\"270\">\"Cure Me\" senojo itali\u0161ko stiliaus \u0161onin\u0117s gydymas<\/strong> iki! \u0160is tradicij\u0173 \u012fkv\u0117ptas prieskoni\u0173 mi\u0161inys buvo su meile sukurtas naudojant senovinius prieskoni\u0173 gaminimo b\u016bdus ir puikiai tinka kiaulienos \u0161oninei, sprandinei ar \u0161onkauliukams d\u017eiovinti ir pagardinti.<\/p>\n<p data-start=\"466\" data-end=\"701\">Mi\u0161inyje yra \u017eoleli\u0173, prieskoni\u0173 ir aromatini\u0173 ingredient\u0173, kurie suteikia m\u0117sai gil\u0173, sodr\u0173 skon\u012f ir puiki\u0105 tekst\u016br\u0105.<\/p>\n<p data-start=\"466\" data-end=\"701\">Rezultatas - autenti\u0161ka amatinink\u0173 \u0161onin\u0117, kuri\u0105 galite naudoti pusry\u010diams, makaronams, salotoms ar tiesiog u\u017ekand\u017eiui.<\/p>\n<p data-start=\"466\" data-end=\"701\">\ud83d\udca1\u00a0<strong data-start=\"595\" data-end=\"607\">Profesional\u0173 patarimas: <\/strong>Nusausint\u0105 ir nuplaut\u0105 \u0161onin\u0119 plonu sluoksniu patepkite <strong data-start=\"1215\" data-end=\"1232\">klev\u0173 sirupas<\/strong> arba <strong data-start=\"1237\" data-end=\"1263\">su medaus ir garsty\u010di\u0173 glajumi<\/strong>, tada r\u016bkykite \u017eemoje 90-100 \u00b0C temperat\u016broje, kol bus pasiekta 65 \u00b0C temperat\u016bra \u0161erdyje. <strong data-start=\"1368\" data-end=\"1424\">puikiai subalansuota sald\u017eiar\u016bg\u0161t\u0117 r\u016bkyta \u0161onin\u0117<\/strong>!<\/p>\n<p data-start=\"466\" data-end=\"701\"><img loading=\"lazy\" decoding=\"async\" class=\"alignnone wp-image-279\" src=\"http:\/\/tammetorubbq.ee\/wp-content\/uploads\/2023\/11\/Angus-Oink.png\" alt=\"\" width=\"118\" height=\"118\" srcset=\"https:\/\/tammetorubbq.ee\/wp-content\/uploads\/2023\/11\/Angus-Oink.png 225w, https:\/\/tammetorubbq.ee\/wp-content\/uploads\/2023\/11\/Angus-Oink-150x150.png 150w, https:\/\/tammetorubbq.ee\/wp-content\/uploads\/2023\/11\/Angus-Oink-12x12.png 12w, https:\/\/tammetorubbq.ee\/wp-content\/uploads\/2023\/11\/Angus-Oink-64x64.png 64w\" sizes=\"auto, (max-width: 118px) 100vw, 118px\" \/><\/p>","protected":false},"featured_media":3402,"comment_status":"open","ping_status":"closed","template":"","meta":{"_uf_show_specific_survey":0,"_uf_disable_surveys":false},"pwb-brand":[105],"product_brand":[],"product_cat":[21],"product_tag":[175,122],"class_list":{"0":"post-3401","1":"product","2":"type-product","3":"status-publish","4":"has-post-thumbnail","6":"pwb-brand-angus-oink","7":"product_cat-maitseainesegud","8":"product_tag-sealih","9":"product_tag-searibi","11":"first","12":"instock","13":"taxable","14":"shipping-taxable","15":"purchasable","16":"product-type-simple"},"brands":[{"id":105,"name":"Angus &amp; Oink","slug":"angus-oink"}],"_links":{"self":[{"href":"https:\/\/tammetorubbq.ee\/lt\/wp-json\/wp\/v2\/product\/3401","targetHints":{"allow":["GET"]}}],"collection":[{"href":"https:\/\/tammetorubbq.ee\/lt\/wp-json\/wp\/v2\/product"}],"about":[{"href":"https:\/\/tammetorubbq.ee\/lt\/wp-json\/wp\/v2\/types\/product"}],"replies":[{"embeddable":true,"href":"https:\/\/tammetorubbq.ee\/lt\/wp-json\/wp\/v2\/comments?post=3401"}],"wp:featuredmedia":[{"embeddable":true,"href":"https:\/\/tammetorubbq.ee\/lt\/wp-json\/wp\/v2\/media\/3402"}],"wp:attachment":[{"href":"https:\/\/tammetorubbq.ee\/lt\/wp-json\/wp\/v2\/media?parent=3401"}],"wp:term":[{"taxonomy":"pwb-brand","embeddable":true,"href":"https:\/\/tammetorubbq.ee\/lt\/wp-json\/wp\/v2\/pwb-brand?post=3401"},{"taxonomy":"product_brand","embeddable":true,"href":"https:\/\/tammetorubbq.ee\/lt\/wp-json\/wp\/v2\/product_brand?post=3401"},{"taxonomy":"product_cat","embeddable":true,"href":"https:\/\/tammetorubbq.ee\/lt\/wp-json\/wp\/v2\/product_cat?post=3401"},{"taxonomy":"product_tag","embeddable":true,"href":"https:\/\/tammetorubbq.ee\/lt\/wp-json\/wp\/v2\/product_tag?post=3401"}],"curies":[{"name":"wp","href":"https:\/\/api.w.org\/{rel}","templated":true}]}}