{"id":3403,"date":"2025-06-26T16:04:22","date_gmt":"2025-06-26T13:04:22","guid":{"rendered":"https:\/\/tammetorubbq.ee\/?post_type=product&#038;p=3403"},"modified":"2026-04-15T03:00:13","modified_gmt":"2026-04-15T00:00:13","slug":"jds-rukytas-astrus-medus-su-voveraiciu-prieskoniais-350g","status":"publish","type":"product","link":"https:\/\/tammetorubbq.ee\/lt\/produktas\/jds-rukytas-astrus-medus-su-voveraiciu-prieskoniais-350g\/","title":{"rendered":"JD`s Smoked HOT Honey Chipotle Infused 350g"},"content":{"rendered":"<p><strong>Sudedamosios dalys<\/strong>: Medus (chipotle aitri\u0173j\u0173 paprik\u0173 tyr\u0117s mi\u0161inys (sud\u0117tyje yra vandens, raudon\u0173j\u0173 jalapeno aitri\u0173j\u0173 paprik\u0173, chipotle aitri\u0173j\u0173 paprik\u0173, druskos, acto r\u016bg\u0161ties), balzamiko actas, d\u016bm\u0173 kvapioji med\u017eiaga, nat\u016bralios kvapiosios med\u017eiagos, prieskoni\u0173 ekstraktai (paprikos, kmyn\u0173).<\/p>\n<p><strong>Maistingumo informacija 100 g<\/strong>:<\/p>\n<p>energijos: 1210 kJ\/288 kcal<\/p>\n<p>riebalai 0,1 g, i\u0161 j\u0173 so\u010di\u0173j\u0173 riebal\u0173 r\u016bg\u0161\u010di\u0173: 0 g<\/p>\n<p>angliavandeniai 77,5 g, i\u0161 j\u0173 cukr\u0173 77 g<\/p>\n<p>baltymai 0,3 g; druska 0 g.<\/p>","protected":false},"excerpt":{"rendered":"<p data-start=\"145\" data-end=\"503\"><strong data-start=\"145\" data-end=\"170\">JD's Smoked HOT Honey<\/strong> yra rank\u0173 darbo <strong data-start=\"196\" data-end=\"227\">ugninis ir d\u016bminis medaus mi\u0161inys<\/strong>, kuriame dera nat\u016bralaus medaus saldumas, r\u016bkyt\u0173 aitri\u0173j\u0173 paprik\u0173 aitrumas ir malonus kar\u0161tis. Rezultatas - \u012ftraukiantis glajus, pada\u017eas ar u\u017epildas, puikiai tinkantis kepiniams ant groteli\u0173, picai, vi\u0161tienai, s\u016briui, dar\u017eov\u0117ms ar net rytiniams blynams!<\/p>\n<p data-start=\"505\" data-end=\"605\">Produktas yra <strong data-start=\"514\" data-end=\"528\">nat\u016bralus<\/strong>, <strong data-start=\"530\" data-end=\"546\">be glitimo<\/strong> ir <strong data-start=\"550\" data-end=\"566\">pilnas skonio<\/strong>kuris kiekvien\u0105 patiekal\u0105 pakyl\u0117ja \u012f auk\u0161tesn\u012f lyg\u012f.<\/p>\n<p data-start=\"505\" data-end=\"605\">\ud83d\udca1\u00a0<strong data-start=\"595\" data-end=\"607\">Profesional\u0173 patarimas: <\/strong>Sumai\u0161ykite 2 dalis JD's HOT Honey su 1 dalimi laimo sul\u010di\u0173 ir \u017eiupsneliu druskos - gausite. <strong data-start=\"1434\" data-end=\"1499\">puikus pada\u017eas keptoms krevet\u0117ms ar a\u0161triai vi\u0161tienai.<\/strong>!<\/p>\n<p data-start=\"505\" data-end=\"605\"><img loading=\"lazy\" decoding=\"async\" class=\"alignnone wp-image-3002\" src=\"http:\/\/tammetorubbq.ee\/wp-content\/uploads\/2025\/04\/JDs-logo.avif\" alt=\"\" width=\"105\" height=\"92\" srcset=\"https:\/\/tammetorubbq.ee\/wp-content\/uploads\/2025\/04\/JDs-logo.avif 120w, https:\/\/tammetorubbq.ee\/wp-content\/uploads\/2025\/04\/JDs-logo-14x12.avif 14w, https:\/\/tammetorubbq.ee\/wp-content\/uploads\/2025\/04\/JDs-logo-64x56.avif 64w\" sizes=\"auto, (max-width: 105px) 100vw, 105px\" \/><\/p>","protected":false},"featured_media":3404,"comment_status":"open","ping_status":"closed","template":"","meta":{"_uf_show_specific_survey":0,"_uf_disable_surveys":false},"pwb-brand":[160],"product_brand":[],"product_cat":[22],"product_tag":[163,118,159,121,120],"class_list":{"0":"post-3403","1":"product","2":"type-product","3":"status-publish","4":"has-post-thumbnail","6":"pwb-brand-jds","7":"product_cat-kastmed-ja-marinaadid","8":"product_tag-kala","9":"product_tag-kanaliha","10":"product_tag-kanatiivad","11":"product_tag-koogiviljad","12":"product_tag-mereannid","14":"first","15":"outofstock","16":"taxable","17":"shipping-taxable","18":"purchasable","19":"product-type-simple"},"brands":[{"id":160,"name":"JD`s","slug":"jds"}],"_links":{"self":[{"href":"https:\/\/tammetorubbq.ee\/lt\/wp-json\/wp\/v2\/product\/3403","targetHints":{"allow":["GET"]}}],"collection":[{"href":"https:\/\/tammetorubbq.ee\/lt\/wp-json\/wp\/v2\/product"}],"about":[{"href":"https:\/\/tammetorubbq.ee\/lt\/wp-json\/wp\/v2\/types\/product"}],"replies":[{"embeddable":true,"href":"https:\/\/tammetorubbq.ee\/lt\/wp-json\/wp\/v2\/comments?post=3403"}],"wp:featuredmedia":[{"embeddable":true,"href":"https:\/\/tammetorubbq.ee\/lt\/wp-json\/wp\/v2\/media\/3404"}],"wp:attachment":[{"href":"https:\/\/tammetorubbq.ee\/lt\/wp-json\/wp\/v2\/media?parent=3403"}],"wp:term":[{"taxonomy":"pwb-brand","embeddable":true,"href":"https:\/\/tammetorubbq.ee\/lt\/wp-json\/wp\/v2\/pwb-brand?post=3403"},{"taxonomy":"product_brand","embeddable":true,"href":"https:\/\/tammetorubbq.ee\/lt\/wp-json\/wp\/v2\/product_brand?post=3403"},{"taxonomy":"product_cat","embeddable":true,"href":"https:\/\/tammetorubbq.ee\/lt\/wp-json\/wp\/v2\/product_cat?post=3403"},{"taxonomy":"product_tag","embeddable":true,"href":"https:\/\/tammetorubbq.ee\/lt\/wp-json\/wp\/v2\/product_tag?post=3403"}],"curies":[{"name":"wp","href":"https:\/\/api.w.org\/{rel}","templated":true}]}}