{"id":3405,"date":"2025-06-26T16:32:24","date_gmt":"2025-06-26T13:32:24","guid":{"rendered":"https:\/\/tammetorubbq.ee\/?post_type=product&#038;p=3405"},"modified":"2026-04-15T03:00:14","modified_gmt":"2026-04-15T00:00:14","slug":"heath-riles-medaus-ir-aitriuju-papriku-itrinti-340g","status":"publish","type":"product","link":"https:\/\/tammetorubbq.ee\/lt\/produktas\/heath-riles-medaus-ir-aitriuju-papriku-itrinti-340g\/","title":{"rendered":"Heath Riles Honey Chipotle Rub 340g"},"content":{"rendered":"<p><strong data-start=\"29\" data-end=\"45\">Sudedamosios dalys: <\/strong>cukrus, druska, dehidratuotas medus, paprika, prieskoniai, dehidratuotas \u010desnakas, nat\u016brali kvapioji med\u017eiaga (chipotle milteliai), rafinuotas soj\u0173 pupeli\u0173 aliejus ir ma\u017eiau kaip 2% silicio dioksido (kad nesulipt\u0173).<\/p>","protected":false},"excerpt":{"rendered":"<p data-start=\"150\" data-end=\"391\">Heathas Rilesas - \u017emogus, laim\u0117j\u0119s daugyb\u0119 titul\u0173 pasaulio \u010dempionato \u017eeberkl\u0173 kategorijoje.<\/p>\n<p data-start=\"150\" data-end=\"391\">\"Heath Riles BBQ Honey Chipotle\" - tai apdovanojimus peln\u0119s \u012ftrinimas, kuriame puikiai dera saldumas, d\u016bmo skonis ir gra\u017ei spalva, tod\u0117l tai yra geriausias a\u0161trus medaus \u012ftrinimas. Medaus skonis ir auksin\u0117 spalva kartu su kokybi\u0161komis maltomis \u010dips\u0173 paprikomis suteikia gard\u0173 prieskon\u012f - \u0161is mi\u0161inys tapo BBQ komand\u0173 ir nam\u0173 kepsni\u0173 meistr\u0173 standartu!<\/p>\n<p data-start=\"393\" data-end=\"594\">Puikiai tinka su kiauliena, vi\u0161tiena, jautiena, \u017euvimi, dar\u017eov\u0117mis ir net popkornais.<\/p>\n<p>\u0160\u012f gamin\u012f tur\u0117t\u0173 rinktis kiekvienas rimtas BBQ entuziastas.<\/p>\n<p>\ud83d\udca1\u00a0<strong data-start=\"595\" data-end=\"607\">Profesional\u0173 patarimas: <\/strong>Sujunkite <strong data-start=\"98\" data-end=\"132\">Heath Riles Honey Chipotle Honey Chipotle Rub<\/strong> Su <strong data-start=\"138\" data-end=\"175\">Heath Riles BBQ Sweet BBQ pada\u017eas <\/strong>- \u012ftrinkite m\u0117s\u0105, o kepimo pabaigoje aptepkite pada\u017eu. Taip sukursite <strong data-start=\"249\" data-end=\"293\">puikiu karamelizuotos glaz\u016bros sluoksniu.<\/strong>, d\u0117l kurio bet kokia BBQ m\u0117sa taps puikiausio skonio ir i\u0161vaizdos!<\/p>\n<p><img loading=\"lazy\" decoding=\"async\" class=\"alignnone  wp-image-5481\" src=\"https:\/\/tammetorubbq.ee\/wp-content\/uploads\/2024\/02\/Heath-Riles-Logo-SQ-300x300.png\" alt=\"\" width=\"166\" height=\"166\" srcset=\"https:\/\/tammetorubbq.ee\/wp-content\/uploads\/2024\/02\/Heath-Riles-Logo-SQ-300x300.png 300w, https:\/\/tammetorubbq.ee\/wp-content\/uploads\/2024\/02\/Heath-Riles-Logo-SQ-150x150.png 150w, https:\/\/tammetorubbq.ee\/wp-content\/uploads\/2024\/02\/Heath-Riles-Logo-SQ-768x768.png 768w, https:\/\/tammetorubbq.ee\/wp-content\/uploads\/2024\/02\/Heath-Riles-Logo-SQ-12x12.png 12w, https:\/\/tammetorubbq.ee\/wp-content\/uploads\/2024\/02\/Heath-Riles-Logo-SQ-600x600.png 600w, https:\/\/tammetorubbq.ee\/wp-content\/uploads\/2024\/02\/Heath-Riles-Logo-SQ-64x64.png 64w, https:\/\/tammetorubbq.ee\/wp-content\/uploads\/2024\/02\/Heath-Riles-Logo-SQ.png 1000w\" sizes=\"auto, (max-width: 166px) 100vw, 166px\" \/><\/p>","protected":false},"featured_media":3410,"comment_status":"open","ping_status":"closed","template":"","meta":{"_uf_show_specific_survey":0,"_uf_disable_surveys":false},"pwb-brand":[84],"product_brand":[],"product_cat":[21],"product_tag":[347,118,159,121,120,114,122],"class_list":{"0":"post-3405","1":"product","2":"type-product","3":"status-publish","4":"has-post-thumbnail","6":"pwb-brand-heath-riles","7":"product_cat-maitseainesegud","8":"product_tag-heath-riles","9":"product_tag-kanaliha","10":"product_tag-kanatiivad","11":"product_tag-koogiviljad","12":"product_tag-mereannid","13":"product_tag-sealiha","14":"product_tag-searibi","16":"first","17":"instock","18":"taxable","19":"shipping-taxable","20":"purchasable","21":"product-type-simple"},"brands":[{"id":84,"name":"Heath Riles","slug":"heath-riles"}],"_links":{"self":[{"href":"https:\/\/tammetorubbq.ee\/lt\/wp-json\/wp\/v2\/product\/3405","targetHints":{"allow":["GET"]}}],"collection":[{"href":"https:\/\/tammetorubbq.ee\/lt\/wp-json\/wp\/v2\/product"}],"about":[{"href":"https:\/\/tammetorubbq.ee\/lt\/wp-json\/wp\/v2\/types\/product"}],"replies":[{"embeddable":true,"href":"https:\/\/tammetorubbq.ee\/lt\/wp-json\/wp\/v2\/comments?post=3405"}],"wp:featuredmedia":[{"embeddable":true,"href":"https:\/\/tammetorubbq.ee\/lt\/wp-json\/wp\/v2\/media\/3410"}],"wp:attachment":[{"href":"https:\/\/tammetorubbq.ee\/lt\/wp-json\/wp\/v2\/media?parent=3405"}],"wp:term":[{"taxonomy":"pwb-brand","embeddable":true,"href":"https:\/\/tammetorubbq.ee\/lt\/wp-json\/wp\/v2\/pwb-brand?post=3405"},{"taxonomy":"product_brand","embeddable":true,"href":"https:\/\/tammetorubbq.ee\/lt\/wp-json\/wp\/v2\/product_brand?post=3405"},{"taxonomy":"product_cat","embeddable":true,"href":"https:\/\/tammetorubbq.ee\/lt\/wp-json\/wp\/v2\/product_cat?post=3405"},{"taxonomy":"product_tag","embeddable":true,"href":"https:\/\/tammetorubbq.ee\/lt\/wp-json\/wp\/v2\/product_tag?post=3405"}],"curies":[{"name":"wp","href":"https:\/\/api.w.org\/{rel}","templated":true}]}}