{"id":3408,"date":"2025-06-26T16:45:03","date_gmt":"2025-06-26T13:45:03","guid":{"rendered":"https:\/\/tammetorubbq.ee\/?post_type=product&#038;p=3408"},"modified":"2026-04-14T22:00:24","modified_gmt":"2026-04-14T19:00:24","slug":"kosmos-q-vysniu-ir-obuoliu-habanero-sonkauliu-glazura-453g","status":"publish","type":"product","link":"https:\/\/tammetorubbq.ee\/lt\/produktas\/kosmos-q-vysniu-ir-obuoliu-habanero-sonkauliu-glazura-453g\/","title":{"rendered":"\"Kosmo's Q Cherry Apple Habanero Rib Glaze\" 453g"},"content":{"rendered":"<p data-start=\"398\" data-end=\"461\"><strong data-start=\"398\" data-end=\"461\">Kod\u0117l jis patinka ir grilio meistrams, ir nam\u0173 \u0161eimininkams:<\/strong><\/p>\n<ul data-start=\"462\" data-end=\"696\">\n<li data-start=\"462\" data-end=\"510\">\n<p data-start=\"464\" data-end=\"510\">Puiki pusiausvyra <strong data-start=\"482\" data-end=\"502\">saldus ir ugningas<\/strong> tarp<\/p>\n<\/li>\n<li data-start=\"511\" data-end=\"558\">\n<p data-start=\"513\" data-end=\"558\">Pagaminta <strong data-start=\"525\" data-end=\"556\">nat\u016bral\u016bs ingredientai<\/strong><\/p>\n<\/li>\n<\/ul>\n<p>&nbsp;<\/p>\n<p><strong data-start=\"45\" data-end=\"61\">Sudedamosios dalys: <\/strong>cukranendri\u0173 cukrus, vanduo, obuoli\u0173 sul\u010di\u0173 koncentratas, vy\u0161ni\u0173 sul\u010di\u0173 koncentratas, perdirbtas krakmolas, distiliuotas actas, habanero pasta (habanero pipirai, distiliuotas actas, druska), citrinos r\u016bg\u0161tis, ksantano derva.<\/p>","protected":false},"excerpt":{"rendered":"<p>Suteikite savo \u0161onkauliukams nepamir\u0161tam\u0105 akcent\u0105 <strong data-start=\"185\" data-end=\"213\">saldus ir a\u0161trus blizgesys<\/strong> Kosmo Q <strong data-start=\"224\" data-end=\"260\">Vy\u0161ni\u0173 obuoli\u0173 Habanero \u0161onkauli\u0173 glaz\u016bra<\/strong>\u00a0su glaz\u016bra.<\/p>\n<p>Tai puiki apdaila, kurioje dera <strong data-start=\"313\" data-end=\"390\">ry\u0161kus vy\u0161ni\u0173 skonis, nat\u016bral\u016bs ingredientai ir habanero pipir\u0173 a\u0161trumas.<\/strong>.<\/p>\n<p>Tinka mai\u0161yti \u012f \u0161onkauliukus, vi\u0161tien\u0105, kiaulienos pusgaminius ar net pada\u017eus.<\/p>\n<p><strong>\ud83d\udca1 Patarimas: <\/strong>\u0160velniai pa\u0161ildykite glaj\u0173 ir tepkite j\u012f <strong data-start=\"986\" data-end=\"1026\">per paskutines 10-15 kepimo minu\u010di\u0173.<\/strong> ant \u0161onkauli\u0173 - tegul karamelizuojasi ant ma\u017eos ugnies ir nesudegs. Rezultatas yra <strong data-start=\"1118\" data-end=\"1167\">profesionaliai atrodan\u010dios sultingos BBQ juostel\u0117s<\/strong>!<\/p>\n<p>&nbsp;<\/p>\n<p><img loading=\"lazy\" decoding=\"async\" class=\"wp-image-1698\" src=\"http:\/\/tammetorubbq.ee\/wp-content\/uploads\/2024\/05\/Kosmos-Q-logo.avif\" alt=\"Kosmo Q\" width=\"140\" height=\"105\" srcset=\"https:\/\/tammetorubbq.ee\/wp-content\/uploads\/2024\/05\/Kosmos-Q-logo.avif 258w, https:\/\/tammetorubbq.ee\/wp-content\/uploads\/2024\/05\/Kosmos-Q-logo-16x12.avif 16w, https:\/\/tammetorubbq.ee\/wp-content\/uploads\/2024\/05\/Kosmos-Q-logo-64x48.avif 64w\" sizes=\"auto, (max-width: 140px) 100vw, 140px\" \/><\/p>","protected":false},"featured_media":3409,"comment_status":"open","ping_status":"closed","template":"","meta":{"_uf_show_specific_survey":0,"_uf_disable_surveys":false},"pwb-brand":[81],"product_brand":[],"product_cat":[22],"product_tag":[118,159,114,122],"class_list":{"0":"post-3408","1":"product","2":"type-product","3":"status-publish","4":"has-post-thumbnail","6":"pwb-brand-kosmos-q","7":"product_cat-kastmed-ja-marinaadid","8":"product_tag-kanaliha","9":"product_tag-kanatiivad","10":"product_tag-sealiha","11":"product_tag-searibi","13":"first","14":"outofstock","15":"taxable","16":"shipping-taxable","17":"purchasable","18":"product-type-simple"},"brands":[{"id":81,"name":"Kosmo's Q","slug":"kosmos-q"}],"_links":{"self":[{"href":"https:\/\/tammetorubbq.ee\/lt\/wp-json\/wp\/v2\/product\/3408","targetHints":{"allow":["GET"]}}],"collection":[{"href":"https:\/\/tammetorubbq.ee\/lt\/wp-json\/wp\/v2\/product"}],"about":[{"href":"https:\/\/tammetorubbq.ee\/lt\/wp-json\/wp\/v2\/types\/product"}],"replies":[{"embeddable":true,"href":"https:\/\/tammetorubbq.ee\/lt\/wp-json\/wp\/v2\/comments?post=3408"}],"wp:featuredmedia":[{"embeddable":true,"href":"https:\/\/tammetorubbq.ee\/lt\/wp-json\/wp\/v2\/media\/3409"}],"wp:attachment":[{"href":"https:\/\/tammetorubbq.ee\/lt\/wp-json\/wp\/v2\/media?parent=3408"}],"wp:term":[{"taxonomy":"pwb-brand","embeddable":true,"href":"https:\/\/tammetorubbq.ee\/lt\/wp-json\/wp\/v2\/pwb-brand?post=3408"},{"taxonomy":"product_brand","embeddable":true,"href":"https:\/\/tammetorubbq.ee\/lt\/wp-json\/wp\/v2\/product_brand?post=3408"},{"taxonomy":"product_cat","embeddable":true,"href":"https:\/\/tammetorubbq.ee\/lt\/wp-json\/wp\/v2\/product_cat?post=3408"},{"taxonomy":"product_tag","embeddable":true,"href":"https:\/\/tammetorubbq.ee\/lt\/wp-json\/wp\/v2\/product_tag?post=3408"}],"curies":[{"name":"wp","href":"https:\/\/api.w.org\/{rel}","templated":true}]}}