{"id":3445,"date":"2025-07-10T14:43:05","date_gmt":"2025-07-10T11:43:05","guid":{"rendered":"https:\/\/tammetorubbq.ee\/?post_type=product&#038;p=3445"},"modified":"2026-04-15T06:00:14","modified_gmt":"2026-04-15T03:00:14","slug":"butcher-bbq-pikantiskas-pekaniniu-riesutu-itrinimas-340g","status":"publish","type":"product","link":"https:\/\/tammetorubbq.ee\/lt\/produktas\/butcher-bbq-pikantiskas-pekaniniu-riesutu-itrinimas-340g\/","title":{"rendered":"Butcher BBQ Pikanti\u0161kas pekano rie\u0161ut\u0173 \u012ftrintas \u012fdaras 340g"},"content":{"rendered":"<p data-start=\"0\" data-end=\"153\"><strong>Sudedamosios dalys:<\/strong> cukrus, druska, \u010desnakai, svog\u016bnai, kalendros, rozmarinai, petra\u017eol\u0117s, \u010diobreliai, juodieji pipirai, raudonieji pipirai, melasa, paprika, pekano rie\u0161ut\u0173 prieskoniai.<\/p>\n<p data-start=\"155\" data-end=\"203\" data-is-last-node=\"\" data-is-only-node=\"\">Be glitimo ir be natrio glutamato (MSG).<\/p>","protected":false},"excerpt":{"rendered":"<p data-start=\"0\" data-end=\"218\"><strong data-start=\"0\" data-end=\"46\">Butcher BBQ Pikanti\u0161kas pekano rie\u0161ut\u0173 konkursinis mi\u0161inys<\/strong> - profesional\u0173 sukurtas var\u017eyb\u0173 kokyb\u0117s prieskoni\u0173 mi\u0161inys, kuriame dera sodrus rie\u0161ut\u0173 skonis ir gausus BBQ prieskoni\u0173 mi\u0161inys, kad kiekvienas patiekalas b\u016bt\u0173 geriausias.<\/p>\n<p data-start=\"220\" data-end=\"535\">\u0160iame unikaliame mi\u0161inyje yra <strong data-start=\"249\" data-end=\"270\">pekano rie\u0161ut\u0173 miltai<\/strong>, \u010desnak\u0173, svog\u016bn\u0173, paprik\u0173 ir kruop\u0161\u010diai subalansuoto \u017eoleli\u0173 bei prieskoni\u0173 mi\u0161inio, kuriame <strong data-start=\"357\" data-end=\"399\">puikus sald\u017ei\u0173 ir pikanti\u0161k\u0173 patiekal\u0173 derinys<\/strong>. \u0160is mi\u0161inys sukuria gil\u0173, d\u016bmin\u012f ir \u0161iek tiek sald\u0173 skon\u012f, tod\u0117l puikiai tinka \u012fvairiai m\u0117sai ir ant groteli\u0173 keptiems patiekalams pagardinti.<\/p>\n<p data-start=\"912\" data-end=\"1217\" data-is-last-node=\"\" data-is-only-node=\"\">Pagaminta JAV, pripa\u017eintoje \"Butcher BBQ\" kepykl\u0117l\u0117je, kurios kokyb\u0119 vertina ir profesionalai, ir nam\u0173 vir\u0117jai.<\/p>\n<p data-start=\"912\" data-end=\"1217\" data-is-last-node=\"\" data-is-only-node=\"\">\ud83d\udca1 <strong data-start=\"843\" data-end=\"855\">Profesional\u0173 patarimas:<\/strong> Naudokite kartu su garsty\u010diomis arba plonu aliejaus sluoksniu, kad kepant mi\u0161inys tapt\u0173 \u0105\u017euolinis ir karamelizuot\u0173si, o plutel\u0117 b\u016bt\u0173 tra\u0161ki ir aromatinga.<\/p>\n<p><img loading=\"lazy\" decoding=\"async\" class=\"wp-image-3451\" src=\"http:\/\/tammetorubbq.ee\/wp-content\/uploads\/2025\/07\/Butcher-BBQ-300x276.webp\" alt=\"M\u0117sininko kepsnin\u0117\" width=\"160\" height=\"147\" srcset=\"https:\/\/tammetorubbq.ee\/wp-content\/uploads\/2025\/07\/Butcher-BBQ-300x276.webp 300w, https:\/\/tammetorubbq.ee\/wp-content\/uploads\/2025\/07\/Butcher-BBQ-1024x943.webp 1024w, https:\/\/tammetorubbq.ee\/wp-content\/uploads\/2025\/07\/Butcher-BBQ-768x707.webp 768w, https:\/\/tammetorubbq.ee\/wp-content\/uploads\/2025\/07\/Butcher-BBQ-13x12.webp 13w, https:\/\/tammetorubbq.ee\/wp-content\/uploads\/2025\/07\/Butcher-BBQ-600x553.webp 600w, https:\/\/tammetorubbq.ee\/wp-content\/uploads\/2025\/07\/Butcher-BBQ-64x59.webp 64w, https:\/\/tammetorubbq.ee\/wp-content\/uploads\/2025\/07\/Butcher-BBQ.webp 1180w\" sizes=\"auto, (max-width: 160px) 100vw, 160px\" \/><\/p>","protected":false},"featured_media":3446,"comment_status":"open","ping_status":"closed","template":"","meta":{"_uf_show_specific_survey":0,"_uf_disable_surveys":false},"pwb-brand":[181],"product_brand":[],"product_cat":[21],"product_tag":[118,121,182,120,114,122,139,119],"class_list":{"0":"post-3445","1":"product","2":"type-product","3":"status-publish","4":"has-post-thumbnail","6":"pwb-brand-butcher-bbq","7":"product_cat-maitseainesegud","8":"product_tag-kanaliha","9":"product_tag-koogiviljad","10":"product_tag-linnuliha","11":"product_tag-mereannid","12":"product_tag-sealiha","13":"product_tag-searibi","14":"product_tag-ulukiliha","15":"product_tag-veiseliha","17":"first","18":"instock","19":"taxable","20":"shipping-taxable","21":"purchasable","22":"product-type-simple"},"brands":[{"id":181,"name":"M\u0117sininko kepsnin\u0117","slug":"butcher-bbq"}],"_links":{"self":[{"href":"https:\/\/tammetorubbq.ee\/lt\/wp-json\/wp\/v2\/product\/3445","targetHints":{"allow":["GET"]}}],"collection":[{"href":"https:\/\/tammetorubbq.ee\/lt\/wp-json\/wp\/v2\/product"}],"about":[{"href":"https:\/\/tammetorubbq.ee\/lt\/wp-json\/wp\/v2\/types\/product"}],"replies":[{"embeddable":true,"href":"https:\/\/tammetorubbq.ee\/lt\/wp-json\/wp\/v2\/comments?post=3445"}],"wp:featuredmedia":[{"embeddable":true,"href":"https:\/\/tammetorubbq.ee\/lt\/wp-json\/wp\/v2\/media\/3446"}],"wp:attachment":[{"href":"https:\/\/tammetorubbq.ee\/lt\/wp-json\/wp\/v2\/media?parent=3445"}],"wp:term":[{"taxonomy":"pwb-brand","embeddable":true,"href":"https:\/\/tammetorubbq.ee\/lt\/wp-json\/wp\/v2\/pwb-brand?post=3445"},{"taxonomy":"product_brand","embeddable":true,"href":"https:\/\/tammetorubbq.ee\/lt\/wp-json\/wp\/v2\/product_brand?post=3445"},{"taxonomy":"product_cat","embeddable":true,"href":"https:\/\/tammetorubbq.ee\/lt\/wp-json\/wp\/v2\/product_cat?post=3445"},{"taxonomy":"product_tag","embeddable":true,"href":"https:\/\/tammetorubbq.ee\/lt\/wp-json\/wp\/v2\/product_tag?post=3445"}],"curies":[{"name":"wp","href":"https:\/\/api.w.org\/{rel}","templated":true}]}}