{"id":3452,"date":"2025-07-10T14:54:54","date_gmt":"2025-07-10T11:54:54","guid":{"rendered":"https:\/\/tammetorubbq.ee\/?post_type=product&#038;p=3452"},"modified":"2026-04-14T15:00:45","modified_gmt":"2026-04-14T12:00:45","slug":"mesininko-bbq-laukiniu-vysniu-trintuve-340g","status":"publish","type":"product","link":"https:\/\/tammetorubbq.ee\/lt\/produktas\/mesininko-bbq-laukiniu-vysniu-trintuve-340g\/","title":{"rendered":"\"Butcher BBQ Wild Cherry Rub\" 340g"},"content":{"rendered":"<p data-start=\"0\" data-end=\"176\"><strong data-start=\"0\" data-end=\"16\">Sudedamosios dalys:<\/strong> cukrus, druska, \u010desnakai, svog\u016bnai, r\u016bkymo milteliai, kalendros, rozmarinai, petra\u017eol\u0117s, \u010diobreliai, juodieji pipirai, raudonieji pipirai, melasos milteliai, paprikos, nat\u016bral\u016bs vy\u0161ni\u0173 milteliai.<\/p>\n<p data-start=\"178\" data-end=\"234\" data-is-last-node=\"\" data-is-only-node=\"\">Be glitimo ir be natrio glutamato (MSG).<\/p>","protected":false},"excerpt":{"rendered":"<p data-start=\"0\" data-end=\"176\"><strong data-start=\"0\" data-end=\"45\">Butcher BBQ laukini\u0173 vy\u0161ni\u0173 konkursinis mi\u0161inys<\/strong> - var\u017eyb\u0173 kokyb\u0117s prieskoni\u0173 mi\u0161inys, kuriame susilieja sald\u016bs, d\u016bmo ir vaisi\u0173 skoniai, kad b\u016bt\u0173 galima m\u0117gautis tobula kepsni\u0173 kepimo patirtimi.<\/p>\n<p data-start=\"178\" data-end=\"468\">\u0160\u012f unikal\u0173 mi\u0161in\u012f suk\u016br\u0117 m\u0117sininkai ir kepsni\u0173 entuziastai, o jo skonis su\u017eav\u0117s tiek teis\u0117jus, tiek nam\u0173 kepsni\u0173 m\u0117g\u0117jus. Saldus vy\u0161ni\u0173 aromatas persipina su \u010desnak\u0173, svog\u016bn\u0173 ir a\u0161triomis natomis ir sukuria gil\u0173, subalansuot\u0105 ir \u012fsimintin\u0105 skon\u012f.<\/p>\n<p data-start=\"1080\" data-end=\"1249\" data-is-last-node=\"\" data-is-only-node=\"\">Pagaminta JAV, pripa\u017eintoje \"Butcher BBQ\" kepykl\u0117l\u0117je, kurios kokyb\u0119 vertina ir profesionalai, ir nam\u0173 vir\u0117jai.<\/p>\n<p data-start=\"1080\" data-end=\"1249\" data-is-last-node=\"\" data-is-only-node=\"\">\ud83d\udca1 <strong data-start=\"774\" data-end=\"786\">Profesional\u0173 patarimas:<\/strong> Mi\u0161iniu apipilkite m\u0117s\u0105 likus ne ma\u017eiau kaip 30 minu\u010di\u0173 iki kepimo arba palikite marinuotis \u0161aldytuve per nakt\u012f, kad skonis b\u016bt\u0173 maksimaliai gilus.<\/p>\n<p><img loading=\"lazy\" decoding=\"async\" class=\"wp-image-3451\" src=\"http:\/\/tammetorubbq.ee\/wp-content\/uploads\/2025\/07\/Butcher-BBQ-300x276.webp\" alt=\"M\u0117sininko kepsnin\u0117\" width=\"161\" height=\"148\" srcset=\"https:\/\/tammetorubbq.ee\/wp-content\/uploads\/2025\/07\/Butcher-BBQ-300x276.webp 300w, https:\/\/tammetorubbq.ee\/wp-content\/uploads\/2025\/07\/Butcher-BBQ-1024x943.webp 1024w, https:\/\/tammetorubbq.ee\/wp-content\/uploads\/2025\/07\/Butcher-BBQ-768x707.webp 768w, https:\/\/tammetorubbq.ee\/wp-content\/uploads\/2025\/07\/Butcher-BBQ-13x12.webp 13w, https:\/\/tammetorubbq.ee\/wp-content\/uploads\/2025\/07\/Butcher-BBQ-600x553.webp 600w, https:\/\/tammetorubbq.ee\/wp-content\/uploads\/2025\/07\/Butcher-BBQ-64x59.webp 64w, https:\/\/tammetorubbq.ee\/wp-content\/uploads\/2025\/07\/Butcher-BBQ.webp 1180w\" sizes=\"auto, (max-width: 161px) 100vw, 161px\" \/><\/p>","protected":false},"featured_media":3457,"comment_status":"open","ping_status":"closed","template":"","meta":{"_uf_show_specific_survey":0,"_uf_disable_surveys":false},"pwb-brand":[181],"product_brand":[],"product_cat":[21],"product_tag":[118,182,114,122,139,119],"class_list":{"0":"post-3452","1":"product","2":"type-product","3":"status-publish","4":"has-post-thumbnail","6":"pwb-brand-butcher-bbq","7":"product_cat-maitseainesegud","8":"product_tag-kanaliha","9":"product_tag-linnuliha","10":"product_tag-sealiha","11":"product_tag-searibi","12":"product_tag-ulukiliha","13":"product_tag-veiseliha","15":"first","16":"instock","17":"taxable","18":"shipping-taxable","19":"purchasable","20":"product-type-simple"},"brands":[{"id":181,"name":"M\u0117sininko kepsnin\u0117","slug":"butcher-bbq"}],"_links":{"self":[{"href":"https:\/\/tammetorubbq.ee\/lt\/wp-json\/wp\/v2\/product\/3452","targetHints":{"allow":["GET"]}}],"collection":[{"href":"https:\/\/tammetorubbq.ee\/lt\/wp-json\/wp\/v2\/product"}],"about":[{"href":"https:\/\/tammetorubbq.ee\/lt\/wp-json\/wp\/v2\/types\/product"}],"replies":[{"embeddable":true,"href":"https:\/\/tammetorubbq.ee\/lt\/wp-json\/wp\/v2\/comments?post=3452"}],"wp:featuredmedia":[{"embeddable":true,"href":"https:\/\/tammetorubbq.ee\/lt\/wp-json\/wp\/v2\/media\/3457"}],"wp:attachment":[{"href":"https:\/\/tammetorubbq.ee\/lt\/wp-json\/wp\/v2\/media?parent=3452"}],"wp:term":[{"taxonomy":"pwb-brand","embeddable":true,"href":"https:\/\/tammetorubbq.ee\/lt\/wp-json\/wp\/v2\/pwb-brand?post=3452"},{"taxonomy":"product_brand","embeddable":true,"href":"https:\/\/tammetorubbq.ee\/lt\/wp-json\/wp\/v2\/product_brand?post=3452"},{"taxonomy":"product_cat","embeddable":true,"href":"https:\/\/tammetorubbq.ee\/lt\/wp-json\/wp\/v2\/product_cat?post=3452"},{"taxonomy":"product_tag","embeddable":true,"href":"https:\/\/tammetorubbq.ee\/lt\/wp-json\/wp\/v2\/product_tag?post=3452"}],"curies":[{"name":"wp","href":"https:\/\/api.w.org\/{rel}","templated":true}]}}