{"id":3474,"date":"2025-07-14T13:05:43","date_gmt":"2025-07-14T10:05:43","guid":{"rendered":"https:\/\/tammetorubbq.ee\/?post_type=product&#038;p=3474"},"modified":"2026-04-15T02:00:17","modified_gmt":"2026-04-14T23:00:17","slug":"apelsinu-marmelado-bbq-itrinti-850g","status":"publish","type":"product","link":"https:\/\/tammetorubbq.ee\/lt\/produktas\/apelsinu-marmelado-bbq-itrinti-850g\/","title":{"rendered":"Apelsin\u0173 skonio BBQ Rub 850g"},"content":{"rendered":"<p><strong>Sudedamosios dalys<\/strong>: druska (31%), d\u017eiovintas gliukoz\u0117s sirupas, cukrus, prieskoniai (pvz. <b class=\"\">sinep, pardav\u0117jas<\/b>), svog\u016bn\u0173 milteliai, \u010desnak\u0173 milteliai, r\u016bg\u0161tingum\u0105 reguliuojanti med\u017eiaga E330 arba citrin\u0173 r\u016bg\u0161tis, nat\u016bralios kvapiosios med\u017eiagos, citrin\u0173 sul\u010di\u0173 milteliai, \u0161alavijai.<\/p>\n<p>Laikykite kambario temperat\u016broje, sausoje vietoje.<\/p>\n<p>Pagaminta Jungtin\u0117je Karalyst\u0117je.<\/p>","protected":false},"excerpt":{"rendered":"<p>\"Enn Tobrelutsu\" sukurtas prieskoni\u0173 mi\u0161inys, m\u0117sai suteikiantis sultingo apelsin\u0173 ir a\u0161traus BBQ skonio.<\/p>\n<p>Unikalus, \u0161iek tiek a\u0161trus skoni\u0173 mi\u0161inys su apelsin\u0173 u\u017euomina.<\/p>\n<p>Suteikia m\u0117sai auksin\u0119 spalv\u0105 ir greitai \u012fsigeria, i\u0161saugodamas m\u0117sos sultingum\u0105 ir nat\u016bralum\u0105.<\/p>\n<p>Puikiai tinka prie pauk\u0161tienos, kiaulienos, \u0161onkauliuk\u0173, la\u0161i\u0161os, kiau\u0161ini\u0173 patiekal\u0173, bulvi\u0173 ir makaron\u0173.<\/p>\n<p><img loading=\"lazy\" decoding=\"async\" class=\"wp-image-3475\" src=\"http:\/\/tammetorubbq.ee\/wp-content\/uploads\/2025\/07\/BBQ-Entertainment-N-Catering-Enn-Tobreluts-Logo-300x127.png\" alt=\"BBQ pramogos\" width=\"206\" height=\"87\" srcset=\"https:\/\/tammetorubbq.ee\/wp-content\/uploads\/2025\/07\/BBQ-Entertainment-N-Catering-Enn-Tobreluts-Logo-300x127.png 300w, https:\/\/tammetorubbq.ee\/wp-content\/uploads\/2025\/07\/BBQ-Entertainment-N-Catering-Enn-Tobreluts-Logo-18x8.png 18w, https:\/\/tammetorubbq.ee\/wp-content\/uploads\/2025\/07\/BBQ-Entertainment-N-Catering-Enn-Tobreluts-Logo-600x254.png 600w, https:\/\/tammetorubbq.ee\/wp-content\/uploads\/2025\/07\/BBQ-Entertainment-N-Catering-Enn-Tobreluts-Logo-64x27.png 64w, https:\/\/tammetorubbq.ee\/wp-content\/uploads\/2025\/07\/BBQ-Entertainment-N-Catering-Enn-Tobreluts-Logo.png 628w\" sizes=\"auto, (max-width: 206px) 100vw, 206px\" \/><\/p>","protected":false},"featured_media":3476,"comment_status":"open","ping_status":"closed","template":"","meta":{"_uf_show_specific_survey":0,"_uf_disable_surveys":false},"pwb-brand":[183],"product_brand":[],"product_cat":[21],"product_tag":[280,118,182,120,114,122],"class_list":{"0":"post-3474","1":"product","2":"type-product","3":"status-publish","4":"has-post-thumbnail","6":"pwb-brand-bbq-entertainment","7":"product_cat-maitseainesegud","8":"product_tag-enn-tobreluts","9":"product_tag-kanaliha","10":"product_tag-linnuliha","11":"product_tag-mereannid","12":"product_tag-sealiha","13":"product_tag-searibi","15":"first","16":"instock","17":"taxable","18":"shipping-taxable","19":"purchasable","20":"product-type-simple"},"brands":[{"id":183,"name":"Grilis Pramogos","slug":"bbq-entertainment"}],"_links":{"self":[{"href":"https:\/\/tammetorubbq.ee\/lt\/wp-json\/wp\/v2\/product\/3474","targetHints":{"allow":["GET"]}}],"collection":[{"href":"https:\/\/tammetorubbq.ee\/lt\/wp-json\/wp\/v2\/product"}],"about":[{"href":"https:\/\/tammetorubbq.ee\/lt\/wp-json\/wp\/v2\/types\/product"}],"replies":[{"embeddable":true,"href":"https:\/\/tammetorubbq.ee\/lt\/wp-json\/wp\/v2\/comments?post=3474"}],"wp:featuredmedia":[{"embeddable":true,"href":"https:\/\/tammetorubbq.ee\/lt\/wp-json\/wp\/v2\/media\/3476"}],"wp:attachment":[{"href":"https:\/\/tammetorubbq.ee\/lt\/wp-json\/wp\/v2\/media?parent=3474"}],"wp:term":[{"taxonomy":"pwb-brand","embeddable":true,"href":"https:\/\/tammetorubbq.ee\/lt\/wp-json\/wp\/v2\/pwb-brand?post=3474"},{"taxonomy":"product_brand","embeddable":true,"href":"https:\/\/tammetorubbq.ee\/lt\/wp-json\/wp\/v2\/product_brand?post=3474"},{"taxonomy":"product_cat","embeddable":true,"href":"https:\/\/tammetorubbq.ee\/lt\/wp-json\/wp\/v2\/product_cat?post=3474"},{"taxonomy":"product_tag","embeddable":true,"href":"https:\/\/tammetorubbq.ee\/lt\/wp-json\/wp\/v2\/product_tag?post=3474"}],"curies":[{"name":"wp","href":"https:\/\/api.w.org\/{rel}","templated":true}]}}