{"id":3490,"date":"2025-07-16T09:21:22","date_gmt":"2025-07-16T06:21:22","guid":{"rendered":"https:\/\/tammetorubbq.ee\/?post_type=product&#038;p=3490"},"modified":"2026-04-17T00:00:12","modified_gmt":"2026-04-16T21:00:12","slug":"turnpike-black-magic-cajun-prieskoniai-235g","status":"publish","type":"product","link":"https:\/\/tammetorubbq.ee\/lt\/produktas\/turnpike-black-magic-cajun-prieskoniai-235g\/","title":{"rendered":"\"Turnpike Black Magic Cajun\" prieskoniai 235g"},"content":{"rendered":"<p><strong data-start=\"72\" data-end=\"88\">Sudedamosios dalys: <\/strong>\u010desnakai, svog\u016bnai, paprika, svog\u016bn\u0173 milteliai, \u010desnak\u0173 milteliai, paprika, raudon\u0117lis, baltieji pipirai, aitriosios paprikos milteliai, \u010diobreliai, aitriosios paprikos, imbieras, japoni\u0161ki pipirai, bazilikas, juodieji pipirai, kmynai, kalendra, ciber\u017eol\u0117, garsty\u010di\u0173 s\u0117klos, mu\u0161katas, gvazdik\u0117liai, petra\u017eol\u0117s, prieskoniai, kardamonas, muskatas, druska, cukrus, j\u016bros dumbliai, apelsin\u0173 \u017eievel\u0117s, sezamo s\u0117klos (baltos ir juodos), d\u016bm\u0173 kvapioji med\u017eiaga, nat\u016bral\u016bs prieskoniai.<\/p>","protected":false},"excerpt":{"rendered":"<p data-start=\"155\" data-end=\"201\"><strong data-start=\"155\" data-end=\"201\">A\u0161trus autenti\u0161ko Luizianos skonio mi\u0161inys<\/strong><\/p>\n<p data-start=\"203\" data-end=\"478\">Atraskite tikr\u0105j\u0105 Piet\u0173 Amerikos magij\u0105 su \"Turnpike Black Magic Cajun\" prieskoniais!<\/p>\n<p data-start=\"203\" data-end=\"478\">\u0160iame sodraus ir ry\u0161kaus skonio mi\u0161inyje dera d\u016bmin\u0117s paprikos, aitriosios paprikos, kvapiosios \u017eolel\u0117s ir druska, o tai yra tiksliai subalansuota tikro \"Cajun\" prieskonio dalis.<\/p>\n<p data-start=\"203\" data-end=\"478\">\u2714 Autenti\u0161kas Luizianos receptas<br data-start=\"743\" data-end=\"746\" \/>\u2714 Sud\u0117tyje n\u0117ra dirbtini\u0173 skoni\u0173 ir kvapi\u0173j\u0173 med\u017eiag\u0173<br data-start=\"793\" data-end=\"796\" \/>\u2714 Tinka dietoms be glitimo<br data-start=\"830\" data-end=\"833\" \/>\u2714 Puikus a\u0161trumo ir gilumo balansas<\/p>\n<p><img loading=\"lazy\" decoding=\"async\" class=\"wp-image-2719\" src=\"http:\/\/tammetorubbq.ee\/wp-content\/uploads\/2025\/04\/Turnpike-BBQ-logo-300x300.webp\" alt=\"&quot;Turnpike BBQ&quot; logotipas\" width=\"173\" height=\"173\" srcset=\"https:\/\/tammetorubbq.ee\/wp-content\/uploads\/2025\/04\/Turnpike-BBQ-logo-300x300.webp 300w, https:\/\/tammetorubbq.ee\/wp-content\/uploads\/2025\/04\/Turnpike-BBQ-logo-150x150.webp 150w, https:\/\/tammetorubbq.ee\/wp-content\/uploads\/2025\/04\/Turnpike-BBQ-logo-12x12.webp 12w, https:\/\/tammetorubbq.ee\/wp-content\/uploads\/2025\/04\/Turnpike-BBQ-logo-600x600.webp 600w, https:\/\/tammetorubbq.ee\/wp-content\/uploads\/2025\/04\/Turnpike-BBQ-logo-64x64.webp 64w, https:\/\/tammetorubbq.ee\/wp-content\/uploads\/2025\/04\/Turnpike-BBQ-logo.webp 720w\" sizes=\"auto, (max-width: 173px) 100vw, 173px\" \/><\/p>","protected":false},"featured_media":3491,"comment_status":"open","ping_status":"closed","template":"","meta":{"_uf_show_specific_survey":0,"_uf_disable_surveys":false},"pwb-brand":[117],"product_brand":[],"product_cat":[21,20],"product_tag":[121,182,120,114],"class_list":{"0":"post-3490","1":"product","2":"type-product","3":"status-publish","4":"has-post-thumbnail","6":"pwb-brand-turnpike-bbq","7":"product_cat-maitseainesegud","8":"product_cat-kampaania","9":"product_tag-koogiviljad","10":"product_tag-linnuliha","11":"product_tag-mereannid","12":"product_tag-sealiha","14":"first","15":"instock","16":"sale","17":"taxable","18":"shipping-taxable","19":"purchasable","20":"product-type-simple"},"brands":[{"id":117,"name":"\"Turnpike BBQ","slug":"turnpike-bbq"}],"_links":{"self":[{"href":"https:\/\/tammetorubbq.ee\/lt\/wp-json\/wp\/v2\/product\/3490","targetHints":{"allow":["GET"]}}],"collection":[{"href":"https:\/\/tammetorubbq.ee\/lt\/wp-json\/wp\/v2\/product"}],"about":[{"href":"https:\/\/tammetorubbq.ee\/lt\/wp-json\/wp\/v2\/types\/product"}],"replies":[{"embeddable":true,"href":"https:\/\/tammetorubbq.ee\/lt\/wp-json\/wp\/v2\/comments?post=3490"}],"wp:featuredmedia":[{"embeddable":true,"href":"https:\/\/tammetorubbq.ee\/lt\/wp-json\/wp\/v2\/media\/3491"}],"wp:attachment":[{"href":"https:\/\/tammetorubbq.ee\/lt\/wp-json\/wp\/v2\/media?parent=3490"}],"wp:term":[{"taxonomy":"pwb-brand","embeddable":true,"href":"https:\/\/tammetorubbq.ee\/lt\/wp-json\/wp\/v2\/pwb-brand?post=3490"},{"taxonomy":"product_brand","embeddable":true,"href":"https:\/\/tammetorubbq.ee\/lt\/wp-json\/wp\/v2\/product_brand?post=3490"},{"taxonomy":"product_cat","embeddable":true,"href":"https:\/\/tammetorubbq.ee\/lt\/wp-json\/wp\/v2\/product_cat?post=3490"},{"taxonomy":"product_tag","embeddable":true,"href":"https:\/\/tammetorubbq.ee\/lt\/wp-json\/wp\/v2\/product_tag?post=3490"}],"curies":[{"name":"wp","href":"https:\/\/api.w.org\/{rel}","templated":true}]}}