{"id":3494,"date":"2025-07-16T10:32:59","date_gmt":"2025-07-16T07:32:59","guid":{"rendered":"https:\/\/tammetorubbq.ee\/?post_type=product&#038;p=3494"},"modified":"2026-04-17T02:00:15","modified_gmt":"2026-04-16T23:00:15","slug":"serijinis-grillaz-kiaulienos-tobulinimas-300g","status":"publish","type":"product","link":"https:\/\/tammetorubbq.ee\/lt\/produktas\/serijinis-grillaz-kiaulienos-tobulinimas-300g\/","title":{"rendered":"Serijinis Grillaz kiaulienos tobulinimas 300g"},"content":{"rendered":"<p data-start=\"54\" data-end=\"228\"><strong data-start=\"54\" data-end=\"70\">Sudedamosios dalys: <\/strong>druskos, geltonojo cukraus milteli\u0173, \u017eoleli\u0173 ir prieskoni\u0173 (paprikos, cinamono, balt\u0173j\u0173 pipir\u0173, aitriosios paprikos, aitri\u0173j\u0173 paprik\u0173 milteli\u0173, pipir\u0173), dar\u017eovi\u0173 (\u010desnak\u0173, svog\u016bn\u0173), cukraus.<\/p>\n<p data-start=\"230\" data-end=\"280\"><strong data-start=\"230\" data-end=\"246\">Alergenai:<\/strong> Gali b\u016bti \u017eem\u0117s rie\u0161ut\u0173 liku\u010di\u0173.<\/p>\n<p data-start=\"282\" data-end=\"327\" data-is-last-node=\"\" data-is-only-node=\"\"><strong data-start=\"282\" data-end=\"297\">Ne\u012ftrauktas:<\/strong> mononatrio glutamatas, laktoz\u0117 ir glitimas.<\/p>","protected":false},"excerpt":{"rendered":"<p data-start=\"124\" data-end=\"153\"><strong data-start=\"124\" data-end=\"153\">Puikus kiaulienos skonis!<\/strong><\/p>\n<p data-start=\"155\" data-end=\"457\">\"Serial Grillaz Pork Perfection\" - tai specialiai kiaulienai sukurtas prieskoni\u0173 mi\u0161inys, i\u0161ry\u0161kinantis geriausias m\u0117sos savybes.<\/p>\n<p data-start=\"155\" data-end=\"457\">Saldus ir r\u016bkytas skonis kruop\u0161\u010diai subalansuotas su lengvu a\u0161trumu ir \u017eoleli\u0173 gilumu, tod\u0117l puikiai tinka \u0161onkauliukams, sprandinei ar bet kokiam kitam kiaulienos gabalui.<\/p>\n<p data-start=\"155\" data-end=\"457\">\u2714 Puiki saldumo, d\u016bmo ir a\u0161trumo pusiausvyra<br data-start=\"548\" data-end=\"551\" \/>\u2714 Tinka kepti ant groteli\u0173, orkait\u0117je ir keptuv\u0117je<br data-start=\"615\" data-end=\"618\" \/>\u2714 Pagaminta su grilio meistr\u0173 patirtimi ir aistringu tikslumu<\/p>\n<p><img loading=\"lazy\" decoding=\"async\" class=\"wp-image-3496\" src=\"http:\/\/tammetorubbq.ee\/wp-content\/uploads\/2025\/07\/Serial-Grillaz-logo.png\" alt=\"Serijiniai \u017eaidimai\" width=\"181\" height=\"149\" srcset=\"https:\/\/tammetorubbq.ee\/wp-content\/uploads\/2025\/07\/Serial-Grillaz-logo.png 299w, https:\/\/tammetorubbq.ee\/wp-content\/uploads\/2025\/07\/Serial-Grillaz-logo-15x12.png 15w, https:\/\/tammetorubbq.ee\/wp-content\/uploads\/2025\/07\/Serial-Grillaz-logo-64x53.png 64w\" sizes=\"auto, (max-width: 181px) 100vw, 181px\" \/><\/p>","protected":false},"featured_media":3495,"comment_status":"open","ping_status":"closed","template":"","meta":{"_uf_show_specific_survey":0,"_uf_disable_surveys":false},"pwb-brand":[184],"product_brand":[],"product_cat":[21,20],"product_tag":[114,122,211],"class_list":{"0":"post-3494","1":"product","2":"type-product","3":"status-publish","4":"has-post-thumbnail","6":"pwb-brand-serial-grillaz","7":"product_cat-maitseainesegud","8":"product_cat-kampaania","9":"product_tag-sealiha","10":"product_tag-searibi","11":"product_tag-serial-grillaz","13":"first","14":"instock","15":"sale","16":"taxable","17":"shipping-taxable","18":"purchasable","19":"product-type-simple"},"brands":[{"id":184,"name":"Serijiniai \u017eaidimai","slug":"serijiniai-grillaz"}],"_links":{"self":[{"href":"https:\/\/tammetorubbq.ee\/lt\/wp-json\/wp\/v2\/product\/3494","targetHints":{"allow":["GET"]}}],"collection":[{"href":"https:\/\/tammetorubbq.ee\/lt\/wp-json\/wp\/v2\/product"}],"about":[{"href":"https:\/\/tammetorubbq.ee\/lt\/wp-json\/wp\/v2\/types\/product"}],"replies":[{"embeddable":true,"href":"https:\/\/tammetorubbq.ee\/lt\/wp-json\/wp\/v2\/comments?post=3494"}],"wp:featuredmedia":[{"embeddable":true,"href":"https:\/\/tammetorubbq.ee\/lt\/wp-json\/wp\/v2\/media\/3495"}],"wp:attachment":[{"href":"https:\/\/tammetorubbq.ee\/lt\/wp-json\/wp\/v2\/media?parent=3494"}],"wp:term":[{"taxonomy":"pwb-brand","embeddable":true,"href":"https:\/\/tammetorubbq.ee\/lt\/wp-json\/wp\/v2\/pwb-brand?post=3494"},{"taxonomy":"product_brand","embeddable":true,"href":"https:\/\/tammetorubbq.ee\/lt\/wp-json\/wp\/v2\/product_brand?post=3494"},{"taxonomy":"product_cat","embeddable":true,"href":"https:\/\/tammetorubbq.ee\/lt\/wp-json\/wp\/v2\/product_cat?post=3494"},{"taxonomy":"product_tag","embeddable":true,"href":"https:\/\/tammetorubbq.ee\/lt\/wp-json\/wp\/v2\/product_tag?post=3494"}],"curies":[{"name":"wp","href":"https:\/\/api.w.org\/{rel}","templated":true}]}}