{"id":3497,"date":"2025-07-16T10:46:19","date_gmt":"2025-07-16T07:46:19","guid":{"rendered":"https:\/\/tammetorubbq.ee\/?post_type=product&#038;p=3497"},"modified":"2026-04-17T03:00:36","modified_gmt":"2026-04-17T00:00:36","slug":"serijinis-grillaz-cajun-cesnaku-itrinti-300g","status":"publish","type":"product","link":"https:\/\/tammetorubbq.ee\/lt\/produktas\/serijinis-grillaz-cajun-cesnaku-itrinti-300g\/","title":{"rendered":"Serijinis Grillaz Cajun \u010desnak\u0173 \u012ftrinti 300g"},"content":{"rendered":"<p data-start=\"94\" data-end=\"248\"><strong data-start=\"94\" data-end=\"110\">Sudedamosios dalys: <\/strong>druska, paprika, \u010desnakas, svog\u016bnas, juodieji pipirai, baltieji pipirai, aitriosios paprikos milteliai, raudon\u0117lis, \u010diobreliai, Kajeno pipirai, cukrus, nat\u016bral\u016bs prieskoniai.<\/p>\n<p data-start=\"250\" data-end=\"334\"><strong data-start=\"250\" data-end=\"266\">Alergenai:<\/strong> Gali b\u016bti sezamo s\u0117kl\u0173, garsty\u010di\u0173 ir salier\u0173 p\u0117dsak\u0173.<\/p>","protected":false},"excerpt":{"rendered":"<p data-start=\"120\" data-end=\"176\"><strong data-start=\"120\" data-end=\"176\">A\u0161traus \u010desnakinio skonio, pietieti\u0161ko stiliaus<\/strong><\/p>\n<p data-start=\"178\" data-end=\"472\">\"Serial Grillaz Cajun Garlic Rub\" - tai gard\u017eiai a\u0161trus ir \u010desnakinis prieskoni\u0173 mi\u0161inys, \u012fkv\u0117ptas autenti\u0161kos Cajun virtuv\u0117s. Jame puikiai dera paprika, \u010desnakai, svog\u016bnai, juodieji ir baltieji pipirai, kajeno pipirai ir \u017eolel\u0117s, tod\u0117l skonis yra gilus ir a\u0161trus.<\/p>\n<p data-start=\"474\" data-end=\"575\">Puikiai tinka m\u0117sai, vi\u0161tienai, \u017euviai ir dar\u017eov\u0117ms pagardinti ant groteli\u0173, keptuv\u0117je ar orkait\u0117je.<\/p>\n<p><img loading=\"lazy\" decoding=\"async\" class=\"wp-image-3496\" src=\"http:\/\/tammetorubbq.ee\/wp-content\/uploads\/2025\/07\/Serial-Grillaz-logo.png\" alt=\"Serijiniai \u017eaidimai\" width=\"167\" height=\"137\" srcset=\"https:\/\/tammetorubbq.ee\/wp-content\/uploads\/2025\/07\/Serial-Grillaz-logo.png 299w, https:\/\/tammetorubbq.ee\/wp-content\/uploads\/2025\/07\/Serial-Grillaz-logo-15x12.png 15w, https:\/\/tammetorubbq.ee\/wp-content\/uploads\/2025\/07\/Serial-Grillaz-logo-64x53.png 64w\" sizes=\"auto, (max-width: 167px) 100vw, 167px\" \/><\/p>","protected":false},"featured_media":3498,"comment_status":"open","ping_status":"closed","template":"","meta":{"_uf_show_specific_survey":0,"_uf_disable_surveys":false},"pwb-brand":[184],"product_brand":[],"product_cat":[21,20],"product_tag":[121,182,120,114,211],"class_list":{"0":"post-3497","1":"product","2":"type-product","3":"status-publish","4":"has-post-thumbnail","6":"pwb-brand-serial-grillaz","7":"product_cat-maitseainesegud","8":"product_cat-kampaania","9":"product_tag-koogiviljad","10":"product_tag-linnuliha","11":"product_tag-mereannid","12":"product_tag-sealiha","13":"product_tag-serial-grillaz","15":"first","16":"instock","17":"sale","18":"taxable","19":"shipping-taxable","20":"purchasable","21":"product-type-simple"},"brands":[{"id":184,"name":"Serijiniai \u017eaidimai","slug":"serijiniai-grillaz"}],"_links":{"self":[{"href":"https:\/\/tammetorubbq.ee\/lt\/wp-json\/wp\/v2\/product\/3497","targetHints":{"allow":["GET"]}}],"collection":[{"href":"https:\/\/tammetorubbq.ee\/lt\/wp-json\/wp\/v2\/product"}],"about":[{"href":"https:\/\/tammetorubbq.ee\/lt\/wp-json\/wp\/v2\/types\/product"}],"replies":[{"embeddable":true,"href":"https:\/\/tammetorubbq.ee\/lt\/wp-json\/wp\/v2\/comments?post=3497"}],"wp:featuredmedia":[{"embeddable":true,"href":"https:\/\/tammetorubbq.ee\/lt\/wp-json\/wp\/v2\/media\/3498"}],"wp:attachment":[{"href":"https:\/\/tammetorubbq.ee\/lt\/wp-json\/wp\/v2\/media?parent=3497"}],"wp:term":[{"taxonomy":"pwb-brand","embeddable":true,"href":"https:\/\/tammetorubbq.ee\/lt\/wp-json\/wp\/v2\/pwb-brand?post=3497"},{"taxonomy":"product_brand","embeddable":true,"href":"https:\/\/tammetorubbq.ee\/lt\/wp-json\/wp\/v2\/product_brand?post=3497"},{"taxonomy":"product_cat","embeddable":true,"href":"https:\/\/tammetorubbq.ee\/lt\/wp-json\/wp\/v2\/product_cat?post=3497"},{"taxonomy":"product_tag","embeddable":true,"href":"https:\/\/tammetorubbq.ee\/lt\/wp-json\/wp\/v2\/product_tag?post=3497"}],"curies":[{"name":"wp","href":"https:\/\/api.w.org\/{rel}","templated":true}]}}