{"id":3499,"date":"2025-07-16T10:50:55","date_gmt":"2025-07-16T07:50:55","guid":{"rendered":"https:\/\/tammetorubbq.ee\/?post_type=product&#038;p=3499"},"modified":"2026-04-20T11:00:22","modified_gmt":"2026-04-20T08:00:22","slug":"serijinis-grillaz-vistienos-dulkes-250g","status":"publish","type":"product","link":"https:\/\/tammetorubbq.ee\/lt\/produktas\/serijinis-grillaz-vistienos-dulkes-250g\/","title":{"rendered":"Serijinis Grillaz vi\u0161tienos dulk\u0117s 250g"},"content":{"rendered":"<p data-start=\"88\" data-end=\"225\"><strong data-start=\"88\" data-end=\"104\">Sudedamosios dalys: <\/strong>druskos, paprikos, \u010desnako, svog\u016bno, juod\u0173j\u0173 pipir\u0173, balt\u0173j\u0173 pipir\u0173, aitriosios paprikos milteli\u0173, \u010diobreli\u0173, raudon\u0117lio, cukraus, nat\u016brali\u0173 prieskoni\u0173.<\/p>\n<p data-start=\"227\" data-end=\"296\"><strong data-start=\"227\" data-end=\"243\">Alergenai:<\/strong> Sud\u0117tyje gali b\u016bti sezamo s\u0117kl\u0173, garsty\u010di\u0173 ir salier\u0173.<\/p>","protected":false},"excerpt":{"rendered":"<p data-start=\"122\" data-end=\"170\"><strong data-start=\"122\" data-end=\"170\">Aromatingi vi\u0161tienos prieskoniai kepsninei ir virtuvei<\/strong><\/p>\n<p data-start=\"172\" data-end=\"444\">\"Serial Grillaz Chicken Dust\" - tai specialiai vi\u0161tienai sukurtas prieskoni\u0173 mi\u0161inys, kuris kiekvien\u0105 vi\u0161tienos patiekal\u0105 padaro sulting\u0105 ir aromating\u0105. Mi\u0161inyje sumai\u0161ytos paprikos, \u010desnakai, svog\u016bnai, pipirai ir \u017eolel\u0117s, kad i\u0161ry\u0161k\u0117t\u0173 nat\u016bralus m\u0117sos skonis ir atsirast\u0173 lengvas a\u0161trumas.<\/p>\n<p data-start=\"446\" data-end=\"567\">Puikiai tinka pagardinti sveikus vi\u0161\u010diukus, vi\u0161\u010diuk\u0173 sparnelius, fil\u0117 ir vi\u0161tienos \u0161launeles - tiek kepant ant groteli\u0173, tiek orkait\u0117je, tiek keptuv\u0117je.<\/p>\n<p><img loading=\"lazy\" decoding=\"async\" class=\"wp-image-3496\" src=\"http:\/\/tammetorubbq.ee\/wp-content\/uploads\/2025\/07\/Serial-Grillaz-logo.png\" alt=\"Serijiniai \u017eaidimai\" width=\"173\" height=\"142\" srcset=\"https:\/\/tammetorubbq.ee\/wp-content\/uploads\/2025\/07\/Serial-Grillaz-logo.png 299w, https:\/\/tammetorubbq.ee\/wp-content\/uploads\/2025\/07\/Serial-Grillaz-logo-15x12.png 15w, https:\/\/tammetorubbq.ee\/wp-content\/uploads\/2025\/07\/Serial-Grillaz-logo-64x53.png 64w\" sizes=\"auto, (max-width: 173px) 100vw, 173px\" \/><\/p>","protected":false},"featured_media":3500,"comment_status":"open","ping_status":"closed","template":"","meta":{"_uf_show_specific_survey":0,"_uf_disable_surveys":false},"pwb-brand":[184],"product_brand":[],"product_cat":[21,20],"product_tag":[118,159,211],"class_list":{"0":"post-3499","1":"product","2":"type-product","3":"status-publish","4":"has-post-thumbnail","6":"pwb-brand-serial-grillaz","7":"product_cat-maitseainesegud","8":"product_cat-kampaania","9":"product_tag-kanaliha","10":"product_tag-kanatiivad","11":"product_tag-serial-grillaz","13":"first","14":"instock","15":"sale","16":"taxable","17":"shipping-taxable","18":"purchasable","19":"product-type-simple"},"brands":[{"id":184,"name":"Serijiniai \u017eaidimai","slug":"serijiniai-grillaz"}],"_links":{"self":[{"href":"https:\/\/tammetorubbq.ee\/lt\/wp-json\/wp\/v2\/product\/3499","targetHints":{"allow":["GET"]}}],"collection":[{"href":"https:\/\/tammetorubbq.ee\/lt\/wp-json\/wp\/v2\/product"}],"about":[{"href":"https:\/\/tammetorubbq.ee\/lt\/wp-json\/wp\/v2\/types\/product"}],"replies":[{"embeddable":true,"href":"https:\/\/tammetorubbq.ee\/lt\/wp-json\/wp\/v2\/comments?post=3499"}],"wp:featuredmedia":[{"embeddable":true,"href":"https:\/\/tammetorubbq.ee\/lt\/wp-json\/wp\/v2\/media\/3500"}],"wp:attachment":[{"href":"https:\/\/tammetorubbq.ee\/lt\/wp-json\/wp\/v2\/media?parent=3499"}],"wp:term":[{"taxonomy":"pwb-brand","embeddable":true,"href":"https:\/\/tammetorubbq.ee\/lt\/wp-json\/wp\/v2\/pwb-brand?post=3499"},{"taxonomy":"product_brand","embeddable":true,"href":"https:\/\/tammetorubbq.ee\/lt\/wp-json\/wp\/v2\/product_brand?post=3499"},{"taxonomy":"product_cat","embeddable":true,"href":"https:\/\/tammetorubbq.ee\/lt\/wp-json\/wp\/v2\/product_cat?post=3499"},{"taxonomy":"product_tag","embeddable":true,"href":"https:\/\/tammetorubbq.ee\/lt\/wp-json\/wp\/v2\/product_tag?post=3499"}],"curies":[{"name":"wp","href":"https:\/\/api.w.org\/{rel}","templated":true}]}}