{"id":3527,"date":"2025-07-25T15:18:10","date_gmt":"2025-07-25T12:18:10","guid":{"rendered":"https:\/\/tammetorubbq.ee\/?post_type=product&#038;p=3527"},"modified":"2026-05-17T10:00:03","modified_gmt":"2026-05-17T07:00:03","slug":"virtuves-burtai-prince-charming-steak-rub-200g","status":"publish","type":"product","link":"https:\/\/tammetorubbq.ee\/lt\/toode\/kitchen-spells-prince-charming-steak-rub-200g\/","title":{"rendered":"Virtuv\u0117s burtai \"Prince Charming Steak Rub\" 200g"},"content":{"rendered":"<p><strong data-start=\"588\" data-end=\"604\">Sudedamosios dalys:<\/strong> druskos, juod\u0173j\u0173 pipir\u0173, paprikos, \u010desnak\u0173, svog\u016bn\u0173, \u017eoleli\u0173 ir prieskoni\u0173.<\/p>","protected":false},"excerpt":{"rendered":"<p data-start=\"80\" data-end=\"372\">Virtuv\u0117s burtai <strong data-start=\"95\" data-end=\"114\">\u017davusis princas<\/strong> \"Steak Rub\" - tai skonio kupinas prieskoni\u0173 mi\u0161inys, sukurtas specialiai tiems, kurie vertina i\u0161ties stebuklingus kepsnius.<\/p>\n<p data-start=\"80\" data-end=\"372\">\u0160is kruop\u0161\u010diai atrinkt\u0173 ingredient\u0173 mi\u0161inys suteikia m\u0117sai gil\u0173, sodr\u0173 ir \u0161iek tiek r\u016bkyt\u0105 skon\u012f, kuris su\u017eav\u0117s nuo pirmo k\u0105snio.<\/p>\n<p data-start=\"374\" data-end=\"586\">Puikiai tinka jautienai, kiaulienai ir \u0117rienai pagardinti prie\u0161 kepant ant groteli\u0173 ar skrudinant. D\u0117l trinties tipo mi\u0161inio aromatai \u012fsigeria giliai \u012f m\u0117s\u0105, tod\u0117l kulinarinis rezultatas yra ir stiprus, ir subtilus.<\/p>\n<p data-start=\"374\" data-end=\"586\"><strong>\u012e savo virtuv\u0119 \u012fne\u0161kite \u0161iek tiek magijos - \"Prince Charming Steak Rub\" suteiks karali\u0161kumo kiekvienam patiekalui!<\/strong><\/p>\n<p><img loading=\"lazy\" decoding=\"async\" class=\"wp-image-3517\" src=\"http:\/\/tammetorubbq.ee\/wp-content\/uploads\/2025\/07\/Saldva-logo-300x300.avif\" alt=\"Saldva\" width=\"166\" height=\"166\" srcset=\"https:\/\/tammetorubbq.ee\/wp-content\/uploads\/2025\/07\/Saldva-logo-300x300.avif 300w, https:\/\/tammetorubbq.ee\/wp-content\/uploads\/2025\/07\/Saldva-logo-1024x1024.avif 1024w, https:\/\/tammetorubbq.ee\/wp-content\/uploads\/2025\/07\/Saldva-logo-150x150.avif 150w, https:\/\/tammetorubbq.ee\/wp-content\/uploads\/2025\/07\/Saldva-logo-768x768.avif 768w, https:\/\/tammetorubbq.ee\/wp-content\/uploads\/2025\/07\/Saldva-logo-1536x1536.avif 1536w, https:\/\/tammetorubbq.ee\/wp-content\/uploads\/2025\/07\/Saldva-logo-2048x2048.avif 2048w, https:\/\/tammetorubbq.ee\/wp-content\/uploads\/2025\/07\/Saldva-logo-12x12.avif 12w, https:\/\/tammetorubbq.ee\/wp-content\/uploads\/2025\/07\/Saldva-logo-600x600.avif 600w, https:\/\/tammetorubbq.ee\/wp-content\/uploads\/2025\/07\/Saldva-logo-64x64.avif 64w\" sizes=\"auto, (max-width: 166px) 100vw, 166px\" \/><\/p>","protected":false},"featured_media":3528,"comment_status":"open","ping_status":"closed","template":"","meta":{"_uf_show_specific_survey":0,"_uf_disable_surveys":false},"pwb-brand":[185],"product_brand":[],"product_cat":[21,20],"product_tag":[255,112,114,123,119],"class_list":{"0":"post-3527","1":"product","2":"type-product","3":"status-publish","4":"has-post-thumbnail","6":"pwb-brand-saldva","7":"product_cat-maitseainesegud","8":"product_cat-kampaania","9":"product_tag-kitchen-spells","10":"product_tag-lambaliha","11":"product_tag-sealiha","12":"product_tag-steik","13":"product_tag-veiseliha","15":"first","16":"instock","17":"sale","18":"taxable","19":"shipping-taxable","20":"purchasable","21":"product-type-simple"},"brands":[{"id":185,"name":"Saldva","slug":"saldva"}],"_links":{"self":[{"href":"https:\/\/tammetorubbq.ee\/lt\/wp-json\/wp\/v2\/product\/3527","targetHints":{"allow":["GET"]}}],"collection":[{"href":"https:\/\/tammetorubbq.ee\/lt\/wp-json\/wp\/v2\/product"}],"about":[{"href":"https:\/\/tammetorubbq.ee\/lt\/wp-json\/wp\/v2\/types\/product"}],"replies":[{"embeddable":true,"href":"https:\/\/tammetorubbq.ee\/lt\/wp-json\/wp\/v2\/comments?post=3527"}],"wp:featuredmedia":[{"embeddable":true,"href":"https:\/\/tammetorubbq.ee\/lt\/wp-json\/wp\/v2\/media\/3528"}],"wp:attachment":[{"href":"https:\/\/tammetorubbq.ee\/lt\/wp-json\/wp\/v2\/media?parent=3527"}],"wp:term":[{"taxonomy":"pwb-brand","embeddable":true,"href":"https:\/\/tammetorubbq.ee\/lt\/wp-json\/wp\/v2\/pwb-brand?post=3527"},{"taxonomy":"product_brand","embeddable":true,"href":"https:\/\/tammetorubbq.ee\/lt\/wp-json\/wp\/v2\/product_brand?post=3527"},{"taxonomy":"product_cat","embeddable":true,"href":"https:\/\/tammetorubbq.ee\/lt\/wp-json\/wp\/v2\/product_cat?post=3527"},{"taxonomy":"product_tag","embeddable":true,"href":"https:\/\/tammetorubbq.ee\/lt\/wp-json\/wp\/v2\/product_tag?post=3527"}],"curies":[{"name":"wp","href":"https:\/\/api.w.org\/{rel}","templated":true}]}}