{"id":3529,"date":"2025-07-25T15:22:19","date_gmt":"2025-07-25T12:22:19","guid":{"rendered":"https:\/\/tammetorubbq.ee\/?post_type=product&#038;p=3529"},"modified":"2026-04-30T00:00:02","modified_gmt":"2026-04-29T21:00:02","slug":"virtuves-burtai-mad-king-steak-rub-200g","status":"publish","type":"product","link":"https:\/\/tammetorubbq.ee\/lt\/toode\/kitchen-spells-mad-king-steak-rub-200g\/","title":{"rendered":"\"Kitchen Spells Mad King Steak Rub\" 200g"},"content":{"rendered":"<p><strong data-start=\"574\" data-end=\"590\">Sudedamosios dalys:<\/strong> druskos, paprikos, juod\u0173j\u0173 pipir\u0173, \u010desnak\u0173, aitri\u0173j\u0173 paprik\u0173, svog\u016bn\u0173, \u017eoleli\u0173 ir kit\u0173 prieskoni\u0173.<\/p>","protected":false},"excerpt":{"rendered":"<p data-start=\"73\" data-end=\"403\">Virtuv\u0117s burtai <strong data-start=\"73\" data-end=\"100\">Pa\u0161\u0117l\u0119s karalius<\/strong> Kepsni\u0173 \u012ftrinimas - tai prieskoni\u0173 mi\u0161inys, kuriam n\u0117ra rib\u0173 - dr\u0105sus, intensyvus ir aromatingas!<\/p>\n<p data-start=\"73\" data-end=\"403\">\u0160is trintuvas skirtas tikriems m\u0117sos m\u0117g\u0117jams, nebijantiems stipri\u0173 ir charaktering\u0173 skoni\u0173.<\/p>\n<p data-start=\"73\" data-end=\"403\">Mi\u0161inyje derinami klasikiniai prieskoniai su r\u016bkytu ir \u0161iek tiek a\u0161triu atspalviu, kuris suteikia m\u0117sai karali\u0161k\u0105 ir nepamir\u0161tam\u0105 skonio gilum\u0105.<\/p>\n<p data-start=\"405\" data-end=\"572\">Puikiai tinka jautienai, kiaulienai ir \u017ev\u0117rienai pagardinti.<\/p>\n<p data-start=\"405\" data-end=\"572\">Idealiai tinka kepti ant groteli\u0173, skrudinti ar kepti ant ma\u017eos ugnies - leiskite prieskoniams atlikti savo darb\u0105!<\/p>\n<p data-start=\"405\" data-end=\"572\"><strong>Tegul \"Mad King\" valdo j\u016bs\u0173 kepsnin\u0119 - \"Mad King\" suteikia galing\u0105 ir mai\u0161ting\u0105 skon\u012f kiekvienam k\u0105sniui!<\/strong><\/p>","protected":false},"featured_media":3530,"comment_status":"open","ping_status":"closed","template":"","meta":{"_uf_show_specific_survey":0,"_uf_disable_surveys":false},"pwb-brand":[185],"product_brand":[],"product_cat":[21,20],"product_tag":[255,112,114,139,119],"class_list":{"0":"post-3529","1":"product","2":"type-product","3":"status-publish","4":"has-post-thumbnail","6":"pwb-brand-saldva","7":"product_cat-maitseainesegud","8":"product_cat-kampaania","9":"product_tag-kitchen-spells","10":"product_tag-lambaliha","11":"product_tag-sealiha","12":"product_tag-ulukiliha","13":"product_tag-veiseliha","15":"first","16":"outofstock","17":"sale","18":"taxable","19":"shipping-taxable","20":"purchasable","21":"product-type-simple"},"brands":[{"id":185,"name":"Saldva","slug":"saldva"}],"_links":{"self":[{"href":"https:\/\/tammetorubbq.ee\/lt\/wp-json\/wp\/v2\/product\/3529","targetHints":{"allow":["GET"]}}],"collection":[{"href":"https:\/\/tammetorubbq.ee\/lt\/wp-json\/wp\/v2\/product"}],"about":[{"href":"https:\/\/tammetorubbq.ee\/lt\/wp-json\/wp\/v2\/types\/product"}],"replies":[{"embeddable":true,"href":"https:\/\/tammetorubbq.ee\/lt\/wp-json\/wp\/v2\/comments?post=3529"}],"wp:featuredmedia":[{"embeddable":true,"href":"https:\/\/tammetorubbq.ee\/lt\/wp-json\/wp\/v2\/media\/3530"}],"wp:attachment":[{"href":"https:\/\/tammetorubbq.ee\/lt\/wp-json\/wp\/v2\/media?parent=3529"}],"wp:term":[{"taxonomy":"pwb-brand","embeddable":true,"href":"https:\/\/tammetorubbq.ee\/lt\/wp-json\/wp\/v2\/pwb-brand?post=3529"},{"taxonomy":"product_brand","embeddable":true,"href":"https:\/\/tammetorubbq.ee\/lt\/wp-json\/wp\/v2\/product_brand?post=3529"},{"taxonomy":"product_cat","embeddable":true,"href":"https:\/\/tammetorubbq.ee\/lt\/wp-json\/wp\/v2\/product_cat?post=3529"},{"taxonomy":"product_tag","embeddable":true,"href":"https:\/\/tammetorubbq.ee\/lt\/wp-json\/wp\/v2\/product_tag?post=3529"}],"curies":[{"name":"wp","href":"https:\/\/api.w.org\/{rel}","templated":true}]}}