{"id":3531,"date":"2025-07-25T15:29:44","date_gmt":"2025-07-25T12:29:44","guid":{"rendered":"https:\/\/tammetorubbq.ee\/?post_type=product&#038;p=3531"},"modified":"2026-04-04T13:01:02","modified_gmt":"2026-04-04T10:01:02","slug":"virtuves-burtai-oh-sweet-lord-itrinti-210g","status":"publish","type":"product","link":"https:\/\/tammetorubbq.ee\/lt\/produktas\/virtuves-burtai-oh-sweet-lord-itrinti-210g\/","title":{"rendered":"\"Kitchen Spells Oh Sweet Lord\" \u012ftrinti 210g"},"content":{"rendered":"<p><strong data-start=\"586\" data-end=\"602\">Sudedamosios dalys:<\/strong> rudojo cukraus, paprikos, druskos, \u010desnak\u0173, svog\u016bn\u0173, juod\u0173j\u0173 pipir\u0173, aitri\u0173j\u0173 paprik\u0173, \u017eoleli\u0173 ir prieskoni\u0173.<\/p>","protected":false},"excerpt":{"rendered":"<p data-start=\"72\" data-end=\"375\">Virtuv\u0117s burtai<strong data-start=\"72\" data-end=\"104\"> O, mielasis Vie\u0161patie<\/strong> \"Rub\" - tai puikus saldaus, r\u016bkyto ir a\u0161traus skonio mi\u0161inys, puikiai tinkantis tiems, kurie m\u0117gsta gil\u0173, sodr\u0173 skon\u012f su karameliniu atspalviu.<\/p>\n<p data-start=\"72\" data-end=\"375\">\u0160is \u012ftrinimas atskleid\u017eia nat\u016bral\u0173 m\u0117sos saldum\u0105 ir suteikia skonio sluoksn\u012f, puikiai tinkant\u012f kepimui ant grilio.<\/p>\n<p data-start=\"377\" data-end=\"584\">Puikus pasirinkimas kiaulienai, vi\u0161tienai, \u0161onkauliukams ir net dar\u017eov\u0117ms pagardinti.<\/p>\n<p data-start=\"377\" data-end=\"584\">Ypa\u010d tinka l\u0117tai kepti arba kepti ant groteli\u0173, kad cukrus karamelizuot\u0173si ir susidaryt\u0173 tra\u0161ki, auksin\u0117 plutel\u0117.<\/p>\n<p data-start=\"377\" data-end=\"584\"><strong>O, Dieve mano - \u0161i trintuv\u0117 privers jus atsidusti po pirmojo gurk\u0161nio! Saldus, d\u016bminis ir nenugalimas.<\/strong><\/p>\n<p><img loading=\"lazy\" decoding=\"async\" class=\"wp-image-3517\" src=\"http:\/\/tammetorubbq.ee\/wp-content\/uploads\/2025\/07\/Saldva-logo-300x300.avif\" alt=\"Saldva\" width=\"166\" height=\"166\" srcset=\"https:\/\/tammetorubbq.ee\/wp-content\/uploads\/2025\/07\/Saldva-logo-300x300.avif 300w, https:\/\/tammetorubbq.ee\/wp-content\/uploads\/2025\/07\/Saldva-logo-1024x1024.avif 1024w, https:\/\/tammetorubbq.ee\/wp-content\/uploads\/2025\/07\/Saldva-logo-150x150.avif 150w, https:\/\/tammetorubbq.ee\/wp-content\/uploads\/2025\/07\/Saldva-logo-768x768.avif 768w, https:\/\/tammetorubbq.ee\/wp-content\/uploads\/2025\/07\/Saldva-logo-1536x1536.avif 1536w, https:\/\/tammetorubbq.ee\/wp-content\/uploads\/2025\/07\/Saldva-logo-2048x2048.avif 2048w, https:\/\/tammetorubbq.ee\/wp-content\/uploads\/2025\/07\/Saldva-logo-12x12.avif 12w, https:\/\/tammetorubbq.ee\/wp-content\/uploads\/2025\/07\/Saldva-logo-600x600.avif 600w, https:\/\/tammetorubbq.ee\/wp-content\/uploads\/2025\/07\/Saldva-logo-64x64.avif 64w\" sizes=\"auto, (max-width: 166px) 100vw, 166px\" \/><\/p>","protected":false},"featured_media":3532,"comment_status":"open","ping_status":"closed","template":"","meta":{"_uf_show_specific_survey":0,"_uf_disable_surveys":false},"pwb-brand":[185],"product_brand":[],"product_cat":[21,20],"product_tag":[118,255,121,114,122],"class_list":{"0":"post-3531","1":"product","2":"type-product","3":"status-publish","4":"has-post-thumbnail","6":"pwb-brand-saldva","7":"product_cat-maitseainesegud","8":"product_cat-kampaania","9":"product_tag-kanaliha","10":"product_tag-kitchen-spells","11":"product_tag-koogiviljad","12":"product_tag-sealiha","13":"product_tag-searibi","15":"first","16":"outofstock","17":"sale","18":"taxable","19":"shipping-taxable","20":"purchasable","21":"product-type-simple"},"brands":[{"id":185,"name":"Saldva","slug":"saldva"}],"_links":{"self":[{"href":"https:\/\/tammetorubbq.ee\/lt\/wp-json\/wp\/v2\/product\/3531","targetHints":{"allow":["GET"]}}],"collection":[{"href":"https:\/\/tammetorubbq.ee\/lt\/wp-json\/wp\/v2\/product"}],"about":[{"href":"https:\/\/tammetorubbq.ee\/lt\/wp-json\/wp\/v2\/types\/product"}],"replies":[{"embeddable":true,"href":"https:\/\/tammetorubbq.ee\/lt\/wp-json\/wp\/v2\/comments?post=3531"}],"wp:featuredmedia":[{"embeddable":true,"href":"https:\/\/tammetorubbq.ee\/lt\/wp-json\/wp\/v2\/media\/3532"}],"wp:attachment":[{"href":"https:\/\/tammetorubbq.ee\/lt\/wp-json\/wp\/v2\/media?parent=3531"}],"wp:term":[{"taxonomy":"pwb-brand","embeddable":true,"href":"https:\/\/tammetorubbq.ee\/lt\/wp-json\/wp\/v2\/pwb-brand?post=3531"},{"taxonomy":"product_brand","embeddable":true,"href":"https:\/\/tammetorubbq.ee\/lt\/wp-json\/wp\/v2\/product_brand?post=3531"},{"taxonomy":"product_cat","embeddable":true,"href":"https:\/\/tammetorubbq.ee\/lt\/wp-json\/wp\/v2\/product_cat?post=3531"},{"taxonomy":"product_tag","embeddable":true,"href":"https:\/\/tammetorubbq.ee\/lt\/wp-json\/wp\/v2\/product_tag?post=3531"}],"curies":[{"name":"wp","href":"https:\/\/api.w.org\/{rel}","templated":true}]}}