{"id":3533,"date":"2025-07-25T15:37:18","date_gmt":"2025-07-25T12:37:18","guid":{"rendered":"https:\/\/tammetorubbq.ee\/?post_type=product&#038;p=3533"},"modified":"2026-05-17T08:00:12","modified_gmt":"2026-05-17T05:00:12","slug":"virtuves-burtai-drama-queen-itrinti-200g","status":"publish","type":"product","link":"https:\/\/tammetorubbq.ee\/lt\/toode\/kitchen-spells-drama-queen-rub-200g\/","title":{"rendered":"Virtuv\u0117s burtai Drama Queen Rub 200g"},"content":{"rendered":"<p><strong data-start=\"602\" data-end=\"618\">Sudedamosios dalys:<\/strong> rudojo cukraus, paprikos, aitriosios paprikos, druskos, \u010desnak\u0173, svog\u016bn\u0173, juod\u0173j\u0173 pipir\u0173, \u017eoleli\u0173 ir prieskoni\u0173.<\/p>","protected":false},"excerpt":{"rendered":"<p data-start=\"70\" data-end=\"402\">Virtuv\u0117s burtai<strong data-start=\"70\" data-end=\"100\"> Dramos karalien\u0117<\/strong> \"Rub\" yra dr\u0105siai a\u0161traus skonio ir charakterio mi\u0161inys, m\u0117gstantis d\u0117mes\u012f - kaip tikra dramos karalien\u0117!<\/p>\n<p data-start=\"70\" data-end=\"402\">\u0160is \u012ftrintas patiekalas pasi\u017eymi d\u016bm\u0173, saldumo ir a\u0161trumo derme, tod\u0117l kiekvienas patiekalas taps \u012fsp\u016bd\u017eiu.<\/p>\n<p data-start=\"70\" data-end=\"402\">I\u0161ry\u0161kina nat\u016bral\u0173 m\u0117sos skon\u012f ir suteikia pikanti\u0161ko, \u0161iek tiek egzoti\u0161ko skonio.<\/p>\n<p data-start=\"404\" data-end=\"600\">Puikiai tinka vi\u0161tienai, kiaulienai, jautienai ir net vegetari\u0161kiems patiekalams pagardinti. Puikus pasirinkimas kepti ant groteli\u0173, orkait\u0117je ar keptuv\u0117je - visur, kur tik norite i\u0161ry\u0161kinti skon\u012f.<\/p>\n<p data-start=\"404\" data-end=\"600\"><strong>\"Drama Queen\" - nes kiekvienas patiekalas turi teis\u0119 su\u017eib\u0117ti scenoje! Intensyvus, dr\u0105sus ir \u012fsimintinas skonis kiekviename k\u0105snyje.<\/strong><\/p>\n<p><img loading=\"lazy\" decoding=\"async\" class=\"wp-image-3517\" src=\"http:\/\/tammetorubbq.ee\/wp-content\/uploads\/2025\/07\/Saldva-logo-300x300.avif\" alt=\"Saldva\" width=\"168\" height=\"168\" srcset=\"https:\/\/tammetorubbq.ee\/wp-content\/uploads\/2025\/07\/Saldva-logo-300x300.avif 300w, https:\/\/tammetorubbq.ee\/wp-content\/uploads\/2025\/07\/Saldva-logo-1024x1024.avif 1024w, https:\/\/tammetorubbq.ee\/wp-content\/uploads\/2025\/07\/Saldva-logo-150x150.avif 150w, https:\/\/tammetorubbq.ee\/wp-content\/uploads\/2025\/07\/Saldva-logo-768x768.avif 768w, https:\/\/tammetorubbq.ee\/wp-content\/uploads\/2025\/07\/Saldva-logo-1536x1536.avif 1536w, https:\/\/tammetorubbq.ee\/wp-content\/uploads\/2025\/07\/Saldva-logo-2048x2048.avif 2048w, https:\/\/tammetorubbq.ee\/wp-content\/uploads\/2025\/07\/Saldva-logo-12x12.avif 12w, https:\/\/tammetorubbq.ee\/wp-content\/uploads\/2025\/07\/Saldva-logo-600x600.avif 600w, https:\/\/tammetorubbq.ee\/wp-content\/uploads\/2025\/07\/Saldva-logo-64x64.avif 64w\" sizes=\"auto, (max-width: 168px) 100vw, 168px\" \/><\/p>","protected":false},"featured_media":3534,"comment_status":"open","ping_status":"closed","template":"","meta":{"_uf_show_specific_survey":0,"_uf_disable_surveys":false},"pwb-brand":[185],"product_brand":[],"product_cat":[21,20],"product_tag":[118,255,121,114,119],"class_list":{"0":"post-3533","1":"product","2":"type-product","3":"status-publish","4":"has-post-thumbnail","6":"pwb-brand-saldva","7":"product_cat-maitseainesegud","8":"product_cat-kampaania","9":"product_tag-kanaliha","10":"product_tag-kitchen-spells","11":"product_tag-koogiviljad","12":"product_tag-sealiha","13":"product_tag-veiseliha","15":"first","16":"instock","17":"sale","18":"taxable","19":"shipping-taxable","20":"purchasable","21":"product-type-simple"},"brands":[{"id":185,"name":"Saldva","slug":"saldva"}],"_links":{"self":[{"href":"https:\/\/tammetorubbq.ee\/lt\/wp-json\/wp\/v2\/product\/3533","targetHints":{"allow":["GET"]}}],"collection":[{"href":"https:\/\/tammetorubbq.ee\/lt\/wp-json\/wp\/v2\/product"}],"about":[{"href":"https:\/\/tammetorubbq.ee\/lt\/wp-json\/wp\/v2\/types\/product"}],"replies":[{"embeddable":true,"href":"https:\/\/tammetorubbq.ee\/lt\/wp-json\/wp\/v2\/comments?post=3533"}],"wp:featuredmedia":[{"embeddable":true,"href":"https:\/\/tammetorubbq.ee\/lt\/wp-json\/wp\/v2\/media\/3534"}],"wp:attachment":[{"href":"https:\/\/tammetorubbq.ee\/lt\/wp-json\/wp\/v2\/media?parent=3533"}],"wp:term":[{"taxonomy":"pwb-brand","embeddable":true,"href":"https:\/\/tammetorubbq.ee\/lt\/wp-json\/wp\/v2\/pwb-brand?post=3533"},{"taxonomy":"product_brand","embeddable":true,"href":"https:\/\/tammetorubbq.ee\/lt\/wp-json\/wp\/v2\/product_brand?post=3533"},{"taxonomy":"product_cat","embeddable":true,"href":"https:\/\/tammetorubbq.ee\/lt\/wp-json\/wp\/v2\/product_cat?post=3533"},{"taxonomy":"product_tag","embeddable":true,"href":"https:\/\/tammetorubbq.ee\/lt\/wp-json\/wp\/v2\/product_tag?post=3533"}],"curies":[{"name":"wp","href":"https:\/\/api.w.org\/{rel}","templated":true}]}}