{"id":3535,"date":"2025-07-25T15:44:33","date_gmt":"2025-07-25T12:44:33","guid":{"rendered":"https:\/\/tammetorubbq.ee\/?post_type=product&#038;p=3535"},"modified":"2026-04-30T01:00:07","modified_gmt":"2026-04-29T22:00:07","slug":"virtuves-burtai-gurmaniskas-imperatoriaus-itrinti-190g","status":"publish","type":"product","link":"https:\/\/tammetorubbq.ee\/lt\/toode\/kitchen-spells-gourmet-emperor-rub-190g\/","title":{"rendered":"Virtuv\u0117s burtai \"Gourmet Emperor Rub\" 190g"},"content":{"rendered":"<p><strong data-start=\"579\" data-end=\"595\">Sudedamosios dalys:<\/strong> druskos, paprikos, \u010desnak\u0173, svog\u016bn\u0173, juod\u0173j\u0173 pipir\u0173, rozmarin\u0173, \u010diobreli\u0173, muskato rie\u0161ut\u0173, prieskoni\u0173 ir \u017eoleli\u0173.<\/p>","protected":false},"excerpt":{"rendered":"<p data-start=\"74\" data-end=\"380\">Virtuv\u0117s burtai<strong data-start=\"74\" data-end=\"108\"> Gurman\u0173 imperatorius<\/strong> rub - tai prabangus ir meistri\u0161kai subalansuotas prieskoni\u0173 mi\u0161inys, sukurtas kaip tikras skonio malonumas.<\/p>\n<p data-start=\"74\" data-end=\"380\">Turtingoje sud\u0117tyje dera puikios \u017eolel\u0117s, prieskoniai ir \u0161iek tiek d\u016bmo atspalvis, tod\u0117l ji pasi\u017eymi giliu ir eleganti\u0161ku skoniu, kuris puikiai tinka gurmani\u0161kiems patiekalams.<\/p>\n<p data-start=\"382\" data-end=\"577\">Puikiai tinka jautienai, avienai, kiaulienai ir pauk\u0161tienai pagardinti.<\/p>\n<p data-start=\"382\" data-end=\"577\">Jis taip pat puikiai tinka dar\u017eov\u0117ms ir keptiems patiekalams pagardinti.<\/p>\n<p data-start=\"382\" data-end=\"577\">\u0160is \u012ftrinimas bet kok\u012f patiekal\u0105 paver\u010dia restorano lygio patiekalu - be joki\u0173 pastang\u0173.<\/p>\n<p data-start=\"382\" data-end=\"577\"><strong>\"Gourmet Emperor\" - karali\u0161kasis mi\u0161inys, kuris valdo skon\u012f. Rafinuotas, galingas ir vertas bet kokio patiekalo.<\/strong><\/p>\n<p><img loading=\"lazy\" decoding=\"async\" class=\"wp-image-3517\" src=\"http:\/\/tammetorubbq.ee\/wp-content\/uploads\/2025\/07\/Saldva-logo-300x300.avif\" alt=\"Saldva\" width=\"166\" height=\"166\" srcset=\"https:\/\/tammetorubbq.ee\/wp-content\/uploads\/2025\/07\/Saldva-logo-300x300.avif 300w, https:\/\/tammetorubbq.ee\/wp-content\/uploads\/2025\/07\/Saldva-logo-1024x1024.avif 1024w, https:\/\/tammetorubbq.ee\/wp-content\/uploads\/2025\/07\/Saldva-logo-150x150.avif 150w, https:\/\/tammetorubbq.ee\/wp-content\/uploads\/2025\/07\/Saldva-logo-768x768.avif 768w, https:\/\/tammetorubbq.ee\/wp-content\/uploads\/2025\/07\/Saldva-logo-1536x1536.avif 1536w, https:\/\/tammetorubbq.ee\/wp-content\/uploads\/2025\/07\/Saldva-logo-2048x2048.avif 2048w, https:\/\/tammetorubbq.ee\/wp-content\/uploads\/2025\/07\/Saldva-logo-12x12.avif 12w, https:\/\/tammetorubbq.ee\/wp-content\/uploads\/2025\/07\/Saldva-logo-600x600.avif 600w, https:\/\/tammetorubbq.ee\/wp-content\/uploads\/2025\/07\/Saldva-logo-64x64.avif 64w\" sizes=\"auto, (max-width: 166px) 100vw, 166px\" \/><\/p>","protected":false},"featured_media":3536,"comment_status":"open","ping_status":"closed","template":"","meta":{"_uf_show_specific_survey":0,"_uf_disable_surveys":false},"pwb-brand":[185],"product_brand":[],"product_cat":[21,20],"product_tag":[255,121,112,182,123,119],"class_list":{"0":"post-3535","1":"product","2":"type-product","3":"status-publish","4":"has-post-thumbnail","6":"pwb-brand-saldva","7":"product_cat-maitseainesegud","8":"product_cat-kampaania","9":"product_tag-kitchen-spells","10":"product_tag-koogiviljad","11":"product_tag-lambaliha","12":"product_tag-linnuliha","13":"product_tag-steik","14":"product_tag-veiseliha","16":"first","17":"instock","18":"sale","19":"taxable","20":"shipping-taxable","21":"purchasable","22":"product-type-simple"},"brands":[{"id":185,"name":"Saldva","slug":"saldva"}],"_links":{"self":[{"href":"https:\/\/tammetorubbq.ee\/lt\/wp-json\/wp\/v2\/product\/3535","targetHints":{"allow":["GET"]}}],"collection":[{"href":"https:\/\/tammetorubbq.ee\/lt\/wp-json\/wp\/v2\/product"}],"about":[{"href":"https:\/\/tammetorubbq.ee\/lt\/wp-json\/wp\/v2\/types\/product"}],"replies":[{"embeddable":true,"href":"https:\/\/tammetorubbq.ee\/lt\/wp-json\/wp\/v2\/comments?post=3535"}],"wp:featuredmedia":[{"embeddable":true,"href":"https:\/\/tammetorubbq.ee\/lt\/wp-json\/wp\/v2\/media\/3536"}],"wp:attachment":[{"href":"https:\/\/tammetorubbq.ee\/lt\/wp-json\/wp\/v2\/media?parent=3535"}],"wp:term":[{"taxonomy":"pwb-brand","embeddable":true,"href":"https:\/\/tammetorubbq.ee\/lt\/wp-json\/wp\/v2\/pwb-brand?post=3535"},{"taxonomy":"product_brand","embeddable":true,"href":"https:\/\/tammetorubbq.ee\/lt\/wp-json\/wp\/v2\/product_brand?post=3535"},{"taxonomy":"product_cat","embeddable":true,"href":"https:\/\/tammetorubbq.ee\/lt\/wp-json\/wp\/v2\/product_cat?post=3535"},{"taxonomy":"product_tag","embeddable":true,"href":"https:\/\/tammetorubbq.ee\/lt\/wp-json\/wp\/v2\/product_tag?post=3535"}],"curies":[{"name":"wp","href":"https:\/\/api.w.org\/{rel}","templated":true}]}}