{"id":3539,"date":"2025-07-25T15:57:01","date_gmt":"2025-07-25T12:57:01","guid":{"rendered":"https:\/\/tammetorubbq.ee\/?post_type=product&#038;p=3539"},"modified":"2026-04-14T15:00:04","modified_gmt":"2026-04-14T12:00:04","slug":"saldva-duminis-kiauliu-itrinimas-220g","status":"publish","type":"product","link":"https:\/\/tammetorubbq.ee\/lt\/produktas\/saldva-duminis-kiauliu-itrinimas-220g\/","title":{"rendered":"Saldva D\u016bminis kiauli\u0173 trintas 220g"},"content":{"rendered":"<p><strong data-start=\"620\" data-end=\"636\">Sudedamosios dalys:<\/strong> rudojo cukraus, druskos, paprikos, r\u016bkytos paprikos arba r\u016bkytos paprikos, \u010desnako, svog\u016bno, juod\u0173j\u0173 pipir\u0173, aitriosios paprikos, \u017eoleli\u0173 ir prieskoni\u0173.<\/p>","protected":false},"excerpt":{"rendered":"<p>Saldva <strong data-start=\"68\" data-end=\"85\">D\u016bminis kiauli\u0173 \u012ftrinti<\/strong> tai dr\u0105sus ir r\u016bkytas skoni\u0173 mi\u0161inys, kuris j\u016bs\u0173 m\u0117sos skon\u012f pakyl\u0117s \u012f visi\u0161kai nauj\u0105 lygmen\u012f.<\/p>\n<p>Intensyvi kepsni\u0173 kepimo patirtis - nuostabaus d\u016bmo skonio mi\u0161inys puikiai tinka tinkamo charakterio kiaulienai ir \u0161onkauliukams.<\/p>\n<ul>\n<li data-start=\"336\" data-end=\"419\">\n<p data-start=\"338\" data-end=\"419\"><strong data-start=\"338\" data-end=\"367\">Sodrus d\u016bminis atspalvis<\/strong>, primenantis tradicin\u012f kepim\u0105 ant \u017earij\u0173.<\/p>\n<\/li>\n<li data-start=\"420\" data-end=\"509\">\n<p data-start=\"422\" data-end=\"509\"><strong data-start=\"422\" data-end=\"441\">Sodrus skonis<\/strong>, harmoningas karamelinio cukraus ir prieskoni\u0173 mi\u0161inys.<\/p>\n<\/li>\n<li data-start=\"510\" data-end=\"618\">\n<p data-start=\"512\" data-end=\"618\"><strong data-start=\"512\" data-end=\"574\">Idealiai tinka kiaulienai, \u0161onkauliukams ir BBQ patiekalams<\/strong>, bet tinka ir vi\u0161tienai ar dar\u017eov\u0117ms<\/p>\n<\/li>\n<\/ul>\n<p><strong>\"Smoky Pig Rub\" suteikia kepimo ant groteli\u0173 patirt\u012f kiekviename k\u0105snyje!<\/strong><\/p>\n<p>&nbsp;<\/p>\n<p><img loading=\"lazy\" decoding=\"async\" class=\"alignnone  wp-image-3517\" src=\"http:\/\/tammetorubbq.ee\/wp-content\/uploads\/2025\/07\/Saldva-logo-300x300.avif\" alt=\"Saldva\" width=\"165\" height=\"165\" srcset=\"https:\/\/tammetorubbq.ee\/wp-content\/uploads\/2025\/07\/Saldva-logo-300x300.avif 300w, https:\/\/tammetorubbq.ee\/wp-content\/uploads\/2025\/07\/Saldva-logo-1024x1024.avif 1024w, https:\/\/tammetorubbq.ee\/wp-content\/uploads\/2025\/07\/Saldva-logo-150x150.avif 150w, https:\/\/tammetorubbq.ee\/wp-content\/uploads\/2025\/07\/Saldva-logo-768x768.avif 768w, https:\/\/tammetorubbq.ee\/wp-content\/uploads\/2025\/07\/Saldva-logo-1536x1536.avif 1536w, https:\/\/tammetorubbq.ee\/wp-content\/uploads\/2025\/07\/Saldva-logo-2048x2048.avif 2048w, https:\/\/tammetorubbq.ee\/wp-content\/uploads\/2025\/07\/Saldva-logo-12x12.avif 12w, https:\/\/tammetorubbq.ee\/wp-content\/uploads\/2025\/07\/Saldva-logo-600x600.avif 600w, https:\/\/tammetorubbq.ee\/wp-content\/uploads\/2025\/07\/Saldva-logo-64x64.avif 64w\" sizes=\"auto, (max-width: 165px) 100vw, 165px\" \/><\/p>","protected":false},"featured_media":3540,"comment_status":"open","ping_status":"closed","template":"","meta":{"_uf_show_specific_survey":0,"_uf_disable_surveys":false},"pwb-brand":[185],"product_brand":[],"product_cat":[21],"product_tag":[114,122],"class_list":{"0":"post-3539","1":"product","2":"type-product","3":"status-publish","4":"has-post-thumbnail","6":"pwb-brand-saldva","7":"product_cat-maitseainesegud","8":"product_tag-sealiha","9":"product_tag-searibi","11":"first","12":"instock","13":"taxable","14":"shipping-taxable","15":"purchasable","16":"product-type-simple"},"brands":[{"id":185,"name":"Saldva","slug":"saldva"}],"_links":{"self":[{"href":"https:\/\/tammetorubbq.ee\/lt\/wp-json\/wp\/v2\/product\/3539","targetHints":{"allow":["GET"]}}],"collection":[{"href":"https:\/\/tammetorubbq.ee\/lt\/wp-json\/wp\/v2\/product"}],"about":[{"href":"https:\/\/tammetorubbq.ee\/lt\/wp-json\/wp\/v2\/types\/product"}],"replies":[{"embeddable":true,"href":"https:\/\/tammetorubbq.ee\/lt\/wp-json\/wp\/v2\/comments?post=3539"}],"wp:featuredmedia":[{"embeddable":true,"href":"https:\/\/tammetorubbq.ee\/lt\/wp-json\/wp\/v2\/media\/3540"}],"wp:attachment":[{"href":"https:\/\/tammetorubbq.ee\/lt\/wp-json\/wp\/v2\/media?parent=3539"}],"wp:term":[{"taxonomy":"pwb-brand","embeddable":true,"href":"https:\/\/tammetorubbq.ee\/lt\/wp-json\/wp\/v2\/pwb-brand?post=3539"},{"taxonomy":"product_brand","embeddable":true,"href":"https:\/\/tammetorubbq.ee\/lt\/wp-json\/wp\/v2\/product_brand?post=3539"},{"taxonomy":"product_cat","embeddable":true,"href":"https:\/\/tammetorubbq.ee\/lt\/wp-json\/wp\/v2\/product_cat?post=3539"},{"taxonomy":"product_tag","embeddable":true,"href":"https:\/\/tammetorubbq.ee\/lt\/wp-json\/wp\/v2\/product_tag?post=3539"}],"curies":[{"name":"wp","href":"https:\/\/api.w.org\/{rel}","templated":true}]}}