{"id":3628,"date":"2025-08-31T13:08:00","date_gmt":"2025-08-31T10:08:00","guid":{"rendered":"https:\/\/tammetorubbq.ee\/?post_type=product&#038;p=3628"},"modified":"2026-04-05T20:00:13","modified_gmt":"2026-04-05T17:00:13","slug":"beefsteak-t-kaulu-kepsnys-3x500g-nld","status":"publish","type":"product","link":"https:\/\/tammetorubbq.ee\/lt\/produktas\/beefsteak-t-kaulu-kepsnys-3x500g-nld\/","title":{"rendered":"M\u0117sos kepsnys T-BONE kepsnys 3x500g GREENHILL (NLD)"},"content":{"rendered":"<p>U\u017e\u0161aldymo metodas: IVP -18 \u00b0C<br \/>\nPakuot\u0117je: Pakuot\u0117je: ~1,5 kg<\/p>\n<p>Prek\u0117s \u017eenklo pavadinimas: Greenhill<br \/>\nKilm\u0117s \u0161alis: Nyderlandai<\/p>\n<p>&nbsp;<\/p>\n<p>Produktas negali b\u016bti siun\u010diamas siunt\u0173 ma\u0161ina arba kurjeriu.<\/p>\n<p>U\u017esakym\u0105 galima atsiimti i\u0161 anksto susitarus: P\u00e4rnu mnt. 232, Talinas.<\/p>\n<p>Ra\u0161ykite mums\u00a0<a href=\"https:\/\/tammetorubbq.ee\/lt\/produktas\/swift-searibi-st-louise-usa\/info%40tammetorubbq.ee\/\">info@tammetorubbq.ee<\/a>\u00a0arba skambinkite\u00a0<a href=\"http:\/\/+372%2056%20888%20638\/\" target=\"_blank\" rel=\"noopener\">+372 56 888 638<\/a><\/p>","protected":false},"excerpt":{"rendered":"<p>\u017dole auginam\u0173 jaun\u0173 galvij\u0173 kepsnys, i\u0161pjautas i\u0161 stuburo slankstelio. Pavadinimas kil\u0119s i\u0161 T formos kaulo, kuris lieka m\u0117sos viduje.<\/p>\n<p>Vienoje kaulo pus\u0117je yra fil\u0117 (labai mink\u0161ta ir \u0161velni m\u0117sa), o kitoje kaulo pus\u0117je - i\u0161orin\u0117 fil\u0117 ir (arba) antrekotas (\u0161iek tiek kietesn\u0117s tekst\u016bros, bet labai skanus).<\/p>\n<p>&nbsp;<\/p>\n<p>Vienos pakuot\u0117s svoris - ~1,5 kg. Pakuot\u0117se yra 3 ~500g lazdel\u0117s.<\/p>\n<p>Produktas parduodamas pagal svor\u012f. Tiksli kaina bus apskai\u010diuota pasv\u0117rus gamin\u012f.<\/p>\n<p>Didesniam kiekiui pra\u0161ykite specialios kainos.<\/p>\n<p><strong>Produkt\u0105 galima u\u017esisakyti i\u0161 anksto.\u00a0<\/strong><\/p>\n<p>Kadangi tai yra sveriamas produktas, n\u0117ra galimyb\u0117s pateikti u\u017esakymo internetin\u0117je parduotuv\u0117je.<\/p>\n<p>Nor\u0117dami u\u017esisakyti, ra\u0161ykite adresu\u00a0<a href=\"https:\/\/tammetorubbq.ee\/lt\/produktas\/jautienos-krutinine-65kg-aus\/info%40tammetorubbq.ee\/\">info@tammetorubbq.ee<\/a>\u00a0arba skambinkite\u00a0<a href=\"http:\/\/+372%2056%20888%20638\/\">+372 56 888 638<\/a><\/p>\n<p><img loading=\"lazy\" decoding=\"async\" class=\"wp-image-1977\" src=\"http:\/\/tammetorubbq.ee\/wp-content\/uploads\/2024\/10\/Greenhill-Premium-High-Quality-Meat-logo-1-300x142.png\" alt=\"&quot;Greenhill Premium&quot; auk\u0161tos kokyb\u0117s m\u0117sos logotipas\" width=\"177\" height=\"84\" srcset=\"https:\/\/tammetorubbq.ee\/wp-content\/uploads\/2024\/10\/Greenhill-Premium-High-Quality-Meat-logo-1-300x142.png 300w, https:\/\/tammetorubbq.ee\/wp-content\/uploads\/2024\/10\/Greenhill-Premium-High-Quality-Meat-logo-1-18x9.png 18w, https:\/\/tammetorubbq.ee\/wp-content\/uploads\/2024\/10\/Greenhill-Premium-High-Quality-Meat-logo-1-64x30.png 64w, https:\/\/tammetorubbq.ee\/wp-content\/uploads\/2024\/10\/Greenhill-Premium-High-Quality-Meat-logo-1.png 600w\" sizes=\"auto, (max-width: 177px) 100vw, 177px\" \/><\/p>\n<p>&nbsp;<\/p>","protected":false},"featured_media":3631,"comment_status":"open","ping_status":"closed","template":"","meta":{"_uf_show_specific_survey":0,"_uf_disable_surveys":false},"pwb-brand":[186],"product_brand":[],"product_cat":[71],"product_tag":[187,119],"class_list":{"0":"post-3628","1":"product","2":"type-product","3":"status-publish","4":"has-post-thumbnail","6":"pwb-brand-greenhill-quality-meat","7":"product_cat-liha","8":"product_tag-greenhill-quality-meat","9":"product_tag-veiseliha","11":"first","12":"outofstock","13":"taxable","14":"shipping-taxable","15":"purchasable","16":"product-type-simple"},"brands":[{"id":186,"name":"Greenhill Quality Meat","slug":"greenhill-quality-meat"}],"_links":{"self":[{"href":"https:\/\/tammetorubbq.ee\/lt\/wp-json\/wp\/v2\/product\/3628","targetHints":{"allow":["GET"]}}],"collection":[{"href":"https:\/\/tammetorubbq.ee\/lt\/wp-json\/wp\/v2\/product"}],"about":[{"href":"https:\/\/tammetorubbq.ee\/lt\/wp-json\/wp\/v2\/types\/product"}],"replies":[{"embeddable":true,"href":"https:\/\/tammetorubbq.ee\/lt\/wp-json\/wp\/v2\/comments?post=3628"}],"wp:featuredmedia":[{"embeddable":true,"href":"https:\/\/tammetorubbq.ee\/lt\/wp-json\/wp\/v2\/media\/3631"}],"wp:attachment":[{"href":"https:\/\/tammetorubbq.ee\/lt\/wp-json\/wp\/v2\/media?parent=3628"}],"wp:term":[{"taxonomy":"pwb-brand","embeddable":true,"href":"https:\/\/tammetorubbq.ee\/lt\/wp-json\/wp\/v2\/pwb-brand?post=3628"},{"taxonomy":"product_brand","embeddable":true,"href":"https:\/\/tammetorubbq.ee\/lt\/wp-json\/wp\/v2\/product_brand?post=3628"},{"taxonomy":"product_cat","embeddable":true,"href":"https:\/\/tammetorubbq.ee\/lt\/wp-json\/wp\/v2\/product_cat?post=3628"},{"taxonomy":"product_tag","embeddable":true,"href":"https:\/\/tammetorubbq.ee\/lt\/wp-json\/wp\/v2\/product_tag?post=3628"}],"curies":[{"name":"wp","href":"https:\/\/api.w.org\/{rel}","templated":true}]}}