{"id":3632,"date":"2025-08-31T13:31:01","date_gmt":"2025-08-31T10:31:01","guid":{"rendered":"https:\/\/tammetorubbq.ee\/?post_type=product&#038;p=3632"},"modified":"2026-04-06T00:00:09","modified_gmt":"2026-04-05T21:00:09","slug":"jautienos-nugarine-25kg-su-zole-uru","status":"publish","type":"product","link":"https:\/\/tammetorubbq.ee\/lt\/produktas\/jautienos-nugarine-25kg-su-zole-uru\/","title":{"rendered":"Lihaveise RIBEYE ~2,0kg SA Grass (URU)"},"content":{"rendered":"<p>U\u017e\u0161aldymo metodas: IVP -18 \u00b0C<br \/>\nPakendis: 1,5-2,0kg<\/p>\n<p>Kilm\u0117s \u0161alis: Urugvajus<\/p>\n<p>&nbsp;<\/p>\n<p>Produktas negali b\u016bti siun\u010diamas siunt\u0173 ma\u0161ina arba kurjeriu.<\/p>\n<p>Tellimus on v\u00f5imalik Tallinnas k\u00e4tte saada eelneval kokkuleppel.<\/p>\n<p>Ra\u0161ykite mums\u00a0<a href=\"https:\/\/tammetorubbq.ee\/lt\/produktas\/swift-searibi-st-louise-usa\/info%40tammetorubbq.ee\/\">info@tammetorubbq.ee<\/a>\u00a0arba skambinkite\u00a0<a href=\"http:\/\/+372%2056%20888%20638\/\" target=\"_blank\" rel=\"noopener\">+372 56 888 638<\/a><\/p>","protected":false},"excerpt":{"rendered":"<p data-start=\"60\" data-end=\"135\"><strong data-start=\"60\" data-end=\"70\">Ribeye<\/strong> pjaunama nuo galvijo nugaros, netoli \u0161onkauli\u0173 srities.<\/p>\n<p data-start=\"137\" data-end=\"436\">Est\u0173 kalba jis vadinamas <strong data-start=\"168\" data-end=\"182\">antrekooti<\/strong>, o pranc\u016bz\u0173 kalba <strong data-start=\"205\" data-end=\"218\">antrekotas<\/strong>. M\u0117sa tiksliau gaunama tarp 6 ir 12 \u0161onkauli\u0173. \u0160ioje vietoje susikaupia daugiau vidini\u0173 raumen\u0173 riebal\u0173, tod\u0117l susidaro gra\u017eus baltas riebal\u0173 tinklas. <strong data-start=\"367\" data-end=\"387\">marmuravimas<\/strong>, tod\u0117l ribeye yra toks i\u0161skirtinis ir unikalus.<\/p>\n<p data-start=\"438\" data-end=\"485\">Rugiai paprastai pjaunami 2-3 cm storio.<\/p>\n<p>\u00dche t\u00fcki kaal on 1,5-2,0kg.<\/p>\n<p>Produktas parduodamas pagal svor\u012f. Tiksli kaina bus apskai\u010diuota pasv\u0117rus gamin\u012f.<\/p>\n<p>Didesniam kiekiui pra\u0161ykite specialios kainos.<\/p>\n<p><strong>Produkt\u0105 galima u\u017esisakyti i\u0161 anksto.\u00a0<\/strong><\/p>\n<p>Kadangi tai yra sveriamas produktas, n\u0117ra galimyb\u0117s pateikti u\u017esakymo internetin\u0117je parduotuv\u0117je.<\/p>\n<p>Nor\u0117dami u\u017esisakyti, ra\u0161ykite adresu\u00a0<a href=\"https:\/\/tammetorubbq.ee\/lt\/produktas\/jautienos-krutinine-65kg-aus\/info%40tammetorubbq.ee\/\">info@tammetorubbq.ee<\/a>\u00a0arba skambinkite\u00a0<a href=\"http:\/\/+372%2056%20888%20638\/\">+372 56 888 638<\/a><\/p>","protected":false},"featured_media":3633,"comment_status":"open","ping_status":"closed","template":"","meta":{"_uf_show_specific_survey":0,"_uf_disable_surveys":false},"pwb-brand":[],"product_brand":[],"product_cat":[71],"product_tag":[189,188,119],"class_list":{"0":"post-3632","1":"product","2":"type-product","3":"status-publish","4":"has-post-thumbnail","6":"product_cat-liha","7":"product_tag-antrekoot","8":"product_tag-ribeye","9":"product_tag-veiseliha","11":"first","12":"outofstock","13":"taxable","14":"shipping-taxable","15":"purchasable","16":"product-type-simple"},"brands":[],"_links":{"self":[{"href":"https:\/\/tammetorubbq.ee\/lt\/wp-json\/wp\/v2\/product\/3632","targetHints":{"allow":["GET"]}}],"collection":[{"href":"https:\/\/tammetorubbq.ee\/lt\/wp-json\/wp\/v2\/product"}],"about":[{"href":"https:\/\/tammetorubbq.ee\/lt\/wp-json\/wp\/v2\/types\/product"}],"replies":[{"embeddable":true,"href":"https:\/\/tammetorubbq.ee\/lt\/wp-json\/wp\/v2\/comments?post=3632"}],"wp:featuredmedia":[{"embeddable":true,"href":"https:\/\/tammetorubbq.ee\/lt\/wp-json\/wp\/v2\/media\/3633"}],"wp:attachment":[{"href":"https:\/\/tammetorubbq.ee\/lt\/wp-json\/wp\/v2\/media?parent=3632"}],"wp:term":[{"taxonomy":"pwb-brand","embeddable":true,"href":"https:\/\/tammetorubbq.ee\/lt\/wp-json\/wp\/v2\/pwb-brand?post=3632"},{"taxonomy":"product_brand","embeddable":true,"href":"https:\/\/tammetorubbq.ee\/lt\/wp-json\/wp\/v2\/product_brand?post=3632"},{"taxonomy":"product_cat","embeddable":true,"href":"https:\/\/tammetorubbq.ee\/lt\/wp-json\/wp\/v2\/product_cat?post=3632"},{"taxonomy":"product_tag","embeddable":true,"href":"https:\/\/tammetorubbq.ee\/lt\/wp-json\/wp\/v2\/product_tag?post=3632"}],"curies":[{"name":"wp","href":"https:\/\/api.w.org\/{rel}","templated":true}]}}