{"id":3673,"date":"2025-09-11T08:40:54","date_gmt":"2025-09-11T05:40:54","guid":{"rendered":"https:\/\/tammetorubbq.ee\/?post_type=product&#038;p=3673"},"modified":"2026-04-14T22:00:40","modified_gmt":"2026-04-14T19:00:40","slug":"angus-oink-cure-me-pastrami-cure-300g","status":"publish","type":"product","link":"https:\/\/tammetorubbq.ee\/lt\/produktas\/angus-oink-cure-me-pastrami-cure-300g\/","title":{"rendered":"\"Angus &amp; Oink\" (Cure Me) Pastrami Cure 300g"},"content":{"rendered":"<p data-start=\"1203\" data-end=\"1220\"><strong data-start=\"1203\" data-end=\"1212\">Svoris:<\/strong> 300 g<\/p>\n<p data-start=\"1223\" data-end=\"1265\"><strong data-start=\"1223\" data-end=\"1234\">Gamintojas:<\/strong> Angus &amp; Oink (Jungtin\u0117 Karalyst\u0117)<\/p>\n<p data-start=\"1223\" data-end=\"1265\"><strong data-start=\"47\" data-end=\"62\">Sudedamosios dalys<\/strong>: j\u016bros druska, cukrus, kalendra, \u010desnakas, imbieras, gvazdik\u0117liai, kvapieji pipirai, ancho aitriosios paprikos, kadagiai, pipirai, E250 natrio nitritas, E251 natrio nitratas, E301 natrio askorbatas.<\/p>","protected":false},"excerpt":{"rendered":"<p><strong data-start=\"146\" data-end=\"205\">Pasigaminkite autenti\u0161k\u0105 Niujorko stiliaus pastrami savo namuose!<\/strong><\/p>\n<p><br data-start=\"205\" data-end=\"208\" \/>Angus &amp; Oink <strong data-start=\"221\" data-end=\"238\">Pastrami Cure<\/strong> tai specialiai sukurtas skoni\u0173 mi\u0161inys, kuris i\u0161ry\u0161kina sodr\u0173 klasikinio delikatesinio pastrami skon\u012f ir aromat\u0105.<\/p>\n<p>Mi\u0161inyje derinami tradiciniai prieskoniai ir \u017eolel\u0117s, tod\u0117l m\u0117s\u0105 lengva paruo\u0161ti, o rezultatas - nepaprastai skanus.<\/p>\n<ul>\n<li data-start=\"503\" data-end=\"560\">\n<p data-start=\"505\" data-end=\"560\"><strong data-start=\"505\" data-end=\"520\">Paruo\u0161tas mi\u0161inys<\/strong> - nereikia patiems mai\u0161yti ingredient\u0173.<\/p>\n<\/li>\n<li data-start=\"561\" data-end=\"622\">\n<p data-start=\"563\" data-end=\"622\"><strong data-start=\"563\" data-end=\"582\">Autenti\u0161kas skonis<\/strong> - tradiciniai prieskoniai ir \u017eolel\u0117s.<\/p>\n<\/li>\n<li data-start=\"623\" data-end=\"697\">\n<p data-start=\"625\" data-end=\"697\"><strong data-start=\"625\" data-end=\"644\">Lengva naudoti<\/strong> - tinka ir pradedantiesiems, ir patyrusiems grilio meistrams.<\/p>\n<\/li>\n<li data-start=\"698\" data-end=\"788\">\n<p data-start=\"700\" data-end=\"788\"><strong data-start=\"700\" data-end=\"723\">Auk\u0161tos kokyb\u0117s sud\u0117tis<\/strong> - \"Angus &amp; Oink\" gars\u0117ja auk\u0161\u010diausios kokyb\u0117s prieskoni\u0173 mi\u0161iniais.<\/p>\n<\/li>\n<\/ul>\n<p data-start=\"795\" data-end=\"815\"><strong>Kaip naudoti:<\/strong><\/p>\n<ol data-start=\"816\" data-end=\"1037\">\n<li data-start=\"816\" data-end=\"853\">\n<p data-start=\"819\" data-end=\"853\">Tolygiai aptepkite m\u0117s\u0105 prieskoni\u0173 mi\u0161iniu.<\/p>\n<\/li>\n<li data-start=\"854\" data-end=\"899\">\n<p data-start=\"857\" data-end=\"899\">Palikite pastov\u0117ti \u0161aldytuve (s\u016bdymo procesas).<\/p>\n<\/li>\n<li data-start=\"900\" data-end=\"943\">\n<p data-start=\"903\" data-end=\"943\">Nuplaukite ir pagardinkite pagal skon\u012f.<\/p>\n<\/li>\n<li data-start=\"944\" data-end=\"1037\">\n<p data-start=\"947\" data-end=\"1037\">R\u016bkykite arba virkite l\u0117tai, kol pasieksite klasikin\u012f pastrami skon\u012f ir tekst\u016br\u0105.<\/p>\n<\/li>\n<\/ol>\n<p>Vieno pakelio u\u017etenka ~6 kg m\u0117sos pagardinti.<\/p>\n<p>&nbsp;<\/p>\n<p><img loading=\"lazy\" decoding=\"async\" class=\"alignnone wp-image-279\" src=\"http:\/\/tammetorubbq.ee\/wp-content\/uploads\/2023\/11\/Angus-Oink.png\" alt=\"\" width=\"134\" height=\"134\" srcset=\"https:\/\/tammetorubbq.ee\/wp-content\/uploads\/2023\/11\/Angus-Oink.png 225w, https:\/\/tammetorubbq.ee\/wp-content\/uploads\/2023\/11\/Angus-Oink-150x150.png 150w, https:\/\/tammetorubbq.ee\/wp-content\/uploads\/2023\/11\/Angus-Oink-12x12.png 12w, https:\/\/tammetorubbq.ee\/wp-content\/uploads\/2023\/11\/Angus-Oink-64x64.png 64w\" sizes=\"auto, (max-width: 134px) 100vw, 134px\" \/><\/p>","protected":false},"featured_media":3674,"comment_status":"open","ping_status":"closed","template":"","meta":{"_uf_show_specific_survey":0,"_uf_disable_surveys":false},"pwb-brand":[105],"product_brand":[],"product_cat":[21],"product_tag":[176,119],"class_list":{"0":"post-3673","1":"product","2":"type-product","3":"status-publish","4":"has-post-thumbnail","6":"pwb-brand-angus-oink","7":"product_cat-maitseainesegud","8":"product_tag-brisket","9":"product_tag-veiseliha","11":"first","12":"instock","13":"taxable","14":"shipping-taxable","15":"purchasable","16":"product-type-simple"},"brands":[{"id":105,"name":"Angus &amp; Oink","slug":"angus-oink"}],"_links":{"self":[{"href":"https:\/\/tammetorubbq.ee\/lt\/wp-json\/wp\/v2\/product\/3673","targetHints":{"allow":["GET"]}}],"collection":[{"href":"https:\/\/tammetorubbq.ee\/lt\/wp-json\/wp\/v2\/product"}],"about":[{"href":"https:\/\/tammetorubbq.ee\/lt\/wp-json\/wp\/v2\/types\/product"}],"replies":[{"embeddable":true,"href":"https:\/\/tammetorubbq.ee\/lt\/wp-json\/wp\/v2\/comments?post=3673"}],"wp:featuredmedia":[{"embeddable":true,"href":"https:\/\/tammetorubbq.ee\/lt\/wp-json\/wp\/v2\/media\/3674"}],"wp:attachment":[{"href":"https:\/\/tammetorubbq.ee\/lt\/wp-json\/wp\/v2\/media?parent=3673"}],"wp:term":[{"taxonomy":"pwb-brand","embeddable":true,"href":"https:\/\/tammetorubbq.ee\/lt\/wp-json\/wp\/v2\/pwb-brand?post=3673"},{"taxonomy":"product_brand","embeddable":true,"href":"https:\/\/tammetorubbq.ee\/lt\/wp-json\/wp\/v2\/product_brand?post=3673"},{"taxonomy":"product_cat","embeddable":true,"href":"https:\/\/tammetorubbq.ee\/lt\/wp-json\/wp\/v2\/product_cat?post=3673"},{"taxonomy":"product_tag","embeddable":true,"href":"https:\/\/tammetorubbq.ee\/lt\/wp-json\/wp\/v2\/product_tag?post=3673"}],"curies":[{"name":"wp","href":"https:\/\/api.w.org\/{rel}","templated":true}]}}