{"id":3677,"date":"2025-09-11T09:19:04","date_gmt":"2025-09-11T06:19:04","guid":{"rendered":"https:\/\/tammetorubbq.ee\/?post_type=product&#038;p=3677"},"modified":"2026-04-15T00:00:07","modified_gmt":"2026-04-14T21:00:07","slug":"angus-oink-cure-me-bacon-cure-honey-mustard-300g","status":"publish","type":"product","link":"https:\/\/tammetorubbq.ee\/lt\/produktas\/angus-oink-cure-me-bacon-cure-honey-mustard-300g\/","title":{"rendered":"\"Angus &amp; Oink\" (Cure Me) Bacon Cure Honey Mustard 300g"},"content":{"rendered":"<p data-start=\"1203\" data-end=\"1220\"><strong data-start=\"1203\" data-end=\"1212\">Svoris:<\/strong>\u00a0300 g<\/p>\n<p data-start=\"1223\" data-end=\"1265\"><strong data-start=\"1223\" data-end=\"1234\">Gamintojas:<\/strong>\u00a0Angus &amp; Oink (Jungtin\u0117 Karalyst\u0117)<\/p>\n<p><strong>Sudedamosios dalys<\/strong>: druska, SINEP, rozmarinas, juodieji pipirai, \u010desnakai, svog\u016bnai, cukrus, raudon\u0117liai, lauro lapai, \u010diobreliai, salier\u0173 druska (PARDAV\u0116JAS), kmynai, medus, ciber\u017eol\u0117, natrio mitritas, natrio askorbatas, natrio nitratas.<\/p>","protected":false},"excerpt":{"rendered":"<p><strong data-start=\"179\" data-end=\"248\">Paruo\u0161kite autenti\u0161k\u0105 r\u016bkyt\u0105 \u0161onin\u0119 namuose su sald\u017eiu ir a\u0161triu prieskoniu!<\/strong><\/p>\n<p><br data-start=\"248\" data-end=\"251\" \/>Angus &amp; Oink <strong data-start=\"264\" data-end=\"292\">Medaus garsty\u010di\u0173 \u0161onin\u0117s gydymas<\/strong> tai specialus pikanti\u0161kas mi\u0161inys, kur\u012f galite naudoti namuose gamindami medumi ir garsty\u010diomis pagardint\u0105 \u0161onin\u0119.<\/p>\n<p>Mi\u0161inyje dera druska, cukrus ir kruop\u0161\u010diai atrinkti prieskoniai, tod\u0117l puikiai dera saldumas ir s\u016brumas.<\/p>\n<ul>\n<li data-start=\"533\" data-end=\"614\">\n<p data-start=\"535\" data-end=\"614\"><strong data-start=\"535\" data-end=\"559\">Medaus ir garsty\u010di\u0173 skonis<\/strong> - klasikinis saldaus ir a\u0161traus derinys.<\/p>\n<\/li>\n<li data-start=\"615\" data-end=\"686\">\n<p data-start=\"617\" data-end=\"686\"><strong data-start=\"617\" data-end=\"636\">Lengva naudoti<\/strong> - tinka ir pradedantiesiems, ir patyrusiems nam\u0173 vir\u0117jams.<\/p>\n<\/li>\n<li data-start=\"687\" data-end=\"763\">\n<p data-start=\"689\" data-end=\"763\"><strong data-start=\"689\" data-end=\"709\">Autenti\u0161kas rezultatas<\/strong> - Namin\u0117 \u0161onin\u0117 yra sultinga ir skani.<\/p>\n<\/li>\n<li data-start=\"764\" data-end=\"865\">\n<p data-start=\"766\" data-end=\"865\"><strong data-start=\"766\" data-end=\"787\">Auk\u0161\u010diausia kokyb\u0117<\/strong> - \"Angus &amp; Oink\" gars\u0117ja auk\u0161tos kokyb\u0117s prieskoni\u0173 mi\u0161iniais.<\/p>\n<\/li>\n<\/ul>\n<p data-start=\"872\" data-end=\"892\"><strong>Kaip naudoti:<\/strong><\/p>\n<ol data-start=\"893\" data-end=\"1089\">\n<li data-start=\"893\" data-end=\"933\">\n<p data-start=\"896\" data-end=\"933\">Tolygiai aptepkite kiaulien\u0105 prieskoni\u0173 mi\u0161iniu.<\/p>\n<\/li>\n<li data-start=\"934\" data-end=\"983\">\n<p data-start=\"937\" data-end=\"983\">Palikite pastov\u0117ti \u0161aldytuve rekomenduojam\u0105 laik\u0105.<\/p>\n<\/li>\n<li data-start=\"984\" data-end=\"1012\">\n<p data-start=\"987\" data-end=\"1012\">M\u0117s\u0105 nuplaukite ir nusausinkite.<\/p>\n<\/li>\n<li data-start=\"1013\" data-end=\"1089\">\n<p data-start=\"1016\" data-end=\"1089\">R\u016bkykite, kepkite ar pjaustykite grie\u017ein\u0117liais - rezultatas - namin\u0117 medaus garsty\u010di\u0173 \u0161onin\u0117!<\/p>\n<\/li>\n<\/ol>\n<p>Vieno pakelio u\u017etenka 6 kg m\u0117sos pagardinti.<\/p>\n<p>&nbsp;<\/p>\n<p><img loading=\"lazy\" decoding=\"async\" class=\"alignnone  wp-image-279\" src=\"http:\/\/tammetorubbq.ee\/wp-content\/uploads\/2023\/11\/Angus-Oink.png\" alt=\"\" width=\"135\" height=\"135\" srcset=\"https:\/\/tammetorubbq.ee\/wp-content\/uploads\/2023\/11\/Angus-Oink.png 225w, https:\/\/tammetorubbq.ee\/wp-content\/uploads\/2023\/11\/Angus-Oink-150x150.png 150w, https:\/\/tammetorubbq.ee\/wp-content\/uploads\/2023\/11\/Angus-Oink-12x12.png 12w, https:\/\/tammetorubbq.ee\/wp-content\/uploads\/2023\/11\/Angus-Oink-64x64.png 64w\" sizes=\"auto, (max-width: 135px) 100vw, 135px\" \/><\/p>","protected":false},"featured_media":3678,"comment_status":"open","ping_status":"closed","template":"","meta":{"_uf_show_specific_survey":0,"_uf_disable_surveys":false},"pwb-brand":[105],"product_brand":[],"product_cat":[21],"product_tag":[190,114],"class_list":{"0":"post-3677","1":"product","2":"type-product","3":"status-publish","4":"has-post-thumbnail","6":"pwb-brand-angus-oink","7":"product_cat-maitseainesegud","8":"product_tag-peekon","9":"product_tag-sealiha","11":"first","12":"instock","13":"taxable","14":"shipping-taxable","15":"purchasable","16":"product-type-simple"},"brands":[{"id":105,"name":"Angus &amp; Oink","slug":"angus-oink"}],"_links":{"self":[{"href":"https:\/\/tammetorubbq.ee\/lt\/wp-json\/wp\/v2\/product\/3677","targetHints":{"allow":["GET"]}}],"collection":[{"href":"https:\/\/tammetorubbq.ee\/lt\/wp-json\/wp\/v2\/product"}],"about":[{"href":"https:\/\/tammetorubbq.ee\/lt\/wp-json\/wp\/v2\/types\/product"}],"replies":[{"embeddable":true,"href":"https:\/\/tammetorubbq.ee\/lt\/wp-json\/wp\/v2\/comments?post=3677"}],"wp:featuredmedia":[{"embeddable":true,"href":"https:\/\/tammetorubbq.ee\/lt\/wp-json\/wp\/v2\/media\/3678"}],"wp:attachment":[{"href":"https:\/\/tammetorubbq.ee\/lt\/wp-json\/wp\/v2\/media?parent=3677"}],"wp:term":[{"taxonomy":"pwb-brand","embeddable":true,"href":"https:\/\/tammetorubbq.ee\/lt\/wp-json\/wp\/v2\/pwb-brand?post=3677"},{"taxonomy":"product_brand","embeddable":true,"href":"https:\/\/tammetorubbq.ee\/lt\/wp-json\/wp\/v2\/product_brand?post=3677"},{"taxonomy":"product_cat","embeddable":true,"href":"https:\/\/tammetorubbq.ee\/lt\/wp-json\/wp\/v2\/product_cat?post=3677"},{"taxonomy":"product_tag","embeddable":true,"href":"https:\/\/tammetorubbq.ee\/lt\/wp-json\/wp\/v2\/product_tag?post=3677"}],"curies":[{"name":"wp","href":"https:\/\/api.w.org\/{rel}","templated":true}]}}