{"id":3683,"date":"2025-09-11T09:52:22","date_gmt":"2025-09-11T06:52:22","guid":{"rendered":"https:\/\/tammetorubbq.ee\/?post_type=product&#038;p=3683"},"modified":"2026-05-06T18:00:20","modified_gmt":"2026-05-06T15:00:20","slug":"inkbird-iht-2pb-bluetooth-skaitmeninis-termometras","status":"publish","type":"product","link":"https:\/\/tammetorubbq.ee\/lt\/toode\/inkbird-iht-2pb-bluetooth-digitaalne-termomeeter\/","title":{"rendered":"\"Inkbird\" IHT-2PB \"Bluetooth\" skaitmeninis termometras"},"content":{"rendered":"<h4 data-start=\"248\" data-end=\"272\">\ud83e\udde0 I\u0161manus ir punktualus<\/h4>\n<ul data-start=\"274\" data-end=\"471\">\n<li data-start=\"274\" data-end=\"334\">\n<p data-start=\"276\" data-end=\"334\"><strong data-start=\"276\" data-end=\"295\">Greitas skaitymas:<\/strong> i\u0161matuoja temperat\u016br\u0105 per 2 sekundes.<\/p>\n<\/li>\n<li data-start=\"335\" data-end=\"379\">\n<p data-start=\"337\" data-end=\"379\"><strong data-start=\"337\" data-end=\"353\">Didelis tikslumas:<\/strong> matavimo paklaida tik \u00b10,5 \u00b0C.<\/p>\n<\/li>\n<li data-start=\"380\" data-end=\"471\">\n<p data-start=\"382\" data-end=\"471\"><strong data-start=\"382\" data-end=\"409\">Platus matavimo diapazonas:<\/strong> tinka matuoti nuo -50 \u00b0C iki 300 \u00b0C temperat\u016br\u0105.<\/p>\n<\/li>\n<\/ul>\n<h4 data-start=\"478\" data-end=\"519\">\ud83d\udcf1 \"Bluetooth\" ry\u0161ys ir i\u0161manioji program\u0117l\u0117<\/h4>\n<ul data-start=\"521\" data-end=\"788\">\n<li data-start=\"521\" data-end=\"596\">\n<p data-start=\"523\" data-end=\"596\"><strong data-start=\"523\" data-end=\"546\">Belaidis ry\u0161ys:<\/strong> jungiasi prie i\u0161maniojo telefono iki 100 metr\u0173 atstumu.<\/p>\n<\/li>\n<li data-start=\"597\" data-end=\"788\">\n<p data-start=\"599\" data-end=\"788\"><strong data-start=\"599\" data-end=\"623\">Pasirinktin\u0117 programa:<\/strong> INKBIRD program\u0117l\u0117je (prieinama \"iOS 11+\" ir \"Android 5.0+\") galima nustatyti temperat\u016bros signalus, laikma\u010dius ir steb\u0117ti gaminimo eig\u0105 realiuoju laiku.<\/p>\n<\/li>\n<\/ul>\n<h4 data-start=\"795\" data-end=\"832\">\ud83d\udd27 Lankstumas ir paprastas naudojimas<\/h4>\n<ul data-start=\"834\" data-end=\"1091\">\n<li data-start=\"834\" data-end=\"933\">\n<p data-start=\"836\" data-end=\"933\"><strong data-start=\"836\" data-end=\"858\">Du i\u0161oriniai zondai:<\/strong> vienu metu matuoja du skirtingus maisto produktus arba skirting\u0105 kepimo temperat\u016br\u0105.<\/p>\n<\/li>\n<li data-start=\"934\" data-end=\"998\">\n<p data-start=\"936\" data-end=\"998\"><strong data-start=\"936\" data-end=\"959\">\u012emontuotas zondas:<\/strong> tinka greitam temperat\u016bros matavimui.<\/p>\n<\/li>\n<li data-start=\"999\" data-end=\"1091\">\n<p data-start=\"1001\" data-end=\"1091\"><strong data-start=\"1001\" data-end=\"1042\">Magnetin\u0117 nugar\u0117l\u0117 ir kabliukas:<\/strong> lengva laikyti ir naudoti virtuv\u0117je arba kepsnin\u0117je.<\/p>\n<\/li>\n<\/ul>\n<h4 data-start=\"1098\" data-end=\"1125\">\ud83d\udd0b Akumuliatorius ir ilgaam\u017ei\u0161kumas<\/h4>\n<ul data-start=\"1127\" data-end=\"1283\">\n<li data-start=\"1127\" data-end=\"1204\">\n<p data-start=\"1129\" data-end=\"1204\"><strong data-start=\"1129\" data-end=\"1144\">\u012ekraunamas akumuliatorius:<\/strong> visi\u0161kai \u012fkrautas trunka apie 1 valand\u0105 ir u\u017etikrina ilg\u0105 akumuliatoriaus veikimo laik\u0105.<\/p>\n<\/li>\n<li data-start=\"1205\" data-end=\"1283\">\n<p data-start=\"1207\" data-end=\"1283\"><strong data-start=\"1207\" data-end=\"1221\">Atsparus vandeniui:<\/strong> IPX5 apsaugos klas\u0117 taip pat leid\u017eia naudoti dr\u0117gnomis s\u0105lygomis.<\/p>\n<\/li>\n<\/ul>\n<p>&nbsp;<\/p>\n<h4 data-start=\"1290\" data-end=\"1315\">\ud83c\udf81 Puiki dovana<\/h4>\n<p data-start=\"1317\" data-end=\"1462\">Puiki dovana maisto m\u0117g\u0117jams, kepsni\u0173 entuziastams ir nam\u0173 \u0161eimininkams, kurie gamindami maist\u0105 vertina tikslum\u0105 ir patogum\u0105.<\/p>","protected":false},"excerpt":{"rendered":"<p><strong>Tikslumas, patogumas ir i\u0161manumas viename - puikus pasirinkimas kepsnini\u0173 kep\u0117jams, nam\u0173 vir\u0117jams ir maisto m\u0117g\u0117jams!<\/strong><\/p>\n<p data-start=\"98\" data-end=\"356\">Labai patogus, kompakti\u0161kas ir nepakei\u010diamas \u012frankis kiekvienoje kepsnin\u0117je - <strong data-start=\"166\" data-end=\"217\">Dviej\u0173 funkcij\u0173 termometras \"Inkbird IHT-2PB<\/strong>.<\/p>\n<p data-start=\"98\" data-end=\"356\">Dabar vienu prietaisu galite matuoti temperat\u016br\u0105 ir greitai nuskaitomu termometru, ir zondu, ir \"Bluetooth\" ry\u0161iu nuotoliniu b\u016bdu kepti ant groteli\u0173.<\/p>\n<ul data-start=\"358\" data-end=\"1010\">\n<li data-start=\"358\" data-end=\"504\">\n<p data-start=\"360\" data-end=\"504\">Termometras turi <strong data-start=\"376\" data-end=\"392\">du jutikliai<\/strong>, kuri\u0105 galima naudoti netiesioginiam kepimui, ilgam ir l\u0117tam kepimui, kar\u0161tam r\u016bkymui ir kt.<\/p>\n<\/li>\n<li data-start=\"505\" data-end=\"656\">\n<p data-start=\"507\" data-end=\"656\"><strong data-start=\"507\" data-end=\"528\">\"Bluetooth\" ry\u0161ys<\/strong> galima prijungti termometr\u0105 prie i\u0161maniojo telefono, o specialioje program\u0117l\u0117je pateikti tiksli\u0105 informacij\u0105 apie maisto gaminimo temperat\u016br\u0105.<\/p>\n<\/li>\n<li data-start=\"657\" data-end=\"754\">\n<p data-start=\"659\" data-end=\"754\">Nor\u0117dami greitai i\u0161matuoti temperat\u016br\u0105, galite naudoti <strong data-start=\"705\" data-end=\"724\">atlenkiamas jutiklis<\/strong> be papildom\u0173 zond\u0173.<\/p>\n<\/li>\n<li data-start=\"755\" data-end=\"820\">\n<p data-start=\"757\" data-end=\"820\">Termometras yra <strong data-start=\"772\" data-end=\"782\">Atsisi\u0173sti i\u0161<\/strong>, u\u017etikrinantis patog\u0173 ir ilgalaik\u012f naudojim\u0105.<\/p>\n<\/li>\n<li data-start=\"821\" data-end=\"926\">\n<p data-start=\"823\" data-end=\"926\"><strong data-start=\"823\" data-end=\"857\">Didelis, auk\u0161tos kokyb\u0117s LCD ekranas<\/strong> u\u017etikrina ai\u0161k\u0173 skai\u010di\u0173 matomum\u0105 saul\u0117s \u0161viesoje ir tamsoje.<\/p>\n<\/li>\n<li data-start=\"927\" data-end=\"1010\">\n<p data-start=\"929\" data-end=\"1010\">Produktas veikia <strong data-start=\"942\" data-end=\"965\">\"Inkbird\" programa<\/strong>, tod\u0117l ruo\u0161ti maist\u0105 patogu ir tikslinga.<\/p>\n<\/li>\n<\/ul>\n<p>&nbsp;<\/p>\n<p><img loading=\"lazy\" decoding=\"async\" class=\"alignnone wp-image-3250\" src=\"http:\/\/tammetorubbq.ee\/wp-content\/uploads\/2025\/05\/Inkbird-logo-PNG-300x85.png\" alt=\"\" width=\"187\" height=\"53\" srcset=\"https:\/\/tammetorubbq.ee\/wp-content\/uploads\/2025\/05\/Inkbird-logo-PNG-300x85.png 300w, https:\/\/tammetorubbq.ee\/wp-content\/uploads\/2025\/05\/Inkbird-logo-PNG-1024x290.png 1024w, https:\/\/tammetorubbq.ee\/wp-content\/uploads\/2025\/05\/Inkbird-logo-PNG-768x218.png 768w, https:\/\/tammetorubbq.ee\/wp-content\/uploads\/2025\/05\/Inkbird-logo-PNG-18x5.png 18w, https:\/\/tammetorubbq.ee\/wp-content\/uploads\/2025\/05\/Inkbird-logo-PNG-600x170.png 600w, https:\/\/tammetorubbq.ee\/wp-content\/uploads\/2025\/05\/Inkbird-logo-PNG-64x18.png 64w, https:\/\/tammetorubbq.ee\/wp-content\/uploads\/2025\/05\/Inkbird-logo-PNG.png 1192w\" sizes=\"auto, (max-width: 187px) 100vw, 187px\" \/><\/p>\n<p>&nbsp;<\/p>","protected":false},"featured_media":3684,"comment_status":"open","ping_status":"closed","template":"","meta":{"_uf_show_specific_survey":0,"_uf_disable_surveys":false},"pwb-brand":[67],"product_brand":[],"product_cat":[66,30],"product_tag":[134,116,115],"class_list":{"0":"post-3683","1":"product","2":"type-product","3":"status-publish","4":"has-post-thumbnail","6":"pwb-brand-inkbird","7":"product_cat-termomeetrid","8":"product_cat-grillimise-tarvikud","9":"product_tag-grillimise-tarvikud","10":"product_tag-inkbird","11":"product_tag-termomeeter","13":"first","14":"outofstock","15":"taxable","16":"shipping-taxable","17":"purchasable","18":"product-type-simple"},"brands":[{"id":67,"name":"Inkbird","slug":"inkbird"}],"_links":{"self":[{"href":"https:\/\/tammetorubbq.ee\/lt\/wp-json\/wp\/v2\/product\/3683","targetHints":{"allow":["GET"]}}],"collection":[{"href":"https:\/\/tammetorubbq.ee\/lt\/wp-json\/wp\/v2\/product"}],"about":[{"href":"https:\/\/tammetorubbq.ee\/lt\/wp-json\/wp\/v2\/types\/product"}],"replies":[{"embeddable":true,"href":"https:\/\/tammetorubbq.ee\/lt\/wp-json\/wp\/v2\/comments?post=3683"}],"wp:featuredmedia":[{"embeddable":true,"href":"https:\/\/tammetorubbq.ee\/lt\/wp-json\/wp\/v2\/media\/3684"}],"wp:attachment":[{"href":"https:\/\/tammetorubbq.ee\/lt\/wp-json\/wp\/v2\/media?parent=3683"}],"wp:term":[{"taxonomy":"pwb-brand","embeddable":true,"href":"https:\/\/tammetorubbq.ee\/lt\/wp-json\/wp\/v2\/pwb-brand?post=3683"},{"taxonomy":"product_brand","embeddable":true,"href":"https:\/\/tammetorubbq.ee\/lt\/wp-json\/wp\/v2\/product_brand?post=3683"},{"taxonomy":"product_cat","embeddable":true,"href":"https:\/\/tammetorubbq.ee\/lt\/wp-json\/wp\/v2\/product_cat?post=3683"},{"taxonomy":"product_tag","embeddable":true,"href":"https:\/\/tammetorubbq.ee\/lt\/wp-json\/wp\/v2\/product_tag?post=3683"}],"curies":[{"name":"wp","href":"https:\/\/api.w.org\/{rel}","templated":true}]}}