{"id":3748,"date":"2025-10-13T12:29:18","date_gmt":"2025-10-13T09:29:18","guid":{"rendered":"https:\/\/tammetorubbq.ee\/?post_type=product&#038;p=3748"},"modified":"2026-04-15T03:00:07","modified_gmt":"2026-04-15T00:00:07","slug":"yeti-antakiu-dezute-tundra-105-beez","status":"publish","type":"product","link":"https:\/\/tammetorubbq.ee\/lt\/produktas\/yeti-antakiu-dezute-tundra-105-beez\/","title":{"rendered":"YETI \u0161aldymo d\u0117\u017e\u0117 \"Tundra 105\" (sm\u0117lio spalvos)"},"content":{"rendered":"<table class=\"woocommerce-product-attributes shop_attributes\" aria-label=\"I\u0161sami informacija apie gamin\u012f\">\n<tbody>\n<tr class=\"woocommerce-product-attributes-item woocommerce-product-attributes-item--weight\">\n<th class=\"woocommerce-product-attributes-item__label\" style=\"text-align: left;\" scope=\"row\">Svoris<\/th>\n<td class=\"woocommerce-product-attributes-item__value\">16,3 kg<\/td>\n<\/tr>\n<tr class=\"woocommerce-product-attributes-item woocommerce-product-attributes-item--dimensions\">\n<th class=\"woocommerce-product-attributes-item__label\" scope=\"row\">Matmenys<\/th>\n<td class=\"woocommerce-product-attributes-item__value\">50,2 \u00d7 78,4 \u00d7 50,5 cm<\/td>\n<\/tr>\n<\/tbody>\n<\/table>\n<p>&nbsp;<\/p>\n<p><strong data-start=\"148\" data-end=\"172\">\"Yeti\" - pagamintas, kad tarnaut\u0173 ilgai!<\/strong><\/p>\n<p>\"Yeti\" gim\u0117 2006 m. i\u0161 aistros gamtai ir nuotykiams. Tikslas buvo paprastas - sukurti \u012frang\u0105, kuri atlaikyt\u0173 sunkiausias s\u0105lygas ir nenuvilt\u0173 j\u016bs\u0173 kasdieni\u0173 nuotyki\u0173 metu.<\/p>\n<p>Viskas prasid\u0117jo nuo ledo d\u0117\u017e\u0117s patobulinimo, o \u0161iandien \"Yeti\" asortiment\u0105 sudaro patvar\u016bs termosai, g\u0117rim\u0173 buteliai ir aksesuarai, sukurti taip, kad tarnaut\u0173 vis\u0105 gyvenim\u0105.<\/p>\n<p>Nesvarbu, ar tai b\u016bt\u0173 kalnai, ar j\u016bra, ar mi\u0161kas, Yeti visada pasiruo\u0161\u0119s keliauti.<\/p>","protected":false},"excerpt":{"rendered":"<p data-start=\"288\" data-end=\"355\"><strong data-start=\"288\" data-end=\"353\">Kompakti\u0161kas galingumas - sukurtas taip, kad tarnaut\u0173 sud\u0117tingiausiomis s\u0105lygomis.<\/strong><\/p>\n<p data-start=\"357\" data-end=\"641\">\"YETI Tundra\u00ae 105\" - tai i\u0161manios, kompakti\u0161kos konstrukcijos \u0161aldymo d\u0117\u017e\u0117, idealiai tinkanti ilgesniems nuotykiams, kai vietos nedaug, bet reikia daugiau na\u0161umo.<\/p>\n<p data-start=\"357\" data-end=\"641\">Auk\u0161tesniame korpuse galima sluoksniais sud\u0117ti m\u0117s\u0105, g\u0117rimus ir led\u0105, tod\u0117l turinys ilgiau i\u0161lieka v\u0117sesnis nei \u012fprastuose \u0161aldikliuose.<\/p>\n<h4 data-start=\"648\" data-end=\"683\">\ud83e\uddca <strong data-start=\"656\" data-end=\"681\">Sukurta, kad tarnaut\u0173 ilgai<\/strong><\/h4>\n<ul data-start=\"684\" data-end=\"914\">\n<li data-start=\"684\" data-end=\"762\">\n<p data-start=\"686\" data-end=\"762\"><strong data-start=\"686\" data-end=\"720\">Rotomolded konstrukcija<\/strong> u\u017etikrina beveik nel\u016b\u017etant\u012f patvarum\u0105.<\/p>\n<\/li>\n<li data-start=\"763\" data-end=\"838\">\n<p data-start=\"765\" data-end=\"838\"><strong data-start=\"765\" data-end=\"786\">T-REX\u00ae dang\u010dio u\u017eraktai<\/strong> - stipr\u016bs ir patentuoti, jie niekada nesul\u016b\u017eta.<\/p>\n<\/li>\n<li data-start=\"839\" data-end=\"914\">\n<p data-start=\"841\" data-end=\"914\"><strong data-start=\"841\" data-end=\"871\">NEVERFAIL\u2122 vyri\u0173 sistema<\/strong> - dviej\u0173 kontakt\u0173 konstrukcija apsaugo nuo l\u016b\u017eimo.<\/p>\n<\/li>\n<\/ul>\n<h4 data-start=\"921\" data-end=\"952\">\ud83d\udc3b <strong data-start=\"929\" data-end=\"950\">Tvirtas dizainas<\/strong><\/h4>\n<p data-start=\"953\" data-end=\"1106\">Patvirtinta Tarp\u017einybinio Grizli\u0173 loki\u0173 komiteto (IGBC), kai naudojamos \"Master Lock\u00ae\" pakabinamos spynos. Kai laukin\u0117 gamta tampa laukin\u0117, \"Tundra\" laikosi tvirtai.<\/p>\n<h4 data-start=\"1113\" data-end=\"1147\">\u2744\ufe0f <strong data-start=\"1121\" data-end=\"1145\">Legendinis pasirodymas<\/strong><\/h4>\n<ul data-start=\"1148\" data-end=\"1468\">\n<li data-start=\"1148\" data-end=\"1233\">\n<p data-start=\"1150\" data-end=\"1233\"><strong data-start=\"1150\" data-end=\"1169\">FATWALL\u2122 dizainas<\/strong> - iki 3 coli\u0173 izoliacijos, kad b\u016bt\u0173 maksimaliai sulaikytas \u0161altis.<\/p>\n<\/li>\n<li data-start=\"1234\" data-end=\"1327\">\n<p data-start=\"1236\" data-end=\"1327\"><strong data-start=\"1236\" data-end=\"1263\">PERMAFROST\u2122 izoliacija<\/strong> - sl\u0117giu \u012fpur\u0161kiamas poliuretanas fiksuoja \u0161alt\u0105 temperat\u016br\u0105.<\/p>\n<\/li>\n<li data-start=\"1328\" data-end=\"1468\">\n<p data-start=\"1330\" data-end=\"1468\"><strong data-start=\"1330\" data-end=\"1357\">INTERLOCK\u2122 dang\u010dio sistema<\/strong> ir <strong data-start=\"1361\" data-end=\"1381\">COLDLOCK\u2122 tarpiklis<\/strong> sukuriama sandari, \u0161aldikliui tinkama u\u017etvara, kuri sulaiko \u0161ilum\u0105 ir \u0161alt\u012f.<\/p>\n<\/li>\n<\/ul>\n<h4 data-start=\"1475\" data-end=\"1529\">\u2693 <strong data-start=\"1482\" data-end=\"1527\">Kasdieniam ir ekstremaliam naudojimui<\/strong><\/h4>\n<ul data-start=\"1530\" data-end=\"1858\">\n<li data-start=\"1530\" data-end=\"1611\">\n<p data-start=\"1532\" data-end=\"1611\"><strong data-start=\"1532\" data-end=\"1558\">DOUBLEHAUL\u2122 rankenos<\/strong> - pagamintas i\u0161 karin\u0117s paskirties poliesterio laido.<\/p>\n<\/li>\n<li data-start=\"1612\" data-end=\"1684\">\n<p data-start=\"1614\" data-end=\"1684\"><strong data-start=\"1614\" data-end=\"1637\">LIPGRIP\u2122 rankenos<\/strong> - netrukdykite ir u\u017etikrinkite patog\u0173 d\u0117v\u0117jim\u0105.<\/p>\n<\/li>\n<li data-start=\"1685\" data-end=\"1770\">\n<p data-start=\"1687\" data-end=\"1770\"><strong data-start=\"1687\" data-end=\"1724\">BEARFOOT\u2122 neslystan\u010dios p\u0117dos<\/strong> - laikyti d\u0117\u017eut\u0119 valtyje ar automobilyje.<\/p>\n<\/li>\n<li data-start=\"1771\" data-end=\"1858\">\n<p data-start=\"1773\" data-end=\"1858\"><strong data-start=\"1773\" data-end=\"1803\">ANCHORPOINT\u2122 suri\u0161imo zonos<\/strong> - lengva pritvirtinti prie valties, priekabos ar sunkve\u017eimio.<\/p>\n<\/li>\n<\/ul>\n<h4 data-start=\"1865\" data-end=\"1916\">\ud83d\udca7 <strong data-start=\"1873\" data-end=\"1914\">Kiekvieno \u0161aldiklio pagrindas - i\u0161mani detal\u0117<\/strong><\/h4>\n<p data-start=\"1917\" data-end=\"2016\"><strong data-start=\"1917\" data-end=\"1944\">VORTEX\u2122 drena\u017eo sistema<\/strong> yra sandarus ir patvarus, tod\u0117l greitai ir lengvai i\u0161tu\u0161tinamas.<\/p>\n<p data-start=\"1917\" data-end=\"2016\"><em><strong>Taip pat susipa\u017einkite su kitomis \"Yeti\" teikiamomis paslaugomis <a href=\"https:\/\/tammetorubbq.ee\/lt\/gaminio-zyma\/kampinis-akumuliatorius\/\">su \u0161altais akumuliatoriais<\/a>.\u00a0<\/strong><\/em><\/p>\n<p><img loading=\"lazy\" decoding=\"async\" class=\"alignnone wp-image-3722\" src=\"http:\/\/tammetorubbq.ee\/wp-content\/uploads\/2025\/10\/YETI-logo-300x84.png\" alt=\"YETI logotipas\" width=\"168\" height=\"47\" srcset=\"https:\/\/tammetorubbq.ee\/wp-content\/uploads\/2025\/10\/YETI-logo-300x84.png 300w, https:\/\/tammetorubbq.ee\/wp-content\/uploads\/2025\/10\/YETI-logo-1024x287.png 1024w, https:\/\/tammetorubbq.ee\/wp-content\/uploads\/2025\/10\/YETI-logo-768x215.png 768w, https:\/\/tammetorubbq.ee\/wp-content\/uploads\/2025\/10\/YETI-logo-18x5.png 18w, https:\/\/tammetorubbq.ee\/wp-content\/uploads\/2025\/10\/YETI-logo-600x168.png 600w, https:\/\/tammetorubbq.ee\/wp-content\/uploads\/2025\/10\/YETI-logo-64x18.png 64w, https:\/\/tammetorubbq.ee\/wp-content\/uploads\/2025\/10\/YETI-logo.png 1298w\" sizes=\"auto, (max-width: 168px) 100vw, 168px\" \/><\/p>\n<p>&nbsp;<\/p>\n<p><a href=\"https:\/\/tammetorubbq.ee\/lt\/sumoketi-veliau\/\"><strong>PIRKITE DABAR, MOK\u0116KITE V\u0116LIAU<\/strong><\/a>\u00a0- be pal\u016bkan\u0173!<\/p>\n<p><img loading=\"lazy\" decoding=\"async\" class=\"alignnone wp-image-2646\" src=\"http:\/\/tammetorubbq.ee\/wp-content\/uploads\/2023\/12\/inbank-wordmark.png\" alt=\"\" width=\"167\" height=\"75\" srcset=\"https:\/\/tammetorubbq.ee\/wp-content\/uploads\/2023\/12\/inbank-wordmark.png 300w, https:\/\/tammetorubbq.ee\/wp-content\/uploads\/2023\/12\/inbank-wordmark-18x8.png 18w, https:\/\/tammetorubbq.ee\/wp-content\/uploads\/2023\/12\/inbank-wordmark-64x29.png 64w\" sizes=\"auto, (max-width: 167px) 100vw, 167px\" \/><\/p>\n<p>Taip pat si\u016blome galimyb\u0119 sumok\u0117ti v\u0117liau - viena, dviem arba trimis lygiomis dalimis be joki\u0173 pal\u016bkan\u0173 ar papildom\u0173 mokes\u010di\u0173.<\/p>\n<p>M\u016bs\u0173 pirkini\u0173 krep\u0161elyje rasite \u012fvairi\u0173 mok\u0117jimo b\u016bd\u0173 pasirinkim\u0105.<\/p>","protected":false},"featured_media":3753,"comment_status":"open","ping_status":"closed","template":"","meta":{"_uf_show_specific_survey":0,"_uf_disable_surveys":false},"pwb-brand":[204],"product_brand":[],"product_cat":[193,199],"product_tag":[207],"class_list":{"0":"post-3748","1":"product","2":"type-product","3":"status-publish","4":"has-post-thumbnail","6":"pwb-brand-yeti","7":"product_cat-yeti-coolerid-termotopsid","8":"product_cat-kulmakastid","9":"product_tag-kulmakast","11":"first","12":"instock","13":"taxable","14":"shipping-taxable","15":"purchasable","16":"product-type-simple"},"brands":[{"id":204,"name":"YETI","slug":"yeti"}],"_links":{"self":[{"href":"https:\/\/tammetorubbq.ee\/lt\/wp-json\/wp\/v2\/product\/3748","targetHints":{"allow":["GET"]}}],"collection":[{"href":"https:\/\/tammetorubbq.ee\/lt\/wp-json\/wp\/v2\/product"}],"about":[{"href":"https:\/\/tammetorubbq.ee\/lt\/wp-json\/wp\/v2\/types\/product"}],"replies":[{"embeddable":true,"href":"https:\/\/tammetorubbq.ee\/lt\/wp-json\/wp\/v2\/comments?post=3748"}],"wp:featuredmedia":[{"embeddable":true,"href":"https:\/\/tammetorubbq.ee\/lt\/wp-json\/wp\/v2\/media\/3753"}],"wp:attachment":[{"href":"https:\/\/tammetorubbq.ee\/lt\/wp-json\/wp\/v2\/media?parent=3748"}],"wp:term":[{"taxonomy":"pwb-brand","embeddable":true,"href":"https:\/\/tammetorubbq.ee\/lt\/wp-json\/wp\/v2\/pwb-brand?post=3748"},{"taxonomy":"product_brand","embeddable":true,"href":"https:\/\/tammetorubbq.ee\/lt\/wp-json\/wp\/v2\/product_brand?post=3748"},{"taxonomy":"product_cat","embeddable":true,"href":"https:\/\/tammetorubbq.ee\/lt\/wp-json\/wp\/v2\/product_cat?post=3748"},{"taxonomy":"product_tag","embeddable":true,"href":"https:\/\/tammetorubbq.ee\/lt\/wp-json\/wp\/v2\/product_tag?post=3748"}],"curies":[{"name":"wp","href":"https:\/\/api.w.org\/{rel}","templated":true}]}}