{"id":3761,"date":"2025-10-13T12:52:00","date_gmt":"2025-10-13T09:52:00","guid":{"rendered":"https:\/\/tammetorubbq.ee\/?post_type=product&#038;p=3761"},"modified":"2026-04-14T22:00:22","modified_gmt":"2026-04-14T19:00:22","slug":"yeti-tommitsa-ir-antakiu-dezute-ant-ratuku-tundra-haul-tamsiai-melyna","status":"publish","type":"product","link":"https:\/\/tammetorubbq.ee\/lt\/produktas\/yeti-tommitsa-ir-antakiu-dezute-ant-ratuku-tundra-haul-tamsiai-melyna\/","title":{"rendered":"YETI Tundra Haul (tamsiai m\u0117lyna) su ratukais ir traukimo rankena"},"content":{"rendered":"<table class=\"woocommerce-product-attributes shop_attributes\" aria-label=\"I\u0161sami informacija apie gamin\u012f\">\n<tbody>\n<tr class=\"woocommerce-product-attributes-item woocommerce-product-attributes-item--weight\">\n<th class=\"woocommerce-product-attributes-item__label\" style=\"text-align: left;\" scope=\"row\">Svoris<\/th>\n<td class=\"woocommerce-product-attributes-item__value\">16,8 kg<\/td>\n<\/tr>\n<tr class=\"woocommerce-product-attributes-item woocommerce-product-attributes-item--dimensions\">\n<th class=\"woocommerce-product-attributes-item__label\" style=\"text-align: left;\" scope=\"row\">Matmenys<\/th>\n<td class=\"woocommerce-product-attributes-item__value\">47,3 \u00d7 71,8 \u00d7 49,8 cm<\/td>\n<\/tr>\n<\/tbody>\n<\/table>\n<p>&nbsp;<\/p>\n<p><strong data-start=\"148\" data-end=\"172\">\"Yeti\" - pagamintas, kad tarnaut\u0173 ilgai!<\/strong><\/p>\n<p>\"Yeti\" gim\u0117 2006 m. i\u0161 aistros gamtai ir nuotykiams. Tikslas buvo paprastas - sukurti \u012frang\u0105, kuri atlaikyt\u0173 sunkiausias s\u0105lygas ir nenuvilt\u0173 j\u016bs\u0173 kasdieni\u0173 nuotyki\u0173 metu.<\/p>\n<p>Viskas prasid\u0117jo nuo ledo d\u0117\u017e\u0117s patobulinimo, o \u0161iandien \"Yeti\" asortiment\u0105 sudaro patvar\u016bs termosai, g\u0117rim\u0173 buteliai ir aksesuarai, sukurti taip, kad tarnaut\u0173 vis\u0105 gyvenim\u0105.<\/p>\n<p>Nesvarbu, ar tai b\u016bt\u0173 kalnai, ar j\u016bra, ar mi\u0161kas, Yeti visada pasiruo\u0161\u0119s keliauti.<\/p>","protected":false},"excerpt":{"rendered":"<p><strong data-start=\"226\" data-end=\"312\">Pirmoji YETI\u00ae au\u0161intuv\u0117 ant rat\u0173 - legendin\u0117 \"Tundra\" tapo dar mobilesn\u0117.<\/strong><\/p>\n<p>\"Tundra Haul\u00ae\" sujungia gars\u0173j\u012f YETI ilgaam\u017ei\u0161kum\u0105 ir neprilygstam\u0105 izoliacij\u0105 su prakti\u0161ka prikabinimo ir rat\u0173 sistema. Tai pati patvariausia dviej\u0173 rat\u0173 au\u0161intuv\u0117, idealiai tinkanti \u017eygiams p\u0117s\u010diomis, \u017evejybai, stovyklavimui ar kasdieniams lauko nuotykiams.<\/p>\n<h4 data-start=\"585\" data-end=\"618\">\ud83d\udede\u00a0<strong data-start=\"593\" data-end=\"616\">Mobilumas ir patogumas<\/strong><\/h4>\n<ul data-start=\"619\" data-end=\"1010\">\n<li data-start=\"619\" data-end=\"703\">\n<p data-start=\"621\" data-end=\"703\"><strong data-start=\"621\" data-end=\"642\">NEVERFLAT\u2122 ratai<\/strong>\u00a0- vientisa padangos konstrukcija atspari sm\u016bgiams ir prad\u016brimams.<\/p>\n<\/li>\n<li data-start=\"704\" data-end=\"801\">\n<p data-start=\"706\" data-end=\"801\"><strong data-start=\"706\" data-end=\"728\">STRONGARM\u2122 rankena<\/strong>\u00a0- tvirta aliuminio konstrukcija su patogiomis rankenomis, lengvai ne\u0161iojama.<\/p>\n<\/li>\n<li data-start=\"802\" data-end=\"854\">\n<p data-start=\"804\" data-end=\"854\"><strong data-start=\"804\" data-end=\"827\">LIPGRIP\u2122 rankenos<\/strong>\u00a0- tvirtas ir patogus su\u0117mimas.<\/p>\n<\/li>\n<li data-start=\"855\" data-end=\"930\">\n<p data-start=\"857\" data-end=\"930\"><strong data-start=\"857\" data-end=\"887\">ANCHORPOINT\u2122 suri\u0161imo zonos<\/strong>\u00a0- pritvirtinti prie valties, priekabos ar automobilio.<\/p>\n<\/li>\n<li data-start=\"931\" data-end=\"1010\">\n<p data-start=\"933\" data-end=\"1010\"><strong data-start=\"933\" data-end=\"964\">Neslystan\u010dios p\u0117dos BEARFOOT\u2122<\/strong>\u00a0- laikyti d\u0117\u017e\u0119 valtyje ar transporto priemon\u0117je.<\/p>\n<\/li>\n<\/ul>\n<h4 data-start=\"1017\" data-end=\"1069\">\ud83e\uddf1\u00a0<strong data-start=\"1025\" data-end=\"1067\">Patvari ir saugi konstrukcija<\/strong><\/h4>\n<ul data-start=\"1070\" data-end=\"1334\">\n<li data-start=\"1070\" data-end=\"1122\">\n<p data-start=\"1072\" data-end=\"1122\"><strong data-start=\"1072\" data-end=\"1098\">Rotomoulded korpusas<\/strong>\u00a0- beveik nesulau\u017eomas.<\/p>\n<\/li>\n<li data-start=\"1123\" data-end=\"1189\">\n<p data-start=\"1125\" data-end=\"1189\"><strong data-start=\"1125\" data-end=\"1146\">T-REX\u2122 dang\u010dio u\u017eraktai<\/strong>\u00a0- stiprus, patentuotas, nel\u016b\u017eta.<\/p>\n<\/li>\n<li data-start=\"1190\" data-end=\"1266\">\n<p data-start=\"1192\" data-end=\"1266\"><strong data-start=\"1192\" data-end=\"1222\">NEVERFAIL\u00ae vyri\u0173 sistema<\/strong>\u00a0- dviej\u0173 kontakt\u0173 konstrukcija apsaugo nuo l\u016b\u017eimo.<\/p>\n<\/li>\n<li data-start=\"1267\" data-end=\"1334\">\n<p data-start=\"1269\" data-end=\"1334\"><strong data-start=\"1269\" data-end=\"1290\">Tvirtas dizainas<\/strong>\u00a0- IGBC patvirtinimas su \"Master Lock\u00ae\" pakabinama spyna.<\/p>\n<\/li>\n<\/ul>\n<h4 data-start=\"1341\" data-end=\"1381\">\u2744\ufe0f\u00a0<strong data-start=\"1349\" data-end=\"1379\">Did\u017eiausio \u0161al\u010dio na\u0161umo palaikymas<\/strong><\/h4>\n<ul data-start=\"1382\" data-end=\"1684\">\n<li data-start=\"1382\" data-end=\"1467\">\n<p data-start=\"1384\" data-end=\"1467\"><strong data-start=\"1384\" data-end=\"1403\">FATWALL\u2122 dizainas<\/strong>\u00a0- iki 3 coli\u0173 izoliacijos, kad b\u016bt\u0173 maksimaliai sulaikytas \u0161altis.<\/p>\n<\/li>\n<li data-start=\"1468\" data-end=\"1561\">\n<p data-start=\"1470\" data-end=\"1561\"><strong data-start=\"1470\" data-end=\"1497\">PERMAFROST\u2122 izoliacija<\/strong>\u00a0- sl\u0117giu \u012fpur\u0161kiamas poliuretanas fiksuoja \u0161alt\u0105 temperat\u016br\u0105.<\/p>\n<\/li>\n<li data-start=\"1562\" data-end=\"1684\">\n<p data-start=\"1564\" data-end=\"1684\"><strong data-start=\"1564\" data-end=\"1611\">\"INTERLOCK\u2122\" dang\u010dio sistema ir \"COLDLOCK\u2122\" tarpiklis<\/strong>\u00a0- \u0161aldiklio kokyb\u0117s barjeras, apsaugantis nuo kar\u0161\u010dio ir \u0161al\u010dio.<\/p>\n<\/li>\n<\/ul>\n<h4 data-start=\"1691\" data-end=\"1721\">\ud83d\udca7\u00a0<strong data-start=\"1699\" data-end=\"1719\">I\u0161manioji informacija<\/strong><\/h4>\n<p data-start=\"1722\" data-end=\"1825\"><strong data-start=\"1722\" data-end=\"1749\">VORTEX\u2122 drena\u017eo sistema<\/strong>\u00a0yra sandarus, patvarus, lengvai ir greitai i\u0161tu\u0161tinamas.<\/p>\n<p data-start=\"1722\" data-end=\"1825\"><strong>\"YETI Tundra Haul\u00ae\" - kai reikia au\u0161intuvo, kuris jud\u0117t\u0173 kartu su jumis, atlaikyt\u0173 sm\u016bgius ir i\u0161laikyt\u0173 v\u0117s\u0105 ekstremaliausiomis s\u0105lygomis.<\/strong><\/p>\n<p data-start=\"1917\" data-end=\"2016\"><em><strong>Taip pat susipa\u017einkite su kitomis \"Yeti\" teikiamomis paslaugomis\u00a0<a href=\"https:\/\/tammetorubbq.ee\/lt\/gaminio-zyma\/kampinis-akumuliatorius\/\">su \u0161altais akumuliatoriais<\/a>.\u00a0<\/strong><\/em><\/p>\n<p><img loading=\"lazy\" decoding=\"async\" class=\"alignnone wp-image-3722\" src=\"http:\/\/tammetorubbq.ee\/wp-content\/uploads\/2025\/10\/YETI-logo-300x84.png\" alt=\"YETI logotipas\" width=\"168\" height=\"47\" srcset=\"https:\/\/tammetorubbq.ee\/wp-content\/uploads\/2025\/10\/YETI-logo-300x84.png 300w, https:\/\/tammetorubbq.ee\/wp-content\/uploads\/2025\/10\/YETI-logo-1024x287.png 1024w, https:\/\/tammetorubbq.ee\/wp-content\/uploads\/2025\/10\/YETI-logo-768x215.png 768w, https:\/\/tammetorubbq.ee\/wp-content\/uploads\/2025\/10\/YETI-logo-18x5.png 18w, https:\/\/tammetorubbq.ee\/wp-content\/uploads\/2025\/10\/YETI-logo-600x168.png 600w, https:\/\/tammetorubbq.ee\/wp-content\/uploads\/2025\/10\/YETI-logo-64x18.png 64w, https:\/\/tammetorubbq.ee\/wp-content\/uploads\/2025\/10\/YETI-logo.png 1298w\" sizes=\"auto, (max-width: 168px) 100vw, 168px\" \/><\/p>\n<p>&nbsp;<\/p>\n<p><a href=\"https:\/\/tammetorubbq.ee\/lt\/sumoketi-veliau\/\"><strong>PIRKITE DABAR, MOK\u0116KITE V\u0116LIAU<\/strong><\/a>\u00a0- be pal\u016bkan\u0173!<\/p>\n<p><img loading=\"lazy\" decoding=\"async\" class=\"alignnone wp-image-2646\" src=\"http:\/\/tammetorubbq.ee\/wp-content\/uploads\/2023\/12\/inbank-wordmark.png\" alt=\"\" width=\"167\" height=\"75\" srcset=\"https:\/\/tammetorubbq.ee\/wp-content\/uploads\/2023\/12\/inbank-wordmark.png 300w, https:\/\/tammetorubbq.ee\/wp-content\/uploads\/2023\/12\/inbank-wordmark-18x8.png 18w, https:\/\/tammetorubbq.ee\/wp-content\/uploads\/2023\/12\/inbank-wordmark-64x29.png 64w\" sizes=\"auto, (max-width: 167px) 100vw, 167px\" \/><\/p>\n<p>Taip pat si\u016blome galimyb\u0119 sumok\u0117ti v\u0117liau - viena, dviem arba trimis lygiomis dalimis be joki\u0173 pal\u016bkan\u0173 ar papildom\u0173 mokes\u010di\u0173.<\/p>\n<p>M\u016bs\u0173 pirkini\u0173 krep\u0161elyje rasite \u012fvairi\u0173 mok\u0117jimo b\u016bd\u0173 pasirinkim\u0105.<\/p>","protected":false},"featured_media":3767,"comment_status":"open","ping_status":"closed","template":"","meta":{"_uf_show_specific_survey":0,"_uf_disable_surveys":false},"pwb-brand":[204],"product_brand":[],"product_cat":[193,199],"product_tag":[207],"class_list":{"0":"post-3761","1":"product","2":"type-product","3":"status-publish","4":"has-post-thumbnail","6":"pwb-brand-yeti","7":"product_cat-yeti-coolerid-termotopsid","8":"product_cat-kulmakastid","9":"product_tag-kulmakast","11":"first","12":"instock","13":"taxable","14":"shipping-taxable","15":"purchasable","16":"product-type-simple"},"brands":[{"id":204,"name":"YETI","slug":"yeti"}],"_links":{"self":[{"href":"https:\/\/tammetorubbq.ee\/lt\/wp-json\/wp\/v2\/product\/3761","targetHints":{"allow":["GET"]}}],"collection":[{"href":"https:\/\/tammetorubbq.ee\/lt\/wp-json\/wp\/v2\/product"}],"about":[{"href":"https:\/\/tammetorubbq.ee\/lt\/wp-json\/wp\/v2\/types\/product"}],"replies":[{"embeddable":true,"href":"https:\/\/tammetorubbq.ee\/lt\/wp-json\/wp\/v2\/comments?post=3761"}],"wp:featuredmedia":[{"embeddable":true,"href":"https:\/\/tammetorubbq.ee\/lt\/wp-json\/wp\/v2\/media\/3767"}],"wp:attachment":[{"href":"https:\/\/tammetorubbq.ee\/lt\/wp-json\/wp\/v2\/media?parent=3761"}],"wp:term":[{"taxonomy":"pwb-brand","embeddable":true,"href":"https:\/\/tammetorubbq.ee\/lt\/wp-json\/wp\/v2\/pwb-brand?post=3761"},{"taxonomy":"product_brand","embeddable":true,"href":"https:\/\/tammetorubbq.ee\/lt\/wp-json\/wp\/v2\/product_brand?post=3761"},{"taxonomy":"product_cat","embeddable":true,"href":"https:\/\/tammetorubbq.ee\/lt\/wp-json\/wp\/v2\/product_cat?post=3761"},{"taxonomy":"product_tag","embeddable":true,"href":"https:\/\/tammetorubbq.ee\/lt\/wp-json\/wp\/v2\/product_tag?post=3761"}],"curies":[{"name":"wp","href":"https:\/\/api.w.org\/{rel}","templated":true}]}}