{"id":3768,"date":"2025-10-13T13:03:01","date_gmt":"2025-10-13T10:03:01","guid":{"rendered":"https:\/\/tammetorubbq.ee\/?post_type=product&#038;p=3768"},"modified":"2026-04-15T03:00:15","modified_gmt":"2026-04-15T00:00:15","slug":"yeti-tommitsa-ir-ratinis-kulmakast-tundra-haul-green","status":"publish","type":"product","link":"https:\/\/tammetorubbq.ee\/lt\/produktas\/yeti-tommitsa-ir-ratinis-kulmakast-tundra-haul-green\/","title":{"rendered":"\"YETI Tundra Haul\" (\u017ealia) su ratukais ir traukimo rankena"},"content":{"rendered":"<table class=\"woocommerce-product-attributes shop_attributes\" aria-label=\"I\u0161sami informacija apie gamin\u012f\">\n<tbody>\n<tr class=\"woocommerce-product-attributes-item woocommerce-product-attributes-item--dimensions\">\n<th class=\"woocommerce-product-attributes-item__label\" style=\"text-align: left;\" scope=\"row\">Matmenys<\/th>\n<td class=\"woocommerce-product-attributes-item__value\">48,5 \u00d7 76 \u00d7 51,5 cm<\/td>\n<\/tr>\n<\/tbody>\n<\/table>\n<p><strong data-start=\"1037\" data-end=\"1052\">D\u0117mesio:<\/strong> \"Tundra Haul\u00ae\" n\u0117ra suderinama su saus\u0173 med\u017eiag\u0173 krep\u0161iu.<\/p>\n<p><strong data-start=\"148\" data-end=\"172\">\"Yeti\" - pagamintas, kad tarnaut\u0173 ilgai!<\/strong><\/p>\n<p>\"Yeti\" gim\u0117 2006 m. i\u0161 aistros gamtai ir nuotykiams. Tikslas buvo paprastas - sukurti \u012frang\u0105, kuri atlaikyt\u0173 sunkiausias s\u0105lygas ir nenuvilt\u0173 j\u016bs\u0173 kasdieni\u0173 nuotyki\u0173 metu.<\/p>\n<p>Viskas prasid\u0117jo nuo ledo d\u0117\u017e\u0117s patobulinimo, o \u0161iandien \"Yeti\" asortiment\u0105 sudaro patvar\u016bs termosai, g\u0117rim\u0173 buteliai ir aksesuarai, sukurti taip, kad tarnaut\u0173 vis\u0105 gyvenim\u0105.<\/p>\n<p>Nesvarbu, ar tai b\u016bt\u0173 kalnai, ar j\u016bra, ar mi\u0161kas, Yeti visada pasiruo\u0161\u0119s keliauti.<\/p>","protected":false},"excerpt":{"rendered":"<p><strong data-start=\"203\" data-end=\"247\">Jud\u0117kite lengviau, ilgiau i\u0161laikykite \u0161alt\u012f.<\/strong><\/p>\n<p>\"Tundra Haul\u00ae\" yra pirmoji \"Tundra\" serijos au\u0161intuv\u0117 su ratukais, kurioje legendinis YETI patvarumas ir puiki izoliacija derinami su patogiu jud\u0117jimu. Idealiai tinka \u017eygiams, \u017evejybai, stovyklavimui ar kasdieniams nuotykiams.<\/p>\n<h4 data-start=\"492\" data-end=\"524\">\ud83d\udede <strong data-start=\"500\" data-end=\"522\">Sukurta jud\u0117jimui<\/strong><\/h4>\n<ul data-start=\"525\" data-end=\"777\">\n<li data-start=\"525\" data-end=\"612\">\n<p data-start=\"527\" data-end=\"612\"><strong data-start=\"527\" data-end=\"548\">\"NeverFlat\u2122\" ratai<\/strong> - tvirta vientisa konstrukcija, kuri nel\u016b\u017eta ir nei\u0161sipu\u010dia.<\/p>\n<\/li>\n<li data-start=\"613\" data-end=\"777\">\n<p data-start=\"615\" data-end=\"777\"><strong data-start=\"615\" data-end=\"637\">\"StrongArm\u2122\" rankena<\/strong> - Suvirintas aliuminis, patogios i\u0161lenktos rankenos, kuriomis d\u0117\u017e\u0119 galima judinti \u012f kair\u0119 arba \u012f de\u0161in\u0119 nenukrentant kulnams.<\/p>\n<\/li>\n<\/ul>\n<h4 data-start=\"784\" data-end=\"821\">\ud83e\uddf1 <strong data-start=\"792\" data-end=\"819\">Patvarus ir saugus<\/strong><\/h4>\n<ul data-start=\"822\" data-end=\"1030\">\n<li data-start=\"822\" data-end=\"897\">\n<p data-start=\"824\" data-end=\"897\"><strong data-start=\"824\" data-end=\"846\">Formos dizainas<\/strong> - itin tvirtas korpusas, prakti\u0161kai atsparus du\u017eimui.<\/p>\n<\/li>\n<li data-start=\"898\" data-end=\"1030\">\n<p data-start=\"900\" data-end=\"1030\"><strong data-start=\"900\" data-end=\"927\">PERMAFROST\u2122 izoliacija<\/strong> - sl\u0117giu \u012fpur\u0161kiamos profesionalaus lygio putos, d\u0117l kuri\u0173 ledas ilgiau i\u0161lieka \u0161altas, net ir kar\u0161tomis dienomis.<\/p>\n<\/li>\n<\/ul>\n<p data-start=\"1917\" data-end=\"2016\"><em><strong>Taip pat susipa\u017einkite su kitomis \"Yeti\" teikiamomis paslaugomis\u00a0<a href=\"https:\/\/tammetorubbq.ee\/lt\/gaminio-zyma\/kampinis-akumuliatorius\/\">su \u0161altais akumuliatoriais<\/a>.\u00a0<\/strong><\/em><\/p>\n<p><img loading=\"lazy\" decoding=\"async\" class=\"alignnone wp-image-3722\" src=\"http:\/\/tammetorubbq.ee\/wp-content\/uploads\/2025\/10\/YETI-logo-300x84.png\" alt=\"YETI logotipas\" width=\"168\" height=\"47\" srcset=\"https:\/\/tammetorubbq.ee\/wp-content\/uploads\/2025\/10\/YETI-logo-300x84.png 300w, https:\/\/tammetorubbq.ee\/wp-content\/uploads\/2025\/10\/YETI-logo-1024x287.png 1024w, https:\/\/tammetorubbq.ee\/wp-content\/uploads\/2025\/10\/YETI-logo-768x215.png 768w, https:\/\/tammetorubbq.ee\/wp-content\/uploads\/2025\/10\/YETI-logo-18x5.png 18w, https:\/\/tammetorubbq.ee\/wp-content\/uploads\/2025\/10\/YETI-logo-600x168.png 600w, https:\/\/tammetorubbq.ee\/wp-content\/uploads\/2025\/10\/YETI-logo-64x18.png 64w, https:\/\/tammetorubbq.ee\/wp-content\/uploads\/2025\/10\/YETI-logo.png 1298w\" sizes=\"auto, (max-width: 168px) 100vw, 168px\" \/><\/p>\n<p>&nbsp;<\/p>\n<p><a href=\"https:\/\/tammetorubbq.ee\/lt\/sumoketi-veliau\/\"><strong>PIRKITE DABAR, MOK\u0116KITE V\u0116LIAU<\/strong><\/a>\u00a0- be pal\u016bkan\u0173!<\/p>\n<p><img loading=\"lazy\" decoding=\"async\" class=\"alignnone wp-image-2646\" src=\"http:\/\/tammetorubbq.ee\/wp-content\/uploads\/2023\/12\/inbank-wordmark.png\" alt=\"\" width=\"167\" height=\"75\" srcset=\"https:\/\/tammetorubbq.ee\/wp-content\/uploads\/2023\/12\/inbank-wordmark.png 300w, https:\/\/tammetorubbq.ee\/wp-content\/uploads\/2023\/12\/inbank-wordmark-18x8.png 18w, https:\/\/tammetorubbq.ee\/wp-content\/uploads\/2023\/12\/inbank-wordmark-64x29.png 64w\" sizes=\"auto, (max-width: 167px) 100vw, 167px\" \/><\/p>\n<p>Taip pat si\u016blome galimyb\u0119 sumok\u0117ti v\u0117liau - viena, dviem arba trimis lygiomis dalimis be joki\u0173 pal\u016bkan\u0173 ar papildom\u0173 mokes\u010di\u0173.<\/p>\n<p>M\u016bs\u0173 pirkini\u0173 krep\u0161elyje rasite \u012fvairi\u0173 mok\u0117jimo b\u016bd\u0173 pasirinkim\u0105.<\/p>","protected":false},"featured_media":3769,"comment_status":"open","ping_status":"closed","template":"","meta":{"_uf_show_specific_survey":0,"_uf_disable_surveys":false},"pwb-brand":[204],"product_brand":[],"product_cat":[193,199],"product_tag":[207],"class_list":{"0":"post-3768","1":"product","2":"type-product","3":"status-publish","4":"has-post-thumbnail","6":"pwb-brand-yeti","7":"product_cat-yeti-coolerid-termotopsid","8":"product_cat-kulmakastid","9":"product_tag-kulmakast","11":"first","12":"instock","13":"taxable","14":"shipping-taxable","15":"purchasable","16":"product-type-simple"},"brands":[{"id":204,"name":"YETI","slug":"yeti"}],"_links":{"self":[{"href":"https:\/\/tammetorubbq.ee\/lt\/wp-json\/wp\/v2\/product\/3768","targetHints":{"allow":["GET"]}}],"collection":[{"href":"https:\/\/tammetorubbq.ee\/lt\/wp-json\/wp\/v2\/product"}],"about":[{"href":"https:\/\/tammetorubbq.ee\/lt\/wp-json\/wp\/v2\/types\/product"}],"replies":[{"embeddable":true,"href":"https:\/\/tammetorubbq.ee\/lt\/wp-json\/wp\/v2\/comments?post=3768"}],"wp:featuredmedia":[{"embeddable":true,"href":"https:\/\/tammetorubbq.ee\/lt\/wp-json\/wp\/v2\/media\/3769"}],"wp:attachment":[{"href":"https:\/\/tammetorubbq.ee\/lt\/wp-json\/wp\/v2\/media?parent=3768"}],"wp:term":[{"taxonomy":"pwb-brand","embeddable":true,"href":"https:\/\/tammetorubbq.ee\/lt\/wp-json\/wp\/v2\/pwb-brand?post=3768"},{"taxonomy":"product_brand","embeddable":true,"href":"https:\/\/tammetorubbq.ee\/lt\/wp-json\/wp\/v2\/product_brand?post=3768"},{"taxonomy":"product_cat","embeddable":true,"href":"https:\/\/tammetorubbq.ee\/lt\/wp-json\/wp\/v2\/product_cat?post=3768"},{"taxonomy":"product_tag","embeddable":true,"href":"https:\/\/tammetorubbq.ee\/lt\/wp-json\/wp\/v2\/product_tag?post=3768"}],"curies":[{"name":"wp","href":"https:\/\/api.w.org\/{rel}","templated":true}]}}