{"id":3772,"date":"2025-10-13T13:11:56","date_gmt":"2025-10-13T10:11:56","guid":{"rendered":"https:\/\/tammetorubbq.ee\/?post_type=product&#038;p=3772"},"modified":"2026-04-15T01:00:18","modified_gmt":"2026-04-14T22:00:18","slug":"yeti-antakiu-deze-su-ratukais-roadie-48-raudona","status":"publish","type":"product","link":"https:\/\/tammetorubbq.ee\/lt\/produktas\/yeti-antakiu-deze-su-ratukais-roadie-48-raudona\/","title":{"rendered":"YETI Roadie 48 su ratukais (raudona)"},"content":{"rendered":"<table class=\"woocommerce-product-attributes shop_attributes\" aria-label=\"I\u0161sami informacija apie gamin\u012f\">\n<tbody>\n<tr class=\"woocommerce-product-attributes-item woocommerce-product-attributes-item--weight\">\n<th class=\"woocommerce-product-attributes-item__label\" style=\"text-align: left;\" scope=\"row\">Svoris<\/th>\n<td class=\"woocommerce-product-attributes-item__value\">11,7 kg<\/td>\n<\/tr>\n<tr class=\"woocommerce-product-attributes-item woocommerce-product-attributes-item--dimensions\">\n<th class=\"woocommerce-product-attributes-item__label\" style=\"text-align: left;\" scope=\"row\">Matmenys<\/th>\n<td class=\"woocommerce-product-attributes-item__value\">50,5 \u00d7 50,3 \u00d7 52,1 cm<\/td>\n<\/tr>\n<\/tbody>\n<\/table>\n<p>&nbsp;<\/p>\n<p><strong data-start=\"148\" data-end=\"172\">\"Yeti\" - pagamintas, kad tarnaut\u0173 ilgai!<\/strong><\/p>\n<p>\"Yeti\" gim\u0117 2006 m. i\u0161 aistros gamtai ir nuotykiams. Tikslas buvo paprastas - sukurti \u012frang\u0105, kuri atlaikyt\u0173 sunkiausias s\u0105lygas ir nenuvilt\u0173 j\u016bs\u0173 kasdieni\u0173 nuotyki\u0173 metu.<\/p>\n<p>Viskas prasid\u0117jo nuo ledo d\u0117\u017e\u0117s patobulinimo, o \u0161iandien \"Yeti\" asortiment\u0105 sudaro patvar\u016bs termosai, g\u0117rim\u0173 buteliai ir aksesuarai, sukurti taip, kad tarnaut\u0173 vis\u0105 gyvenim\u0105.<\/p>\n<p>Nesvarbu, ar tai b\u016bt\u0173 kalnai, ar j\u016bra, ar mi\u0161kas, Yeti visada pasiruo\u0161\u0119s keliauti.<\/p>","protected":false},"excerpt":{"rendered":"<p><strong data-start=\"196\" data-end=\"271\">Didel\u0117 \u0161aldymo d\u0117\u017e\u0117, skirta g\u0117rimams, maistui ir m\u0117sai lengvai laikyti.<\/strong><\/p>\n<p>\"Roadie\u00ae 48\" au\u0161intuv\u0117 ant rat\u0173 yra manevringas mil\u017einas, kuriame derinamas legendinis \"Tundra\u00ae\" serijos ilgaam\u017ei\u0161kumas ir i\u0161skirtinis \u0161al\u010dio i\u0161laikymas su prakti\u0161ka rat\u0173 sistema. \u0160i d\u0117\u017e\u0117 yra beveik ned\u016b\u017etanti, tod\u0117l ledas joje i\u0161silaikys kelias dienas.<\/p>\n<h4 data-start=\"528\" data-end=\"560\">\ud83d\udede <strong data-start=\"536\" data-end=\"558\">Sukurta jud\u0117jimui<\/strong><\/h4>\n<ul data-start=\"561\" data-end=\"968\">\n<li data-start=\"561\" data-end=\"646\">\n<p data-start=\"563\" data-end=\"646\"><strong data-start=\"563\" data-end=\"585\">PERISKOOP\u2122 rankena<\/strong> - i\u0161traukiamas, stiprus ir skirtas dideliems kroviniams.<\/p>\n<\/li>\n<li data-start=\"647\" data-end=\"728\">\n<p data-start=\"649\" data-end=\"728\"><strong data-start=\"649\" data-end=\"670\">NEVERFLAT\u2122 ratai<\/strong> - sm\u016bgiams ir prad\u016brimams atspari vientisa padangos konstrukcija.<\/p>\n<\/li>\n<li data-start=\"729\" data-end=\"803\">\n<p data-start=\"731\" data-end=\"803\"><strong data-start=\"731\" data-end=\"754\">LIPGRIP\u2122 rankenos<\/strong> - netrukdykite ir palengvinkite d\u0117v\u0117jim\u0105.<\/p>\n<\/li>\n<li data-start=\"804\" data-end=\"883\">\n<p data-start=\"806\" data-end=\"883\"><strong data-start=\"806\" data-end=\"837\">Neslystan\u010dios p\u0117dos BEARFOOT\u2122<\/strong> - laikyti d\u0117\u017e\u0119 valtyje ar transporto priemon\u0117je.<\/p>\n<\/li>\n<li data-start=\"884\" data-end=\"968\">\n<p data-start=\"886\" data-end=\"968\"><strong data-start=\"886\" data-end=\"916\">ANCHORPOINT\u2122 suri\u0161imo zonos<\/strong> - lengva pritvirtinti prie valties, priekabos ar automobilio.<\/p>\n<\/li>\n<\/ul>\n<h4 data-start=\"975\" data-end=\"1012\">\ud83e\uddf1 <strong data-start=\"983\" data-end=\"1010\">Patvarus ir saugus<\/strong><\/h4>\n<ul data-start=\"1013\" data-end=\"1171\">\n<li data-start=\"1013\" data-end=\"1095\">\n<p data-start=\"1015\" data-end=\"1095\"><strong data-start=\"1015\" data-end=\"1044\">ROCKSOLID\u2122 konstrukcija<\/strong> - \u012f beveik nesulau\u017eyt\u0105, ginkluot\u0105 \u0161ird\u012f.<\/p>\n<\/li>\n<li data-start=\"1096\" data-end=\"1171\">\n<p data-start=\"1098\" data-end=\"1171\"><strong data-start=\"1098\" data-end=\"1128\">NEVERFAIL\u2122 vyri\u0173 sistema<\/strong> - dviej\u0173 kontakt\u0173 konstrukcija apsaugo nuo l\u016b\u017eimo.<\/p>\n<\/li>\n<\/ul>\n<h4 data-start=\"1178\" data-end=\"1215\">\u2744\ufe0f <strong data-start=\"1186\" data-end=\"1213\">Puiki izoliacija<\/strong><\/h4>\n<ul data-start=\"1216\" data-end=\"1424\">\n<li data-start=\"1216\" data-end=\"1298\">\n<p data-start=\"1218\" data-end=\"1298\"><strong data-start=\"1218\" data-end=\"1245\">PERMAFROST\u2122 izoliacija<\/strong> - sl\u0117giu \u012fpur\u0161kiamas poliuretanas ilgai i\u0161laiko \u0161alt\u012f.<\/p>\n<\/li>\n<li data-start=\"1299\" data-end=\"1424\">\n<p data-start=\"1301\" data-end=\"1424\"><strong data-start=\"1301\" data-end=\"1347\">\"INTERLOCK\u2122\" dang\u010dio sistema ir \"COLDLOCK\u2122\" tarpiklis<\/strong> - \u0161aldiklio kokyb\u0117s barjeras, kuris u\u017edaro \u0161alt\u012f ir nepraleid\u017eia kar\u0161\u010dio.<\/p>\n<\/li>\n<\/ul>\n<h4 data-start=\"1431\" data-end=\"1465\">\ud83d\udca1 <strong data-start=\"1439\" data-end=\"1463\">I\u0161maniosios funkcijos<\/strong><\/h4>\n<ul data-start=\"1466\" data-end=\"1733\">\n<li data-start=\"1466\" data-end=\"1528\">\n<p data-start=\"1468\" data-end=\"1528\"><strong data-start=\"1468\" data-end=\"1483\">QUICKLATCH\u2122<\/strong> - kad b\u016bt\u0173 galima greitai ir lengvai atidaryti viena ranka.<\/p>\n<\/li>\n<li data-start=\"1529\" data-end=\"1652\">\n<p data-start=\"1531\" data-end=\"1652\"><strong data-start=\"1531\" data-end=\"1558\">Labai gra\u017eus pakavimas<\/strong> - talpina daugum\u0105 standartini\u0173 vyno buteli\u0173 ir 2 litr\u0173 talpos gaivi\u0173j\u0173 g\u0117rim\u0173 buteli\u0173.<\/p>\n<\/li>\n<li data-start=\"1653\" data-end=\"1733\">\n<p data-start=\"1655\" data-end=\"1733\"><strong data-start=\"1655\" data-end=\"1680\">BESTDAM\u2122 drena\u017eo dangtelis<\/strong> - nepraleid\u017eia nuot\u0117kio ir u\u017etikrina greit\u0105 bei patog\u0173 i\u0161tu\u0161tinim\u0105.<\/p>\n<\/li>\n<\/ul>\n<p><strong>\"YETI Roadie\u00ae 48\" - kai reikia au\u0161intuvo, kuris jud\u0117t\u0173 kartu su jumis, atlaikyt\u0173 sm\u016bgius ir i\u0161laikyt\u0173 v\u0117s\u0105 kiekvieno nuotykio metu.<\/strong><\/p>\n<p data-start=\"1917\" data-end=\"2016\"><em><strong>Taip pat susipa\u017einkite su kitomis \"Yeti\" teikiamomis paslaugomis\u00a0<a href=\"https:\/\/tammetorubbq.ee\/lt\/gaminio-zyma\/kampinis-akumuliatorius\/\">su \u0161altais akumuliatoriais<\/a>.\u00a0<\/strong><\/em><\/p>\n<p><img loading=\"lazy\" decoding=\"async\" class=\"alignnone wp-image-3722\" src=\"http:\/\/tammetorubbq.ee\/wp-content\/uploads\/2025\/10\/YETI-logo-300x84.png\" alt=\"YETI logotipas\" width=\"168\" height=\"47\" srcset=\"https:\/\/tammetorubbq.ee\/wp-content\/uploads\/2025\/10\/YETI-logo-300x84.png 300w, https:\/\/tammetorubbq.ee\/wp-content\/uploads\/2025\/10\/YETI-logo-1024x287.png 1024w, https:\/\/tammetorubbq.ee\/wp-content\/uploads\/2025\/10\/YETI-logo-768x215.png 768w, https:\/\/tammetorubbq.ee\/wp-content\/uploads\/2025\/10\/YETI-logo-18x5.png 18w, https:\/\/tammetorubbq.ee\/wp-content\/uploads\/2025\/10\/YETI-logo-600x168.png 600w, https:\/\/tammetorubbq.ee\/wp-content\/uploads\/2025\/10\/YETI-logo-64x18.png 64w, https:\/\/tammetorubbq.ee\/wp-content\/uploads\/2025\/10\/YETI-logo.png 1298w\" sizes=\"auto, (max-width: 168px) 100vw, 168px\" \/><\/p>\n<p>&nbsp;<\/p>\n<p><a href=\"https:\/\/tammetorubbq.ee\/lt\/sumoketi-veliau\/\"><strong>PIRKITE DABAR, MOK\u0116KITE V\u0116LIAU<\/strong><\/a>\u00a0- be pal\u016bkan\u0173!<\/p>\n<p><img loading=\"lazy\" decoding=\"async\" class=\"alignnone wp-image-2646\" src=\"http:\/\/tammetorubbq.ee\/wp-content\/uploads\/2023\/12\/inbank-wordmark.png\" alt=\"\" width=\"167\" height=\"75\" srcset=\"https:\/\/tammetorubbq.ee\/wp-content\/uploads\/2023\/12\/inbank-wordmark.png 300w, https:\/\/tammetorubbq.ee\/wp-content\/uploads\/2023\/12\/inbank-wordmark-18x8.png 18w, https:\/\/tammetorubbq.ee\/wp-content\/uploads\/2023\/12\/inbank-wordmark-64x29.png 64w\" sizes=\"auto, (max-width: 167px) 100vw, 167px\" \/><\/p>\n<p>Taip pat si\u016blome galimyb\u0119 sumok\u0117ti v\u0117liau - viena, dviem arba trimis lygiomis dalimis be joki\u0173 pal\u016bkan\u0173 ar papildom\u0173 mokes\u010di\u0173.<\/p>\n<p>M\u016bs\u0173 pirkini\u0173 krep\u0161elyje rasite \u012fvairi\u0173 mok\u0117jimo b\u016bd\u0173 pasirinkim\u0105.<\/p>","protected":false},"featured_media":3779,"comment_status":"open","ping_status":"closed","template":"","meta":{"_uf_show_specific_survey":0,"_uf_disable_surveys":false},"pwb-brand":[204],"product_brand":[],"product_cat":[193,199],"product_tag":[207],"class_list":{"0":"post-3772","1":"product","2":"type-product","3":"status-publish","4":"has-post-thumbnail","6":"pwb-brand-yeti","7":"product_cat-yeti-coolerid-termotopsid","8":"product_cat-kulmakastid","9":"product_tag-kulmakast","11":"first","12":"instock","13":"taxable","14":"shipping-taxable","15":"purchasable","16":"product-type-simple"},"brands":[{"id":204,"name":"YETI","slug":"yeti"}],"_links":{"self":[{"href":"https:\/\/tammetorubbq.ee\/lt\/wp-json\/wp\/v2\/product\/3772","targetHints":{"allow":["GET"]}}],"collection":[{"href":"https:\/\/tammetorubbq.ee\/lt\/wp-json\/wp\/v2\/product"}],"about":[{"href":"https:\/\/tammetorubbq.ee\/lt\/wp-json\/wp\/v2\/types\/product"}],"replies":[{"embeddable":true,"href":"https:\/\/tammetorubbq.ee\/lt\/wp-json\/wp\/v2\/comments?post=3772"}],"wp:featuredmedia":[{"embeddable":true,"href":"https:\/\/tammetorubbq.ee\/lt\/wp-json\/wp\/v2\/media\/3779"}],"wp:attachment":[{"href":"https:\/\/tammetorubbq.ee\/lt\/wp-json\/wp\/v2\/media?parent=3772"}],"wp:term":[{"taxonomy":"pwb-brand","embeddable":true,"href":"https:\/\/tammetorubbq.ee\/lt\/wp-json\/wp\/v2\/pwb-brand?post=3772"},{"taxonomy":"product_brand","embeddable":true,"href":"https:\/\/tammetorubbq.ee\/lt\/wp-json\/wp\/v2\/product_brand?post=3772"},{"taxonomy":"product_cat","embeddable":true,"href":"https:\/\/tammetorubbq.ee\/lt\/wp-json\/wp\/v2\/product_cat?post=3772"},{"taxonomy":"product_tag","embeddable":true,"href":"https:\/\/tammetorubbq.ee\/lt\/wp-json\/wp\/v2\/product_tag?post=3772"}],"curies":[{"name":"wp","href":"https:\/\/api.w.org\/{rel}","templated":true}]}}