{"id":3790,"date":"2025-10-13T13:27:46","date_gmt":"2025-10-13T10:27:46","guid":{"rendered":"https:\/\/tammetorubbq.ee\/?post_type=product&#038;p=3790"},"modified":"2026-04-14T18:01:06","modified_gmt":"2026-04-14T15:01:06","slug":"yeti-minksta-antakiu-dezute-su-dirzeliu-per-peti-eu-hopper-flip-18-tamsiai-melyna","status":"publish","type":"product","link":"https:\/\/tammetorubbq.ee\/lt\/produktas\/yeti-minksta-antakiu-dezute-su-dirzeliu-per-peti-eu-hopper-flip-18-tamsiai-melyna\/","title":{"rendered":"YETI mink\u0161ta \u0161aldymo d\u0117\u017e\u0117 EU Hopper Flip 18 (tamsiai m\u0117lyna)"},"content":{"rendered":"<table class=\"woocommerce-product-attributes shop_attributes\" aria-label=\"I\u0161sami informacija apie gamin\u012f\">\n<tbody>\n<tr class=\"woocommerce-product-attributes-item woocommerce-product-attributes-item--weight\">\n<th class=\"woocommerce-product-attributes-item__label\" style=\"text-align: left;\" scope=\"row\">Svoris<\/th>\n<td class=\"woocommerce-product-attributes-item__value\">2,3 kg<\/td>\n<\/tr>\n<tr class=\"woocommerce-product-attributes-item woocommerce-product-attributes-item--dimensions\">\n<th class=\"woocommerce-product-attributes-item__label\" scope=\"row\">Matmenys<\/th>\n<td class=\"woocommerce-product-attributes-item__value\">27,3 \u00d7 41,3 \u00d7 33 cm<\/td>\n<\/tr>\n<\/tbody>\n<\/table>\n<p>&nbsp;<\/p>\n<p><strong data-start=\"148\" data-end=\"172\">\"Yeti\" - pagamintas, kad tarnaut\u0173 ilgai!<\/strong><\/p>\n<p>\"Yeti\" gim\u0117 2006 m. i\u0161 aistros gamtai ir nuotykiams. Tikslas buvo paprastas - sukurti \u012frang\u0105, kuri atlaikyt\u0173 sunkiausias s\u0105lygas ir nenuvilt\u0173 j\u016bs\u0173 kasdieni\u0173 nuotyki\u0173 metu.<\/p>\n<p>Viskas prasid\u0117jo nuo ledo d\u0117\u017e\u0117s patobulinimo, o \u0161iandien \"Yeti\" asortiment\u0105 sudaro patvar\u016bs termosai, g\u0117rim\u0173 buteliai ir aksesuarai, sukurti taip, kad tarnaut\u0173 vis\u0105 gyvenim\u0105.<\/p>\n<p>Nesvarbu, ar tai b\u016bt\u0173 kalnai, ar j\u016bra, ar mi\u0161kas, Yeti visada pasiruo\u0161\u0119s keliauti.<\/p>","protected":false},"excerpt":{"rendered":"<p><strong data-start=\"230\" data-end=\"289\">I\u0161laikykite \u0161alt\u012f kelias dienas ir tur\u0117kite visk\u0105, ko reikia, po ranka.<\/strong><\/p>\n<p>\"Hopper Flip\u00ae 18\" yra idealus kompanionas savaitgalio \u017eygiams ir ilgesn\u0117ms kelion\u0117ms. \u0160iame mink\u0161tame, sandariame ir universaliame au\u0161intuve derinama legendin\u0117 YETI izoliacija ir prakti\u0161kos funkcijos, pavyzd\u017eiui, \u012franki\u0173 ir pried\u0173 laikikliai.\u00a0<strong data-start=\"541\" data-end=\"561\">HitchPoint\u2122 tinklelis<\/strong>\u00a0sistemoje.<\/p>\n<h4 data-start=\"581\" data-end=\"621\">\u2744\ufe0f\u00a0<strong data-start=\"589\" data-end=\"619\">I\u0161laikyti v\u0117s\u0105 ir pasiekti did\u017eiausi\u0105 na\u0161um\u0105<\/strong><\/h4>\n<ul data-start=\"622\" data-end=\"854\">\n<li data-start=\"622\" data-end=\"762\">\n<p data-start=\"624\" data-end=\"762\"><strong data-start=\"624\" data-end=\"649\">COLDCELL\u2122 izoliacija<\/strong>\u00a0- U\u017edar\u0173 l\u0105steli\u0173 gumin\u0117s putos, kurios i\u0161laiko turin\u012f \u0161alt\u0105 daug ilgiau nei \u012fprasti mink\u0161ti \u0161aldikliai.<\/p>\n<\/li>\n<li data-start=\"763\" data-end=\"854\">\n<p data-start=\"765\" data-end=\"854\"><strong data-start=\"765\" data-end=\"787\">HYDROLOK\u2122 u\u017etrauktukas<\/strong>\u00a0- 100% sandari, tvirta ir labai veiksminga, neleid\u017eia \u0161al\u010diui patekti \u012f vid\u0173.<\/p>\n<\/li>\n<\/ul>\n<h4 data-start=\"861\" data-end=\"899\">\ud83e\uddf5\u00a0<strong data-start=\"869\" data-end=\"897\">Patvarus ir ilgaam\u017eis<\/strong><\/h4>\n<ul data-start=\"900\" data-end=\"1108\">\n<li data-start=\"900\" data-end=\"1021\">\n<p data-start=\"902\" data-end=\"1021\"><strong data-start=\"902\" data-end=\"919\">DRYHIDE\u2122 apvalkalas<\/strong>\u00a0- Didelio tankio audinys, atsparus perkrovoms, UV spinduliams ir pel\u0117siui, prailgina d\u0117\u017e\u0117s tarnavimo laik\u0105.<\/p>\n<\/li>\n<li data-start=\"1022\" data-end=\"1108\">\n<p data-start=\"1024\" data-end=\"1108\"><strong data-start=\"1024\" data-end=\"1047\">Platus burnos atidarymas<\/strong>\u00a0- lengviau pasiekti ir geriau ap\u017evelgti d\u0117\u017eut\u0117s turin\u012f.<\/p>\n<\/li>\n<\/ul>\n<p><strong>\"Hopper Flip\u00ae 18\" - mink\u0161tas au\u0161intuvas, kuris juda kartu su jumis, i\u0161laiko v\u0117s\u0105 ir visus reikalingus \u012frankius bei g\u0117rimus laiko po ranka.<\/strong><\/p>\n<p data-start=\"1917\" data-end=\"2016\"><em><strong>Taip pat susipa\u017einkite su kitomis \"Yeti\" teikiamomis paslaugomis\u00a0<a href=\"https:\/\/tammetorubbq.ee\/lt\/gaminio-zyma\/kampinis-akumuliatorius\/\">su \u0161altais akumuliatoriais<\/a>.\u00a0<\/strong><\/em><\/p>\n<p><img loading=\"lazy\" decoding=\"async\" class=\"alignnone wp-image-3722\" src=\"http:\/\/tammetorubbq.ee\/wp-content\/uploads\/2025\/10\/YETI-logo-300x84.png\" alt=\"YETI logotipas\" width=\"168\" height=\"47\" srcset=\"https:\/\/tammetorubbq.ee\/wp-content\/uploads\/2025\/10\/YETI-logo-300x84.png 300w, https:\/\/tammetorubbq.ee\/wp-content\/uploads\/2025\/10\/YETI-logo-1024x287.png 1024w, https:\/\/tammetorubbq.ee\/wp-content\/uploads\/2025\/10\/YETI-logo-768x215.png 768w, https:\/\/tammetorubbq.ee\/wp-content\/uploads\/2025\/10\/YETI-logo-18x5.png 18w, https:\/\/tammetorubbq.ee\/wp-content\/uploads\/2025\/10\/YETI-logo-600x168.png 600w, https:\/\/tammetorubbq.ee\/wp-content\/uploads\/2025\/10\/YETI-logo-64x18.png 64w, https:\/\/tammetorubbq.ee\/wp-content\/uploads\/2025\/10\/YETI-logo.png 1298w\" sizes=\"auto, (max-width: 168px) 100vw, 168px\" \/><\/p>\n<p>&nbsp;<\/p>\n<p><a href=\"https:\/\/tammetorubbq.ee\/lt\/sumoketi-veliau\/\"><strong>PIRKITE DABAR, MOK\u0116KITE V\u0116LIAU<\/strong><\/a>\u00a0- be pal\u016bkan\u0173!<\/p>\n<p><img loading=\"lazy\" decoding=\"async\" class=\"alignnone wp-image-2646\" src=\"http:\/\/tammetorubbq.ee\/wp-content\/uploads\/2023\/12\/inbank-wordmark.png\" alt=\"\" width=\"167\" height=\"75\" srcset=\"https:\/\/tammetorubbq.ee\/wp-content\/uploads\/2023\/12\/inbank-wordmark.png 300w, https:\/\/tammetorubbq.ee\/wp-content\/uploads\/2023\/12\/inbank-wordmark-18x8.png 18w, https:\/\/tammetorubbq.ee\/wp-content\/uploads\/2023\/12\/inbank-wordmark-64x29.png 64w\" sizes=\"auto, (max-width: 167px) 100vw, 167px\" \/><\/p>\n<p>Taip pat si\u016blome galimyb\u0119 sumok\u0117ti v\u0117liau - viena, dviem arba trimis lygiomis dalimis be joki\u0173 pal\u016bkan\u0173 ar papildom\u0173 mokes\u010di\u0173.<\/p>\n<p>M\u016bs\u0173 pirkini\u0173 krep\u0161elyje rasite \u012fvairi\u0173 mok\u0117jimo b\u016bd\u0173 pasirinkim\u0105.<\/p>","protected":false},"featured_media":3796,"comment_status":"open","ping_status":"closed","template":"","meta":{"_uf_show_specific_survey":0,"_uf_disable_surveys":false},"pwb-brand":[204],"product_brand":[],"product_cat":[193,199],"product_tag":[207],"class_list":{"0":"post-3790","1":"product","2":"type-product","3":"status-publish","4":"has-post-thumbnail","6":"pwb-brand-yeti","7":"product_cat-yeti-coolerid-termotopsid","8":"product_cat-kulmakastid","9":"product_tag-kulmakast","11":"first","12":"instock","13":"taxable","14":"shipping-taxable","15":"purchasable","16":"product-type-simple"},"brands":[{"id":204,"name":"YETI","slug":"yeti"}],"_links":{"self":[{"href":"https:\/\/tammetorubbq.ee\/lt\/wp-json\/wp\/v2\/product\/3790","targetHints":{"allow":["GET"]}}],"collection":[{"href":"https:\/\/tammetorubbq.ee\/lt\/wp-json\/wp\/v2\/product"}],"about":[{"href":"https:\/\/tammetorubbq.ee\/lt\/wp-json\/wp\/v2\/types\/product"}],"replies":[{"embeddable":true,"href":"https:\/\/tammetorubbq.ee\/lt\/wp-json\/wp\/v2\/comments?post=3790"}],"wp:featuredmedia":[{"embeddable":true,"href":"https:\/\/tammetorubbq.ee\/lt\/wp-json\/wp\/v2\/media\/3796"}],"wp:attachment":[{"href":"https:\/\/tammetorubbq.ee\/lt\/wp-json\/wp\/v2\/media?parent=3790"}],"wp:term":[{"taxonomy":"pwb-brand","embeddable":true,"href":"https:\/\/tammetorubbq.ee\/lt\/wp-json\/wp\/v2\/pwb-brand?post=3790"},{"taxonomy":"product_brand","embeddable":true,"href":"https:\/\/tammetorubbq.ee\/lt\/wp-json\/wp\/v2\/product_brand?post=3790"},{"taxonomy":"product_cat","embeddable":true,"href":"https:\/\/tammetorubbq.ee\/lt\/wp-json\/wp\/v2\/product_cat?post=3790"},{"taxonomy":"product_tag","embeddable":true,"href":"https:\/\/tammetorubbq.ee\/lt\/wp-json\/wp\/v2\/product_tag?post=3790"}],"curies":[{"name":"wp","href":"https:\/\/api.w.org\/{rel}","templated":true}]}}