{"id":3797,"date":"2025-10-13T13:39:22","date_gmt":"2025-10-13T10:39:22","guid":{"rendered":"https:\/\/tammetorubbq.ee\/?post_type=product&#038;p=3797"},"modified":"2026-04-15T01:00:06","modified_gmt":"2026-04-14T22:00:06","slug":"yeti-antakiu-segtukas-roadie-24-2-0-tamsiai-pilka","status":"publish","type":"product","link":"https:\/\/tammetorubbq.ee\/lt\/produktas\/yeti-antakiu-segtukas-roadie-24-2-0-tamsiai-pilka\/","title":{"rendered":"YETI \u0161aldytuvas \"Roadie 24 2.0\" (tamsiai pilkas)"},"content":{"rendered":"<table class=\"woocommerce-product-attributes shop_attributes\" aria-label=\"I\u0161sami informacija apie gamin\u012f\">\n<tbody>\n<tr class=\"woocommerce-product-attributes-item woocommerce-product-attributes-item--weight\">\n<th class=\"woocommerce-product-attributes-item__label\" style=\"text-align: left;\" scope=\"row\">Svoris<\/th>\n<td class=\"woocommerce-product-attributes-item__value\">5,9 kg<\/td>\n<\/tr>\n<tr class=\"woocommerce-product-attributes-item woocommerce-product-attributes-item--dimensions\">\n<th class=\"woocommerce-product-attributes-item__label\" scope=\"row\">Matmenys<\/th>\n<td class=\"woocommerce-product-attributes-item__value\">35,6 \u00d7 42,2 \u00d7 44,2 cm<\/td>\n<\/tr>\n<\/tbody>\n<\/table>\n<p>&nbsp;<\/p>\n<p><strong data-start=\"148\" data-end=\"172\">\"Yeti\" - pagamintas, kad tarnaut\u0173 ilgai!<\/strong><\/p>\n<p>\"Yeti\" gim\u0117 2006 m. i\u0161 aistros gamtai ir nuotykiams. Tikslas buvo paprastas - sukurti \u012frang\u0105, kuri atlaikyt\u0173 sunkiausias s\u0105lygas ir nenuvilt\u0173 j\u016bs\u0173 kasdieni\u0173 nuotyki\u0173 metu.<\/p>\n<p>Viskas prasid\u0117jo nuo ledo d\u0117\u017e\u0117s patobulinimo, o \u0161iandien \"Yeti\" asortiment\u0105 sudaro patvar\u016bs termosai, g\u0117rim\u0173 buteliai ir aksesuarai, sukurti taip, kad tarnaut\u0173 vis\u0105 gyvenim\u0105.<\/p>\n<p>Nesvarbu, ar tai b\u016bt\u0173 kalnai, ar j\u016bra, ar mi\u0161kas, Yeti visada pasiruo\u0161\u0119s keliauti.<\/p>","protected":false},"excerpt":{"rendered":"<p data-start=\"213\" data-end=\"454\"><strong data-start=\"213\" data-end=\"263\"><span style=\"color: #ff0000;\">NAUJAS MODELIS<\/span> - kompakti\u0161kas, erdvus ir visada pasiruo\u0161\u0119s nuotykiams.<\/strong><\/p>\n<p data-start=\"213\" data-end=\"454\">\"Roadie\u00ae 24 2.0\" yra kompakti\u0161ka, bet talpi au\u0161intuv\u0117, kuri lengvai telpa u\u017e vairuotojo arba keleivio s\u0117dyn\u0117s - idealiai tinka ilgesn\u0117ms kelion\u0117ms, \u017eygiams ar savaitgalio i\u0161vykoms.<\/p>\n<h4 data-start=\"461\" data-end=\"492\">\u2744\ufe0f <strong data-start=\"469\" data-end=\"490\">\u0160vie\u017eumas kelias dienas<\/strong><\/h4>\n<ul data-start=\"493\" data-end=\"741\">\n<li data-start=\"493\" data-end=\"572\">\n<p data-start=\"495\" data-end=\"572\">Laikykite g\u0117rimus ir maist\u0105 \u0161altus <strong data-start=\"525\" data-end=\"542\">per dien\u0105<\/strong>, pavyzd\u017eiui, \"Tundra\u00ae\" asortimento d\u0117\u017e\u0117s.<\/p>\n<\/li>\n<li data-start=\"573\" data-end=\"673\">\n<p data-start=\"575\" data-end=\"673\"><strong data-start=\"575\" data-end=\"600\">Vidinis auk\u0161tis 33 cm<\/strong> - tinka daugumai standartini\u0173 vyno ir gaivi\u0173j\u0173 g\u0117rim\u0173 buteli\u0173.<\/p>\n<\/li>\n<li data-start=\"674\" data-end=\"741\">\n<p data-start=\"676\" data-end=\"741\">Talpina iki <strong data-start=\"689\" data-end=\"706\">33 g\u0117rim\u0173 skardin\u0117s<\/strong> arba <strong data-start=\"711\" data-end=\"725\">11 kg ledo<\/strong> (tik ledas).<\/p>\n<\/li>\n<\/ul>\n<h4 data-start=\"748\" data-end=\"785\">\ud83e\uddf1 <strong data-start=\"756\" data-end=\"783\">Patvarus ir lengvai valdomas<\/strong><\/h4>\n<ul data-start=\"786\" data-end=\"1009\">\n<li data-start=\"786\" data-end=\"875\">\n<p data-start=\"788\" data-end=\"875\"><strong data-start=\"788\" data-end=\"817\">ROCKSOLID\u2122 konstrukcija<\/strong> - stiprus, lengvas ir kompakti\u0161kas, kad atlaikyt\u0173 sunkiausias s\u0105lygas.<\/p>\n<\/li>\n<li data-start=\"876\" data-end=\"941\">\n<p data-start=\"878\" data-end=\"941\"><strong data-start=\"878\" data-end=\"902\">HEFTYHAULER\u2122 rankena<\/strong> - Patogu d\u0117v\u0117ti ir lengva pasiimti su savimi.<\/p>\n<\/li>\n<li data-start=\"942\" data-end=\"1009\">\n<p data-start=\"944\" data-end=\"1009\"><strong data-start=\"944\" data-end=\"968\">QUICKLATCH\u2122 u\u017esegimas<\/strong> - Lankstus ir greitas atidarymas viena ranka.<\/p>\n<\/li>\n<\/ul>\n<h4 data-start=\"1016\" data-end=\"1057\">\ud83c\udf77 <strong data-start=\"1024\" data-end=\"1055\">Tinkamas vynui ir prakti\u0161kas<\/strong><\/h4>\n<ul data-start=\"1058\" data-end=\"1194\">\n<li data-start=\"1058\" data-end=\"1112\">\n<p data-start=\"1060\" data-end=\"1112\">Pakankamai auk\u0161tas, kad <strong data-start=\"1086\" data-end=\"1109\">vyno buteliai vertikaliai<\/strong>.<\/p>\n<\/li>\n<li data-start=\"1113\" data-end=\"1194\">\n<p data-start=\"1115\" data-end=\"1194\">Idealiai tinka <strong data-start=\"1132\" data-end=\"1191\">maistui ir g\u0117rimams laikyti ilgose kelion\u0117se.<\/strong>.<\/p>\n<\/li>\n<\/ul>\n<p><strong>Naujoji \"Roadie\u00ae 24 2.0\" - kompakti\u0161ka, tvirta ir prakti\u0161ka \u0161aldymo d\u0117\u017e\u0117, kurioje turinys i\u0161lieka \u0161vie\u017eias ir mobilus bet kokiomis s\u0105lygomis.<\/strong><\/p>\n<p data-start=\"1917\" data-end=\"2016\"><em><strong>Taip pat susipa\u017einkite su kitomis \"Yeti\" teikiamomis paslaugomis\u00a0<a href=\"https:\/\/tammetorubbq.ee\/lt\/gaminio-zyma\/kampinis-akumuliatorius\/\">su \u0161altais akumuliatoriais<\/a>.\u00a0<\/strong><\/em><\/p>\n<p><img loading=\"lazy\" decoding=\"async\" class=\"alignnone wp-image-3722\" src=\"http:\/\/tammetorubbq.ee\/wp-content\/uploads\/2025\/10\/YETI-logo-300x84.png\" alt=\"YETI logotipas\" width=\"168\" height=\"47\" srcset=\"https:\/\/tammetorubbq.ee\/wp-content\/uploads\/2025\/10\/YETI-logo-300x84.png 300w, https:\/\/tammetorubbq.ee\/wp-content\/uploads\/2025\/10\/YETI-logo-1024x287.png 1024w, https:\/\/tammetorubbq.ee\/wp-content\/uploads\/2025\/10\/YETI-logo-768x215.png 768w, https:\/\/tammetorubbq.ee\/wp-content\/uploads\/2025\/10\/YETI-logo-18x5.png 18w, https:\/\/tammetorubbq.ee\/wp-content\/uploads\/2025\/10\/YETI-logo-600x168.png 600w, https:\/\/tammetorubbq.ee\/wp-content\/uploads\/2025\/10\/YETI-logo-64x18.png 64w, https:\/\/tammetorubbq.ee\/wp-content\/uploads\/2025\/10\/YETI-logo.png 1298w\" sizes=\"auto, (max-width: 168px) 100vw, 168px\" \/><\/p>\n<p>&nbsp;<\/p>\n<p><a href=\"https:\/\/tammetorubbq.ee\/lt\/sumoketi-veliau\/\"><strong>PIRKITE DABAR, MOK\u0116KITE V\u0116LIAU<\/strong><\/a>\u00a0- be pal\u016bkan\u0173!<\/p>\n<p><img loading=\"lazy\" decoding=\"async\" class=\"alignnone wp-image-2646\" src=\"http:\/\/tammetorubbq.ee\/wp-content\/uploads\/2023\/12\/inbank-wordmark.png\" alt=\"\" width=\"167\" height=\"75\" srcset=\"https:\/\/tammetorubbq.ee\/wp-content\/uploads\/2023\/12\/inbank-wordmark.png 300w, https:\/\/tammetorubbq.ee\/wp-content\/uploads\/2023\/12\/inbank-wordmark-18x8.png 18w, https:\/\/tammetorubbq.ee\/wp-content\/uploads\/2023\/12\/inbank-wordmark-64x29.png 64w\" sizes=\"auto, (max-width: 167px) 100vw, 167px\" \/><\/p>\n<p>Taip pat si\u016blome galimyb\u0119 sumok\u0117ti v\u0117liau - viena, dviem arba trimis lygiomis dalimis be joki\u0173 pal\u016bkan\u0173 ar papildom\u0173 mokes\u010di\u0173.<\/p>\n<p>M\u016bs\u0173 pirkini\u0173 krep\u0161elyje rasite \u012fvairi\u0173 mok\u0117jimo b\u016bd\u0173 pasirinkim\u0105.<\/p>","protected":false},"featured_media":3802,"comment_status":"open","ping_status":"closed","template":"","meta":{"_uf_show_specific_survey":0,"_uf_disable_surveys":false},"pwb-brand":[204],"product_brand":[],"product_cat":[193,199],"product_tag":[207],"class_list":{"0":"post-3797","1":"product","2":"type-product","3":"status-publish","4":"has-post-thumbnail","6":"pwb-brand-yeti","7":"product_cat-yeti-coolerid-termotopsid","8":"product_cat-kulmakastid","9":"product_tag-kulmakast","11":"first","12":"instock","13":"taxable","14":"shipping-taxable","15":"purchasable","16":"product-type-simple"},"brands":[{"id":204,"name":"YETI","slug":"yeti"}],"_links":{"self":[{"href":"https:\/\/tammetorubbq.ee\/lt\/wp-json\/wp\/v2\/product\/3797","targetHints":{"allow":["GET"]}}],"collection":[{"href":"https:\/\/tammetorubbq.ee\/lt\/wp-json\/wp\/v2\/product"}],"about":[{"href":"https:\/\/tammetorubbq.ee\/lt\/wp-json\/wp\/v2\/types\/product"}],"replies":[{"embeddable":true,"href":"https:\/\/tammetorubbq.ee\/lt\/wp-json\/wp\/v2\/comments?post=3797"}],"wp:featuredmedia":[{"embeddable":true,"href":"https:\/\/tammetorubbq.ee\/lt\/wp-json\/wp\/v2\/media\/3802"}],"wp:attachment":[{"href":"https:\/\/tammetorubbq.ee\/lt\/wp-json\/wp\/v2\/media?parent=3797"}],"wp:term":[{"taxonomy":"pwb-brand","embeddable":true,"href":"https:\/\/tammetorubbq.ee\/lt\/wp-json\/wp\/v2\/pwb-brand?post=3797"},{"taxonomy":"product_brand","embeddable":true,"href":"https:\/\/tammetorubbq.ee\/lt\/wp-json\/wp\/v2\/product_brand?post=3797"},{"taxonomy":"product_cat","embeddable":true,"href":"https:\/\/tammetorubbq.ee\/lt\/wp-json\/wp\/v2\/product_cat?post=3797"},{"taxonomy":"product_tag","embeddable":true,"href":"https:\/\/tammetorubbq.ee\/lt\/wp-json\/wp\/v2\/product_tag?post=3797"}],"curies":[{"name":"wp","href":"https:\/\/api.w.org\/{rel}","templated":true}]}}