{"id":3823,"date":"2025-10-13T14:05:07","date_gmt":"2025-10-13T11:05:07","guid":{"rendered":"https:\/\/tammetorubbq.ee\/?post_type=product&#038;p=3823"},"modified":"2026-04-14T22:00:38","modified_gmt":"2026-04-14T19:00:38","slug":"yeti-kampine-deze-roadie-24-beez","status":"publish","type":"product","link":"https:\/\/tammetorubbq.ee\/lt\/produktas\/yeti-kampine-deze-roadie-24-beez\/","title":{"rendered":"YETI \u0161aldymo d\u0117\u017e\u0117 \"Roadie 24\" (sm\u0117lio spalvos)"},"content":{"rendered":"<table class=\"woocommerce-product-attributes shop_attributes\" aria-label=\"I\u0161sami informacija apie gamin\u012f\">\n<tbody>\n<tr class=\"woocommerce-product-attributes-item woocommerce-product-attributes-item--weight\">\n<th class=\"woocommerce-product-attributes-item__label\" scope=\"row\">Svoris<\/th>\n<td class=\"woocommerce-product-attributes-item__value\">5,8 kg<\/td>\n<\/tr>\n<tr class=\"woocommerce-product-attributes-item woocommerce-product-attributes-item--dimensions\">\n<th class=\"woocommerce-product-attributes-item__label\" scope=\"row\">Matmenys<\/th>\n<td class=\"woocommerce-product-attributes-item__value\">35,6 \u00d7 42,2 \u00d7 44,2 cm<\/td>\n<\/tr>\n<\/tbody>\n<\/table>\n<p>&nbsp;<\/p>\n<p><strong data-start=\"148\" data-end=\"172\">\"Yeti\" - pagamintas, kad tarnaut\u0173 ilgai!<\/strong><\/p>\n<p>\"Yeti\" gim\u0117 2006 m. i\u0161 aistros gamtai ir nuotykiams. Tikslas buvo paprastas - sukurti \u012frang\u0105, kuri atlaikyt\u0173 sunkiausias s\u0105lygas ir nenuvilt\u0173 j\u016bs\u0173 kasdieni\u0173 nuotyki\u0173 metu.<\/p>\n<p>Viskas prasid\u0117jo nuo ledo d\u0117\u017e\u0117s patobulinimo, o \u0161iandien \"Yeti\" asortiment\u0105 sudaro patvar\u016bs termosai, g\u0117rim\u0173 buteliai ir aksesuarai, sukurti taip, kad tarnaut\u0173 vis\u0105 gyvenim\u0105.<\/p>\n<p>Nesvarbu, ar tai b\u016bt\u0173 kalnai, ar j\u016bra, ar mi\u0161kas, Yeti visada pasiruo\u0161\u0119s keliauti.<\/p>","protected":false},"excerpt":{"rendered":"<p><strong data-start=\"199\" data-end=\"237\">Visada \u0161vie\u017eias turinys.<\/strong><\/p>\n<p>\"Roadie\u00ae 24\" yra pakankamai auk\u0161ta, kad joje b\u016bt\u0173 galima laikyti daugum\u0105 standartini\u0173 vyno buteli\u0173 ir i\u0161laikyti b\u016btiniausius g\u0117rimus bei maist\u0105 \u0161vie\u017eius, ta\u010diau pakankamai kompakti\u0161ka, kad tilpt\u0173 u\u017e vairuotojo ar keleivio s\u0117dyn\u0117s. Puikus palydovas ilgesn\u0117ms kelion\u0117ms ir kasdieniams nuotykiams.<\/p>\n<h4 data-start=\"520\" data-end=\"558\">\ud83e\uddf1\u00a0<strong data-start=\"528\" data-end=\"556\">Patvarus ir prakti\u0161kas<\/strong><\/h4>\n<ul data-start=\"559\" data-end=\"719\">\n<li data-start=\"559\" data-end=\"643\">\n<p data-start=\"561\" data-end=\"643\"><strong data-start=\"561\" data-end=\"590\">ROCKSOLID\u2122 konstrukcija<\/strong>\u00a0- beveik ned\u016b\u017etantis ir itin tvirtas.<\/p>\n<\/li>\n<li data-start=\"644\" data-end=\"719\">\n<p data-start=\"646\" data-end=\"719\"><strong data-start=\"646\" data-end=\"676\">NEVERFAIL\u2122 vyri\u0173 sistema<\/strong>\u00a0- dviej\u0173 kontakt\u0173 konstrukcija apsaugo nuo l\u016b\u017eimo.<\/p>\n<\/li>\n<\/ul>\n<h4 data-start=\"726\" data-end=\"779\">\ud83d\udee0\u00a0<strong data-start=\"734\" data-end=\"777\">I\u0161maniosios rankenos ir tvirtinimo sistemos<\/strong><\/h4>\n<ul data-start=\"780\" data-end=\"1082\">\n<li data-start=\"780\" data-end=\"842\">\n<p data-start=\"782\" data-end=\"842\"><strong data-start=\"782\" data-end=\"806\">HEFTYHAULER\u2122 rankena<\/strong>\u00a0- patogus ne\u0161iotis ir ne\u0161ioti.<\/p>\n<\/li>\n<li data-start=\"843\" data-end=\"920\">\n<p data-start=\"845\" data-end=\"920\"><strong data-start=\"845\" data-end=\"868\">LIPGRIP\u2122 rankenos<\/strong>\u00a0- netrukdyt\u0173 ir palengvint\u0173 jo perk\u0117lim\u0105.<\/p>\n<\/li>\n<li data-start=\"921\" data-end=\"997\">\n<p data-start=\"923\" data-end=\"997\"><strong data-start=\"923\" data-end=\"954\">Neslystan\u010dios p\u0117dos BEARFOOT\u2122<\/strong>\u00a0- laikyti d\u0117\u017e\u0119 valtyje ar automobilyje.<\/p>\n<\/li>\n<li data-start=\"998\" data-end=\"1082\">\n<p data-start=\"1000\" data-end=\"1082\"><strong data-start=\"1000\" data-end=\"1030\">ANCHORPOINT\u2122 suri\u0161imo zonos<\/strong>\u00a0- lengva pritvirtinti prie valties, priekabos ar automobilio.<\/p>\n<\/li>\n<\/ul>\n<h4 data-start=\"1089\" data-end=\"1126\">\u2744\ufe0f\u00a0<strong data-start=\"1097\" data-end=\"1124\">Puiki izoliacija<\/strong><\/h4>\n<ul data-start=\"1127\" data-end=\"1336\">\n<li data-start=\"1127\" data-end=\"1210\">\n<p data-start=\"1129\" data-end=\"1210\"><strong data-start=\"1129\" data-end=\"1156\">PERMAFROST\u2122 izoliacija<\/strong>\u00a0- sl\u0117giu \u012fpur\u0161kiamas poliuretanas ilgiau i\u0161laiko \u0161alt\u012f.<\/p>\n<\/li>\n<li data-start=\"1211\" data-end=\"1336\">\n<p data-start=\"1213\" data-end=\"1336\"><strong data-start=\"1213\" data-end=\"1259\">\"INTERLOCK\u2122\" dang\u010dio sistema ir \"COLDLOCK\u2122\" tarpiklis<\/strong>\u00a0- \u0161aldiklio kokyb\u0117s barjeras, kuris u\u017edaro \u0161alt\u012f ir nepraleid\u017eia kar\u0161\u010dio.<\/p>\n<\/li>\n<\/ul>\n<h4 data-start=\"1343\" data-end=\"1384\">\ud83c\udf77\u00a0<strong data-start=\"1351\" data-end=\"1382\">Tinkamas vynui ir prakti\u0161kas<\/strong><\/h4>\n<ul data-start=\"1385\" data-end=\"1525\">\n<li data-start=\"1385\" data-end=\"1467\">\n<p data-start=\"1387\" data-end=\"1467\">Joje telpa dauguma standartini\u0173 vyno buteli\u0173 ir 2 litr\u0173 talpos nealkoholini\u0173 g\u0117rim\u0173.<\/p>\n<\/li>\n<li data-start=\"1468\" data-end=\"1525\">\n<p data-start=\"1470\" data-end=\"1525\"><strong data-start=\"1470\" data-end=\"1494\">QUICKLATCH\u2122 u\u017esegimas<\/strong>\u00a0- greitas atidarymas viena ranka.<\/p>\n<\/li>\n<\/ul>\n<p><strong>\"Roadie\u00ae 24\" - kompakti\u0161kas, tvirtas ir \u0161alt\u012f sulaikantis \u010dempionas, kuris keliauja su jumis \u012f kiekvien\u0105 nuotyk\u012f.<\/strong><\/p>\n<p data-start=\"1917\" data-end=\"2016\"><em><strong>Taip pat susipa\u017einkite su kitomis \"Yeti\" teikiamomis paslaugomis\u00a0<a href=\"https:\/\/tammetorubbq.ee\/lt\/gaminio-zyma\/kampinis-akumuliatorius\/\">su \u0161altais akumuliatoriais<\/a>.\u00a0<\/strong><\/em><\/p>\n<p><img loading=\"lazy\" decoding=\"async\" class=\"alignnone wp-image-3722\" src=\"http:\/\/tammetorubbq.ee\/wp-content\/uploads\/2025\/10\/YETI-logo-300x84.png\" alt=\"YETI logotipas\" width=\"168\" height=\"47\" srcset=\"https:\/\/tammetorubbq.ee\/wp-content\/uploads\/2025\/10\/YETI-logo-300x84.png 300w, https:\/\/tammetorubbq.ee\/wp-content\/uploads\/2025\/10\/YETI-logo-1024x287.png 1024w, https:\/\/tammetorubbq.ee\/wp-content\/uploads\/2025\/10\/YETI-logo-768x215.png 768w, https:\/\/tammetorubbq.ee\/wp-content\/uploads\/2025\/10\/YETI-logo-18x5.png 18w, https:\/\/tammetorubbq.ee\/wp-content\/uploads\/2025\/10\/YETI-logo-600x168.png 600w, https:\/\/tammetorubbq.ee\/wp-content\/uploads\/2025\/10\/YETI-logo-64x18.png 64w, https:\/\/tammetorubbq.ee\/wp-content\/uploads\/2025\/10\/YETI-logo.png 1298w\" sizes=\"auto, (max-width: 168px) 100vw, 168px\" \/><\/p>\n<p>&nbsp;<\/p>\n<p><a href=\"https:\/\/tammetorubbq.ee\/lt\/sumoketi-veliau\/\"><strong>PIRKITE DABAR, MOK\u0116KITE V\u0116LIAU<\/strong><\/a>\u00a0- be pal\u016bkan\u0173!<\/p>\n<p><img loading=\"lazy\" decoding=\"async\" class=\"alignnone wp-image-2646\" src=\"http:\/\/tammetorubbq.ee\/wp-content\/uploads\/2023\/12\/inbank-wordmark.png\" alt=\"\" width=\"167\" height=\"75\" srcset=\"https:\/\/tammetorubbq.ee\/wp-content\/uploads\/2023\/12\/inbank-wordmark.png 300w, https:\/\/tammetorubbq.ee\/wp-content\/uploads\/2023\/12\/inbank-wordmark-18x8.png 18w, https:\/\/tammetorubbq.ee\/wp-content\/uploads\/2023\/12\/inbank-wordmark-64x29.png 64w\" sizes=\"auto, (max-width: 167px) 100vw, 167px\" \/><\/p>\n<p>Taip pat si\u016blome galimyb\u0119 sumok\u0117ti v\u0117liau - viena, dviem arba trimis lygiomis dalimis be joki\u0173 pal\u016bkan\u0173 ar papildom\u0173 mokes\u010di\u0173.<\/p>\n<p>M\u016bs\u0173 pirkini\u0173 krep\u0161elyje rasite \u012fvairi\u0173 mok\u0117jimo b\u016bd\u0173 pasirinkim\u0105.<\/p>","protected":false},"featured_media":3830,"comment_status":"open","ping_status":"closed","template":"","meta":{"_uf_show_specific_survey":0,"_uf_disable_surveys":false},"pwb-brand":[204],"product_brand":[],"product_cat":[193,199],"product_tag":[207],"class_list":{"0":"post-3823","1":"product","2":"type-product","3":"status-publish","4":"has-post-thumbnail","6":"pwb-brand-yeti","7":"product_cat-yeti-coolerid-termotopsid","8":"product_cat-kulmakastid","9":"product_tag-kulmakast","11":"first","12":"instock","13":"taxable","14":"shipping-taxable","15":"purchasable","16":"product-type-simple"},"brands":[{"id":204,"name":"YETI","slug":"yeti"}],"_links":{"self":[{"href":"https:\/\/tammetorubbq.ee\/lt\/wp-json\/wp\/v2\/product\/3823","targetHints":{"allow":["GET"]}}],"collection":[{"href":"https:\/\/tammetorubbq.ee\/lt\/wp-json\/wp\/v2\/product"}],"about":[{"href":"https:\/\/tammetorubbq.ee\/lt\/wp-json\/wp\/v2\/types\/product"}],"replies":[{"embeddable":true,"href":"https:\/\/tammetorubbq.ee\/lt\/wp-json\/wp\/v2\/comments?post=3823"}],"wp:featuredmedia":[{"embeddable":true,"href":"https:\/\/tammetorubbq.ee\/lt\/wp-json\/wp\/v2\/media\/3830"}],"wp:attachment":[{"href":"https:\/\/tammetorubbq.ee\/lt\/wp-json\/wp\/v2\/media?parent=3823"}],"wp:term":[{"taxonomy":"pwb-brand","embeddable":true,"href":"https:\/\/tammetorubbq.ee\/lt\/wp-json\/wp\/v2\/pwb-brand?post=3823"},{"taxonomy":"product_brand","embeddable":true,"href":"https:\/\/tammetorubbq.ee\/lt\/wp-json\/wp\/v2\/product_brand?post=3823"},{"taxonomy":"product_cat","embeddable":true,"href":"https:\/\/tammetorubbq.ee\/lt\/wp-json\/wp\/v2\/product_cat?post=3823"},{"taxonomy":"product_tag","embeddable":true,"href":"https:\/\/tammetorubbq.ee\/lt\/wp-json\/wp\/v2\/product_tag?post=3823"}],"curies":[{"name":"wp","href":"https:\/\/api.w.org\/{rel}","templated":true}]}}