{"id":3956,"date":"2025-10-15T14:19:08","date_gmt":"2025-10-15T11:19:08","guid":{"rendered":"https:\/\/tammetorubbq.ee\/?post_type=product&#038;p=3956"},"modified":"2026-04-16T21:00:21","modified_gmt":"2026-04-16T18:00:21","slug":"yeti-termoso-gertuves-su-dangteliu-rambler-puodelis-su-siaudeliu-1l-neonines-sviesiai-zalios-spalvos","status":"publish","type":"product","link":"https:\/\/tammetorubbq.ee\/lt\/produktas\/yeti-termoso-gertuves-su-dangteliu-rambler-puodelis-su-siaudeliu-1l-neonines-sviesiai-zalios-spalvos\/","title":{"rendered":"YETI termosas su dangteliu, koteliu ir \u0161iaudeliu Rambler Straw Mug 1L (neonin\u0117s \u0161viesiai \u017ealios spalvos)"},"content":{"rendered":"<p><strong data-start=\"148\" data-end=\"172\">\"Yeti\" - pagamintas, kad tarnaut\u0173 ilgai!<\/strong><\/p>\n<p>\"Yeti\" gim\u0117 2006 m. i\u0161 aistros gamtai ir nuotykiams. Tikslas buvo paprastas - sukurti \u012frang\u0105, kuri atlaikyt\u0173 sunkiausias s\u0105lygas ir nenuvilt\u0173 j\u016bs\u0173 kasdieni\u0173 nuotyki\u0173 metu.<\/p>\n<p>Viskas prasid\u0117jo nuo ledo d\u0117\u017e\u0117s patobulinimo, o \u0161iandien \"Yeti\" asortiment\u0105 sudaro patvar\u016bs termosai, g\u0117rim\u0173 buteliai ir aksesuarai, sukurti taip, kad tarnaut\u0173 vis\u0105 gyvenim\u0105.<\/p>\n<p>Nesvarbu, ar tai b\u016bt\u0173 kalnai, ar j\u016bra, ar mi\u0161kas, Yeti visada pasiruo\u0161\u0119s keliauti.<\/p>","protected":false},"excerpt":{"rendered":"<p data-start=\"225\" data-end=\"582\"><strong data-start=\"225\" data-end=\"276\">Galingas ir madingas gertuv\u0117s vir\u0161us kiekvienam nuotykiui.<\/strong><\/p>\n<p data-start=\"225\" data-end=\"582\">\"YETI Rambler\u00ae\" 35 oz talpos puodelis su \u0161iaudeliais skirtas i\u0161laikyti g\u0117rimus \u0161altus arba kar\u0161tus ilgose kelion\u0117se, \u017eygiuose ir kasdien\u0117se kelion\u0117se.\u00a0<strong data-start=\"418\" data-end=\"450\">Dviguba vakuumin\u0117 izoliacija<\/strong>\u00a0u\u017etikrina ideali\u0105 temperat\u016br\u0105, o\u00a0<strong data-start=\"495\" data-end=\"523\">daugkartinio naudojimo \u0161iaudeli\u0173 dangtelis<\/strong>\u00a0su kam\u0161teliu, kuris i\u0161laiko \u0161iaudel\u012f vietoje ir leid\u017eia patogiai gerti.<\/p>\n<p data-start=\"584\" data-end=\"807\">Puodelis pagamintas i\u0161\u00a0<strong data-start=\"605\" data-end=\"635\">18\/8 ner\u016bdijantis plienas<\/strong>kuris yra atsparus korozijai ir r\u016bdims, ir\u00a0<strong data-start=\"673\" data-end=\"700\">galima plauti indaplov\u0117je<\/strong>, tod\u0117l lengva atlikti technin\u0119 prie\u017ei\u016br\u0105.\u00a0<strong data-start=\"730\" data-end=\"763\">Visi komponentai yra be BPA<\/strong>u\u017etikrinant saug\u0173 ir \u0161var\u0173 g\u0117rim\u0105.<\/p>\n<h4 data-start=\"809\" data-end=\"826\"><strong data-start=\"814\" data-end=\"826\">Funkcijos<\/strong><\/h4>\n<ul data-start=\"827\" data-end=\"1092\">\n<li data-start=\"827\" data-end=\"857\">\n<p data-start=\"829\" data-end=\"857\">Talpa:\u00a0<strong data-start=\"840\" data-end=\"855\">1 L (35 oz)<\/strong><\/p>\n<\/li>\n<li data-start=\"858\" data-end=\"926\">\n<p data-start=\"860\" data-end=\"926\"><strong data-start=\"860\" data-end=\"892\">Dviguba vakuumin\u0117 izoliacija<\/strong>\u00a0- i\u0161laiko g\u0117rim\u0105 kar\u0161t\u0105 arba \u0161alt\u0105.<\/p>\n<\/li>\n<li data-start=\"927\" data-end=\"981\">\n<p data-start=\"929\" data-end=\"981\"><strong data-start=\"929\" data-end=\"954\">18\/8 ner\u016bdijantis plienas<\/strong>\u00a0- atsparus sm\u016bgiams ir r\u016bdims<\/p>\n<\/li>\n<li data-start=\"982\" data-end=\"1025\">\n<p data-start=\"984\" data-end=\"1025\"><strong data-start=\"984\" data-end=\"1012\">Daugkartinio naudojimo ausies kabliukas<\/strong>\u00a0su chronometru<\/p>\n<\/li>\n<li data-start=\"1026\" data-end=\"1057\">\n<p data-start=\"1028\" data-end=\"1057\"><strong data-start=\"1028\" data-end=\"1055\">Galima plauti indaplov\u0117je<\/strong><\/p>\n<\/li>\n<li data-start=\"1058\" data-end=\"1092\">\n<p data-start=\"1060\" data-end=\"1092\"><strong data-start=\"1060\" data-end=\"1090\">100% be nuot\u0117kio ir BPA<\/strong><\/p>\n<\/li>\n<\/ul>\n<p data-start=\"1094\" data-end=\"1216\">\u26a0\ufe0f\u00a0<strong data-start=\"1097\" data-end=\"1108\">Pastaba:<\/strong>\u00a0Moli\u016bgas netinka kar\u0161tiems g\u0117rimams. Kar\u0161tiems g\u0117rimams galima \u012fsigyti atskir\u0105 YETI MagSlider\u2122 dangtel\u012f.<\/p>\n<p data-start=\"1094\" data-end=\"1216\">\n<p data-start=\"1094\" data-end=\"1216\"><img loading=\"lazy\" decoding=\"async\" class=\"alignnone wp-image-3722\" src=\"http:\/\/tammetorubbq.ee\/wp-content\/uploads\/2025\/10\/YETI-logo-300x84.png\" alt=\"YETI logotipas\" width=\"168\" height=\"47\" srcset=\"https:\/\/tammetorubbq.ee\/wp-content\/uploads\/2025\/10\/YETI-logo-300x84.png 300w, https:\/\/tammetorubbq.ee\/wp-content\/uploads\/2025\/10\/YETI-logo-1024x287.png 1024w, https:\/\/tammetorubbq.ee\/wp-content\/uploads\/2025\/10\/YETI-logo-768x215.png 768w, https:\/\/tammetorubbq.ee\/wp-content\/uploads\/2025\/10\/YETI-logo-18x5.png 18w, https:\/\/tammetorubbq.ee\/wp-content\/uploads\/2025\/10\/YETI-logo-600x168.png 600w, https:\/\/tammetorubbq.ee\/wp-content\/uploads\/2025\/10\/YETI-logo-64x18.png 64w, https:\/\/tammetorubbq.ee\/wp-content\/uploads\/2025\/10\/YETI-logo.png 1298w\" sizes=\"auto, (max-width: 168px) 100vw, 168px\" \/><\/p>","protected":false},"featured_media":3959,"comment_status":"open","ping_status":"closed","template":"","meta":{"_uf_show_specific_survey":0,"_uf_disable_surveys":false},"pwb-brand":[204],"product_brand":[],"product_cat":[193,200],"product_tag":[210,213],"class_list":{"0":"post-3956","1":"product","2":"type-product","3":"status-publish","4":"has-post-thumbnail","6":"pwb-brand-yeti","7":"product_cat-yeti-coolerid-termotopsid","8":"product_cat-termotopsid-kruusid-pudelid","9":"product_tag-termospudel","10":"product_tag-termostops","12":"first","13":"instock","14":"taxable","15":"shipping-taxable","16":"purchasable","17":"product-type-simple"},"brands":[{"id":204,"name":"YETI","slug":"yeti"}],"_links":{"self":[{"href":"https:\/\/tammetorubbq.ee\/lt\/wp-json\/wp\/v2\/product\/3956","targetHints":{"allow":["GET"]}}],"collection":[{"href":"https:\/\/tammetorubbq.ee\/lt\/wp-json\/wp\/v2\/product"}],"about":[{"href":"https:\/\/tammetorubbq.ee\/lt\/wp-json\/wp\/v2\/types\/product"}],"replies":[{"embeddable":true,"href":"https:\/\/tammetorubbq.ee\/lt\/wp-json\/wp\/v2\/comments?post=3956"}],"wp:featuredmedia":[{"embeddable":true,"href":"https:\/\/tammetorubbq.ee\/lt\/wp-json\/wp\/v2\/media\/3959"}],"wp:attachment":[{"href":"https:\/\/tammetorubbq.ee\/lt\/wp-json\/wp\/v2\/media?parent=3956"}],"wp:term":[{"taxonomy":"pwb-brand","embeddable":true,"href":"https:\/\/tammetorubbq.ee\/lt\/wp-json\/wp\/v2\/pwb-brand?post=3956"},{"taxonomy":"product_brand","embeddable":true,"href":"https:\/\/tammetorubbq.ee\/lt\/wp-json\/wp\/v2\/product_brand?post=3956"},{"taxonomy":"product_cat","embeddable":true,"href":"https:\/\/tammetorubbq.ee\/lt\/wp-json\/wp\/v2\/product_cat?post=3956"},{"taxonomy":"product_tag","embeddable":true,"href":"https:\/\/tammetorubbq.ee\/lt\/wp-json\/wp\/v2\/product_tag?post=3956"}],"curies":[{"name":"wp","href":"https:\/\/api.w.org\/{rel}","templated":true}]}}