{"id":3979,"date":"2025-10-15T14:55:35","date_gmt":"2025-10-15T11:55:35","guid":{"rendered":"https:\/\/tammetorubbq.ee\/?post_type=product&#038;p=3979"},"modified":"2026-04-16T23:00:28","modified_gmt":"2026-04-16T20:00:28","slug":"ninja-multicups-foodi-max-14-uhes-smartlid-75l","status":"publish","type":"product","link":"https:\/\/tammetorubbq.ee\/lt\/produktas\/ninja-multicups-foodi-max-14-uhes-smartlid-75l\/","title":{"rendered":"\"Ninja\" daugiafunkcin\u0117 keptuv\u0117 \"Foodi MAX 14-in-one SmartLid\" 7,5 l"},"content":{"rendered":"<table class=\"woocommerce-product-attributes shop_attributes\" aria-label=\"I\u0161sami informacija apie gamin\u012f\">\n<tbody>\n<tr class=\"woocommerce-product-attributes-item woocommerce-product-attributes-item--weight\">\n<th class=\"woocommerce-product-attributes-item__label\" style=\"text-align: left;\" scope=\"row\">Svoris<\/th>\n<td class=\"woocommerce-product-attributes-item__value\">11,3 kg<\/td>\n<\/tr>\n<tr class=\"woocommerce-product-attributes-item woocommerce-product-attributes-item--dimensions\">\n<th class=\"woocommerce-product-attributes-item__label\" scope=\"row\">Matmenys<\/th>\n<td class=\"woocommerce-product-attributes-item__value\">39,8 \u00d7 39,1 \u00d7 43,8 cm<\/td>\n<\/tr>\n<\/tbody>\n<\/table>\n<p data-start=\"112\" data-end=\"348\"><strong data-start=\"112\" data-end=\"121\">Ninja<\/strong> <strong>preki\u0173 \u017eenklas<\/strong> yra gerai \u017einomas amerikie\u010di\u0173 buitin\u0117s technikos prek\u0117s \u017eenklas, priklausantis bendrovei <strong data-start=\"187\" data-end=\"201\">SharkNinja<\/strong>. Prek\u0117s \u017eenklas vertinamas d\u0117l savo <strong data-start=\"225\" data-end=\"269\">i\u0161man\u016bs ir patog\u016bs sprendimai.<\/strong> kurie palengvina kasdien\u012f maisto ruo\u0161im\u0105 ir padidina jo efektyvum\u0105.<\/p>\n<p data-start=\"350\" data-end=\"651\">\"Ninja\" asortiment\u0105 sudaro <strong data-start=\"380\" data-end=\"434\">mai\u0161ytuvai, virtuviniai kombainai, keptuv\u0117s, daugiafunkcin\u0117s keptuv\u0117s<\/strong> ir vis da\u017eniau <strong data-start=\"452\" data-end=\"474\">lauko virtuv\u0117s \u012franga<\/strong>. Visi produktai yra sukurti taip, kad der\u0117t\u0173 <strong data-start=\"507\" data-end=\"564\">funkcionalumas, patikimumas ir novatori\u0161kas dizainas<\/strong>sukurti geriausi\u0105 \u012frank\u012f kiekvienai virtuvei - tiek nam\u0173, tiek profesional\u0173 virtuvei.<\/p>","protected":false},"excerpt":{"rendered":"<p><strong data-start=\"223\" data-end=\"259\">\"Ninja Foot MAX 14-in-one SmartLid\" dangtelis<\/strong> yra naujos kartos <strong data-start=\"282\" data-end=\"308\">i\u0161manioji daugiafunkcin\u0117 keptuv\u0117<\/strong>, kuriame derinama <strong data-start=\"322\" data-end=\"357\">14 skirting\u0173 kepimo funkcij\u0173<\/strong> viename \u012frenginyje. D\u0117l naujovi\u0161ko <strong data-start=\"391\" data-end=\"418\">\"SmartLid\u2122\" technologija<\/strong> re\u017eimus galite perjungti papras\u010diausiai pastumdami slankikl\u012f - prietaisas automati\u0161kai atpa\u017e\u012fsta pasirinkt\u0105 funkcij\u0105 ir atitinkamai sureguliuoja kepimo re\u017eim\u0105.<br data-start=\"559\" data-end=\"562\" \/>Didelis <strong data-start=\"567\" data-end=\"596\">7,5 litro kepimo indas<\/strong> talpina iki <strong data-start=\"610\" data-end=\"640\">6 porcijos arba 3 kg vi\u0161tienos<\/strong>, idealiai tinka \u0161eimoms ir draug\u0173 grup\u0117ms.<\/p>\n<h4 data-start=\"711\" data-end=\"737\"><strong data-start=\"716\" data-end=\"737\">Pagrindin\u0117s funkcijos<\/strong><\/h4>\n<ul data-start=\"738\" data-end=\"1491\">\n<li data-start=\"738\" data-end=\"970\">\n<p data-start=\"740\" data-end=\"970\"><strong data-start=\"740\" data-end=\"772\">3 re\u017eimai ir 14 funkcij\u0173:<\/strong> virimas sl\u0117giniu b\u016bdu, virimas garuose, kepimas garuose ir kepimas, kepimas ore, kepimas ant groteli\u0173, kepimas, d\u017eiovinimas, gruzdinimas, kepimas garuose, l\u0117tas kepimas, jogurto ir duonos gaminimas.<\/p>\n<\/li>\n<li data-start=\"971\" data-end=\"1100\">\n<p data-start=\"973\" data-end=\"1100\"><strong data-start=\"973\" data-end=\"988\">Kombinuoti garai<\/strong> - kombinuotas gar\u0173 re\u017eimas u\u017etikrina <strong data-start=\"1022\" data-end=\"1053\">sultingas ir tra\u0161kus rezultatas<\/strong> iki 40% grei\u010diau nei \u012fprastais metodais.<\/p>\n<\/li>\n<li data-start=\"1101\" data-end=\"1184\">\n<p data-start=\"1103\" data-end=\"1184\"><strong data-start=\"1103\" data-end=\"1123\">Virimas spaud\u017eiant<\/strong> bus galima \u012fsigyti iki <strong data-start=\"1136\" data-end=\"1153\">70% grei\u010diau<\/strong> ir i\u0161saugo maisto sultingum\u0105.<\/p>\n<\/li>\n<li data-start=\"1185\" data-end=\"1276\">\n<p data-start=\"1187\" data-end=\"1276\"><strong data-start=\"1187\" data-end=\"1204\">Fritavimas oru<\/strong> suma\u017eina alyvos naudojim\u0105 iki <strong data-start=\"1232\" data-end=\"1239\">75%<\/strong>, o rezultatas - ry\u0161kus.<\/p>\n<\/li>\n<li data-start=\"1277\" data-end=\"1361\">\n<p data-start=\"1279\" data-end=\"1361\"><strong data-start=\"1279\" data-end=\"1303\">Garinimo funkcija<\/strong> te\u0161la pakyla ir i\u0161kepa vientisa.<\/p>\n<\/li>\n<li data-start=\"1362\" data-end=\"1491\">\n<p data-start=\"1364\" data-end=\"1491\"><strong data-start=\"1364\" data-end=\"1422\">L\u0117to kepimo, d\u017eiovinimo ir jogurto funkcija<\/strong> sukuria begal\u0119 galimybi\u0173 tiek pikanti\u0161kiems, tiek saldiems patiekalams gaminti.<\/p>\n<\/li>\n<\/ul>\n<h4 data-start=\"1498\" data-end=\"1524\"><strong data-start=\"1503\" data-end=\"1524\">Techniniai duomenys<\/strong><\/h4>\n<ul data-start=\"1525\" data-end=\"1710\">\n<li data-start=\"1525\" data-end=\"1548\">\n<p data-start=\"1527\" data-end=\"1548\"><strong data-start=\"1527\" data-end=\"1539\">Galia:<\/strong> 1760 W<\/p>\n<\/li>\n<li data-start=\"1549\" data-end=\"1581\">\n<p data-start=\"1551\" data-end=\"1581\"><strong data-start=\"1551\" data-end=\"1573\">Kepimo indo talpa:<\/strong> 7,5 L<\/p>\n<\/li>\n<li data-start=\"1582\" data-end=\"1633\">\n<p data-start=\"1584\" data-end=\"1633\"><strong data-start=\"1584\" data-end=\"1597\">Med\u017eiaga:<\/strong> Nano keramikos nesikaupianti danga<\/p>\n<\/li>\n<li data-start=\"1634\" data-end=\"1672\">\n<p data-start=\"1636\" data-end=\"1672\"><strong data-start=\"1636\" data-end=\"1660\">Temperat\u016bros diapazonas:<\/strong> 25-240 \u00b0C<\/p>\n<\/li>\n<li data-start=\"1673\" data-end=\"1710\">\n<p data-start=\"1675\" data-end=\"1710\"><strong data-start=\"1675\" data-end=\"1684\">Spalva:<\/strong> juoda \/ ner\u016bdijantis plienas<\/p>\n<\/li>\n<\/ul>\n<h4 data-start=\"1717\" data-end=\"1736\"><strong data-start=\"1722\" data-end=\"1736\">Pateik\u0117<\/strong><\/h4>\n<ul data-start=\"1737\" data-end=\"1893\">\n<li data-start=\"1737\" data-end=\"1779\">\n<p data-start=\"1739\" data-end=\"1779\">7,5 l keramine danga dengtas kepimo indas<\/p>\n<\/li>\n<li data-start=\"1780\" data-end=\"1811\">\n<p data-start=\"1782\" data-end=\"1811\">4,7 L <strong data-start=\"1788\" data-end=\"1804\">\"Cook &amp; Crisp<\/strong> Cor<\/p>\n<\/li>\n<li data-start=\"1812\" data-end=\"1840\">\n<p data-start=\"1814\" data-end=\"1840\">Dvipusis pasukamas atramos kampas<\/p>\n<\/li>\n<li data-start=\"1841\" data-end=\"1893\">\n<p data-start=\"1843\" data-end=\"1893\">Recept\u0173 knyga su gaminimo lentel\u0117mis<\/p>\n<\/li>\n<\/ul>\n<h4 data-start=\"1900\" data-end=\"1917\"><strong data-start=\"1905\" data-end=\"1917\">Daugiau informacijos<\/strong><\/h4>\n<ul data-start=\"1918\" data-end=\"2091\">\n<li data-start=\"1918\" data-end=\"1972\">\n<p data-start=\"1920\" data-end=\"1972\">Nuimamos dalys yra <strong data-start=\"1941\" data-end=\"1970\">galima plauti indaplov\u0117je<\/strong><\/p>\n<\/li>\n<li data-start=\"1973\" data-end=\"2034\">\n<p data-start=\"1975\" data-end=\"2034\"><strong data-start=\"1975\" data-end=\"2001\">Neslystan\u010dios kojel\u0117s<\/strong> ir <strong data-start=\"2005\" data-end=\"2032\">v\u0117sios sienos<\/strong><\/p>\n<\/li>\n<li data-start=\"2035\" data-end=\"2091\">\n<p data-start=\"2037\" data-end=\"2091\"><strong data-start=\"2037\" data-end=\"2064\">Automatinis i\u0161jungimas<\/strong> u\u017etikrina saug\u0173 naudojim\u0105<\/p>\n<\/li>\n<\/ul>\n<p><img loading=\"lazy\" decoding=\"async\" class=\"wp-image-3980\" src=\"http:\/\/tammetorubbq.ee\/wp-content\/uploads\/2025\/10\/Ninja-logo-300x300.webp\" alt=\"Ninja logotipas\" width=\"180\" height=\"180\" srcset=\"https:\/\/tammetorubbq.ee\/wp-content\/uploads\/2025\/10\/Ninja-logo-300x300.webp 300w, https:\/\/tammetorubbq.ee\/wp-content\/uploads\/2025\/10\/Ninja-logo-150x150.webp 150w, https:\/\/tammetorubbq.ee\/wp-content\/uploads\/2025\/10\/Ninja-logo-12x12.webp 12w, https:\/\/tammetorubbq.ee\/wp-content\/uploads\/2025\/10\/Ninja-logo-600x600.webp 600w, https:\/\/tammetorubbq.ee\/wp-content\/uploads\/2025\/10\/Ninja-logo-64x64.webp 64w, https:\/\/tammetorubbq.ee\/wp-content\/uploads\/2025\/10\/Ninja-logo.webp 680w\" sizes=\"auto, (max-width: 180px) 100vw, 180px\" \/><\/p>\n<p><a href=\"https:\/\/tammetorubbq.ee\/lt\/sumoketi-veliau\/\"><strong>PIRKITE DABAR, MOK\u0116KITE V\u0116LIAU<\/strong><\/a>\u00a0- be pal\u016bkan\u0173!<\/p>\n<p><img loading=\"lazy\" decoding=\"async\" class=\"alignnone wp-image-2646\" src=\"http:\/\/tammetorubbq.ee\/wp-content\/uploads\/2023\/12\/inbank-wordmark.png\" alt=\"\" width=\"167\" height=\"75\" srcset=\"https:\/\/tammetorubbq.ee\/wp-content\/uploads\/2023\/12\/inbank-wordmark.png 300w, https:\/\/tammetorubbq.ee\/wp-content\/uploads\/2023\/12\/inbank-wordmark-18x8.png 18w, https:\/\/tammetorubbq.ee\/wp-content\/uploads\/2023\/12\/inbank-wordmark-64x29.png 64w\" sizes=\"auto, (max-width: 167px) 100vw, 167px\" \/><\/p>\n<p>Taip pat si\u016blome galimyb\u0119 sumok\u0117ti v\u0117liau - viena, dviem arba trimis lygiomis dalimis be joki\u0173 pal\u016bkan\u0173 ar papildom\u0173 mokes\u010di\u0173.<\/p>\n<p>M\u016bs\u0173 pirkini\u0173 krep\u0161elyje rasite \u012fvairi\u0173 mok\u0117jimo b\u016bd\u0173 pasirinkim\u0105.<\/p>","protected":false},"featured_media":3990,"comment_status":"open","ping_status":"closed","template":"","meta":{"_uf_show_specific_survey":0,"_uf_disable_surveys":false},"pwb-brand":[214],"product_brand":[],"product_cat":[194,197],"product_tag":[215],"class_list":{"0":"post-3979","1":"product","2":"type-product","3":"status-publish","4":"has-post-thumbnail","6":"pwb-brand-ninja","7":"product_cat-ninja-koogiseadmed","8":"product_cat-multikupsetaja","9":"product_tag-multikupsetaja","11":"first","12":"outofstock","13":"taxable","14":"shipping-taxable","15":"purchasable","16":"product-type-simple"},"brands":[{"id":214,"name":"Ninja","slug":"ninja"}],"_links":{"self":[{"href":"https:\/\/tammetorubbq.ee\/lt\/wp-json\/wp\/v2\/product\/3979","targetHints":{"allow":["GET"]}}],"collection":[{"href":"https:\/\/tammetorubbq.ee\/lt\/wp-json\/wp\/v2\/product"}],"about":[{"href":"https:\/\/tammetorubbq.ee\/lt\/wp-json\/wp\/v2\/types\/product"}],"replies":[{"embeddable":true,"href":"https:\/\/tammetorubbq.ee\/lt\/wp-json\/wp\/v2\/comments?post=3979"}],"wp:featuredmedia":[{"embeddable":true,"href":"https:\/\/tammetorubbq.ee\/lt\/wp-json\/wp\/v2\/media\/3990"}],"wp:attachment":[{"href":"https:\/\/tammetorubbq.ee\/lt\/wp-json\/wp\/v2\/media?parent=3979"}],"wp:term":[{"taxonomy":"pwb-brand","embeddable":true,"href":"https:\/\/tammetorubbq.ee\/lt\/wp-json\/wp\/v2\/pwb-brand?post=3979"},{"taxonomy":"product_brand","embeddable":true,"href":"https:\/\/tammetorubbq.ee\/lt\/wp-json\/wp\/v2\/product_brand?post=3979"},{"taxonomy":"product_cat","embeddable":true,"href":"https:\/\/tammetorubbq.ee\/lt\/wp-json\/wp\/v2\/product_cat?post=3979"},{"taxonomy":"product_tag","embeddable":true,"href":"https:\/\/tammetorubbq.ee\/lt\/wp-json\/wp\/v2\/product_tag?post=3979"}],"curies":[{"name":"wp","href":"https:\/\/api.w.org\/{rel}","templated":true}]}}