{"id":3991,"date":"2025-10-15T15:04:24","date_gmt":"2025-10-15T12:04:24","guid":{"rendered":"https:\/\/tammetorubbq.ee\/?post_type=product&#038;p=3991"},"modified":"2026-04-16T23:00:26","modified_gmt":"2026-04-16T20:00:26","slug":"ninja-daugiafunkcine-kombinuotoji-virykle-125l","status":"publish","type":"product","link":"https:\/\/tammetorubbq.ee\/lt\/produktas\/ninja-daugiafunkcine-kombinuotoji-virykle-125l\/","title":{"rendered":"\"Ninja Combi Multi Cooker\" 12,5 l daugiafunkcin\u0117 virykl\u0117"},"content":{"rendered":"<table class=\"woocommerce-product-attributes shop_attributes\" aria-label=\"I\u0161sami informacija apie gamin\u012f\">\n<tbody>\n<tr class=\"woocommerce-product-attributes-item woocommerce-product-attributes-item--weight\">\n<th class=\"woocommerce-product-attributes-item__label\" style=\"text-align: left;\" scope=\"row\">Svoris<\/th>\n<td class=\"woocommerce-product-attributes-item__value\">10,8 kg<\/td>\n<\/tr>\n<tr class=\"woocommerce-product-attributes-item woocommerce-product-attributes-item--dimensions\">\n<th class=\"woocommerce-product-attributes-item__label\" scope=\"row\">Matmenys<\/th>\n<td class=\"woocommerce-product-attributes-item__value\">31 \u00d7 38 \u00d7 40 cm<\/td>\n<\/tr>\n<\/tbody>\n<\/table>\n<p data-start=\"112\" data-end=\"348\">\n<p data-start=\"112\" data-end=\"348\"><strong data-start=\"112\" data-end=\"121\">Ninja<\/strong>\u00a0<strong>preki\u0173 \u017eenklas<\/strong>\u00a0yra gerai \u017einomas amerikie\u010di\u0173 buitin\u0117s technikos prek\u0117s \u017eenklas, priklausantis bendrovei\u00a0<strong data-start=\"187\" data-end=\"201\">SharkNinja<\/strong>. Prek\u0117s \u017eenklas vertinamas d\u0117l savo\u00a0<strong data-start=\"225\" data-end=\"269\">i\u0161man\u016bs ir patog\u016bs sprendimai.<\/strong>\u00a0kurie palengvina kasdien\u012f maisto ruo\u0161im\u0105 ir padidina jo efektyvum\u0105.<\/p>\n<p data-start=\"350\" data-end=\"651\">\"Ninja\" asortiment\u0105 sudaro\u00a0<strong data-start=\"380\" data-end=\"434\">mai\u0161ytuvai, virtuviniai kombainai, keptuv\u0117s, daugiafunkcin\u0117s keptuv\u0117s<\/strong>\u00a0ir vis da\u017eniau\u00a0<strong data-start=\"452\" data-end=\"474\">lauko virtuv\u0117s \u012franga<\/strong>. Visi produktai yra sukurti taip, kad der\u0117t\u0173\u00a0<strong data-start=\"507\" data-end=\"564\">funkcionalumas, patikimumas ir novatori\u0161kas dizainas<\/strong>sukurti geriausi\u0105 \u012frank\u012f kiekvienai virtuvei - tiek nam\u0173, tiek profesional\u0173 virtuvei.<\/p>","protected":false},"excerpt":{"rendered":"<p data-start=\"180\" data-end=\"620\"><strong data-start=\"180\" data-end=\"208\">\"Ninja Combi\" daugiafunkcin\u0117 virykl\u0117<\/strong> sujungia <strong data-start=\"223\" data-end=\"277\">daugiafunkcin\u0117s keptuv\u0117s, kar\u0161to oro keptuv\u0117s ir orkait\u0117s funkcijos<\/strong>, tod\u0117l patogiai ir universaliai tinka kasdieniam maisto ruo\u0161imui. D\u0117l naujovi\u0161k\u0173 <strong data-start=\"367\" data-end=\"382\">\"HyperSteam\u2122<\/strong> ir <strong data-start=\"386\" data-end=\"397\">Kepimas ore<\/strong> technologij\u0105, maistas i\u0161verdamas grei\u010diau, i\u0161laikant jo sultingum\u0105 ir skon\u012f.<br data-start=\"472\" data-end=\"475\" \/>12 i\u0161 anksto nustatyt\u0173 funkcij\u0173 leid\u017eia paruo\u0161ti visk\u0105 - nuo pusry\u010di\u0173 makaron\u0173 iki tra\u0161ki\u0173 pagrindini\u0173 patiekal\u0173 ir kepini\u0173 - ir visa tai vienu prietaisu.<\/p>\n<h4 data-start=\"627\" data-end=\"653\"><strong data-start=\"632\" data-end=\"653\">Pagrindin\u0117s funkcijos<\/strong><\/h4>\n<ul data-start=\"654\" data-end=\"1482\">\n<li data-start=\"654\" data-end=\"904\">\n<p data-start=\"656\" data-end=\"904\"><strong data-start=\"656\" data-end=\"691\">12 kepimo funkcij\u0173:<\/strong> kombinuotas kepimas, tra\u0161kus, kombinuotas kepimas, ry\u017ei\u0173 ir makaron\u0173 kepimas, kepimas ir tro\u0161kinimas, virimas garuose, l\u0117tas kepimas, te\u0161los kildinimas, kepimas, pa\u0161ildymas, kepimas kar\u0161tu oru ir kepimas ant groteli\u0173.<\/p>\n<\/li>\n<li data-start=\"905\" data-end=\"1021\">\n<p data-start=\"907\" data-end=\"1021\"><strong data-start=\"907\" data-end=\"946\">\"HyperSteam\u2122\" ir \"Air Fry\" technologijos<\/strong> garantija <strong data-start=\"955\" data-end=\"987\">greiti ir nuosekl\u016bs rezultatai<\/strong> - tra\u0161ki i\u0161or\u0117, sultingas vidus.<\/p>\n<\/li>\n<li data-start=\"1022\" data-end=\"1164\">\n<p data-start=\"1024\" data-end=\"1164\"><strong data-start=\"1024\" data-end=\"1052\">\"SmartSwitch\u2122\" meniu rinkiklis<\/strong> lengva pasirinkti <strong data-start=\"1079\" data-end=\"1088\">Kombinuoti<\/strong> (kombinuotas kepimas garais ir oru) arba <strong data-start=\"1130\" data-end=\"1141\">Kepimas ore<\/strong> (kar\u0161to oro) re\u017eimu.<\/p>\n<\/li>\n<li data-start=\"1165\" data-end=\"1268\">\n<p data-start=\"1167\" data-end=\"1268\"><strong data-start=\"1167\" data-end=\"1186\">Durys su panoraminiu langu<\/strong> suteikia galimyb\u0119 steb\u0117ti maisto ruo\u0161im\u0105 ir lengvai pasiekti maist\u0105.<\/p>\n<\/li>\n<li data-start=\"1269\" data-end=\"1322\">\n<p data-start=\"1271\" data-end=\"1322\">I\u0161kepa iki <strong data-start=\"1285\" data-end=\"1319\">50% grei\u010diau nei \u012fprasta orkait\u0117<\/strong>.<\/p>\n<\/li>\n<li data-start=\"1323\" data-end=\"1388\">\n<p data-start=\"1325\" data-end=\"1388\">Tinka ir <strong data-start=\"1335\" data-end=\"1370\">\u0161vie\u017ei ir \u0161aldyti maisto produktai.<\/strong> pasiruo\u0161ti.<\/p>\n<\/li>\n<li data-start=\"1389\" data-end=\"1482\">\n<p data-start=\"1391\" data-end=\"1482\">Paruo\u0161kite <strong data-start=\"1400\" data-end=\"1436\">pilnas maistas viename \u012frenginyje<\/strong> - m\u0117s\u0105, dar\u017eoves ir garnyrus vienu metu.<\/p>\n<\/li>\n<\/ul>\n<h4 data-start=\"1489\" data-end=\"1515\"><strong data-start=\"1494\" data-end=\"1515\">Galimi naudojimo b\u016bdai<\/strong><\/h4>\n<ul data-start=\"1516\" data-end=\"1852\">\n<li data-start=\"1516\" data-end=\"1590\">\n<p data-start=\"1518\" data-end=\"1590\"><strong data-start=\"1518\" data-end=\"1540\">Kombinuot\u0173j\u0173 patiekal\u0173 k\u016brimas<\/strong> - vieno puodo patiekalai paruo\u0161iami greitai ir tolygiai.<\/p>\n<\/li>\n<li data-start=\"1591\" data-end=\"1663\">\n<p data-start=\"1593\" data-end=\"1663\"><strong data-start=\"1593\" data-end=\"1608\">\"Combi Crisp<\/strong> - garinimas ir tra\u0161kinimas vienu re\u017eimu.<\/p>\n<\/li>\n<li data-start=\"1664\" data-end=\"1715\">\n<p data-start=\"1666\" data-end=\"1715\"><strong data-start=\"1666\" data-end=\"1680\">Kombinuotas \u0161vyturys<\/strong> - erdv\u016bs ir mink\u0161ti kepiniai.<\/p>\n<\/li>\n<li data-start=\"1716\" data-end=\"1770\">\n<p data-start=\"1718\" data-end=\"1770\"><strong data-start=\"1718\" data-end=\"1729\">Kepimas ore<\/strong> - tra\u0161kus kelias su aliejumi arba be jo.<\/p>\n<\/li>\n<li data-start=\"1771\" data-end=\"1852\">\n<p data-start=\"1773\" data-end=\"1852\">Be to: garinimas, l\u0117tas kepimas, skrudinimas ir te\u0161los kildinimas.<\/p>\n<\/li>\n<\/ul>\n<h4 data-start=\"1859\" data-end=\"1885\"><strong data-start=\"1864\" data-end=\"1885\">Techniniai duomenys<\/strong><\/h4>\n<ul data-start=\"1886\" data-end=\"1954\">\n<li data-start=\"1886\" data-end=\"1909\">\n<p data-start=\"1888\" data-end=\"1909\"><strong data-start=\"1888\" data-end=\"1900\">Galia:<\/strong> 1780 W<\/p>\n<\/li>\n<li data-start=\"1910\" data-end=\"1935\">\n<p data-start=\"1912\" data-end=\"1935\"><strong data-start=\"1912\" data-end=\"1926\">Talpa:<\/strong> 12,5 L<\/p>\n<\/li>\n<li data-start=\"1936\" data-end=\"1954\">\n<p data-start=\"1938\" data-end=\"1954\"><strong data-start=\"1938\" data-end=\"1947\">Spalva:<\/strong> sal\u0117<\/p>\n<\/li>\n<\/ul>\n<h4 data-start=\"1961\" data-end=\"1980\"><strong data-start=\"1966\" data-end=\"1980\">Pateik\u0117<\/strong><\/h4>\n<ul data-start=\"1981\" data-end=\"2046\">\n<li data-start=\"1981\" data-end=\"2011\">\n<p data-start=\"1983\" data-end=\"2011\">Kombinuotoji keptuv\u0117<\/p>\n<\/li>\n<li data-start=\"2012\" data-end=\"2029\">\n<p data-start=\"2014\" data-end=\"2029\">Kepimo pad\u0117klas<\/p>\n<\/li>\n<li data-start=\"2030\" data-end=\"2046\">\n<p data-start=\"2032\" data-end=\"2046\">Kepimo stovas<\/p>\n<\/li>\n<\/ul>\n<h4 data-start=\"2053\" data-end=\"2070\"><strong data-start=\"2058\" data-end=\"2070\">Daugiau informacijos<\/strong><\/h4>\n<ul data-start=\"2071\" data-end=\"2242\">\n<li data-start=\"2071\" data-end=\"2108\">\n<p data-start=\"2073\" data-end=\"2108\"><strong data-start=\"2073\" data-end=\"2106\">Maisto \u0161ildymo funkcija<\/strong><\/p>\n<\/li>\n<li data-start=\"2109\" data-end=\"2155\">\n<p data-start=\"2111\" data-end=\"2155\"><strong data-start=\"2111\" data-end=\"2153\">Priedai, kuriuos galima plauti indaplov\u0117je<\/strong><\/p>\n<\/li>\n<li data-start=\"2156\" data-end=\"2192\">\n<p data-start=\"2158\" data-end=\"2192\"><strong data-start=\"2158\" data-end=\"2190\">12 programuojam\u0173 re\u017eim\u0173<\/strong><\/p>\n<\/li>\n<li data-start=\"2193\" data-end=\"2242\">\n<p data-start=\"2195\" data-end=\"2242\"><strong data-start=\"2195\" data-end=\"2204\">Tipas:<\/strong> daugiafunkcinio maisto gamintojas<\/p>\n<\/li>\n<\/ul>\n<p><img loading=\"lazy\" decoding=\"async\" class=\"wp-image-3980\" src=\"http:\/\/tammetorubbq.ee\/wp-content\/uploads\/2025\/10\/Ninja-logo-300x300.webp\" alt=\"Ninja logotipas\" width=\"180\" height=\"180\" srcset=\"https:\/\/tammetorubbq.ee\/wp-content\/uploads\/2025\/10\/Ninja-logo-300x300.webp 300w, https:\/\/tammetorubbq.ee\/wp-content\/uploads\/2025\/10\/Ninja-logo-150x150.webp 150w, https:\/\/tammetorubbq.ee\/wp-content\/uploads\/2025\/10\/Ninja-logo-12x12.webp 12w, https:\/\/tammetorubbq.ee\/wp-content\/uploads\/2025\/10\/Ninja-logo-600x600.webp 600w, https:\/\/tammetorubbq.ee\/wp-content\/uploads\/2025\/10\/Ninja-logo-64x64.webp 64w, https:\/\/tammetorubbq.ee\/wp-content\/uploads\/2025\/10\/Ninja-logo.webp 680w\" sizes=\"auto, (max-width: 180px) 100vw, 180px\" \/><\/p>\n<p><a href=\"https:\/\/tammetorubbq.ee\/lt\/sumoketi-veliau\/\"><strong>PIRKITE DABAR, MOK\u0116KITE V\u0116LIAU<\/strong><\/a>\u00a0- be pal\u016bkan\u0173!<\/p>\n<p><img loading=\"lazy\" decoding=\"async\" class=\"alignnone wp-image-2646\" src=\"http:\/\/tammetorubbq.ee\/wp-content\/uploads\/2023\/12\/inbank-wordmark.png\" alt=\"\" width=\"167\" height=\"75\" srcset=\"https:\/\/tammetorubbq.ee\/wp-content\/uploads\/2023\/12\/inbank-wordmark.png 300w, https:\/\/tammetorubbq.ee\/wp-content\/uploads\/2023\/12\/inbank-wordmark-18x8.png 18w, https:\/\/tammetorubbq.ee\/wp-content\/uploads\/2023\/12\/inbank-wordmark-64x29.png 64w\" sizes=\"auto, (max-width: 167px) 100vw, 167px\" \/><\/p>\n<p>Taip pat si\u016blome galimyb\u0119 sumok\u0117ti v\u0117liau - viena, dviem arba trimis lygiomis dalimis be joki\u0173 pal\u016bkan\u0173 ar papildom\u0173 mokes\u010di\u0173.<\/p>\n<p>M\u016bs\u0173 pirkini\u0173 krep\u0161elyje rasite \u012fvairi\u0173 mok\u0117jimo b\u016bd\u0173 pasirinkim\u0105.<\/p>","protected":false},"featured_media":3997,"comment_status":"open","ping_status":"closed","template":"","meta":{"_uf_show_specific_survey":0,"_uf_disable_surveys":false},"pwb-brand":[214],"product_brand":[],"product_cat":[194,197],"product_tag":[215],"class_list":{"0":"post-3991","1":"product","2":"type-product","3":"status-publish","4":"has-post-thumbnail","6":"pwb-brand-ninja","7":"product_cat-ninja-koogiseadmed","8":"product_cat-multikupsetaja","9":"product_tag-multikupsetaja","11":"first","12":"instock","13":"taxable","14":"shipping-taxable","15":"purchasable","16":"product-type-simple"},"brands":[{"id":214,"name":"Ninja","slug":"ninja"}],"_links":{"self":[{"href":"https:\/\/tammetorubbq.ee\/lt\/wp-json\/wp\/v2\/product\/3991","targetHints":{"allow":["GET"]}}],"collection":[{"href":"https:\/\/tammetorubbq.ee\/lt\/wp-json\/wp\/v2\/product"}],"about":[{"href":"https:\/\/tammetorubbq.ee\/lt\/wp-json\/wp\/v2\/types\/product"}],"replies":[{"embeddable":true,"href":"https:\/\/tammetorubbq.ee\/lt\/wp-json\/wp\/v2\/comments?post=3991"}],"wp:featuredmedia":[{"embeddable":true,"href":"https:\/\/tammetorubbq.ee\/lt\/wp-json\/wp\/v2\/media\/3997"}],"wp:attachment":[{"href":"https:\/\/tammetorubbq.ee\/lt\/wp-json\/wp\/v2\/media?parent=3991"}],"wp:term":[{"taxonomy":"pwb-brand","embeddable":true,"href":"https:\/\/tammetorubbq.ee\/lt\/wp-json\/wp\/v2\/pwb-brand?post=3991"},{"taxonomy":"product_brand","embeddable":true,"href":"https:\/\/tammetorubbq.ee\/lt\/wp-json\/wp\/v2\/product_brand?post=3991"},{"taxonomy":"product_cat","embeddable":true,"href":"https:\/\/tammetorubbq.ee\/lt\/wp-json\/wp\/v2\/product_cat?post=3991"},{"taxonomy":"product_tag","embeddable":true,"href":"https:\/\/tammetorubbq.ee\/lt\/wp-json\/wp\/v2\/product_tag?post=3991"}],"curies":[{"name":"wp","href":"https:\/\/api.w.org\/{rel}","templated":true}]}}