{"id":4012,"date":"2025-10-15T15:59:02","date_gmt":"2025-10-15T12:59:02","guid":{"rendered":"https:\/\/tammetorubbq.ee\/?post_type=product&#038;p=4012"},"modified":"2026-04-29T05:00:07","modified_gmt":"2026-04-29T02:00:07","slug":"ninja-jaatisemasin-creami","status":"publish","type":"product","link":"https:\/\/tammetorubbq.ee\/lt\/toode\/ninja-jaatisemasin-creami\/","title":{"rendered":"\"Ninja\" led\u0173 gaminimo aparatas Kremas"},"content":{"rendered":"<table class=\"woocommerce-product-attributes shop_attributes\" aria-label=\"I\u0161sami informacija apie gamin\u012f\">\n<tbody>\n<tr class=\"woocommerce-product-attributes-item woocommerce-product-attributes-item--weight\">\n<th class=\"woocommerce-product-attributes-item__label\" style=\"text-align: left;\" scope=\"row\">Svoris<\/th>\n<td class=\"woocommerce-product-attributes-item__value\">6,5 kg<\/td>\n<\/tr>\n<tr class=\"woocommerce-product-attributes-item woocommerce-product-attributes-item--dimensions\">\n<th class=\"woocommerce-product-attributes-item__label\" scope=\"row\">Matmenys<\/th>\n<td class=\"woocommerce-product-attributes-item__value\">27 \u00d7 16,5 \u00d7 40,5 cm<\/td>\n<\/tr>\n<\/tbody>\n<\/table>\n<p>&nbsp;<\/p>\n<p data-start=\"112\" data-end=\"348\"><strong data-start=\"112\" data-end=\"121\">Ninja<\/strong>\u00a0<strong>preki\u0173 \u017eenklas<\/strong>\u00a0yra gerai \u017einomas amerikie\u010di\u0173 buitin\u0117s technikos prek\u0117s \u017eenklas, priklausantis bendrovei\u00a0<strong data-start=\"187\" data-end=\"201\">SharkNinja<\/strong>. Prek\u0117s \u017eenklas vertinamas d\u0117l savo\u00a0<strong data-start=\"225\" data-end=\"269\">i\u0161man\u016bs ir patog\u016bs sprendimai.<\/strong>\u00a0kurie palengvina kasdien\u012f maisto ruo\u0161im\u0105 ir padidina jo efektyvum\u0105.<\/p>\n<p data-start=\"350\" data-end=\"651\">\"Ninja\" asortiment\u0105 sudaro\u00a0<strong data-start=\"380\" data-end=\"434\">mai\u0161ytuvai, virtuviniai kombainai, keptuv\u0117s, daugiafunkcin\u0117s keptuv\u0117s<\/strong>\u00a0ir vis da\u017eniau\u00a0<strong data-start=\"452\" data-end=\"474\">lauko virtuv\u0117s \u012franga<\/strong>. Visi produktai yra sukurti taip, kad der\u0117t\u0173\u00a0<strong data-start=\"507\" data-end=\"564\">funkcionalumas, patikimumas ir novatori\u0161kas dizainas<\/strong>sukurti geriausi\u0105 \u012frank\u012f kiekvienai virtuvei - tiek nam\u0173, tiek profesional\u0173 virtuvei.<\/p>","protected":false},"excerpt":{"rendered":"<p>Paruo\u0161kite naminius saldumynus taip, kaip norite - i\u0161. <strong data-start=\"184\" data-end=\"246\">ledai, gelato, \u0161erbetai, kokteiliai ir lengvieji ledai.<\/strong>. Ninja CREAMi <strong data-start=\"261\" data-end=\"285\">\"Creamify\" technologija<\/strong> u\u017e\u0161aldytas mi\u0161inys greitai tampa vientisas ir kreminis, tod\u0117l namuose galima pasiekti profesionalaus lygio rezultat\u0173.<\/p>\n<h4 data-start=\"415\" data-end=\"432\"><strong data-start=\"420\" data-end=\"432\">Funkcijos<\/strong><\/h4>\n<ul data-start=\"433\" data-end=\"831\">\n<li data-start=\"433\" data-end=\"556\">\n<p data-start=\"435\" data-end=\"556\"><strong data-start=\"435\" data-end=\"466\">7 i\u0161 anksto nustatytos programos:<\/strong> ledai, gelato, \u0161erbetas, kokteiliai, lengvieji ledai, pieno kokteiliai ir saldumynai.<\/p>\n<\/li>\n<li data-start=\"557\" data-end=\"620\">\n<p data-start=\"559\" data-end=\"620\"><strong data-start=\"559\" data-end=\"584\">\"Creamify\" technologija:<\/strong> u\u017etikrina puiki\u0105 kremin\u0119 tekst\u016br\u0105<\/p>\n<\/li>\n<li data-start=\"621\" data-end=\"711\">\n<p data-start=\"623\" data-end=\"711\">Galimyb\u0117 prid\u0117ti <strong data-start=\"639\" data-end=\"683\">\u0161okolado dro\u017eli\u0173, rie\u0161ut\u0173 ir sausaini\u0173 gabal\u0117li\u0173.<\/strong> tolygiai per vis\u0105 desert\u0105.<\/p>\n<\/li>\n<li data-start=\"712\" data-end=\"763\">\n<p data-start=\"714\" data-end=\"763\">Nuimamos dalys <strong data-start=\"732\" data-end=\"761\">galima plauti indaplov\u0117je<\/strong><\/p>\n<\/li>\n<li data-start=\"764\" data-end=\"831\">\n<p data-start=\"766\" data-end=\"831\">Pateik\u0117 <strong data-start=\"777\" data-end=\"801\">3 stiklainiai desert\u0173<\/strong> iki 1,4 litro<\/p>\n<\/li>\n<\/ul>\n<h4 data-start=\"838\" data-end=\"857\"><strong data-start=\"843\" data-end=\"857\">Naudojimas<\/strong><\/h4>\n<ol data-start=\"858\" data-end=\"1150\">\n<li data-start=\"858\" data-end=\"910\">\n<p data-start=\"861\" data-end=\"910\">U\u017epildykite stiklain\u012f ingredientais ir u\u017e\u0161aldykite 24 valandoms.<\/p>\n<\/li>\n<li data-start=\"911\" data-end=\"971\">\n<p data-start=\"914\" data-end=\"971\">Per kelias minutes apdorokite u\u017e\u0161aldyt\u0105 mi\u0161in\u012f \"Ninja CREAM<\/p>\n<\/li>\n<li data-start=\"972\" data-end=\"1067\">\n<p data-start=\"975\" data-end=\"1067\">Paruo\u0161kite su pienu ir <strong data-start=\"1003\" data-end=\"1054\">ne pieno, keto ir ma\u017eai cukraus turintys produktai.<\/strong> desertas<\/p>\n<\/li>\n<li data-start=\"1068\" data-end=\"1150\">\n<p data-start=\"1071\" data-end=\"1150\">Taip pat tinka <strong data-start=\"1080\" data-end=\"1111\">pusry\u010di\u0173 kokteili\u0173 mai\u0161eliai<\/strong> ir \u0161aldytam jogurtui gaminti<\/p>\n<\/li>\n<\/ol>\n<h4 data-start=\"1157\" data-end=\"1183\"><strong data-start=\"1162\" data-end=\"1183\">Techniniai duomenys<\/strong><\/h4>\n<ul data-start=\"1184\" data-end=\"1315\">\n<li data-start=\"1184\" data-end=\"1202\">\n<p data-start=\"1186\" data-end=\"1202\">Galia: 800 W<\/p>\n<\/li>\n<li data-start=\"1203\" data-end=\"1233\">\n<p data-start=\"1205\" data-end=\"1233\">Maitinimo laido ilgis: 0,88 m<\/p>\n<\/li>\n<li data-start=\"1234\" data-end=\"1260\">\n<p data-start=\"1236\" data-end=\"1260\">Spalva: juoda ir sidabrin\u0117<\/p>\n<\/li>\n<li data-start=\"1261\" data-end=\"1315\">\n<p data-start=\"1263\" data-end=\"1315\">Papildoma informacija: recept\u0173 knyga su \u012fvairiomis id\u0117jomis<\/p>\n<\/li>\n<\/ul>\n<p>&nbsp;<\/p>\n<p>Taip pat \u017er: <strong><a href=\"https:\/\/tammetorubbq.ee\/lt\/gaminio-zyma\/papildoma-informacija\/\">\"Ninja\" papildom\u0173 puodeli\u0173 ir dangteli\u0173 rinkiniai, skirti led\u0173 gaminimo aparatui NC300<\/a><\/strong><\/p>\n<p><img loading=\"lazy\" decoding=\"async\" class=\"wp-image-3980\" src=\"http:\/\/tammetorubbq.ee\/wp-content\/uploads\/2025\/10\/Ninja-logo-300x300.webp\" alt=\"Ninja logotipas\" width=\"180\" height=\"180\" srcset=\"https:\/\/tammetorubbq.ee\/wp-content\/uploads\/2025\/10\/Ninja-logo-300x300.webp 300w, https:\/\/tammetorubbq.ee\/wp-content\/uploads\/2025\/10\/Ninja-logo-150x150.webp 150w, https:\/\/tammetorubbq.ee\/wp-content\/uploads\/2025\/10\/Ninja-logo-12x12.webp 12w, https:\/\/tammetorubbq.ee\/wp-content\/uploads\/2025\/10\/Ninja-logo-600x600.webp 600w, https:\/\/tammetorubbq.ee\/wp-content\/uploads\/2025\/10\/Ninja-logo-64x64.webp 64w, https:\/\/tammetorubbq.ee\/wp-content\/uploads\/2025\/10\/Ninja-logo.webp 680w\" sizes=\"auto, (max-width: 180px) 100vw, 180px\" \/><\/p>\n<p><a href=\"https:\/\/tammetorubbq.ee\/lt\/sumoketi-veliau\/\"><strong>PIRKITE DABAR, MOK\u0116KITE V\u0116LIAU<\/strong><\/a>\u00a0- be pal\u016bkan\u0173!<\/p>\n<p><img loading=\"lazy\" decoding=\"async\" class=\"alignnone wp-image-2646\" src=\"http:\/\/tammetorubbq.ee\/wp-content\/uploads\/2023\/12\/inbank-wordmark.png\" alt=\"\" width=\"167\" height=\"75\" srcset=\"https:\/\/tammetorubbq.ee\/wp-content\/uploads\/2023\/12\/inbank-wordmark.png 300w, https:\/\/tammetorubbq.ee\/wp-content\/uploads\/2023\/12\/inbank-wordmark-18x8.png 18w, https:\/\/tammetorubbq.ee\/wp-content\/uploads\/2023\/12\/inbank-wordmark-64x29.png 64w\" sizes=\"auto, (max-width: 167px) 100vw, 167px\" \/><\/p>\n<p>Taip pat si\u016blome galimyb\u0119 sumok\u0117ti v\u0117liau - viena, dviem arba trimis lygiomis dalimis be joki\u0173 pal\u016bkan\u0173 ar papildom\u0173 mokes\u010di\u0173.<\/p>\n<p>M\u016bs\u0173 pirkini\u0173 krep\u0161elyje rasite \u012fvairi\u0173 mok\u0117jimo b\u016bd\u0173 pasirinkim\u0105.<\/p>","protected":false},"featured_media":4016,"comment_status":"open","ping_status":"closed","template":"","meta":{"_uf_show_specific_survey":0,"_uf_disable_surveys":false},"pwb-brand":[214],"product_brand":[],"product_cat":[194,198],"product_tag":[216],"class_list":{"0":"post-4012","1":"product","2":"type-product","3":"status-publish","4":"has-post-thumbnail","6":"pwb-brand-ninja","7":"product_cat-ninja-koogiseadmed","8":"product_cat-blenderid-ja-koogikombainid","9":"product_tag-jaatisemasin","11":"first","12":"instock","13":"taxable","14":"shipping-taxable","15":"purchasable","16":"product-type-simple"},"brands":[{"id":214,"name":"Ninja","slug":"ninja"}],"_links":{"self":[{"href":"https:\/\/tammetorubbq.ee\/lt\/wp-json\/wp\/v2\/product\/4012","targetHints":{"allow":["GET"]}}],"collection":[{"href":"https:\/\/tammetorubbq.ee\/lt\/wp-json\/wp\/v2\/product"}],"about":[{"href":"https:\/\/tammetorubbq.ee\/lt\/wp-json\/wp\/v2\/types\/product"}],"replies":[{"embeddable":true,"href":"https:\/\/tammetorubbq.ee\/lt\/wp-json\/wp\/v2\/comments?post=4012"}],"wp:featuredmedia":[{"embeddable":true,"href":"https:\/\/tammetorubbq.ee\/lt\/wp-json\/wp\/v2\/media\/4016"}],"wp:attachment":[{"href":"https:\/\/tammetorubbq.ee\/lt\/wp-json\/wp\/v2\/media?parent=4012"}],"wp:term":[{"taxonomy":"pwb-brand","embeddable":true,"href":"https:\/\/tammetorubbq.ee\/lt\/wp-json\/wp\/v2\/pwb-brand?post=4012"},{"taxonomy":"product_brand","embeddable":true,"href":"https:\/\/tammetorubbq.ee\/lt\/wp-json\/wp\/v2\/product_brand?post=4012"},{"taxonomy":"product_cat","embeddable":true,"href":"https:\/\/tammetorubbq.ee\/lt\/wp-json\/wp\/v2\/product_cat?post=4012"},{"taxonomy":"product_tag","embeddable":true,"href":"https:\/\/tammetorubbq.ee\/lt\/wp-json\/wp\/v2\/product_tag?post=4012"}],"curies":[{"name":"wp","href":"https:\/\/api.w.org\/{rel}","templated":true}]}}