{"id":4021,"date":"2025-10-15T16:10:52","date_gmt":"2025-10-15T13:10:52","guid":{"rendered":"https:\/\/tammetorubbq.ee\/?post_type=product&#038;p=4021"},"modified":"2026-04-16T21:00:05","modified_gmt":"2026-04-16T18:00:05","slug":"ninja-papildomu-puodu-ir-dangciu-rinkinys-skirtas-nc300-jac300-4vnt","status":"publish","type":"product","link":"https:\/\/tammetorubbq.ee\/lt\/produktas\/ninja-papildomu-puodu-ir-dangciu-rinkinys-skirtas-nc300-jac300-4vnt\/","title":{"rendered":"\"Ninja\" papildom\u0173 puodeli\u0173 ir dangteli\u0173 rinkinys, skirtas led\u0173 gaminimo aparatui NC300 (4 vnt.)"},"content":{"rendered":"<p data-start=\"112\" data-end=\"348\"><strong data-start=\"112\" data-end=\"121\">Ninja<\/strong>\u00a0<strong>preki\u0173 \u017eenklas<\/strong>\u00a0yra gerai \u017einomas amerikie\u010di\u0173 buitin\u0117s technikos prek\u0117s \u017eenklas, priklausantis bendrovei\u00a0<strong data-start=\"187\" data-end=\"201\">SharkNinja<\/strong>. Prek\u0117s \u017eenklas vertinamas d\u0117l savo\u00a0<strong data-start=\"225\" data-end=\"269\">i\u0161man\u016bs ir patog\u016bs sprendimai.<\/strong>\u00a0kurie palengvina kasdien\u012f maisto ruo\u0161im\u0105 ir padidina jo efektyvum\u0105.<\/p>\n<p data-start=\"350\" data-end=\"651\">\"Ninja\" asortiment\u0105 sudaro\u00a0<strong data-start=\"380\" data-end=\"434\">mai\u0161ytuvai, virtuviniai kombainai, keptuv\u0117s, daugiafunkcin\u0117s keptuv\u0117s<\/strong>\u00a0ir vis da\u017eniau\u00a0<strong data-start=\"452\" data-end=\"474\">lauko virtuv\u0117s \u012franga<\/strong>. Visi produktai yra sukurti taip, kad der\u0117t\u0173\u00a0<strong data-start=\"507\" data-end=\"564\">funkcionalumas, patikimumas ir novatori\u0161kas dizainas<\/strong>sukurti geriausi\u0105 \u012frank\u012f kiekvienai virtuvei - tiek nam\u0173, tiek profesional\u0173 virtuvei.<\/p>","protected":false},"excerpt":{"rendered":"<p>Paruo\u0161kite ir laikykite i\u0161 karto <strong data-start=\"217\" data-end=\"286\">iki keturi\u0173 skirting\u0173 skoni\u0173 led\u0173, gelato, \u0161erbeto ar kokteilio.<\/strong>. Puikus sprendimas eksperimentuoti su naujais skoniais namuose arba gaminti skan\u0117stus visai \u0161eimai.<\/p>\n<h4 data-start=\"394\" data-end=\"411\"><strong data-start=\"399\" data-end=\"411\">Funkcijos<\/strong><\/h4>\n<ul data-start=\"412\" data-end=\"605\">\n<li data-start=\"412\" data-end=\"466\">\n<p data-start=\"414\" data-end=\"466\">Pateik\u0117 <strong data-start=\"425\" data-end=\"464\">4 \u00d7 470 ml desertiniai puodeliai ir dangteliai<\/strong><\/p>\n<\/li>\n<li data-start=\"467\" data-end=\"509\">\n<p data-start=\"469\" data-end=\"509\">Pagaminta <strong data-start=\"481\" data-end=\"507\">Med\u017eiaga be BPA<\/strong><\/p>\n<\/li>\n<li data-start=\"510\" data-end=\"563\">\n<p data-start=\"512\" data-end=\"563\">Vir\u0161eliai ir dangteliai yra <strong data-start=\"532\" data-end=\"561\">galima plauti indaplov\u0117je<\/strong><\/p>\n<\/li>\n<li data-start=\"564\" data-end=\"605\">\n<p data-start=\"566\" data-end=\"605\">Tinka <strong data-start=\"572\" data-end=\"594\">Ninja CREAMi NC300<\/strong> su modeliu<\/p>\n<\/li>\n<\/ul>\n<h4 data-start=\"612\" data-end=\"631\"><strong data-start=\"617\" data-end=\"631\">Naudojimas<\/strong><\/h4>\n<ol data-start=\"632\" data-end=\"768\">\n<li data-start=\"632\" data-end=\"673\">\n<p data-start=\"635\" data-end=\"673\">U\u017epildykite vir\u0161utines dalis norimais ingredientais<\/p>\n<\/li>\n<li data-start=\"674\" data-end=\"697\">\n<p data-start=\"677\" data-end=\"697\">U\u017e\u0161aldykite 24 valandas<\/p>\n<\/li>\n<li data-start=\"698\" data-end=\"768\">\n<p data-start=\"701\" data-end=\"768\">Tada \"Ninja CREAM\" led\u0173 gaminimo aparate i\u0161kepkite \u012f kremin\u012f skan\u0117st\u0105.<\/p>\n<\/li>\n<\/ol>\n<p><img loading=\"lazy\" decoding=\"async\" class=\"wp-image-3980\" src=\"http:\/\/tammetorubbq.ee\/wp-content\/uploads\/2025\/10\/Ninja-logo-300x300.webp\" alt=\"Ninja logotipas\" width=\"180\" height=\"180\" srcset=\"https:\/\/tammetorubbq.ee\/wp-content\/uploads\/2025\/10\/Ninja-logo-300x300.webp 300w, https:\/\/tammetorubbq.ee\/wp-content\/uploads\/2025\/10\/Ninja-logo-150x150.webp 150w, https:\/\/tammetorubbq.ee\/wp-content\/uploads\/2025\/10\/Ninja-logo-12x12.webp 12w, https:\/\/tammetorubbq.ee\/wp-content\/uploads\/2025\/10\/Ninja-logo-600x600.webp 600w, https:\/\/tammetorubbq.ee\/wp-content\/uploads\/2025\/10\/Ninja-logo-64x64.webp 64w, https:\/\/tammetorubbq.ee\/wp-content\/uploads\/2025\/10\/Ninja-logo.webp 680w\" sizes=\"auto, (max-width: 180px) 100vw, 180px\" \/><\/p>","protected":false},"featured_media":4023,"comment_status":"open","ping_status":"closed","template":"","meta":{"_uf_show_specific_survey":0,"_uf_disable_surveys":false},"pwb-brand":[214],"product_brand":[],"product_cat":[194,198],"product_tag":[216,217],"class_list":{"0":"post-4021","1":"product","2":"type-product","3":"status-publish","4":"has-post-thumbnail","6":"pwb-brand-ninja","7":"product_cat-ninja-koogiseadmed","8":"product_cat-blenderid-ja-koogikombainid","9":"product_tag-jaatisemasin","10":"product_tag-lisatopsid","12":"first","13":"instock","14":"taxable","15":"shipping-taxable","16":"purchasable","17":"product-type-simple"},"brands":[{"id":214,"name":"Ninja","slug":"ninja"}],"_links":{"self":[{"href":"https:\/\/tammetorubbq.ee\/lt\/wp-json\/wp\/v2\/product\/4021","targetHints":{"allow":["GET"]}}],"collection":[{"href":"https:\/\/tammetorubbq.ee\/lt\/wp-json\/wp\/v2\/product"}],"about":[{"href":"https:\/\/tammetorubbq.ee\/lt\/wp-json\/wp\/v2\/types\/product"}],"replies":[{"embeddable":true,"href":"https:\/\/tammetorubbq.ee\/lt\/wp-json\/wp\/v2\/comments?post=4021"}],"wp:featuredmedia":[{"embeddable":true,"href":"https:\/\/tammetorubbq.ee\/lt\/wp-json\/wp\/v2\/media\/4023"}],"wp:attachment":[{"href":"https:\/\/tammetorubbq.ee\/lt\/wp-json\/wp\/v2\/media?parent=4021"}],"wp:term":[{"taxonomy":"pwb-brand","embeddable":true,"href":"https:\/\/tammetorubbq.ee\/lt\/wp-json\/wp\/v2\/pwb-brand?post=4021"},{"taxonomy":"product_brand","embeddable":true,"href":"https:\/\/tammetorubbq.ee\/lt\/wp-json\/wp\/v2\/product_brand?post=4021"},{"taxonomy":"product_cat","embeddable":true,"href":"https:\/\/tammetorubbq.ee\/lt\/wp-json\/wp\/v2\/product_cat?post=4021"},{"taxonomy":"product_tag","embeddable":true,"href":"https:\/\/tammetorubbq.ee\/lt\/wp-json\/wp\/v2\/product_tag?post=4021"}],"curies":[{"name":"wp","href":"https:\/\/api.w.org\/{rel}","templated":true}]}}