{"id":4030,"date":"2025-10-16T09:37:10","date_gmt":"2025-10-16T06:37:10","guid":{"rendered":"https:\/\/tammetorubbq.ee\/?post_type=product&#038;p=4030"},"modified":"2026-04-16T18:00:15","modified_gmt":"2026-04-16T15:00:15","slug":"ninja-akumuliatorinis-maisytuvas-blast-compact-047l-baltas","status":"publish","type":"product","link":"https:\/\/tammetorubbq.ee\/lt\/produktas\/ninja-akumuliatorinis-maisytuvas-blast-compact-047l-baltas\/","title":{"rendered":"\"Ninja\" belaidis mai\u0161ytuvas \"Blast Compact\" 0,47 l (baltas)"},"content":{"rendered":"<table class=\"woocommerce-product-attributes shop_attributes\" aria-label=\"I\u0161sami informacija apie gamin\u012f\">\n<tbody>\n<tr class=\"woocommerce-product-attributes-item woocommerce-product-attributes-item--weight\">\n<th class=\"woocommerce-product-attributes-item__label\" style=\"text-align: left;\" scope=\"row\">Svoris<\/th>\n<td class=\"woocommerce-product-attributes-item__value\">0,8 kg<\/td>\n<\/tr>\n<tr class=\"woocommerce-product-attributes-item woocommerce-product-attributes-item--dimensions\">\n<th class=\"woocommerce-product-attributes-item__label\" scope=\"row\">Matmenys<\/th>\n<td class=\"woocommerce-product-attributes-item__value\">9 \u00d7 9 \u00d7 27 cm<\/td>\n<\/tr>\n<\/tbody>\n<\/table>\n<p>&nbsp;<\/p>\n<p data-start=\"112\" data-end=\"348\"><strong data-start=\"112\" data-end=\"121\">Ninja<\/strong>\u00a0<strong>preki\u0173 \u017eenklas<\/strong>\u00a0yra gerai \u017einomas amerikie\u010di\u0173 buitin\u0117s technikos prek\u0117s \u017eenklas, priklausantis bendrovei\u00a0<strong data-start=\"187\" data-end=\"201\">SharkNinja<\/strong>. Prek\u0117s \u017eenklas vertinamas d\u0117l savo\u00a0<strong data-start=\"225\" data-end=\"269\">i\u0161man\u016bs ir patog\u016bs sprendimai.<\/strong>\u00a0kurie palengvina kasdien\u012f maisto ruo\u0161im\u0105 ir padidina jo efektyvum\u0105.<\/p>\n<p data-start=\"350\" data-end=\"651\">\"Ninja\" asortiment\u0105 sudaro\u00a0<strong data-start=\"380\" data-end=\"434\">mai\u0161ytuvai, virtuviniai kombainai, keptuv\u0117s, daugiafunkcin\u0117s keptuv\u0117s<\/strong>\u00a0ir vis da\u017eniau\u00a0<strong data-start=\"452\" data-end=\"474\">lauko virtuv\u0117s \u012franga<\/strong>. Visi produktai yra sukurti taip, kad der\u0117t\u0173\u00a0<strong data-start=\"507\" data-end=\"564\">funkcionalumas, patikimumas ir novatori\u0161kas dizainas<\/strong>sukurti geriausi\u0105 \u012frank\u012f kiekvienai virtuvei - tiek nam\u0173, tiek profesional\u0173 virtuvei.<\/p>","protected":false},"excerpt":{"rendered":"<p><strong data-start=\"127\" data-end=\"162\">Visur pasiimkite savo kokteil\u012f!<\/strong><\/p>\n<p>\"Ninja Blast Compact\" - tai belaidis, ne\u0161iojamasis ir nepralaidus mai\u0161ytuvas, kuriuo gal\u0117site gaminti \u0161vie\u017eius g\u0117rimus bet kada ir bet kur - sporto sal\u0117je, biure, automobilyje ar kelion\u0117je. D\u0117l \u012fmontuoto akumuliatoriaus ir USB-C \u012fkrovimo galite mai\u0161yti m\u0117gstamus mi\u0161inius be laid\u0173.<\/p>\n<h4 data-start=\"451\" data-end=\"468\"><strong data-start=\"456\" data-end=\"468\">Funkcijos<\/strong><\/h4>\n<ul data-start=\"469\" data-end=\"987\">\n<li data-start=\"469\" data-end=\"528\">\n<p data-start=\"471\" data-end=\"528\"><strong data-start=\"471\" data-end=\"496\">Belaidis naudojimas<\/strong>\u00a0su \u012fmontuotu li\u010dio jon\u0173 akumuliatoriumi<\/p>\n<\/li>\n<li data-start=\"529\" data-end=\"569\">\n<p data-start=\"531\" data-end=\"569\"><strong data-start=\"531\" data-end=\"550\">USB-C \u012fkrovimas<\/strong>\u00a0- patogu ir greita<\/p>\n<\/li>\n<li data-start=\"570\" data-end=\"638\">\n<p data-start=\"572\" data-end=\"638\"><strong data-start=\"572\" data-end=\"587\">530 ml anum<\/strong>\u00a0(rekomenduojama talpa 470 ml) su sandariu dangteliu<\/p>\n<\/li>\n<li data-start=\"639\" data-end=\"728\">\n<p data-start=\"641\" data-end=\"728\"><strong data-start=\"641\" data-end=\"655\">\"BlastBlade\"<\/strong>\u00a0ner\u016bdijan\u010dio plieno a\u0161menys veiksmingai smulkina vaisius, led\u0105 ir s\u0117klas<\/p>\n<\/li>\n<li data-start=\"729\" data-end=\"793\">\n<p data-start=\"731\" data-end=\"793\"><strong data-start=\"731\" data-end=\"758\">\"Ninja Blast\" technologija<\/strong>\u00a0sukuria glotn\u0173 ir kremin\u012f rezultat\u0105<\/p>\n<\/li>\n<li data-start=\"794\" data-end=\"857\">\n<p data-start=\"796\" data-end=\"857\"><strong data-start=\"796\" data-end=\"823\">Galima plauti indaplov\u0117je<\/strong>\u00a0konteineris ir dangtis (vir\u0161utin\u0117 lentyna)<\/p>\n<\/li>\n<li data-start=\"858\" data-end=\"917\">\n<p data-start=\"860\" data-end=\"917\"><strong data-start=\"860\" data-end=\"886\">Valdymas vienu mygtuku<\/strong>\u00a0- paprasta ir greita naudoti<\/p>\n<\/li>\n<li data-start=\"918\" data-end=\"987\">\n<p data-start=\"920\" data-end=\"987\"><strong data-start=\"920\" data-end=\"950\">Kompakti\u0161kas ir tylus dizainas<\/strong>\u00a0- idealiai tinka i\u0161sine\u0161ti<\/p>\n<\/li>\n<\/ul>\n<h4 data-start=\"994\" data-end=\"1020\"><strong data-start=\"999\" data-end=\"1020\">Techniniai duomenys<\/strong><\/h4>\n<ul data-start=\"1021\" data-end=\"1156\">\n<li data-start=\"1021\" data-end=\"1044\">\n<p data-start=\"1023\" data-end=\"1044\">Maitinimas: maitinamas i\u0161 baterijos<\/p>\n<\/li>\n<li data-start=\"1045\" data-end=\"1061\">\n<p data-start=\"1047\" data-end=\"1061\">Talpa: 470 ml<\/p>\n<\/li>\n<li data-start=\"1062\" data-end=\"1100\">\n<p data-start=\"1064\" data-end=\"1100\">Med\u017eiaga: plastikas, ner\u016bdijan\u010dio plieno gele\u017et\u0117<\/p>\n<\/li>\n<li data-start=\"1101\" data-end=\"1115\">\n<p data-start=\"1103\" data-end=\"1115\">Spalva: juoda<\/p>\n<\/li>\n<li data-start=\"1116\" data-end=\"1136\">\n<p data-start=\"1118\" data-end=\"1136\">\u012ekrovimas: USB-C<\/p>\n<\/li>\n<li data-start=\"1137\" data-end=\"1156\">\n<p data-start=\"1139\" data-end=\"1156\">Grei\u010di\u0173 skai\u010dius: 1<\/p>\n<\/li>\n<\/ul>\n<h4 data-start=\"1163\" data-end=\"1182\"><strong data-start=\"1168\" data-end=\"1182\">Pateik\u0117<\/strong><\/h4>\n<ul data-start=\"1183\" data-end=\"1286\">\n<li data-start=\"1183\" data-end=\"1210\">\n<p data-start=\"1185\" data-end=\"1210\">Mai\u0161ytuvas su motorizuotu pagrindu<\/p>\n<\/li>\n<li data-start=\"1211\" data-end=\"1246\">\n<p data-start=\"1213\" data-end=\"1246\">530 ml talpykla su sandariu dangteliu<\/p>\n<\/li>\n<li data-start=\"1247\" data-end=\"1271\">\n<p data-start=\"1249\" data-end=\"1271\">USB-C \u012fkrovimo kabelis<\/p>\n<\/li>\n<li data-start=\"1272\" data-end=\"1286\">\n<p data-start=\"1274\" data-end=\"1286\">A\u0161men\u0173 apsauga<\/p>\n<\/li>\n<\/ul>\n<p><strong data-start=\"1293\" data-end=\"1332\">Idealiai tinka aktyviam \u017emogui<\/strong>kas nori m\u0117gautis \u0161vie\u017eiu kokteiliu ar baltyminiu g\u0117rimu bet kur ir bet kada.<\/p>\n<p><img loading=\"lazy\" decoding=\"async\" class=\"\" src=\"http:\/\/tammetorubbq.ee\/wp-content\/uploads\/2025\/10\/Ninja-logo-300x300.webp\" alt=\"Ninja logotipas\" width=\"198\" height=\"198\" \/><\/p>","protected":false},"featured_media":4032,"comment_status":"open","ping_status":"closed","template":"","meta":{"_uf_show_specific_survey":0,"_uf_disable_surveys":false},"pwb-brand":[214],"product_brand":[],"product_cat":[194,198],"product_tag":[218],"class_list":{"0":"post-4030","1":"product","2":"type-product","3":"status-publish","4":"has-post-thumbnail","6":"pwb-brand-ninja","7":"product_cat-ninja-koogiseadmed","8":"product_cat-blenderid-ja-koogikombainid","9":"product_tag-blender","11":"first","12":"instock","13":"taxable","14":"shipping-taxable","15":"purchasable","16":"product-type-simple"},"brands":[{"id":214,"name":"Ninja","slug":"ninja"}],"_links":{"self":[{"href":"https:\/\/tammetorubbq.ee\/lt\/wp-json\/wp\/v2\/product\/4030","targetHints":{"allow":["GET"]}}],"collection":[{"href":"https:\/\/tammetorubbq.ee\/lt\/wp-json\/wp\/v2\/product"}],"about":[{"href":"https:\/\/tammetorubbq.ee\/lt\/wp-json\/wp\/v2\/types\/product"}],"replies":[{"embeddable":true,"href":"https:\/\/tammetorubbq.ee\/lt\/wp-json\/wp\/v2\/comments?post=4030"}],"wp:featuredmedia":[{"embeddable":true,"href":"https:\/\/tammetorubbq.ee\/lt\/wp-json\/wp\/v2\/media\/4032"}],"wp:attachment":[{"href":"https:\/\/tammetorubbq.ee\/lt\/wp-json\/wp\/v2\/media?parent=4030"}],"wp:term":[{"taxonomy":"pwb-brand","embeddable":true,"href":"https:\/\/tammetorubbq.ee\/lt\/wp-json\/wp\/v2\/pwb-brand?post=4030"},{"taxonomy":"product_brand","embeddable":true,"href":"https:\/\/tammetorubbq.ee\/lt\/wp-json\/wp\/v2\/product_brand?post=4030"},{"taxonomy":"product_cat","embeddable":true,"href":"https:\/\/tammetorubbq.ee\/lt\/wp-json\/wp\/v2\/product_cat?post=4030"},{"taxonomy":"product_tag","embeddable":true,"href":"https:\/\/tammetorubbq.ee\/lt\/wp-json\/wp\/v2\/product_tag?post=4030"}],"curies":[{"name":"wp","href":"https:\/\/api.w.org\/{rel}","templated":true}]}}