{"id":4033,"date":"2025-10-16T09:47:45","date_gmt":"2025-10-16T06:47:45","guid":{"rendered":"https:\/\/tammetorubbq.ee\/?post_type=product&#038;p=4033"},"modified":"2026-04-17T00:00:01","modified_gmt":"2026-04-16T21:00:01","slug":"ninja-foodi-3in1-maisytuvas-kasimixeris-smulkintuvas","status":"publish","type":"product","link":"https:\/\/tammetorubbq.ee\/lt\/produktas\/ninja-foodi-3in1-maisytuvas-kasimixeris-smulkintuvas\/","title":{"rendered":"\"Ninja Foodi 3in1\" - mai\u0161ytuvas, rankinis mai\u0161ytuvas, smulkintuvas"},"content":{"rendered":"<table class=\"woocommerce-product-attributes shop_attributes\" aria-label=\"I\u0161sami informacija apie gamin\u012f\">\n<tbody>\n<tr class=\"woocommerce-product-attributes-item woocommerce-product-attributes-item--weight\">\n<th class=\"woocommerce-product-attributes-item__label\" style=\"text-align: left;\" scope=\"row\">Svoris<\/th>\n<td class=\"woocommerce-product-attributes-item__value\">2 kg<\/td>\n<\/tr>\n<tr class=\"woocommerce-product-attributes-item woocommerce-product-attributes-item--dimensions\">\n<th class=\"woocommerce-product-attributes-item__label\" scope=\"row\">Matmenys<\/th>\n<td class=\"woocommerce-product-attributes-item__value\">30 \u00d7 41 \u00d7 27 cm<\/td>\n<\/tr>\n<\/tbody>\n<\/table>\n<p>&nbsp;<\/p>\n<p data-start=\"112\" data-end=\"348\"><strong data-start=\"112\" data-end=\"121\">Ninja<\/strong>\u00a0<strong>preki\u0173 \u017eenklas<\/strong>\u00a0yra gerai \u017einomas amerikie\u010di\u0173 buitin\u0117s technikos prek\u0117s \u017eenklas, priklausantis bendrovei\u00a0<strong data-start=\"187\" data-end=\"201\">SharkNinja<\/strong>. Prek\u0117s \u017eenklas vertinamas d\u0117l savo\u00a0<strong data-start=\"225\" data-end=\"269\">i\u0161man\u016bs ir patog\u016bs sprendimai.<\/strong>\u00a0kurie palengvina kasdien\u012f maisto ruo\u0161im\u0105 ir padidina jo efektyvum\u0105.<\/p>\n<p data-start=\"350\" data-end=\"651\">\"Ninja\" asortiment\u0105 sudaro\u00a0<strong data-start=\"380\" data-end=\"434\">mai\u0161ytuvai, virtuviniai kombainai, keptuv\u0117s, daugiafunkcin\u0117s keptuv\u0117s<\/strong>\u00a0ir vis da\u017eniau\u00a0<strong data-start=\"452\" data-end=\"474\">lauko virtuv\u0117s \u012franga<\/strong>. Visi produktai yra sukurti taip, kad der\u0117t\u0173\u00a0<strong data-start=\"507\" data-end=\"564\">funkcionalumas, patikimumas ir novatori\u0161kas dizainas<\/strong>sukurti geriausi\u0105 \u012frank\u012f kiekvienai virtuvei - tiek nam\u0173, tiek profesional\u0173 virtuvei.<\/p>","protected":false},"excerpt":{"rendered":"<p data-start=\"134\" data-end=\"513\"><strong data-start=\"134\" data-end=\"210\">Vienas prietaisas, trys funkcijos - pjaustykite, mai\u0161ykite ir plakite kaip profesionalas.<\/strong><\/p>\n<p data-start=\"134\" data-end=\"513\">\"Ninja Food\" maisto ruo\u0161imo sistema \"3-in-1\" sujungta \u012f vien\u0105 kompakti\u0161k\u0105 \u012frengin\u012f. <strong data-start=\"281\" data-end=\"319\">mai\u0161ytuvas, rankinis mai\u0161ytuvas ir smulkintuvas<\/strong>, kurioje rasite visk\u0105, ko reikia norint greitai ir efektyviai paruo\u0161ti maist\u0105. I\u0161manusis <strong data-start=\"402\" data-end=\"415\">\"PowerBase\"<\/strong> automati\u0161kai nustato, kok\u012f pried\u0105 naudojate, ir pritaiko greit\u012f pagal u\u017eduot\u012f.<\/p>\n<h4 data-start=\"520\" data-end=\"546\"><strong data-start=\"525\" data-end=\"546\">Pagrindin\u0117s funkcijos<\/strong><\/h4>\n<ul data-start=\"547\" data-end=\"916\">\n<li data-start=\"547\" data-end=\"611\">\n<p data-start=\"549\" data-end=\"611\"><strong data-start=\"549\" data-end=\"576\">\"3 viename\" funkcija:<\/strong> mai\u0161ytuvas, rankinis mai\u0161ytuvas ir smulkintuvas<\/p>\n<\/li>\n<li data-start=\"612\" data-end=\"696\">\n<p data-start=\"614\" data-end=\"696\"><strong data-start=\"614\" data-end=\"639\">POWERBASE technologija<\/strong> - aptinka priedus ir automati\u0161kai reguliuoja greit\u012f<\/p>\n<\/li>\n<li data-start=\"697\" data-end=\"781\">\n<p data-start=\"699\" data-end=\"781\"><strong data-start=\"699\" data-end=\"721\">\"SmartTorque\" variklis<\/strong> - be problem\u0173 sumai\u0161o net tir\u0161tus ir sunkius maisto produktus<\/p>\n<\/li>\n<li data-start=\"782\" data-end=\"851\">\n<p data-start=\"784\" data-end=\"851\"><strong data-start=\"784\" data-end=\"808\">Reguliuojamas greitis:<\/strong> 2 mai\u0161ymo grei\u010diai ir 5 mai\u0161ymo re\u017eimai<\/p>\n<\/li>\n<li data-start=\"852\" data-end=\"916\">\n<p data-start=\"854\" data-end=\"916\"><strong data-start=\"854\" data-end=\"888\">Indaplov\u0117je plaunamos dalys<\/strong> - lengva ir greita prie\u017ei\u016bra<\/p>\n<\/li>\n<\/ul>\n<h4 data-start=\"923\" data-end=\"942\"><strong data-start=\"928\" data-end=\"942\">Pateik\u0117<\/strong><\/h4>\n<ul data-start=\"943\" data-end=\"1191\">\n<li data-start=\"943\" data-end=\"1021\">\n<p data-start=\"945\" data-end=\"1021\"><strong data-start=\"945\" data-end=\"958\">Muller<\/strong> su ner\u016bdijan\u010dio plieno antgaliu \u0161ilkin\u0117ms sriuboms ir tyrel\u0117ms<\/p>\n<\/li>\n<li data-start=\"1022\" data-end=\"1107\">\n<p data-start=\"1024\" data-end=\"1107\"><strong data-start=\"1024\" data-end=\"1038\">Rankinis mai\u0161ytuvas<\/strong> 2 plaktuvai ir plaktuvas - tinka te\u0161lai, kiau\u0161iniams ir plaktai grietin\u0117lei plakti<\/p>\n<\/li>\n<li data-start=\"1108\" data-end=\"1191\">\n<p data-start=\"1110\" data-end=\"1191\"><strong data-start=\"1110\" data-end=\"1121\">Parei\u0161k\u0117jas<\/strong> Su 700 ml dubeniu ir konservavimo dangteliu - greitam ir tolygiam rezultatui pasiekti<\/p>\n<\/li>\n<\/ul>\n<h4 data-start=\"1198\" data-end=\"1224\"><strong data-start=\"1203\" data-end=\"1224\">Techniniai duomenys<\/strong><\/h4>\n<ul data-start=\"1225\" data-end=\"1421\">\n<li data-start=\"1225\" data-end=\"1247\">\n<p data-start=\"1227\" data-end=\"1247\">Galia: <strong data-start=\"1236\" data-end=\"1245\">850 W<\/strong><\/p>\n<\/li>\n<li data-start=\"1248\" data-end=\"1288\">\n<p data-start=\"1250\" data-end=\"1288\">Did\u017eiausias greitis: <strong data-start=\"1270\" data-end=\"1286\">15 500 apsuk\u0173 per minut\u0119<\/strong><\/p>\n<\/li>\n<li data-start=\"1289\" data-end=\"1324\">\n<p data-start=\"1291\" data-end=\"1324\">Grei\u010di\u0173 skai\u010dius: <strong data-start=\"1305\" data-end=\"1322\">2 + turbo sriuba<\/strong><\/p>\n<\/li>\n<li data-start=\"1325\" data-end=\"1358\">\n<p data-start=\"1327\" data-end=\"1358\">Maitinimo kabelio ilgis: <strong data-start=\"1347\" data-end=\"1356\">1,5 m<\/strong><\/p>\n<\/li>\n<li data-start=\"1359\" data-end=\"1402\">\n<p data-start=\"1361\" data-end=\"1402\">Med\u017eiaga: <strong data-start=\"1371\" data-end=\"1400\">ner\u016bdijantis plienas ir plastikas<\/strong><\/p>\n<\/li>\n<li data-start=\"1403\" data-end=\"1421\">\n<p data-start=\"1405\" data-end=\"1421\">Spalva: <strong data-start=\"1411\" data-end=\"1419\">turi<\/strong><\/p>\n<\/li>\n<\/ul>\n<h4 data-start=\"1428\" data-end=\"1445\"><strong data-start=\"1433\" data-end=\"1445\">Daugiau informacijos<\/strong><\/h4>\n<ul data-start=\"1446\" data-end=\"1673\">\n<li data-start=\"1446\" data-end=\"1517\">\n<p data-start=\"1448\" data-end=\"1517\">Funkcijos: smulkinimas, te\u0161los mai\u0161ymas, plakimas ir mai\u0161ymas<\/p>\n<\/li>\n<li data-start=\"1518\" data-end=\"1577\">\n<p data-start=\"1520\" data-end=\"1577\">Visos nuimamos dalys yra <strong data-start=\"1546\" data-end=\"1575\">galima plauti indaplov\u0117je<\/strong><\/p>\n<\/li>\n<li data-start=\"1578\" data-end=\"1673\">\n<p data-start=\"1580\" data-end=\"1673\">Idealiai tinka kasdieniam maisto ruo\u0161imui ir sud\u0117tingesniems patiekalams gaminti.<\/p>\n<\/li>\n<\/ul>\n<p><img loading=\"lazy\" decoding=\"async\" class=\"wp-image-3980\" src=\"http:\/\/tammetorubbq.ee\/wp-content\/uploads\/2025\/10\/Ninja-logo-300x300.webp\" alt=\"Ninja logotipas\" width=\"180\" height=\"180\" srcset=\"https:\/\/tammetorubbq.ee\/wp-content\/uploads\/2025\/10\/Ninja-logo-300x300.webp 300w, https:\/\/tammetorubbq.ee\/wp-content\/uploads\/2025\/10\/Ninja-logo-150x150.webp 150w, https:\/\/tammetorubbq.ee\/wp-content\/uploads\/2025\/10\/Ninja-logo-12x12.webp 12w, https:\/\/tammetorubbq.ee\/wp-content\/uploads\/2025\/10\/Ninja-logo-600x600.webp 600w, https:\/\/tammetorubbq.ee\/wp-content\/uploads\/2025\/10\/Ninja-logo-64x64.webp 64w, https:\/\/tammetorubbq.ee\/wp-content\/uploads\/2025\/10\/Ninja-logo.webp 680w\" sizes=\"auto, (max-width: 180px) 100vw, 180px\" \/><\/p>\n<p><a href=\"https:\/\/tammetorubbq.ee\/lt\/sumoketi-veliau\/\"><strong>PIRKITE DABAR, MOK\u0116KITE V\u0116LIAU<\/strong><\/a>\u00a0- be pal\u016bkan\u0173!<\/p>\n<p><img loading=\"lazy\" decoding=\"async\" class=\"alignnone wp-image-2646\" src=\"http:\/\/tammetorubbq.ee\/wp-content\/uploads\/2023\/12\/inbank-wordmark.png\" alt=\"\" width=\"167\" height=\"75\" srcset=\"https:\/\/tammetorubbq.ee\/wp-content\/uploads\/2023\/12\/inbank-wordmark.png 300w, https:\/\/tammetorubbq.ee\/wp-content\/uploads\/2023\/12\/inbank-wordmark-18x8.png 18w, https:\/\/tammetorubbq.ee\/wp-content\/uploads\/2023\/12\/inbank-wordmark-64x29.png 64w\" sizes=\"auto, (max-width: 167px) 100vw, 167px\" \/><\/p>\n<p>Taip pat si\u016blome galimyb\u0119 sumok\u0117ti v\u0117liau - viena, dviem arba trimis lygiomis dalimis be joki\u0173 pal\u016bkan\u0173 ar papildom\u0173 mokes\u010di\u0173.<\/p>\n<p>M\u016bs\u0173 pirkini\u0173 krep\u0161elyje rasite \u012fvairi\u0173 mok\u0117jimo b\u016bd\u0173 pasirinkim\u0105.<\/p>","protected":false},"featured_media":4037,"comment_status":"open","ping_status":"closed","template":"","meta":{"_uf_show_specific_survey":0,"_uf_disable_surveys":false},"pwb-brand":[214],"product_brand":[],"product_cat":[194,198],"product_tag":[221,220,303,219],"class_list":{"0":"post-4033","1":"product","2":"type-product","3":"status-publish","4":"has-post-thumbnail","6":"pwb-brand-ninja","7":"product_cat-ninja-koogiseadmed","8":"product_cat-blenderid-ja-koogikombainid","9":"product_tag-hakkija","10":"product_tag-kasimikser","11":"product_tag-ninja","12":"product_tag-saumikser","14":"first","15":"outofstock","16":"taxable","17":"shipping-taxable","18":"purchasable","19":"product-type-simple"},"brands":[{"id":214,"name":"Ninja","slug":"ninja"}],"_links":{"self":[{"href":"https:\/\/tammetorubbq.ee\/lt\/wp-json\/wp\/v2\/product\/4033","targetHints":{"allow":["GET"]}}],"collection":[{"href":"https:\/\/tammetorubbq.ee\/lt\/wp-json\/wp\/v2\/product"}],"about":[{"href":"https:\/\/tammetorubbq.ee\/lt\/wp-json\/wp\/v2\/types\/product"}],"replies":[{"embeddable":true,"href":"https:\/\/tammetorubbq.ee\/lt\/wp-json\/wp\/v2\/comments?post=4033"}],"wp:featuredmedia":[{"embeddable":true,"href":"https:\/\/tammetorubbq.ee\/lt\/wp-json\/wp\/v2\/media\/4037"}],"wp:attachment":[{"href":"https:\/\/tammetorubbq.ee\/lt\/wp-json\/wp\/v2\/media?parent=4033"}],"wp:term":[{"taxonomy":"pwb-brand","embeddable":true,"href":"https:\/\/tammetorubbq.ee\/lt\/wp-json\/wp\/v2\/pwb-brand?post=4033"},{"taxonomy":"product_brand","embeddable":true,"href":"https:\/\/tammetorubbq.ee\/lt\/wp-json\/wp\/v2\/product_brand?post=4033"},{"taxonomy":"product_cat","embeddable":true,"href":"https:\/\/tammetorubbq.ee\/lt\/wp-json\/wp\/v2\/product_cat?post=4033"},{"taxonomy":"product_tag","embeddable":true,"href":"https:\/\/tammetorubbq.ee\/lt\/wp-json\/wp\/v2\/product_tag?post=4033"}],"curies":[{"name":"wp","href":"https:\/\/api.w.org\/{rel}","templated":true}]}}