{"id":4038,"date":"2025-10-16T09:55:35","date_gmt":"2025-10-16T06:55:35","guid":{"rendered":"https:\/\/tammetorubbq.ee\/?post_type=product&#038;p=4038"},"modified":"2026-04-16T21:00:01","modified_gmt":"2026-04-16T18:00:01","slug":"ninja-blender-2in1-auto-iq","status":"publish","type":"product","link":"https:\/\/tammetorubbq.ee\/lt\/produktas\/ninja-blender-2in1-auto-iq\/","title":{"rendered":"\"Ninja\" mai\u0161ytuvas 2in1 Auto-iQ"},"content":{"rendered":"<table class=\"woocommerce-product-attributes shop_attributes\" aria-label=\"I\u0161sami informacija apie gamin\u012f\">\n<tbody>\n<tr class=\"woocommerce-product-attributes-item woocommerce-product-attributes-item--weight\">\n<th class=\"woocommerce-product-attributes-item__label\" style=\"text-align: left;\" scope=\"row\">Svoris<\/th>\n<td class=\"woocommerce-product-attributes-item__value\">4,51 kg<\/td>\n<\/tr>\n<tr class=\"woocommerce-product-attributes-item woocommerce-product-attributes-item--dimensions\">\n<th class=\"woocommerce-product-attributes-item__label\" scope=\"row\">Matmenys<\/th>\n<td class=\"woocommerce-product-attributes-item__value\">2519 \u00d7 21 \u00d7 44,5 cm<\/td>\n<\/tr>\n<\/tbody>\n<\/table>\n<p>&nbsp;<\/p>\n<p data-start=\"112\" data-end=\"348\"><strong data-start=\"112\" data-end=\"121\">Ninja<\/strong>\u00a0<strong>preki\u0173 \u017eenklas<\/strong>\u00a0yra gerai \u017einomas amerikie\u010di\u0173 buitin\u0117s technikos prek\u0117s \u017eenklas, priklausantis bendrovei\u00a0<strong data-start=\"187\" data-end=\"201\">SharkNinja<\/strong>. Prek\u0117s \u017eenklas vertinamas d\u0117l savo\u00a0<strong data-start=\"225\" data-end=\"269\">i\u0161man\u016bs ir patog\u016bs sprendimai.<\/strong>\u00a0kurie palengvina kasdien\u012f maisto ruo\u0161im\u0105 ir padidina jo efektyvum\u0105.<\/p>\n<p data-start=\"350\" data-end=\"651\">\"Ninja\" asortiment\u0105 sudaro\u00a0<strong data-start=\"380\" data-end=\"434\">mai\u0161ytuvai, virtuviniai kombainai, keptuv\u0117s, daugiafunkcin\u0117s keptuv\u0117s<\/strong>\u00a0ir vis da\u017eniau\u00a0<strong data-start=\"452\" data-end=\"474\">lauko virtuv\u0117s \u012franga<\/strong>. Visi produktai yra sukurti taip, kad der\u0117t\u0173\u00a0<strong data-start=\"507\" data-end=\"564\">funkcionalumas, patikimumas ir novatori\u0161kas dizainas<\/strong>sukurti geriausi\u0105 \u012frank\u012f kiekvienai virtuvei - tiek nam\u0173, tiek profesional\u0173 virtuvei.<\/p>","protected":false},"excerpt":{"rendered":"<p><strong data-start=\"154\" data-end=\"190\">Vienas prietaisas - begal\u0117 galimybi\u0173.<\/strong><\/p>\n<p>\"Ninja 2-in-1 Auto-iQ\" mai\u0161ytuvas yra galingas ir universalus \u012frankis kasdieniam maisto ruo\u0161imui. Jis sujungia <strong data-start=\"305\" data-end=\"330\">pilno dyd\u017eio mai\u0161ytuvas<\/strong> ir <strong data-start=\"334\" data-end=\"366\">ne\u0161iojamasis kokteili\u0173 mai\u0161ytuvas<\/strong>kad gal\u0117tum\u0117te gaminti g\u0117rimus, pada\u017eus ar desertus taip, kaip jums patinka. D\u0117ka <strong data-start=\"456\" data-end=\"481\">\"Auto-iQ\" technologija<\/strong> vis\u0105 darb\u0105 atlieka u\u017e jus - automatin\u0117s mai\u0161ymo programos u\u017etikrina tolyg\u0173 rezultat\u0105 vos vienu mygtuko paspaudimu.<\/p>\n<h4 data-start=\"608\" data-end=\"634\"><strong data-start=\"613\" data-end=\"634\">Pagrindin\u0117s funkcijos<\/strong><\/h4>\n<ul data-start=\"635\" data-end=\"1147\">\n<li data-start=\"635\" data-end=\"744\">\n<p data-start=\"637\" data-end=\"744\"><strong data-start=\"637\" data-end=\"664\">Naudojimas \"2 viename\":<\/strong> didelis <strong data-start=\"670\" data-end=\"691\">2,1 l mai\u0161ytuvo \u0105sotis<\/strong> (1,9 l talpos) ir <strong data-start=\"715\" data-end=\"742\">700 ml i\u0161sine\u0161imui skirtas indas<\/strong><\/p>\n<\/li>\n<li data-start=\"745\" data-end=\"826\">\n<p data-start=\"747\" data-end=\"826\"><strong data-start=\"747\" data-end=\"770\">\"Auto-iQ\" technologija<\/strong> - trys automatiniai impuls\u0173, pauzi\u0173 ir mai\u0161ymo modeliai<\/p>\n<\/li>\n<li data-start=\"827\" data-end=\"886\">\n<p data-start=\"829\" data-end=\"886\"><strong data-start=\"829\" data-end=\"856\">7 automatin\u0117s programos<\/strong> ir <strong data-start=\"860\" data-end=\"884\">3 rankinio valdymo grei\u010diai<\/strong><\/p>\n<\/li>\n<li data-start=\"887\" data-end=\"971\">\n<p data-start=\"889\" data-end=\"971\"><strong data-start=\"889\" data-end=\"913\">Galingas 1200 W variklis<\/strong> - akimirksniu sutrupina led\u0105, rie\u0161utus ir pluo\u0161tinius ingredientus.<\/p>\n<\/li>\n<li data-start=\"972\" data-end=\"1043\">\n<p data-start=\"974\" data-end=\"1043\"><strong data-start=\"974\" data-end=\"996\">\"Pro Extractor\" peilis<\/strong> - visada pasiekiamas kreminis ir \u0161ilkinis rezultatas<\/p>\n<\/li>\n<li data-start=\"1044\" data-end=\"1088\">\n<p data-start=\"1046\" data-end=\"1088\"><strong data-start=\"1046\" data-end=\"1060\">LCD ekranas<\/strong> ir intuityvus valdymo skydelis<\/p>\n<\/li>\n<li data-start=\"1089\" data-end=\"1147\">\n<p data-start=\"1091\" data-end=\"1147\"><strong data-start=\"1091\" data-end=\"1125\">Indaplov\u0117je plaunamos dalys<\/strong> kad b\u016bt\u0173 lengva atlikti technin\u0119 prie\u017ei\u016br\u0105<\/p>\n<\/li>\n<\/ul>\n<h4 data-start=\"1154\" data-end=\"1184\"><strong data-start=\"1159\" data-end=\"1184\">Naudojimas ir nauda<\/strong><\/h4>\n<ul data-start=\"1185\" data-end=\"1540\">\n<li data-start=\"1185\" data-end=\"1259\">\n<p data-start=\"1187\" data-end=\"1259\">Paruo\u0161kite <strong data-start=\"1196\" data-end=\"1257\">kokteiliai, kokteiliai, pada\u017eai, u\u017epilai, sriubos ir desertai.<\/strong><\/p>\n<\/li>\n<li data-start=\"1260\" data-end=\"1352\">\n<p data-start=\"1262\" data-end=\"1352\">Didelis \u0105sotis skirtas \u0161eimai, ma\u017eesnis - greitam rytiniam kokteiliui.<\/p>\n<\/li>\n<li data-start=\"1353\" data-end=\"1444\">\n<p data-start=\"1355\" data-end=\"1444\">Naudojant \"Auto-iQ\" programas, mai\u0161ytuvas veikia savaranki\u0161kai - nereikia sp\u0117lioti, kiek laiko mai\u0161yti.<\/p>\n<\/li>\n<li data-start=\"1445\" data-end=\"1540\">\n<p data-start=\"1447\" data-end=\"1540\"><strong data-start=\"1447\" data-end=\"1490\">Kei\u010diami ner\u016bdijan\u010dio plieno peiliukai<\/strong>, i\u0161bandyta daugiau nei <strong data-start=\"1510\" data-end=\"1538\">1000 ledo i\u0161krovimo cikl\u0173<\/strong><\/p>\n<\/li>\n<\/ul>\n<h4 data-start=\"1547\" data-end=\"1573\"><strong data-start=\"1552\" data-end=\"1573\">Techniniai duomenys<\/strong><\/h4>\n<ul data-start=\"1574\" data-end=\"1795\">\n<li data-start=\"1574\" data-end=\"1597\">\n<p data-start=\"1576\" data-end=\"1597\">Galia: <strong data-start=\"1585\" data-end=\"1595\">1200 W<\/strong><\/p>\n<\/li>\n<li data-start=\"1598\" data-end=\"1636\">\n<p data-start=\"1600\" data-end=\"1636\">Talpa: <strong data-start=\"1611\" data-end=\"1634\">1,9 l (talpa)<\/strong><\/p>\n<\/li>\n<li data-start=\"1637\" data-end=\"1660\">\n<p data-start=\"1639\" data-end=\"1660\">Grei\u010di\u0173 skai\u010dius: <strong data-start=\"1653\" data-end=\"1658\">3<\/strong><\/p>\n<\/li>\n<li data-start=\"1661\" data-end=\"1687\">\n<p data-start=\"1663\" data-end=\"1687\">Program\u0173 skai\u010dius: <strong data-start=\"1680\" data-end=\"1685\">7<\/strong><\/p>\n<\/li>\n<li data-start=\"1688\" data-end=\"1718\">\n<p data-start=\"1690\" data-end=\"1718\">Pulsacijos re\u017eimas: <strong data-start=\"1709\" data-end=\"1716\">Taip<\/strong><\/p>\n<\/li>\n<li data-start=\"1719\" data-end=\"1764\">\n<p data-start=\"1721\" data-end=\"1764\">Med\u017eiaga: <strong data-start=\"1731\" data-end=\"1762\">plastikas ir ner\u016bdijantis plienas<\/strong><\/p>\n<\/li>\n<li data-start=\"1765\" data-end=\"1795\">\n<p data-start=\"1767\" data-end=\"1795\">Spalva: <strong data-start=\"1773\" data-end=\"1793\">juoda ir sidabrin\u0117<\/strong><\/p>\n<\/li>\n<\/ul>\n<h4 data-start=\"1802\" data-end=\"1819\"><strong data-start=\"1807\" data-end=\"1819\">Daugiau informacijos<\/strong><\/h4>\n<ul data-start=\"1820\" data-end=\"1989\">\n<li data-start=\"1820\" data-end=\"1869\">\n<p data-start=\"1822\" data-end=\"1869\">Neslystan\u010dios kojel\u0117s u\u017etikrina stabilum\u0105<\/p>\n<\/li>\n<li data-start=\"1870\" data-end=\"1965\">\n<p data-start=\"1872\" data-end=\"1965\">Komplekte yra: variklio pagrindas, 2,1 l mai\u0161ytuvo \u0105sotis su dangteliu, 700 ml indelis su dangteliu, kei\u010diami peiliai.<\/p>\n<\/li>\n<li data-start=\"1966\" data-end=\"1989\">\n<p data-start=\"1968\" data-end=\"1989\">N\u0117ra kabelio laikiklio<\/p>\n<\/li>\n<\/ul>\n<p><img loading=\"lazy\" decoding=\"async\" class=\"wp-image-3980\" src=\"http:\/\/tammetorubbq.ee\/wp-content\/uploads\/2025\/10\/Ninja-logo-300x300.webp\" alt=\"Ninja logotipas\" width=\"180\" height=\"180\" srcset=\"https:\/\/tammetorubbq.ee\/wp-content\/uploads\/2025\/10\/Ninja-logo-300x300.webp 300w, https:\/\/tammetorubbq.ee\/wp-content\/uploads\/2025\/10\/Ninja-logo-150x150.webp 150w, https:\/\/tammetorubbq.ee\/wp-content\/uploads\/2025\/10\/Ninja-logo-12x12.webp 12w, https:\/\/tammetorubbq.ee\/wp-content\/uploads\/2025\/10\/Ninja-logo-600x600.webp 600w, https:\/\/tammetorubbq.ee\/wp-content\/uploads\/2025\/10\/Ninja-logo-64x64.webp 64w, https:\/\/tammetorubbq.ee\/wp-content\/uploads\/2025\/10\/Ninja-logo.webp 680w\" sizes=\"auto, (max-width: 180px) 100vw, 180px\" \/><\/p>\n<p><a href=\"https:\/\/tammetorubbq.ee\/lt\/sumoketi-veliau\/\"><strong>PIRKITE DABAR, MOK\u0116KITE V\u0116LIAU<\/strong><\/a>\u00a0- be pal\u016bkan\u0173!<\/p>\n<p><img loading=\"lazy\" decoding=\"async\" class=\"alignnone wp-image-2646\" src=\"http:\/\/tammetorubbq.ee\/wp-content\/uploads\/2023\/12\/inbank-wordmark.png\" alt=\"\" width=\"167\" height=\"75\" srcset=\"https:\/\/tammetorubbq.ee\/wp-content\/uploads\/2023\/12\/inbank-wordmark.png 300w, https:\/\/tammetorubbq.ee\/wp-content\/uploads\/2023\/12\/inbank-wordmark-18x8.png 18w, https:\/\/tammetorubbq.ee\/wp-content\/uploads\/2023\/12\/inbank-wordmark-64x29.png 64w\" sizes=\"auto, (max-width: 167px) 100vw, 167px\" \/><\/p>\n<p>Taip pat si\u016blome galimyb\u0119 sumok\u0117ti v\u0117liau - viena, dviem arba trimis lygiomis dalimis be joki\u0173 pal\u016bkan\u0173 ar papildom\u0173 mokes\u010di\u0173.<\/p>\n<p>M\u016bs\u0173 pirkini\u0173 krep\u0161elyje rasite \u012fvairi\u0173 mok\u0117jimo b\u016bd\u0173 pasirinkim\u0105.<\/p>","protected":false},"featured_media":4043,"comment_status":"open","ping_status":"closed","template":"","meta":{"_uf_show_specific_survey":0,"_uf_disable_surveys":false},"pwb-brand":[214],"product_brand":[],"product_cat":[194,198],"product_tag":[218],"class_list":{"0":"post-4038","1":"product","2":"type-product","3":"status-publish","4":"has-post-thumbnail","6":"pwb-brand-ninja","7":"product_cat-ninja-koogiseadmed","8":"product_cat-blenderid-ja-koogikombainid","9":"product_tag-blender","11":"first","12":"instock","13":"taxable","14":"shipping-taxable","15":"purchasable","16":"product-type-simple"},"brands":[{"id":214,"name":"Ninja","slug":"ninja"}],"_links":{"self":[{"href":"https:\/\/tammetorubbq.ee\/lt\/wp-json\/wp\/v2\/product\/4038","targetHints":{"allow":["GET"]}}],"collection":[{"href":"https:\/\/tammetorubbq.ee\/lt\/wp-json\/wp\/v2\/product"}],"about":[{"href":"https:\/\/tammetorubbq.ee\/lt\/wp-json\/wp\/v2\/types\/product"}],"replies":[{"embeddable":true,"href":"https:\/\/tammetorubbq.ee\/lt\/wp-json\/wp\/v2\/comments?post=4038"}],"wp:featuredmedia":[{"embeddable":true,"href":"https:\/\/tammetorubbq.ee\/lt\/wp-json\/wp\/v2\/media\/4043"}],"wp:attachment":[{"href":"https:\/\/tammetorubbq.ee\/lt\/wp-json\/wp\/v2\/media?parent=4038"}],"wp:term":[{"taxonomy":"pwb-brand","embeddable":true,"href":"https:\/\/tammetorubbq.ee\/lt\/wp-json\/wp\/v2\/pwb-brand?post=4038"},{"taxonomy":"product_brand","embeddable":true,"href":"https:\/\/tammetorubbq.ee\/lt\/wp-json\/wp\/v2\/product_brand?post=4038"},{"taxonomy":"product_cat","embeddable":true,"href":"https:\/\/tammetorubbq.ee\/lt\/wp-json\/wp\/v2\/product_cat?post=4038"},{"taxonomy":"product_tag","embeddable":true,"href":"https:\/\/tammetorubbq.ee\/lt\/wp-json\/wp\/v2\/product_tag?post=4038"}],"curies":[{"name":"wp","href":"https:\/\/api.w.org\/{rel}","templated":true}]}}