{"id":404,"date":"2023-12-03T11:29:41","date_gmt":"2023-12-03T09:29:41","guid":{"rendered":"https:\/\/tammetorubbq.ee\/?post_type=product&#038;p=404"},"modified":"2026-04-19T20:00:11","modified_gmt":"2026-04-19T17:00:11","slug":"bbq-succahi-duminis-zveris","status":"publish","type":"product","link":"https:\/\/tammetorubbq.ee\/lt\/produktas\/bbq-succahi-duminis-zveris\/","title":{"rendered":"BBQ d\u016bminio \u017ev\u0117ries smilkal\u0173 degiklis"},"content":{"rendered":"<p><strong>D\u016bminis \u017ev\u0117ris<\/strong>\u00a0talpa didesn\u0117 nei did\u017eiausi\u0173 \"Kamado\" keramini\u0173 kepsnini\u0173 modeli\u0173 (pa\u017eym\u0117t\u0173 XL, Big Joe\/Pro Joe). Dviej\u0173 kepsnini\u0173 bendras pavir\u0161iaus plotas yra 5865 cm2.<\/p>\n<p>\u017diem\u0105 grilio nereikia laikyti ar u\u017edengti patalpoje, nes \"Cor-Ten\" ir ner\u016bdijantis plienas gali atlaikyti bet kokias oro s\u0105lygas. Plienas taip pat gerai atlaiko temperat\u016bros svyravimus - nereikia baimintis, kad jis sul\u016b\u0161 ar \u012ftr\u016bks.<\/p>\n<p>Jei norite perkelti kepsnin\u0119 i\u0161 vienos vietos \u012f kit\u0105 arba paskolinti j\u0105 draugui ar kaimynui, tai paprasta: kepsnin\u0119 galima ve\u017eti sunkve\u017eimio d\u0117\u017e\u0117je. Tai n\u0117ra subtilus gaminys, su kuriuo reik\u0117t\u0173 elgtis labai atsargiai.<\/p>\n<p>&nbsp;<\/p>\n<p><strong>Techniniai duomenys:<\/strong><\/p>\n<p>\u012e kain\u0105 \u012fskai\u010diuota: med\u017eio angli\u0173 vonia, kepsnin\u0117s briket\u0173 modulis, \u0161onin\u0117s lentynos.<strong><br \/>\n<\/strong><br \/>\nGrilis pagamintas i\u0161 3 mm Cor-Ten plieno, sveria 101 kg.<br \/>\nVirimo ir \u0161ildymo kameros yra atskiros, o kaminai - atskiri.<br \/>\nGrilio kepsnin\u0117s neda\u017eomos.<\/p>\n<p>Nel\u016b\u017etantys vyriai (5 mm ner\u016bdijantis plienas).<\/p>\n<p>Kepimo skardos dydis yra 70 x 50 cm.<\/p>\n<p>Dvi skirting\u0173 lygi\u0173 kepimo formos, kuri\u0173 matmenys 68\u00d749 cm ir 68\u00d734 cm. Med\u017eiaga - ner\u016bdijantis plienas.<\/p>\n<p>Talpa: \u012f dvi lentynas vienu metu galima sud\u0117ti apie 20 kg kulinarini\u0173 \u0161onkauli\u0173.<\/p>\n<p>Abiejose pus\u0117se esantys kaminai u\u017etikrina tolyg\u0173 \u0161ilumos paskirstym\u0105.<\/p>\n<p>Vanduo \u012f vandens voni\u0105 \u012fpilamas per special\u0173 vamzd\u012f ir krosnel\u0117s nereikia atidaryti.<\/p>\n<p>Riebalai i\u0161 krosnies i\u0161teka nuo\u017eulniu loviu ir la\u0161a \u012f special\u0173 kibir\u0105.<\/p>\n<p>Kamin\u0173 vir\u0161uje yra sieteliai, kuriais galima reguliuoti krosnies temperat\u016br\u0105.<\/p>\n<p>Grilyje yra i\u0161orinis termometras (skal\u0117 0-300 C).<\/p>\n<p>Krosnies gylis 48 cm, ketaus dugnas.<\/p>\n<p>Virykl\u0117s priekyje yra 20\u00d720 cm dyd\u017eio kaitviet\u0117, kurioje galima kaitinti mop\u0173 pada\u017eus.<\/p>\n<p>Dureles galima u\u017efiksuoti dviejose pad\u0117tyse - tai geras b\u016bdas reguliuoti temperat\u016br\u0105.<\/p>\n<p>Dvigubos sienel\u0117s katilo durel\u0117ms u\u017etikrina didesn\u012f atsparum\u0105 kar\u0161\u010diui<\/p>\n<p>&nbsp;<\/p>\n<p>D\u016bminio \u017ev\u0117ries med\u017eiaga: Cor-Ten plienas - tai beveik grynas anglinis plienas, ta\u010diau apdorotas taip, kad ant jo pavir\u0161iaus susidaryt\u0173 apsauginis sluoksnis, atsparus gamtos stichijoms. I\u0161 prad\u017ei\u0173 Cor-Ten plienas yra pilk\u0161vas, v\u0117liau rausvai rudas (r\u016bd\u017ei\u0173 atspalvis), laikui b\u0117gant tams\u0117ja. Tinkamai naudojamas Cor-Ten plienas yra i\u0161rai\u0161kingas, ilgaam\u017eis ir nereikalaujantis prie\u017ei\u016bros, tod\u0117l unikaliai i\u0161laiko laiko i\u0161bandym\u0105.<\/p>","protected":false},"excerpt":{"rendered":"<h5><strong>Klassikaline kahe korstnaga BBQ-suitsuahi, millega k\u00fcpsetades saab parimaid maitseelamusi.<\/strong><\/h5>\n<p>Valmistatakse k\u00e4sit\u00f6\u00f6na Cor-Ten terasest. BBQ-k\u00fcpsetamiseks saab ahju k\u00fctta nii puude- kui grillbriketiga.<\/p>\n<p>Lisaks saab kasutada ka <strong>s\u00f6egrillina<\/strong>. Kui BBQ k\u00fcpsetamiseks v\u00f5i suitsutamiseks tuleb kuumus alt k\u00fcttekoldest, siis grillimise jaoks on spetsiaalne s\u00f6evann, mis paigaldatakse k\u00fcpsetusrestide alla.<\/p>\n<p>Raudonai ruda \"Cor-Ten\" plieno spalva derinama su ner\u016bdijan\u010diojo plieno detal\u0117mis, tod\u0117l \"Smoky Beast\" i\u0161siskiria \u012fsp\u016bdinga i\u0161vaizda. Turinys nenusileid\u017eia i\u0161vaizdai, nes ankstesn\u0117s kartos modeliai laim\u0117jo daugyb\u0119 kepimo ant groteli\u0173 konkurs\u0173.<\/p>\n<p><strong>NB! <\/strong>Alates 2025 aprillist on tuhasahtel ning rasva-, vee-, ja s\u00f6evannid valmistatud roostevabast terasest. Grillihooaja alguses ei pea tegema enam vannidele roostehooldust!<\/p>\n<p>&nbsp;<\/p>\n<p><img loading=\"lazy\" decoding=\"async\" class=\"alignnone wp-image-951\" src=\"http:\/\/tammetorubbq.ee\/wp-content\/uploads\/2023\/11\/GrillSymbol.png\" alt=\"\" width=\"153\" height=\"42\" srcset=\"https:\/\/tammetorubbq.ee\/wp-content\/uploads\/2023\/11\/GrillSymbol.png 273w, https:\/\/tammetorubbq.ee\/wp-content\/uploads\/2023\/11\/GrillSymbol-18x5.png 18w, https:\/\/tammetorubbq.ee\/wp-content\/uploads\/2023\/11\/GrillSymbol-64x18.png 64w\" sizes=\"auto, (max-width: 153px) 100vw, 153px\" \/><\/p>\n<p>&nbsp;<\/p>\n<p><a href=\"https:\/\/tammetorubbq.ee\/lt\/sumoketi-veliau\/\"><strong>PIRKITE DABAR, MOK\u0116KITE V\u0116LIAU<\/strong><\/a>\u00a0- be pal\u016bkan\u0173!<\/p>\n<p><img loading=\"lazy\" decoding=\"async\" class=\"alignnone wp-image-2646\" src=\"http:\/\/tammetorubbq.ee\/wp-content\/uploads\/2023\/12\/inbank-wordmark.png\" alt=\"\" width=\"167\" height=\"75\" srcset=\"https:\/\/tammetorubbq.ee\/wp-content\/uploads\/2023\/12\/inbank-wordmark.png 300w, https:\/\/tammetorubbq.ee\/wp-content\/uploads\/2023\/12\/inbank-wordmark-18x8.png 18w, https:\/\/tammetorubbq.ee\/wp-content\/uploads\/2023\/12\/inbank-wordmark-64x29.png 64w\" sizes=\"auto, (max-width: 167px) 100vw, 167px\" \/><\/p>\n<p>Taip pat si\u016blome galimyb\u0119 sumok\u0117ti v\u0117liau - viena, dviem arba trimis lygiomis dalimis be joki\u0173 pal\u016bkan\u0173 ar papildom\u0173 mokes\u010di\u0173.<\/p>\n<p>M\u016bs\u0173 pirkini\u0173 krep\u0161elyje rasite \u012fvairi\u0173 mok\u0117jimo b\u016bd\u0173 pasirinkim\u0105.<\/p>","protected":false},"featured_media":405,"comment_status":"open","ping_status":"closed","template":"","meta":{"_uf_show_specific_survey":0,"_uf_disable_surveys":false},"pwb-brand":[92],"product_brand":[396],"product_cat":[57,53],"product_tag":[77,147,78,76],"class_list":{"0":"post-404","1":"product","2":"type-product","3":"status-publish","4":"has-post-thumbnail","6":"pwb-brand-grillsymbol","7":"product_brand-grillsymbol","8":"product_cat-bbq-suitsuahjud","9":"product_cat-grillid","10":"product_tag-bbq-ahi","11":"product_tag-grillsymbol","12":"product_tag-soegrill","13":"product_tag-suitsuahi","15":"first","16":"instock","17":"taxable","18":"shipping-taxable","19":"purchasable","20":"product-type-simple"},"brands":[{"id":92,"name":"GrillSymbol","slug":"kepsnines-simbolis"}],"_links":{"self":[{"href":"https:\/\/tammetorubbq.ee\/lt\/wp-json\/wp\/v2\/product\/404","targetHints":{"allow":["GET"]}}],"collection":[{"href":"https:\/\/tammetorubbq.ee\/lt\/wp-json\/wp\/v2\/product"}],"about":[{"href":"https:\/\/tammetorubbq.ee\/lt\/wp-json\/wp\/v2\/types\/product"}],"replies":[{"embeddable":true,"href":"https:\/\/tammetorubbq.ee\/lt\/wp-json\/wp\/v2\/comments?post=404"}],"wp:featuredmedia":[{"embeddable":true,"href":"https:\/\/tammetorubbq.ee\/lt\/wp-json\/wp\/v2\/media\/405"}],"wp:attachment":[{"href":"https:\/\/tammetorubbq.ee\/lt\/wp-json\/wp\/v2\/media?parent=404"}],"wp:term":[{"taxonomy":"pwb-brand","embeddable":true,"href":"https:\/\/tammetorubbq.ee\/lt\/wp-json\/wp\/v2\/pwb-brand?post=404"},{"taxonomy":"product_brand","embeddable":true,"href":"https:\/\/tammetorubbq.ee\/lt\/wp-json\/wp\/v2\/product_brand?post=404"},{"taxonomy":"product_cat","embeddable":true,"href":"https:\/\/tammetorubbq.ee\/lt\/wp-json\/wp\/v2\/product_cat?post=404"},{"taxonomy":"product_tag","embeddable":true,"href":"https:\/\/tammetorubbq.ee\/lt\/wp-json\/wp\/v2\/product_tag?post=404"}],"curies":[{"name":"wp","href":"https:\/\/api.w.org\/{rel}","templated":true}]}}