{"id":4044,"date":"2025-10-16T10:02:14","date_gmt":"2025-10-16T07:02:14","guid":{"rendered":"https:\/\/tammetorubbq.ee\/?post_type=product&#038;p=4044"},"modified":"2026-04-16T18:00:11","modified_gmt":"2026-04-16T15:00:11","slug":"ninja-blnder-aptikti-galia-pro","status":"publish","type":"product","link":"https:\/\/tammetorubbq.ee\/lt\/produktas\/ninja-blnder-aptikti-galia-pro\/","title":{"rendered":"\"Ninja Blnder Detect\u2122 Power Pro"},"content":{"rendered":"<table class=\"woocommerce-product-attributes shop_attributes\" aria-label=\"I\u0161sami informacija apie gamin\u012f\">\n<tbody>\n<tr class=\"woocommerce-product-attributes-item woocommerce-product-attributes-item--weight\">\n<th class=\"woocommerce-product-attributes-item__label\" style=\"text-align: left;\" scope=\"row\">Svoris<\/th>\n<td class=\"woocommerce-product-attributes-item__value\">3,9 kg<\/td>\n<\/tr>\n<tr class=\"woocommerce-product-attributes-item woocommerce-product-attributes-item--dimensions\">\n<th class=\"woocommerce-product-attributes-item__label\" scope=\"row\">Matmenys<\/th>\n<td class=\"woocommerce-product-attributes-item__value\">17,5 \u00d7 21 \u00d7 44,5 cm<\/td>\n<\/tr>\n<\/tbody>\n<\/table>\n<p>&nbsp;<\/p>\n<p data-start=\"112\" data-end=\"348\"><strong data-start=\"112\" data-end=\"121\">Ninja<\/strong>\u00a0<strong>preki\u0173 \u017eenklas<\/strong>\u00a0yra gerai \u017einomas amerikie\u010di\u0173 buitin\u0117s technikos prek\u0117s \u017eenklas, priklausantis bendrovei\u00a0<strong data-start=\"187\" data-end=\"201\">SharkNinja<\/strong>. Prek\u0117s \u017eenklas vertinamas d\u0117l savo\u00a0<strong data-start=\"225\" data-end=\"269\">i\u0161man\u016bs ir patog\u016bs sprendimai.<\/strong>\u00a0kurie palengvina kasdien\u012f maisto ruo\u0161im\u0105 ir padidina jo efektyvum\u0105.<\/p>\n<p data-start=\"350\" data-end=\"651\">\"Ninja\" asortiment\u0105 sudaro\u00a0<strong data-start=\"380\" data-end=\"434\">mai\u0161ytuvai, virtuviniai kombainai, keptuv\u0117s, daugiafunkcin\u0117s keptuv\u0117s<\/strong>\u00a0ir vis da\u017eniau\u00a0<strong data-start=\"452\" data-end=\"474\">lauko virtuv\u0117s \u012franga<\/strong>. Visi produktai yra sukurti taip, kad der\u0117t\u0173\u00a0<strong data-start=\"507\" data-end=\"564\">funkcionalumas, patikimumas ir novatori\u0161kas dizainas<\/strong>sukurti geriausi\u0105 \u012frank\u012f kiekvienai virtuvei - tiek nam\u0173, tiek profesional\u0173 virtuvei.<\/p>","protected":false},"excerpt":{"rendered":"<p><strong data-start=\"203\" data-end=\"231\">Targem. Galingesnis. Tiksliau.<\/strong><\/p>\n<p>\"Ninja Detect\u2122 Power Blender Pro\" yra i\u0161manus ir galingas virtuv\u0117s prietaisas, kuriame suderintos klasikinio mai\u0161ytuvo ir asmeninio kokteili\u0173 gaminimo \u012frenginio funkcijos. D\u0117l <strong data-start=\"380\" data-end=\"409\">\"BlendSense\u2122\" technologija<\/strong> Automati\u0161kai nustato ingredient\u0173 kiek\u012f ir tank\u012f, reguliuoja greit\u012f, laik\u0105 ir gali\u0105, kad kiekvien\u0105 kart\u0105 b\u016bt\u0173 pasiektas puikus rezultatas - nesvarbu, ar tai b\u016bt\u0173 kokteilis, sriuba, ar \u0161aldytas g\u0117rimas.<\/p>\n<h4 data-start=\"605\" data-end=\"631\"><strong data-start=\"610\" data-end=\"631\">Pagrindin\u0117s funkcijos<\/strong><\/h4>\n<ul data-start=\"632\" data-end=\"1216\">\n<li data-start=\"632\" data-end=\"724\">\n<p data-start=\"634\" data-end=\"724\"><strong data-start=\"634\" data-end=\"661\">\"BlendSense\u2122\" technologija<\/strong> - automati\u0161kai aptinka ingredientus ir pritaiko darbo re\u017eim\u0105.<\/p>\n<\/li>\n<li data-start=\"725\" data-end=\"811\">\n<p data-start=\"727\" data-end=\"811\"><strong data-start=\"727\" data-end=\"772\">10 rankini\u0173 grei\u010di\u0173 + pulsacijos re\u017eimas<\/strong> tiksli konsistencijos kontrol\u0117<\/p>\n<\/li>\n<li data-start=\"812\" data-end=\"891\">\n<p data-start=\"814\" data-end=\"891\"><strong data-start=\"814\" data-end=\"838\">Galingas 1200 W variklis<\/strong> akimirksniu sutrupina net sunkius ir \u0161aldytus ingredientus.<\/p>\n<\/li>\n<li data-start=\"892\" data-end=\"970\">\n<p data-start=\"894\" data-end=\"970\"><strong data-start=\"894\" data-end=\"915\">2,1 l mai\u0161ytuvo \u0105sotis<\/strong> (1,9 l talpos) su patogia rankena ir piltuv\u0117liu<\/p>\n<\/li>\n<li data-start=\"971\" data-end=\"1049\">\n<p data-start=\"973\" data-end=\"1049\"><strong data-start=\"973\" data-end=\"1004\">15 i\u0161 anksto nustatyt\u0173 program\u0173<\/strong> \u012fvairi\u0173 recept\u0173 ir ingredient\u0173<\/p>\n<\/li>\n<li data-start=\"1050\" data-end=\"1143\">\n<p data-start=\"1052\" data-end=\"1143\"><strong data-start=\"1052\" data-end=\"1104\">Trisluoksnis ner\u016bdijan\u010diojo plieno rinkinys<\/strong> u\u017etikrina vienodus ir \u0161ilkinius rezultatus<\/p>\n<\/li>\n<li data-start=\"1144\" data-end=\"1216\">\n<p data-start=\"1146\" data-end=\"1216\"><strong data-start=\"1146\" data-end=\"1180\">Indaplov\u0117je plaunamos dalys<\/strong> greitam ir lengvam valymui<\/p>\n<\/li>\n<\/ul>\n<h4 data-start=\"1223\" data-end=\"1269\"><strong data-start=\"1228\" data-end=\"1269\">Kaip veikia \"BlendSense\u2122\" technologija<\/strong><\/h4>\n<ul data-start=\"1270\" data-end=\"1544\">\n<li data-start=\"1270\" data-end=\"1354\">\n<p data-start=\"1272\" data-end=\"1354\"><strong data-start=\"1272\" data-end=\"1298\">Sukimo momento aptikimas<\/strong> reguliuoja galingum\u0105 pagal ingredient\u0173 tank\u012f.<\/p>\n<\/li>\n<li data-start=\"1355\" data-end=\"1442\">\n<p data-start=\"1357\" data-end=\"1442\"><strong data-start=\"1357\" data-end=\"1373\">Ledo aptikimas<\/strong> optimizuoja \u0161aldyt\u0173 g\u0117rim\u0173 ir kokteili\u0173 smulkinimo paj\u0117gum\u0105<\/p>\n<\/li>\n<li data-start=\"1443\" data-end=\"1544\">\n<p data-start=\"1445\" data-end=\"1544\"><strong data-start=\"1445\" data-end=\"1464\">Kiekio nustatymas<\/strong> automati\u0161kai reguliuoja mai\u0161ymo greit\u012f ir laik\u0105, kad b\u016bt\u0173 pasiektas idealus rezultatas.<\/p>\n<\/li>\n<\/ul>\n<h4 data-start=\"1551\" data-end=\"1577\"><strong data-start=\"1556\" data-end=\"1577\">Techniniai duomenys<\/strong><\/h4>\n<ul data-start=\"1578\" data-end=\"1802\">\n<li data-start=\"1578\" data-end=\"1601\">\n<p data-start=\"1580\" data-end=\"1601\">Galia: <strong data-start=\"1589\" data-end=\"1599\">1200 W<\/strong><\/p>\n<\/li>\n<li data-start=\"1602\" data-end=\"1641\">\n<p data-start=\"1604\" data-end=\"1641\">\u0104so\u010dio talpa: <strong data-start=\"1616\" data-end=\"1639\">1,9 l (talpa)<\/strong><\/p>\n<\/li>\n<li data-start=\"1642\" data-end=\"1666\">\n<p data-start=\"1644\" data-end=\"1666\">Grei\u010di\u0173 skai\u010dius: <strong data-start=\"1658\" data-end=\"1664\">10<\/strong><\/p>\n<\/li>\n<li data-start=\"1667\" data-end=\"1697\">\n<p data-start=\"1669\" data-end=\"1697\">Pulsacijos re\u017eimas: <strong data-start=\"1688\" data-end=\"1695\">Taip<\/strong><\/p>\n<\/li>\n<li data-start=\"1698\" data-end=\"1725\">\n<p data-start=\"1700\" data-end=\"1725\">Program\u0173 skai\u010dius: <strong data-start=\"1717\" data-end=\"1723\">15<\/strong><\/p>\n<\/li>\n<li data-start=\"1726\" data-end=\"1771\">\n<p data-start=\"1728\" data-end=\"1771\">Med\u017eiaga: <strong data-start=\"1738\" data-end=\"1769\">plastikas ir ner\u016bdijantis plienas<\/strong><\/p>\n<\/li>\n<li data-start=\"1772\" data-end=\"1802\">\n<p data-start=\"1774\" data-end=\"1802\">Spalva: <strong data-start=\"1780\" data-end=\"1800\">juoda ir sidabrin\u0117<\/strong><\/p>\n<\/li>\n<\/ul>\n<h4 data-start=\"1809\" data-end=\"1826\"><strong data-start=\"1814\" data-end=\"1826\">Daugiau informacijos<\/strong><\/h4>\n<ul data-start=\"1827\" data-end=\"2019\">\n<li data-start=\"1827\" data-end=\"1906\">\n<p data-start=\"1829\" data-end=\"1906\">Blenderio funkcijos: ledo smulkinimas, mai\u0161ymas, kokteiliai, pada\u017eai ir sriubos<\/p>\n<\/li>\n<li data-start=\"1907\" data-end=\"1941\">\n<p data-start=\"1909\" data-end=\"1941\">\u012e komplekt\u0105 \u012feina: 2,1 l talpos \u0105sotis ir dangtelis<\/p>\n<\/li>\n<li data-start=\"1942\" data-end=\"2019\">\n<p data-start=\"1944\" data-end=\"2019\">Specialiosios funkcijos: \"BlendSense\u2122\" technologija ir i\u0161 anksto nustatytos automatin\u0117s programos<\/p>\n<\/li>\n<\/ul>\n<p><img loading=\"lazy\" decoding=\"async\" class=\"wp-image-3980\" src=\"http:\/\/tammetorubbq.ee\/wp-content\/uploads\/2025\/10\/Ninja-logo-300x300.webp\" alt=\"Ninja logotipas\" width=\"180\" height=\"180\" srcset=\"https:\/\/tammetorubbq.ee\/wp-content\/uploads\/2025\/10\/Ninja-logo-300x300.webp 300w, https:\/\/tammetorubbq.ee\/wp-content\/uploads\/2025\/10\/Ninja-logo-150x150.webp 150w, https:\/\/tammetorubbq.ee\/wp-content\/uploads\/2025\/10\/Ninja-logo-12x12.webp 12w, https:\/\/tammetorubbq.ee\/wp-content\/uploads\/2025\/10\/Ninja-logo-600x600.webp 600w, https:\/\/tammetorubbq.ee\/wp-content\/uploads\/2025\/10\/Ninja-logo-64x64.webp 64w, https:\/\/tammetorubbq.ee\/wp-content\/uploads\/2025\/10\/Ninja-logo.webp 680w\" sizes=\"auto, (max-width: 180px) 100vw, 180px\" \/><\/p>\n<p><a href=\"https:\/\/tammetorubbq.ee\/lt\/sumoketi-veliau\/\"><strong>PIRKITE DABAR, MOK\u0116KITE V\u0116LIAU<\/strong><\/a>\u00a0- be pal\u016bkan\u0173!<\/p>\n<p><img loading=\"lazy\" decoding=\"async\" class=\"alignnone wp-image-2646\" src=\"http:\/\/tammetorubbq.ee\/wp-content\/uploads\/2023\/12\/inbank-wordmark.png\" alt=\"\" width=\"167\" height=\"75\" srcset=\"https:\/\/tammetorubbq.ee\/wp-content\/uploads\/2023\/12\/inbank-wordmark.png 300w, https:\/\/tammetorubbq.ee\/wp-content\/uploads\/2023\/12\/inbank-wordmark-18x8.png 18w, https:\/\/tammetorubbq.ee\/wp-content\/uploads\/2023\/12\/inbank-wordmark-64x29.png 64w\" sizes=\"auto, (max-width: 167px) 100vw, 167px\" \/><\/p>\n<p>Taip pat si\u016blome galimyb\u0119 sumok\u0117ti v\u0117liau - viena, dviem arba trimis lygiomis dalimis be joki\u0173 pal\u016bkan\u0173 ar papildom\u0173 mokes\u010di\u0173.<\/p>\n<p>M\u016bs\u0173 pirkini\u0173 krep\u0161elyje rasite \u012fvairi\u0173 mok\u0117jimo b\u016bd\u0173 pasirinkim\u0105.<\/p>","protected":false},"featured_media":4050,"comment_status":"open","ping_status":"closed","template":"","meta":{"_uf_show_specific_survey":0,"_uf_disable_surveys":false},"pwb-brand":[214],"product_brand":[],"product_cat":[194,198],"product_tag":[218],"class_list":{"0":"post-4044","1":"product","2":"type-product","3":"status-publish","4":"has-post-thumbnail","6":"pwb-brand-ninja","7":"product_cat-ninja-koogiseadmed","8":"product_cat-blenderid-ja-koogikombainid","9":"product_tag-blender","11":"first","12":"instock","13":"taxable","14":"shipping-taxable","15":"purchasable","16":"product-type-simple"},"brands":[{"id":214,"name":"Ninja","slug":"ninja"}],"_links":{"self":[{"href":"https:\/\/tammetorubbq.ee\/lt\/wp-json\/wp\/v2\/product\/4044","targetHints":{"allow":["GET"]}}],"collection":[{"href":"https:\/\/tammetorubbq.ee\/lt\/wp-json\/wp\/v2\/product"}],"about":[{"href":"https:\/\/tammetorubbq.ee\/lt\/wp-json\/wp\/v2\/types\/product"}],"replies":[{"embeddable":true,"href":"https:\/\/tammetorubbq.ee\/lt\/wp-json\/wp\/v2\/comments?post=4044"}],"wp:featuredmedia":[{"embeddable":true,"href":"https:\/\/tammetorubbq.ee\/lt\/wp-json\/wp\/v2\/media\/4050"}],"wp:attachment":[{"href":"https:\/\/tammetorubbq.ee\/lt\/wp-json\/wp\/v2\/media?parent=4044"}],"wp:term":[{"taxonomy":"pwb-brand","embeddable":true,"href":"https:\/\/tammetorubbq.ee\/lt\/wp-json\/wp\/v2\/pwb-brand?post=4044"},{"taxonomy":"product_brand","embeddable":true,"href":"https:\/\/tammetorubbq.ee\/lt\/wp-json\/wp\/v2\/product_brand?post=4044"},{"taxonomy":"product_cat","embeddable":true,"href":"https:\/\/tammetorubbq.ee\/lt\/wp-json\/wp\/v2\/product_cat?post=4044"},{"taxonomy":"product_tag","embeddable":true,"href":"https:\/\/tammetorubbq.ee\/lt\/wp-json\/wp\/v2\/product_tag?post=4044"}],"curies":[{"name":"wp","href":"https:\/\/api.w.org\/{rel}","templated":true}]}}