{"id":4051,"date":"2025-10-16T10:14:22","date_gmt":"2025-10-16T07:14:22","guid":{"rendered":"https:\/\/tammetorubbq.ee\/?post_type=product&#038;p=4051"},"modified":"2026-04-16T20:00:05","modified_gmt":"2026-04-16T17:00:05","slug":"ninja-supiblender-foodi-17l","status":"publish","type":"product","link":"https:\/\/tammetorubbq.ee\/lt\/produktas\/ninja-supiblender-foodi-17l\/","title":{"rendered":"\"Ninja\" supermai\u0161ytuvas \"Foodi\" 1,7 l"},"content":{"rendered":"<table class=\"woocommerce-product-attributes shop_attributes\" aria-label=\"I\u0161sami informacija apie gamin\u012f\">\n<tbody>\n<tr class=\"woocommerce-product-attributes-item woocommerce-product-attributes-item--weight\">\n<th class=\"woocommerce-product-attributes-item__label\" style=\"text-align: left;\" scope=\"row\">Svoris<\/th>\n<td class=\"woocommerce-product-attributes-item__value\">5,6 kg<\/td>\n<\/tr>\n<tr class=\"woocommerce-product-attributes-item woocommerce-product-attributes-item--dimensions\">\n<th class=\"woocommerce-product-attributes-item__label\" scope=\"row\">Matmenys<\/th>\n<td class=\"woocommerce-product-attributes-item__value\">21,5 \u00d7 20 \u00d7 45 cm<\/td>\n<\/tr>\n<\/tbody>\n<\/table>\n<p>&nbsp;<\/p>\n<p data-start=\"112\" data-end=\"348\"><strong data-start=\"112\" data-end=\"121\">Ninja<\/strong>\u00a0<strong>preki\u0173 \u017eenklas<\/strong>\u00a0yra gerai \u017einomas amerikie\u010di\u0173 buitin\u0117s technikos prek\u0117s \u017eenklas, priklausantis bendrovei\u00a0<strong data-start=\"187\" data-end=\"201\">SharkNinja<\/strong>. Prek\u0117s \u017eenklas vertinamas d\u0117l savo\u00a0<strong data-start=\"225\" data-end=\"269\">i\u0161man\u016bs ir patog\u016bs sprendimai.<\/strong>\u00a0kurie palengvina kasdien\u012f maisto ruo\u0161im\u0105 ir padidina jo efektyvum\u0105.<\/p>\n<p data-start=\"350\" data-end=\"651\">\"Ninja\" asortiment\u0105 sudaro\u00a0<strong data-start=\"380\" data-end=\"434\">mai\u0161ytuvai, virtuviniai kombainai, keptuv\u0117s, daugiafunkcin\u0117s keptuv\u0117s<\/strong>\u00a0ir vis da\u017eniau\u00a0<strong data-start=\"452\" data-end=\"474\">lauko virtuv\u0117s \u012franga<\/strong>. Visi produktai yra sukurti taip, kad der\u0117t\u0173\u00a0<strong data-start=\"507\" data-end=\"564\">funkcionalumas, patikimumas ir novatori\u0161kas dizainas<\/strong>sukurti geriausi\u0105 \u012frank\u012f kiekvienai virtuvei - tiek nam\u0173, tiek profesional\u0173 virtuvei.<\/p>","protected":false},"excerpt":{"rendered":"<p><strong data-start=\"123\" data-end=\"177\">Vienu prisilietimu paruo\u0161ite kar\u0161tus ir \u0161altus kelius.<\/strong><\/p>\n<p>\"Ninja\" maisto sriub\u0173 mai\u0161ytuve suderinta galinga mai\u0161ykl\u0117 ir i\u0161manioji kaitinimo funkcija, tod\u0117l galite gaminti kremines sriubas ir gaivius kokteilius. Integruotas <strong data-start=\"349\" data-end=\"371\">tikslusis kaitinimo elementas<\/strong> sriub\u0105 pa\u0161ildo ir i\u0161verda vos per 20 minu\u010di\u0173, o galingas peilis u\u017etikrina \u0161veln\u0173 ir \u0161ilkin\u012f rezultat\u0105.<\/p>\n<h4 data-start=\"491\" data-end=\"517\"><strong data-start=\"496\" data-end=\"517\">Pagrindin\u0117s funkcijos<\/strong><\/h4>\n<ul data-start=\"518\" data-end=\"970\">\n<li data-start=\"518\" data-end=\"592\">\n<p data-start=\"520\" data-end=\"592\"><strong data-start=\"520\" data-end=\"550\">\u012emontuotas kaitinimo elementas<\/strong> - i\u0161verda ir sumai\u0161o sriub\u0105 vos per 20 minu\u010di\u0173.<\/p>\n<\/li>\n<li data-start=\"593\" data-end=\"676\">\n<p data-start=\"595\" data-end=\"676\"><strong data-start=\"595\" data-end=\"618\">Galingas smulkintuvas<\/strong> lengvai apdoroja vaisius, dar\u017eoves, rie\u0161utus ir ledus.<\/p>\n<\/li>\n<li data-start=\"677\" data-end=\"746\">\n<p data-start=\"679\" data-end=\"746\"><strong data-start=\"679\" data-end=\"703\">10 \"Auto-iQ\" programa<\/strong> u\u017etikrinti tiksli\u0105 ir automatin\u0119 gamyb\u0105.<\/p>\n<\/li>\n<li data-start=\"747\" data-end=\"810\">\n<p data-start=\"749\" data-end=\"810\"><strong data-start=\"749\" data-end=\"774\">Kar\u0161\u010diui atsparaus stiklo \u0105sotis<\/strong> su purslams atspariu dang\u010diu ir matavimo taure<\/p>\n<\/li>\n<li data-start=\"811\" data-end=\"875\">\n<p data-start=\"813\" data-end=\"875\"><strong data-start=\"813\" data-end=\"833\">Valymo programa<\/strong> ir nelipni danga, kad b\u016bt\u0173 lengva pri\u017ei\u016br\u0117ti<\/p>\n<\/li>\n<li data-start=\"876\" data-end=\"970\">\n<p data-start=\"878\" data-end=\"970\">Tinka sriuboms, pada\u017eams, uogien\u0117ms, desertams, kokteiliams ir \u0161altiems g\u0117rimams.<\/p>\n<\/li>\n<\/ul>\n<h4 data-start=\"977\" data-end=\"1003\"><strong data-start=\"982\" data-end=\"1003\">Techniniai duomenys<\/strong><\/h4>\n<ul data-start=\"1004\" data-end=\"1310\">\n<li data-start=\"1004\" data-end=\"1027\">\n<p data-start=\"1006\" data-end=\"1027\">Galia: <strong data-start=\"1015\" data-end=\"1025\">1000 W<\/strong><\/p>\n<\/li>\n<li data-start=\"1028\" data-end=\"1053\">\n<p data-start=\"1030\" data-end=\"1053\">\u0104so\u010dio talpa: <strong data-start=\"1042\" data-end=\"1051\">1,7 L<\/strong><\/p>\n<\/li>\n<li data-start=\"1054\" data-end=\"1089\">\n<p data-start=\"1056\" data-end=\"1089\">Med\u017eiaga: <strong data-start=\"1066\" data-end=\"1087\">kar\u0161\u010diui atsparus stiklas<\/strong><\/p>\n<\/li>\n<li data-start=\"1090\" data-end=\"1113\">\n<p data-start=\"1092\" data-end=\"1113\">Grei\u010di\u0173 skai\u010dius: <strong data-start=\"1106\" data-end=\"1111\">3<\/strong><\/p>\n<\/li>\n<li data-start=\"1114\" data-end=\"1144\">\n<p data-start=\"1116\" data-end=\"1144\">Pulsacijos re\u017eimas: <strong data-start=\"1135\" data-end=\"1142\">Taip<\/strong><\/p>\n<\/li>\n<li data-start=\"1145\" data-end=\"1177\">\n<p data-start=\"1147\" data-end=\"1177\">Savaiminio valymo programa: <strong data-start=\"1168\" data-end=\"1175\">Taip<\/strong><\/p>\n<\/li>\n<li data-start=\"1178\" data-end=\"1221\">\n<p data-start=\"1180\" data-end=\"1221\">Dalis galima plauti indaplov\u0117je: <strong data-start=\"1212\" data-end=\"1219\">Taip<\/strong><\/p>\n<\/li>\n<li data-start=\"1222\" data-end=\"1260\">\n<p data-start=\"1224\" data-end=\"1260\">\u0160ilumos palaikymo funkcija: <strong data-start=\"1251\" data-end=\"1258\">Taip<\/strong><\/p>\n<\/li>\n<li data-start=\"1261\" data-end=\"1310\">\n<p data-start=\"1263\" data-end=\"1310\">Laikmatis ir <strong data-start=\"1273\" data-end=\"1287\">LED ekranas<\/strong> patogiam vairavimui<\/p>\n<\/li>\n<\/ul>\n<h4 data-start=\"1317\" data-end=\"1334\"><strong data-start=\"1322\" data-end=\"1334\">Daugiau informacijos<\/strong><\/h4>\n<ul data-start=\"1335\" data-end=\"1560\">\n<li data-start=\"1335\" data-end=\"1418\">\n<p data-start=\"1337\" data-end=\"1418\">Mikserio funkcijos: ledo smulkinimas, mai\u0161ymas, virimas ir \u0161ilumos i\u0161laikymas<\/p>\n<\/li>\n<li data-start=\"1419\" data-end=\"1493\">\n<p data-start=\"1421\" data-end=\"1493\">\"Auto-iQ\" technologija u\u017etikrina automatin\u012f temperat\u016bros ir grei\u010dio valdym\u0105<\/p>\n<\/li>\n<li data-start=\"1494\" data-end=\"1560\">\n<p data-start=\"1496\" data-end=\"1560\">Saugiam naudojimui skirtas neslystantis pagrindas ir apsauga nuo pursl\u0173<\/p>\n<\/li>\n<\/ul>\n<p><img loading=\"lazy\" decoding=\"async\" class=\"wp-image-3980\" src=\"http:\/\/tammetorubbq.ee\/wp-content\/uploads\/2025\/10\/Ninja-logo-300x300.webp\" alt=\"Ninja logotipas\" width=\"180\" height=\"180\" srcset=\"https:\/\/tammetorubbq.ee\/wp-content\/uploads\/2025\/10\/Ninja-logo-300x300.webp 300w, https:\/\/tammetorubbq.ee\/wp-content\/uploads\/2025\/10\/Ninja-logo-150x150.webp 150w, https:\/\/tammetorubbq.ee\/wp-content\/uploads\/2025\/10\/Ninja-logo-12x12.webp 12w, https:\/\/tammetorubbq.ee\/wp-content\/uploads\/2025\/10\/Ninja-logo-600x600.webp 600w, https:\/\/tammetorubbq.ee\/wp-content\/uploads\/2025\/10\/Ninja-logo-64x64.webp 64w, https:\/\/tammetorubbq.ee\/wp-content\/uploads\/2025\/10\/Ninja-logo.webp 680w\" sizes=\"auto, (max-width: 180px) 100vw, 180px\" \/><\/p>\n<p><a href=\"https:\/\/tammetorubbq.ee\/lt\/sumoketi-veliau\/\"><strong>PIRKITE DABAR, MOK\u0116KITE V\u0116LIAU<\/strong><\/a>\u00a0- be pal\u016bkan\u0173!<\/p>\n<p><img loading=\"lazy\" decoding=\"async\" class=\"alignnone wp-image-2646\" src=\"http:\/\/tammetorubbq.ee\/wp-content\/uploads\/2023\/12\/inbank-wordmark.png\" alt=\"\" width=\"167\" height=\"75\" srcset=\"https:\/\/tammetorubbq.ee\/wp-content\/uploads\/2023\/12\/inbank-wordmark.png 300w, https:\/\/tammetorubbq.ee\/wp-content\/uploads\/2023\/12\/inbank-wordmark-18x8.png 18w, https:\/\/tammetorubbq.ee\/wp-content\/uploads\/2023\/12\/inbank-wordmark-64x29.png 64w\" sizes=\"auto, (max-width: 167px) 100vw, 167px\" \/><\/p>\n<p>Taip pat si\u016blome galimyb\u0119 sumok\u0117ti v\u0117liau - viena, dviem arba trimis lygiomis dalimis be joki\u0173 pal\u016bkan\u0173 ar papildom\u0173 mokes\u010di\u0173.<\/p>\n<p>M\u016bs\u0173 pirkini\u0173 krep\u0161elyje rasite \u012fvairi\u0173 mok\u0117jimo b\u016bd\u0173 pasirinkim\u0105.<\/p>","protected":false},"featured_media":4056,"comment_status":"open","ping_status":"closed","template":"","meta":{"_uf_show_specific_survey":0,"_uf_disable_surveys":false},"pwb-brand":[214],"product_brand":[],"product_cat":[194,198],"product_tag":[218],"class_list":{"0":"post-4051","1":"product","2":"type-product","3":"status-publish","4":"has-post-thumbnail","6":"pwb-brand-ninja","7":"product_cat-ninja-koogiseadmed","8":"product_cat-blenderid-ja-koogikombainid","9":"product_tag-blender","11":"first","12":"instock","13":"taxable","14":"shipping-taxable","15":"purchasable","16":"product-type-simple"},"brands":[{"id":214,"name":"Ninja","slug":"ninja"}],"_links":{"self":[{"href":"https:\/\/tammetorubbq.ee\/lt\/wp-json\/wp\/v2\/product\/4051","targetHints":{"allow":["GET"]}}],"collection":[{"href":"https:\/\/tammetorubbq.ee\/lt\/wp-json\/wp\/v2\/product"}],"about":[{"href":"https:\/\/tammetorubbq.ee\/lt\/wp-json\/wp\/v2\/types\/product"}],"replies":[{"embeddable":true,"href":"https:\/\/tammetorubbq.ee\/lt\/wp-json\/wp\/v2\/comments?post=4051"}],"wp:featuredmedia":[{"embeddable":true,"href":"https:\/\/tammetorubbq.ee\/lt\/wp-json\/wp\/v2\/media\/4056"}],"wp:attachment":[{"href":"https:\/\/tammetorubbq.ee\/lt\/wp-json\/wp\/v2\/media?parent=4051"}],"wp:term":[{"taxonomy":"pwb-brand","embeddable":true,"href":"https:\/\/tammetorubbq.ee\/lt\/wp-json\/wp\/v2\/pwb-brand?post=4051"},{"taxonomy":"product_brand","embeddable":true,"href":"https:\/\/tammetorubbq.ee\/lt\/wp-json\/wp\/v2\/product_brand?post=4051"},{"taxonomy":"product_cat","embeddable":true,"href":"https:\/\/tammetorubbq.ee\/lt\/wp-json\/wp\/v2\/product_cat?post=4051"},{"taxonomy":"product_tag","embeddable":true,"href":"https:\/\/tammetorubbq.ee\/lt\/wp-json\/wp\/v2\/product_tag?post=4051"}],"curies":[{"name":"wp","href":"https:\/\/api.w.org\/{rel}","templated":true}]}}