{"id":4058,"date":"2025-10-16T10:24:20","date_gmt":"2025-10-16T07:24:20","guid":{"rendered":"https:\/\/tammetorubbq.ee\/?post_type=product&#038;p=4058"},"modified":"2026-04-16T20:00:34","modified_gmt":"2026-04-16T17:00:34","slug":"ninja-blenderis-aptikti-duo-power-pro","status":"publish","type":"product","link":"https:\/\/tammetorubbq.ee\/lt\/produktas\/ninja-blenderis-aptikti-duo-power-pro\/","title":{"rendered":"\"Ninja\" mai\u0161ytuvas \"Detect\u2122 Duo\u00ae Power Pro"},"content":{"rendered":"<table class=\"woocommerce-product-attributes shop_attributes\" aria-label=\"I\u0161sami informacija apie gamin\u012f\">\n<tbody>\n<tr class=\"woocommerce-product-attributes-item woocommerce-product-attributes-item--weight\">\n<th class=\"woocommerce-product-attributes-item__label\" style=\"text-align: left;\" scope=\"row\">Svoris<\/th>\n<td class=\"woocommerce-product-attributes-item__value\">4,83 kg<\/td>\n<\/tr>\n<tr class=\"woocommerce-product-attributes-item woocommerce-product-attributes-item--dimensions\">\n<th class=\"woocommerce-product-attributes-item__label\" scope=\"row\">Matmenys<\/th>\n<td class=\"woocommerce-product-attributes-item__value\">17,5 \u00d7 21 \u00d7 44,5 cm<\/td>\n<\/tr>\n<\/tbody>\n<\/table>\n<p>&nbsp;<\/p>\n<p data-start=\"112\" data-end=\"348\"><strong data-start=\"112\" data-end=\"121\">Ninja<\/strong>\u00a0<strong>preki\u0173 \u017eenklas<\/strong>\u00a0yra gerai \u017einomas amerikie\u010di\u0173 buitin\u0117s technikos prek\u0117s \u017eenklas, priklausantis bendrovei\u00a0<strong data-start=\"187\" data-end=\"201\">SharkNinja<\/strong>. Prek\u0117s \u017eenklas vertinamas d\u0117l savo\u00a0<strong data-start=\"225\" data-end=\"269\">i\u0161man\u016bs ir patog\u016bs sprendimai.<\/strong>\u00a0kurie palengvina kasdien\u012f maisto ruo\u0161im\u0105 ir padidina jo efektyvum\u0105.<\/p>\n<p data-start=\"350\" data-end=\"651\">\"Ninja\" asortiment\u0105 sudaro\u00a0<strong data-start=\"380\" data-end=\"434\">mai\u0161ytuvai, virtuviniai kombainai, keptuv\u0117s, daugiafunkcin\u0117s keptuv\u0117s<\/strong>\u00a0ir vis da\u017eniau\u00a0<strong data-start=\"452\" data-end=\"474\">lauko virtuv\u0117s \u012franga<\/strong>. Visi produktai yra sukurti taip, kad der\u0117t\u0173\u00a0<strong data-start=\"507\" data-end=\"564\">funkcionalumas, patikimumas ir novatori\u0161kas dizainas<\/strong>sukurti geriausi\u0105 \u012frank\u012f kiekvienai virtuvei - tiek nam\u0173, tiek profesional\u0173 virtuvei.<\/p>","protected":false},"excerpt":{"rendered":"<p>\"Ninja Detect Duo Power Blender Pro\" suderina tradicinio mai\u0161ytuvo ir asmeninio kokteili\u0173 gaminimo \u012frenginio funkcijas. D\u0117l <strong data-start=\"318\" data-end=\"346\">\"BlendSense\" technologija<\/strong> automati\u0161kai reguliuoja greit\u012f, laik\u0105 ir gali\u0105, tod\u0117l kiekvien\u0105 kart\u0105 pasiekiamas nuoseklus ir tobulas rezultatas. Idealiai tinka kokteiliams, kokteiliams, pada\u017eams ir \u0161aldytiems g\u0117rimams namuose ar kelion\u0117je.<\/p>\n<h4 data-start=\"564\" data-end=\"590\"><strong data-start=\"569\" data-end=\"590\">Pagrindin\u0117s funkcijos<\/strong><\/h4>\n<ul data-start=\"591\" data-end=\"1205\">\n<li data-start=\"591\" data-end=\"677\">\n<p data-start=\"593\" data-end=\"677\"><strong data-start=\"593\" data-end=\"619\">\"BlendSense\" technologija<\/strong> aptinka ingredientus ir automati\u0161kai koreguoja nustatymus<\/p>\n<\/li>\n<li data-start=\"678\" data-end=\"760\">\n<p data-start=\"680\" data-end=\"760\"><strong data-start=\"680\" data-end=\"704\">Galingas 1200 W variklis<\/strong> greitai sutrupina net sunkius ir \u0161aldytus ingredientus.<\/p>\n<\/li>\n<li data-start=\"761\" data-end=\"828\">\n<p data-start=\"763\" data-end=\"828\"><strong data-start=\"763\" data-end=\"784\">2,1 litro talpos skardin\u0117<\/strong> (galima naudoti iki 1,9 l) su patogia rankena.<\/p>\n<\/li>\n<li data-start=\"829\" data-end=\"911\">\n<p data-start=\"831\" data-end=\"911\"><strong data-start=\"831\" data-end=\"851\">700 ml kelioninis dangtelis<\/strong> skirtas kokteiliams ir kokteiliams su nepralaid\u017eiu dangteliu<\/p>\n<\/li>\n<li data-start=\"912\" data-end=\"997\">\n<p data-start=\"914\" data-end=\"997\"><strong data-start=\"914\" data-end=\"958\">Trisluoksniai ner\u016bdijan\u010dio plieno a\u0161menys<\/strong> u\u017etikrina tolyg\u0173 ir greit\u0105 smulkinim\u0105<\/p>\n<\/li>\n<li data-start=\"998\" data-end=\"1067\">\n<p data-start=\"1000\" data-end=\"1067\"><strong data-start=\"1000\" data-end=\"1045\">10 rankini\u0173 grei\u010di\u0173 + pulsacijos re\u017eimas<\/strong> tiksliam valdymui<\/p>\n<\/li>\n<li data-start=\"1068\" data-end=\"1145\">\n<p data-start=\"1070\" data-end=\"1145\"><strong data-start=\"1070\" data-end=\"1099\">I\u0161 anksto nustatytos programos<\/strong> m\u0117sai, rie\u0161utams ir dar\u017eov\u0117ms apdoroti.<\/p>\n<\/li>\n<li data-start=\"1146\" data-end=\"1205\">\n<p data-start=\"1148\" data-end=\"1205\">Visos nuimamos dalys yra <strong data-start=\"1174\" data-end=\"1203\">galima plauti indaplov\u0117je<\/strong><\/p>\n<\/li>\n<\/ul>\n<h4 data-start=\"1212\" data-end=\"1238\"><strong data-start=\"1217\" data-end=\"1238\">Techniniai duomenys<\/strong><\/h4>\n<ul data-start=\"1239\" data-end=\"1470\">\n<li data-start=\"1239\" data-end=\"1262\">\n<p data-start=\"1241\" data-end=\"1262\">Galia: <strong data-start=\"1250\" data-end=\"1260\">1200 W<\/strong><\/p>\n<\/li>\n<li data-start=\"1263\" data-end=\"1288\">\n<p data-start=\"1265\" data-end=\"1288\">\u0104so\u010dio talpa: <strong data-start=\"1277\" data-end=\"1286\">1,9 L<\/strong><\/p>\n<\/li>\n<li data-start=\"1289\" data-end=\"1313\">\n<p data-start=\"1291\" data-end=\"1313\">Grei\u010di\u0173 skai\u010dius: <strong data-start=\"1305\" data-end=\"1311\">10<\/strong><\/p>\n<\/li>\n<li data-start=\"1314\" data-end=\"1344\">\n<p data-start=\"1316\" data-end=\"1344\">Pulsacijos re\u017eimas: <strong data-start=\"1335\" data-end=\"1342\">Taip<\/strong><\/p>\n<\/li>\n<li data-start=\"1345\" data-end=\"1379\">\n<p data-start=\"1347\" data-end=\"1379\">Savaiminio valymo ciklas: <strong data-start=\"1371\" data-end=\"1377\">ne<\/strong><\/p>\n<\/li>\n<li data-start=\"1380\" data-end=\"1398\">\n<p data-start=\"1382\" data-end=\"1398\">Spalva: <strong data-start=\"1388\" data-end=\"1396\">turi<\/strong><\/p>\n<\/li>\n<li data-start=\"1399\" data-end=\"1470\">\n<p data-start=\"1401\" data-end=\"1470\">\u012etrauktas: <strong data-start=\"1413\" data-end=\"1468\">2,1 litro talpos \u0105sotis ir dangtelis, 700 ml piltuv\u0117lis su vir\u0161utiniu dangteliu<\/strong><\/p>\n<\/li>\n<\/ul>\n<h4 data-start=\"1477\" data-end=\"1494\"><strong data-start=\"1482\" data-end=\"1494\">Daugiau informacijos<\/strong><\/h4>\n<ul data-start=\"1495\" data-end=\"1653\">\n<li data-start=\"1495\" data-end=\"1549\">\n<p data-start=\"1497\" data-end=\"1549\">Blenderio funkcijos: ledo smulkinimas ir mai\u0161ymas<\/p>\n<\/li>\n<li data-start=\"1550\" data-end=\"1653\">\n<p data-start=\"1552\" data-end=\"1653\">Specifin\u0117s savyb\u0117s: <strong data-start=\"1565\" data-end=\"1591\">\"BlendSense\" technologija<\/strong>, i\u0161 anksto nustatytos programos ir personalizavimo parinktys<\/p>\n<\/li>\n<\/ul>\n<p><img loading=\"lazy\" decoding=\"async\" class=\"wp-image-3980\" src=\"http:\/\/tammetorubbq.ee\/wp-content\/uploads\/2025\/10\/Ninja-logo-300x300.webp\" alt=\"Ninja logotipas\" width=\"180\" height=\"180\" srcset=\"https:\/\/tammetorubbq.ee\/wp-content\/uploads\/2025\/10\/Ninja-logo-300x300.webp 300w, https:\/\/tammetorubbq.ee\/wp-content\/uploads\/2025\/10\/Ninja-logo-150x150.webp 150w, https:\/\/tammetorubbq.ee\/wp-content\/uploads\/2025\/10\/Ninja-logo-12x12.webp 12w, https:\/\/tammetorubbq.ee\/wp-content\/uploads\/2025\/10\/Ninja-logo-600x600.webp 600w, https:\/\/tammetorubbq.ee\/wp-content\/uploads\/2025\/10\/Ninja-logo-64x64.webp 64w, https:\/\/tammetorubbq.ee\/wp-content\/uploads\/2025\/10\/Ninja-logo.webp 680w\" sizes=\"auto, (max-width: 180px) 100vw, 180px\" \/><\/p>\n<p><a href=\"https:\/\/tammetorubbq.ee\/lt\/sumoketi-veliau\/\"><strong>PIRKITE DABAR, MOK\u0116KITE V\u0116LIAU<\/strong><\/a>\u00a0- be pal\u016bkan\u0173!<\/p>\n<p><img loading=\"lazy\" decoding=\"async\" class=\"alignnone wp-image-2646\" src=\"http:\/\/tammetorubbq.ee\/wp-content\/uploads\/2023\/12\/inbank-wordmark.png\" alt=\"\" width=\"167\" height=\"75\" srcset=\"https:\/\/tammetorubbq.ee\/wp-content\/uploads\/2023\/12\/inbank-wordmark.png 300w, https:\/\/tammetorubbq.ee\/wp-content\/uploads\/2023\/12\/inbank-wordmark-18x8.png 18w, https:\/\/tammetorubbq.ee\/wp-content\/uploads\/2023\/12\/inbank-wordmark-64x29.png 64w\" sizes=\"auto, (max-width: 167px) 100vw, 167px\" \/><\/p>\n<p>Taip pat si\u016blome galimyb\u0119 sumok\u0117ti v\u0117liau - viena, dviem arba trimis lygiomis dalimis be joki\u0173 pal\u016bkan\u0173 ar papildom\u0173 mokes\u010di\u0173.<\/p>\n<p>M\u016bs\u0173 pirkini\u0173 krep\u0161elyje rasite \u012fvairi\u0173 mok\u0117jimo b\u016bd\u0173 pasirinkim\u0105.<\/p>","protected":false},"featured_media":4059,"comment_status":"open","ping_status":"closed","template":"","meta":{"_uf_show_specific_survey":0,"_uf_disable_surveys":false},"pwb-brand":[214],"product_brand":[],"product_cat":[194,198],"product_tag":[218],"class_list":{"0":"post-4058","1":"product","2":"type-product","3":"status-publish","4":"has-post-thumbnail","6":"pwb-brand-ninja","7":"product_cat-ninja-koogiseadmed","8":"product_cat-blenderid-ja-koogikombainid","9":"product_tag-blender","11":"first","12":"instock","13":"taxable","14":"shipping-taxable","15":"purchasable","16":"product-type-simple"},"brands":[{"id":214,"name":"Ninja","slug":"ninja"}],"_links":{"self":[{"href":"https:\/\/tammetorubbq.ee\/lt\/wp-json\/wp\/v2\/product\/4058","targetHints":{"allow":["GET"]}}],"collection":[{"href":"https:\/\/tammetorubbq.ee\/lt\/wp-json\/wp\/v2\/product"}],"about":[{"href":"https:\/\/tammetorubbq.ee\/lt\/wp-json\/wp\/v2\/types\/product"}],"replies":[{"embeddable":true,"href":"https:\/\/tammetorubbq.ee\/lt\/wp-json\/wp\/v2\/comments?post=4058"}],"wp:featuredmedia":[{"embeddable":true,"href":"https:\/\/tammetorubbq.ee\/lt\/wp-json\/wp\/v2\/media\/4059"}],"wp:attachment":[{"href":"https:\/\/tammetorubbq.ee\/lt\/wp-json\/wp\/v2\/media?parent=4058"}],"wp:term":[{"taxonomy":"pwb-brand","embeddable":true,"href":"https:\/\/tammetorubbq.ee\/lt\/wp-json\/wp\/v2\/pwb-brand?post=4058"},{"taxonomy":"product_brand","embeddable":true,"href":"https:\/\/tammetorubbq.ee\/lt\/wp-json\/wp\/v2\/product_brand?post=4058"},{"taxonomy":"product_cat","embeddable":true,"href":"https:\/\/tammetorubbq.ee\/lt\/wp-json\/wp\/v2\/product_cat?post=4058"},{"taxonomy":"product_tag","embeddable":true,"href":"https:\/\/tammetorubbq.ee\/lt\/wp-json\/wp\/v2\/product_tag?post=4058"}],"curies":[{"name":"wp","href":"https:\/\/api.w.org\/{rel}","templated":true}]}}